{"id":20,"date":"2017-11-14T13:37:11","date_gmt":"2017-11-14T13:37:11","guid":{"rendered":"http:\/\/pds.ffzg.unizg.hr\/arheologija\/?page_id=20"},"modified":"2017-11-14T14:54:08","modified_gmt":"2017-11-14T14:54:08","slug":"natjecaj-za-upis-na-studij","status":"publish","type":"page","link":"https:\/\/pds.ffzg.unizg.hr\/arheologija\/natjecaj-za-upis-na-studij\/","title":{"rendered":"Natje\u010daj za upis na studij"},"content":{"rendered":"<p style=\"text-align: center\"><strong>Objavljeno na webu 21. srpnja 2017.<\/strong><\/p>\n<p style=\"text-align: center\"><strong>SVEU\u010cILI\u0160TE U ZAGREBU<\/strong><br \/>\n<strong>FILOZOFSKI FAKULTET<\/strong><br \/>\nZagreb, ul. Ivana Lu\u010di\u0107a 3<\/p>\n<p style=\"text-align: center\"><strong>N A T J E \u010c A J<\/strong><br \/>\n<strong>za upis na sveu\u010dili\u0161ne poslijediplomske studije u akademskoj godini 2017\/2018.<\/strong><br \/>\n<a href=\"http:\/\/pds.ffzg.unizg.hr\/arheologija\/wp-content\/uploads\/sites\/8\/2017\/11\/Natje\u010daj-za-upis-na-studij.pdf\" target=\"_blank\" rel=\"noopener\"><strong>DOKTORSKI STUDIJ IZ ZNANSTVENOGA PODRU\u010cJA HUMANISTI\u010cKIH ZNANOSTI<\/strong><\/a><\/p>\n","protected":false},"excerpt":{"rendered":"<p>Objavljeno na webu 21. srpnja 2017. SVEU\u010cILI\u0160TE U ZAGREBU FILOZOFSKI FAKULTET Zagreb, ul. Ivana Lu\u010di\u0107a 3 N A T J E \u010c A J za upis na sveu\u010dili\u0161ne poslijediplomske studije u akademskoj godini 2017\/2018. DOKTORSKI STUDIJ IZ ZNANSTVENOGA PODRU\u010cJA HUMANISTI\u010cKIH ZNANOSTI<\/p>\n","protected":false},"author":7,"featured_media":0,"parent":0,"menu_order":0,"comment_status":"closed","ping_status":"closed","template":"","meta":{"footnotes":""},"class_list":["post-20","page","type-page","status-publish","hentry"],"_links":{"self":[{"href":"https:\/\/pds.ffzg.unizg.hr\/arheologija\/wp-json\/wp\/v2\/pages\/20","targetHints":{"allow":["GET"]}}],"collection":[{"href":"https:\/\/pds.ffzg.unizg.hr\/arheologija\/wp-json\/wp\/v2\/pages"}],"about":[{"href":"https:\/\/pds.ffzg.unizg.hr\/arheologija\/wp-json\/wp\/v2\/types\/page"}],"author":[{"embeddable":true,"href":"https:\/\/pds.ffzg.unizg.hr\/arheologija\/wp-json\/wp\/v2\/users\/7"}],"replies":[{"embeddable":true,"href":"https:\/\/pds.ffzg.unizg.hr\/arheologija\/wp-json\/wp\/v2\/comments?post=20"}],"version-history":[{"count":6,"href":"https:\/\/pds.ffzg.unizg.hr\/arheologija\/wp-json\/wp\/v2\/pages\/20\/revisions"}],"predecessor-version":[{"id":95,"href":"https:\/\/pds.ffzg.unizg.hr\/arheologija\/wp-json\/wp\/v2\/pages\/20\/revisions\/95"}],"wp:attachment":[{"href":"https:\/\/pds.ffzg.unizg.hr\/arheologija\/wp-json\/wp\/v2\/media?parent=20"}],"curies":[{"name":"wp","href":"https:\/\/api.w.org\/{rel}","templated":true}]}}