{"id":223,"date":"2017-12-08T10:57:47","date_gmt":"2017-12-08T10:57:47","guid":{"rendered":"http:\/\/pds.ffzg.unizg.hr\/arheologija\/?page_id=223"},"modified":"2017-12-08T10:57:47","modified_gmt":"2017-12-08T10:57:47","slug":"fotografije","status":"publish","type":"page","link":"https:\/\/pds.ffzg.unizg.hr\/arheologija\/fotografije\/","title":{"rendered":"Fotografije"},"content":{"rendered":"<ul>\n<li><strong>Doktorska promocija Sanja Iv\u010devi\u0107, Vinka Bubi\u0107 i Zrinka Buljevi\u0107<\/strong>\n<p><img fetchpriority=\"high\" decoding=\"async\" class=\"alignleft wp-image-224 size-full\" src=\"http:\/\/pds.ffzg.unizg.hr\/arheologija\/wp-content\/uploads\/sites\/8\/2017\/12\/Doktorska-promocija-Sanja-Iv\u010devi\u0107-Vinka-Bubi\u0107-Zrinka-Buljevi\u0107.jpg\" alt=\"\" width=\"960\" height=\"659\" srcset=\"https:\/\/pds.ffzg.unizg.hr\/arheologija\/wp-content\/uploads\/sites\/8\/2017\/12\/Doktorska-promocija-Sanja-Iv\u010devi\u0107-Vinka-Bubi\u0107-Zrinka-Buljevi\u0107.jpg 960w, https:\/\/pds.ffzg.unizg.hr\/arheologija\/wp-content\/uploads\/sites\/8\/2017\/12\/Doktorska-promocija-Sanja-Iv\u010devi\u0107-Vinka-Bubi\u0107-Zrinka-Buljevi\u0107-300x206.jpg 300w, https:\/\/pds.ffzg.unizg.hr\/arheologija\/wp-content\/uploads\/sites\/8\/2017\/12\/Doktorska-promocija-Sanja-Iv\u010devi\u0107-Vinka-Bubi\u0107-Zrinka-Buljevi\u0107-768x527.jpg 768w\" sizes=\"(max-width: 709px) 85vw, (max-width: 909px) 67vw, (max-width: 1362px) 62vw, 840px\" \/><\/li>\n<\/ul>\n<p>&nbsp;<\/p>\n<p>&nbsp;<\/p>\n<p>&nbsp;<\/p>\n<p>&nbsp;<\/p>\n<p>&nbsp;<\/p>\n<p>&nbsp;<\/p>\n<p>&nbsp;<\/p>\n<p>&nbsp;<\/p>\n<hr \/>\n<p>&nbsp;<\/p>\n","protected":false},"excerpt":{"rendered":"<p>Doktorska promocija Sanja Iv\u010devi\u0107, Vinka Bubi\u0107 i Zrinka Buljevi\u0107 &nbsp; &nbsp; &nbsp; &nbsp; &nbsp; &nbsp; &nbsp; &nbsp; &nbsp;<\/p>\n","protected":false},"author":7,"featured_media":0,"parent":0,"menu_order":0,"comment_status":"closed","ping_status":"closed","template":"","meta":{"footnotes":""},"class_list":["post-223","page","type-page","status-publish","hentry"],"_links":{"self":[{"href":"https:\/\/pds.ffzg.unizg.hr\/arheologija\/wp-json\/wp\/v2\/pages\/223","targetHints":{"allow":["GET"]}}],"collection":[{"href":"https:\/\/pds.ffzg.unizg.hr\/arheologija\/wp-json\/wp\/v2\/pages"}],"about":[{"href":"https:\/\/pds.ffzg.unizg.hr\/arheologija\/wp-json\/wp\/v2\/types\/page"}],"author":[{"embeddable":true,"href":"https:\/\/pds.ffzg.unizg.hr\/arheologija\/wp-json\/wp\/v2\/users\/7"}],"replies":[{"embeddable":true,"href":"https:\/\/pds.ffzg.unizg.hr\/arheologija\/wp-json\/wp\/v2\/comments?post=223"}],"version-history":[{"count":1,"href":"https:\/\/pds.ffzg.unizg.hr\/arheologija\/wp-json\/wp\/v2\/pages\/223\/revisions"}],"predecessor-version":[{"id":225,"href":"https:\/\/pds.ffzg.unizg.hr\/arheologija\/wp-json\/wp\/v2\/pages\/223\/revisions\/225"}],"wp:attachment":[{"href":"https:\/\/pds.ffzg.unizg.hr\/arheologija\/wp-json\/wp\/v2\/media?parent=223"}],"curies":[{"name":"wp","href":"https:\/\/api.w.org\/{rel}","templated":true}]}}