{"id":27,"date":"2017-11-14T13:38:47","date_gmt":"2017-11-14T13:38:47","guid":{"rendered":"http:\/\/pds.ffzg.unizg.hr\/arheologija\/?page_id=27"},"modified":"2017-12-08T10:41:57","modified_gmt":"2017-12-08T10:41:57","slug":"kriteriji","status":"publish","type":"page","link":"https:\/\/pds.ffzg.unizg.hr\/arheologija\/stipendija-za-izvrsnost\/kriteriji\/","title":{"rendered":"Kriteriji"},"content":{"rendered":"<ul>\n<li style=\"text-align: left\"><strong><a href=\"http:\/\/pds.ffzg.unizg.hr\/arheologija\/wp-content\/uploads\/sites\/8\/2017\/11\/Kriteriji-dodjele-stipendije-za-izvrsnost.pdf\" target=\"_blank\" rel=\"noopener\">Kriteriji dodjele stipendije za izvrsnost<\/a><\/strong><\/li>\n<\/ul>\n<p style=\"text-align: left\">FILOZOFSKI FAKULTET U ZAGREBU<br \/>\nOdsjek za arheologiju<br \/>\nPoslijediplomski doktorski studij arheologije<\/p>\n<p style=\"text-align: right\">12. lipnja 2016.<\/p>\n<p style=\"text-align: justify\">Na temelju odluke Fakultetskog Vije\u0107a Filozofskog fakulteta od 30. 1. 2015. Poslijediplomski doktorski studij arheologije u sklopu natje\u010daja za upis doktorskih studenata u akademskoj godini 2015.\/2016. raspisuje i natje\u010daj za dodjeljivanje dviju Stipendija za izvrsnost studentima Poslijediplomskog doktorskog studija arheologije<\/p>\n<p style=\"text-align: center\">1<strong>.<\/strong><\/p>\n<p>\u00a0\u00a0\u00a0\u00a0\u00a0\u00a0\u00a0\u00a0\u00a0\u00a0\u00a0 Vije\u0107e doktorskog studija oslobodit \u0107e pla\u0107anja \u0161kolarine dva studenta<a href=\"#_ftn1\" name=\"_ftnref1\">[1]<\/a> koji imaju najbolje rezultate prema sljede\u0107im kriterijima izvrsnosti:<\/p>\n<ol>\n<li>Kandidat zadovoljava temeljne uvjete za upis na doktorski studij<\/li>\n<li>Tijekom studija student je samostalno sudjelovao u manifestacijama popularizacije arheologije (osmi\u0161ljavanje i prezentacija aktivnosti)<\/li>\n<li>Tijekom studija student je aktivno sura\u0111ivao u radu neke druge arheolo\u0161ke institucije<\/li>\n<li>Tijekom studija student je sudjelovao u me\u0111unarodnoj razmjeni studenta u okviru programa Erasmus ili kakvog drugog kompetitivnog programa<\/li>\n<li>Tijekom studija student je sudjelovao u znanstvenoistra\u017eiva\u010dkom radu pod mentorstvom (glavni istra\u017eiva\u010d treba prilo\u017eiti detaljan opis uloge studenta u projektu, te njegova postignu\u0107a, ako ne postoji objavljeni rad)<\/li>\n<li>Tijekom studija student je bio nositelj ili sudjelovao u provedbi studentskog istra\u017eivanja (treba prilo\u017eiti detaljan opis uloge studenta u projektu, te njegova postignu\u0107a, ako ne postoji objavljeni rad)<\/li>\n<li>Tijekom studija student je sudjelovao na znanstvenim i\/ili stru\u010dnim skupovima (dokazuje sa\u017eecima sa skupova)<\/li>\n<li>Tijekom studija student je sudjelovao u znanstvenoistra\u017eiva\u010dkom radu, te je rad objavljen ili prihva\u0107en za tisak u \u010dasopisu ili knjizi<\/li>\n<li>Tijekom studija student je bio demonstrator u nastavi<\/li>\n<li>Tijekom studija student je dobitnik nagrade fakulteta za najboljeg studenta<\/li>\n<li>Tijekom studija student je dobitnik nagrade mati\u010dnog fakulteta (npr. Franjo Markovi\u0107)<\/li>\n<li>Tijekom studija student je dobitnik Rektorove nagrade<\/li>\n<li>Prosjek ocjena tijekom \u010ditavog studija<\/li>\n<\/ol>\n<p><a href=\"#_ftnref1\" name=\"_ftn1\">[1]<\/a> Nazivi koji imaju rodno zna\u010denje podjednako se odnose na mu\u0161ki i \u017eenski rod<\/p>\n<p style=\"text-align: center\">2.<\/p>\n<p>\u00a0\u00a0\u00a0\u00a0\u00a0 Stipendija se dodjeljuje na temelju javnog natje\u010daja. Nakon zavr\u0161etka natje\u010daja Vije\u0107e studija donijet \u0107e odluku o izboru studenta koji \u0107e biti stipendiran.<\/p>\n<p>Stipendija se dodjeljuje u trajanju od tri godine, o \u010demu se sa studentom sklapa Ugovor o dodjeli <em>Stipendije za izvrsnost<\/em>.<\/p>\n<p>Dobitnik stipendije treba tijekom studija udovoljiti kriterijima izvrsnosti (npr. postignu\u0107a tijekom doktorskog studija) koja \u0107e odrediti Vije\u0107e doktorskoga studija.<\/p>\n<p>Stipendija se ukida ako student ne ispuni dogovorene obveze u doktorskom studiju te se u tom slu\u010daju stipendija dodjeljuje drugom najboljem kandidatu.<\/p>\n<p style=\"text-align: center\">3.<\/p>\n<p>\u00a0\u00a0\u00a0\u00a0\u00a0 Student dobitnik <em>Stipendije za izvrsnost <\/em>koji ispuni sve obaveze u doktorskome studiju, uklju\u010duju\u0107i i predaju doktorskoga rada, u rokovima propisanim Pravilnikom o doktorskim studijima na Sveu\u010dili\u0161tu u Zagrebu, osloba\u0111a se pla\u0107anja tro\u0161kova ocjene i obrane doktorskoga rada.<\/p>\n<p>Student stipendist obvezan je u doktorskome radu, kao i u radovima nastalima na temelju doktorskog istra\u017eivanja, istaknuti financijsku potporu Fakulteta.<\/p>\n<p>&nbsp;<\/p>\n<p style=\"text-align: right\">Voditeljica Poslijediplomskog studija arheologije<br \/>\ndr. sc. Helena Tomas, izv. prof.<\/p>\n","protected":false},"excerpt":{"rendered":"<p>Kriteriji dodjele stipendije za izvrsnost FILOZOFSKI FAKULTET U ZAGREBU Odsjek za arheologiju Poslijediplomski doktorski studij arheologije 12. lipnja 2016. Na temelju odluke Fakultetskog Vije\u0107a Filozofskog fakulteta od 30. 1. 2015. Poslijediplomski doktorski studij arheologije u sklopu natje\u010daja za upis doktorskih studenata u akademskoj godini 2015.\/2016. raspisuje i natje\u010daj za dodjeljivanje dviju Stipendija za izvrsnost studentima &hellip; <a href=\"https:\/\/pds.ffzg.unizg.hr\/arheologija\/stipendija-za-izvrsnost\/kriteriji\/\" class=\"more-link\">Nastavi \u010ditati<span class=\"screen-reader-text\"> &#8220;Kriteriji&#8221;<\/span><\/a><\/p>\n","protected":false},"author":7,"featured_media":0,"parent":23,"menu_order":0,"comment_status":"closed","ping_status":"closed","template":"","meta":{"footnotes":""},"class_list":["post-27","page","type-page","status-publish","hentry"],"_links":{"self":[{"href":"https:\/\/pds.ffzg.unizg.hr\/arheologija\/wp-json\/wp\/v2\/pages\/27","targetHints":{"allow":["GET"]}}],"collection":[{"href":"https:\/\/pds.ffzg.unizg.hr\/arheologija\/wp-json\/wp\/v2\/pages"}],"about":[{"href":"https:\/\/pds.ffzg.unizg.hr\/arheologija\/wp-json\/wp\/v2\/types\/page"}],"author":[{"embeddable":true,"href":"https:\/\/pds.ffzg.unizg.hr\/arheologija\/wp-json\/wp\/v2\/users\/7"}],"replies":[{"embeddable":true,"href":"https:\/\/pds.ffzg.unizg.hr\/arheologija\/wp-json\/wp\/v2\/comments?post=27"}],"version-history":[{"count":9,"href":"https:\/\/pds.ffzg.unizg.hr\/arheologija\/wp-json\/wp\/v2\/pages\/27\/revisions"}],"predecessor-version":[{"id":186,"href":"https:\/\/pds.ffzg.unizg.hr\/arheologija\/wp-json\/wp\/v2\/pages\/27\/revisions\/186"}],"up":[{"embeddable":true,"href":"https:\/\/pds.ffzg.unizg.hr\/arheologija\/wp-json\/wp\/v2\/pages\/23"}],"wp:attachment":[{"href":"https:\/\/pds.ffzg.unizg.hr\/arheologija\/wp-json\/wp\/v2\/media?parent=27"}],"curies":[{"name":"wp","href":"https:\/\/api.w.org\/{rel}","templated":true}]}}