{"id":35,"date":"2017-11-14T13:39:46","date_gmt":"2017-11-14T13:39:46","guid":{"rendered":"http:\/\/pds.ffzg.unizg.hr\/arheologija\/?page_id=35"},"modified":"2017-11-16T10:34:42","modified_gmt":"2017-11-16T10:34:42","slug":"vodic-kroz-doktorske-studije-sveucilista-u-zagrebu","status":"publish","type":"page","link":"https:\/\/pds.ffzg.unizg.hr\/arheologija\/vodic-kroz-doktorske-studije-sveucilista-u-zagrebu\/","title":{"rendered":"Vodi\u010d kroz doktorske studije Sveu\u010dili\u0161ta u Zagrebu"},"content":{"rendered":"<ul>\n<li>Vodi\u010d kroz doktorske studije na Sveu\u010dili\u0161tu u Zagrebu za akademsku godinu 2018.\/2019. mo\u017eete preuzeti na\u00a0<strong><a href=\"http:\/\/www.unizg.hr\/istrazivanje\/doktorski-studiji\/doktorski-studiji\/publikacije\/\" target=\"_blank\" rel=\"noopener\">web stranicama Sveu\u010dili\u0161ta u Zagrebu<\/a><\/strong>.<\/li>\n<\/ul>\n<p>[<a href=\"http:\/\/www.unizg.hr\/fileadmin\/rektorat\/Istrazivanja\/Poslijediplomski\/Ured_za_doktorske_studije_i_programe\/Publikacije\/Vodic_kroz_doktorske_studije_SuZ_2018-2019_web.pdf\" target=\"_blank\" rel=\"noopener\">http:\/\/www.unizg.hr\/fileadmin\/rektorat\/Istrazivanja\/Poslijediplomski\/Ured_za_doktorske_studije_i_programe\/Publikacije\/<strong>Vodic_kroz_doktorske_studije_SuZ_2018-2019<\/strong>_web.pdf<\/a>]<\/p>\n","protected":false},"excerpt":{"rendered":"<p>Vodi\u010d kroz doktorske studije na Sveu\u010dili\u0161tu u Zagrebu za akademsku godinu 2018.\/2019. mo\u017eete preuzeti na\u00a0web stranicama Sveu\u010dili\u0161ta u Zagrebu. [http:\/\/www.unizg.hr\/fileadmin\/rektorat\/Istrazivanja\/Poslijediplomski\/Ured_za_doktorske_studije_i_programe\/Publikacije\/Vodic_kroz_doktorske_studije_SuZ_2018-2019_web.pdf]<\/p>\n","protected":false},"author":7,"featured_media":0,"parent":0,"menu_order":0,"comment_status":"closed","ping_status":"closed","template":"","meta":{"footnotes":""},"class_list":["post-35","page","type-page","status-publish","hentry"],"_links":{"self":[{"href":"https:\/\/pds.ffzg.unizg.hr\/arheologija\/wp-json\/wp\/v2\/pages\/35","targetHints":{"allow":["GET"]}}],"collection":[{"href":"https:\/\/pds.ffzg.unizg.hr\/arheologija\/wp-json\/wp\/v2\/pages"}],"about":[{"href":"https:\/\/pds.ffzg.unizg.hr\/arheologija\/wp-json\/wp\/v2\/types\/page"}],"author":[{"embeddable":true,"href":"https:\/\/pds.ffzg.unizg.hr\/arheologija\/wp-json\/wp\/v2\/users\/7"}],"replies":[{"embeddable":true,"href":"https:\/\/pds.ffzg.unizg.hr\/arheologija\/wp-json\/wp\/v2\/comments?post=35"}],"version-history":[{"count":5,"href":"https:\/\/pds.ffzg.unizg.hr\/arheologija\/wp-json\/wp\/v2\/pages\/35\/revisions"}],"predecessor-version":[{"id":182,"href":"https:\/\/pds.ffzg.unizg.hr\/arheologija\/wp-json\/wp\/v2\/pages\/35\/revisions\/182"}],"wp:attachment":[{"href":"https:\/\/pds.ffzg.unizg.hr\/arheologija\/wp-json\/wp\/v2\/media?parent=35"}],"curies":[{"name":"wp","href":"https:\/\/api.w.org\/{rel}","templated":true}]}}