{"id":45,"date":"2017-11-14T13:41:12","date_gmt":"2017-11-14T13:41:12","guid":{"rendered":"http:\/\/pds.ffzg.unizg.hr\/arheologija\/?page_id=45"},"modified":"2017-11-15T12:30:16","modified_gmt":"2017-11-15T12:30:16","slug":"obavijesti","status":"publish","type":"page","link":"https:\/\/pds.ffzg.unizg.hr\/arheologija\/obavijesti\/","title":{"rendered":"Obavijesti"},"content":{"rendered":"<p><em>Po\u0161tovani,<\/em><\/p>\n<p><em>poslijediplomski sveu\u010dili\u0161ni (doktorski) studijski program ARHEOLOGIJA Filozofskog fakulteta Sveu\u010dili\u0161ta u Zagrebu trenutno prolazi postupak reakreditacije koji provodi Agencija za znanost i visoko obrazovanje. U tu svrhu stru\u010dno povjerenstvo posjetit \u0107e na\u0161e visoko u\u010dili\u0161te. Obavezan su dio protokola posjeta odvojeni sastanci s upravom visokog u\u010dili\u0161ta, predstavnicima nastavnog osoblja i doktorandima.<\/em><\/p>\n<p><em>Ljubazno Vas molimo da se u ponedjeljak, 4. prosinca 2017. godine s po\u010detkom u 10:15 sati ( Zbirka Odsjeka za arheologiju \u2013 A 018) u \u0161to ve\u0107em broju odazovete na sastanak sa stru\u010dnim povjerenstvom koje bi \u017eeljelo \u010duti i va\u0161 glas.<\/em><\/p>\n<p><em>Dr. sc. Helena Tomas, izv. prof.<\/em><br \/>\n<em>Voditeljica PDS arheologije<\/em><\/p>\n<p>&nbsp;<\/p>\n","protected":false},"excerpt":{"rendered":"<p>Po\u0161tovani, poslijediplomski sveu\u010dili\u0161ni (doktorski) studijski program ARHEOLOGIJA Filozofskog fakulteta Sveu\u010dili\u0161ta u Zagrebu trenutno prolazi postupak reakreditacije koji provodi Agencija za znanost i visoko obrazovanje. U tu svrhu stru\u010dno povjerenstvo posjetit \u0107e na\u0161e visoko u\u010dili\u0161te. Obavezan su dio protokola posjeta odvojeni sastanci s upravom visokog u\u010dili\u0161ta, predstavnicima nastavnog osoblja i doktorandima. Ljubazno Vas molimo da se &hellip; <a href=\"https:\/\/pds.ffzg.unizg.hr\/arheologija\/obavijesti\/\" class=\"more-link\">Nastavi \u010ditati<span class=\"screen-reader-text\"> &#8220;Obavijesti&#8221;<\/span><\/a><\/p>\n","protected":false},"author":7,"featured_media":0,"parent":0,"menu_order":0,"comment_status":"closed","ping_status":"closed","template":"","meta":{"footnotes":""},"class_list":["post-45","page","type-page","status-publish","hentry"],"_links":{"self":[{"href":"https:\/\/pds.ffzg.unizg.hr\/arheologija\/wp-json\/wp\/v2\/pages\/45","targetHints":{"allow":["GET"]}}],"collection":[{"href":"https:\/\/pds.ffzg.unizg.hr\/arheologija\/wp-json\/wp\/v2\/pages"}],"about":[{"href":"https:\/\/pds.ffzg.unizg.hr\/arheologija\/wp-json\/wp\/v2\/types\/page"}],"author":[{"embeddable":true,"href":"https:\/\/pds.ffzg.unizg.hr\/arheologija\/wp-json\/wp\/v2\/users\/7"}],"replies":[{"embeddable":true,"href":"https:\/\/pds.ffzg.unizg.hr\/arheologija\/wp-json\/wp\/v2\/comments?post=45"}],"version-history":[{"count":2,"href":"https:\/\/pds.ffzg.unizg.hr\/arheologija\/wp-json\/wp\/v2\/pages\/45\/revisions"}],"predecessor-version":[{"id":122,"href":"https:\/\/pds.ffzg.unizg.hr\/arheologija\/wp-json\/wp\/v2\/pages\/45\/revisions\/122"}],"wp:attachment":[{"href":"https:\/\/pds.ffzg.unizg.hr\/arheologija\/wp-json\/wp\/v2\/media?parent=45"}],"curies":[{"name":"wp","href":"https:\/\/api.w.org\/{rel}","templated":true}]}}