{"id":2,"date":"2017-02-04T14:58:44","date_gmt":"2017-02-04T13:58:44","guid":{"rendered":"http:\/\/pds.ffzg.unizg.hr\/eka\/?page_id=2"},"modified":"2018-09-06T13:46:39","modified_gmt":"2018-09-06T11:46:39","slug":"nastavnici-mentori","status":"publish","type":"page","link":"https:\/\/pds.ffzg.unizg.hr\/eka\/en\/nastavnici-mentori\/","title":{"rendered":"Teachers and mentors"},"content":{"rendered":"<p><strong>EKA DOCTORAL STUDY \u2013 TEACHERS AND MENTORS<\/strong><\/p>\n<p><a href=\"http:\/\/www.ffzg.unizg.hr\/etno\/odsjek\/nastavnici\/dr-sc-tomislav-pletenac\/\">dr. sc. Tomislav Pletenac, izvanredni profesor<\/a><br \/>\n<a href=\"mailto:tpletena@ffzg.hr\">tpletena@ffzg.hr<\/a><\/p>\n<hr \/>\n<p><a href=\"http:\/\/www.ffzg.unizg.hr\/etno\/odsjek\/nastavnici\/dr-sc-jadranka-grbic-jakopovic\/\">dr. sc. Jadranka Grbi\u0107 Jakopovi\u0107, redovita profesorica<\/a><br \/>\n<a href=\"mailto:jgrbic@ffzg.hr\">jgrbic@ffzg.hr<\/a><\/p>\n<hr \/>\n<p><a href=\"http:\/\/www.ffzg.unizg.hr\/etno\/odsjek\/nastavnici\/dr-sc-marijeta-rajkovic-iveta\/\">dr. sc. Marijeta Rajkovi\u0107 Iveta, docentica<\/a><br \/>\n<a href=\"mailto:mrajkovi@ffzg.hr\">mrajkovi@ffzg.hr<\/a><\/p>\n<hr \/>\n<p><a href=\"http:\/\/www.ffzg.unizg.hr\/etno\/odsjek\/nastavnici\/dr-sc-tihana-petrovic-les-red-prof\/\">dr. sc. Tihana Petrovi\u0107 Le\u0161, redovita profesorica<\/a><br \/>\n<a href=\"mailto:tples@ffzg.hr\">tples@ffzg.hr<\/a><\/p>\n<hr \/>\n<p><a href=\"http:\/\/www.ffzg.unizg.hr\/etno\/odsjek\/nastavnici\/dr-sc-nevena-skrbic\/\">dr. sc. Nevena \u0160krbi\u0107 Alempijevi\u0107, izvanredna profesorica<\/a><br \/>\n<a href=\"mailto:nskrbic@ffzg.hr\">nskrbic@ffzg.hr<\/a><\/p>\n<hr \/>\n<p><a href=\"http:\/\/www.ffzg.unizg.hr\/etno\/odsjek\/nastavnici\/dr-sc-branko-dakovic\/\">dr. sc. Branko \u0110akovi\u0107, redoviti profesor<\/a><br \/>\n<a href=\"mailto:bdakovic@ffzg.hr\">bdakovic@ffzg.hr<\/a><\/p>\n<hr \/>\n<p><a href=\"http:\/\/www.ffzg.unizg.hr\/etno\/odsjek\/nastavnici\/dr-sc-marijana-belaj\/\">dr. sc. Marijana Belaj, izvanredna profesorica<\/a><br \/>\n<a href=\"mailto:mbelaj@ffzg.hr\">mbelaj@ffzg.hr<\/a>; <a href=\"mailto:marijana@belaj.com\">marijana@belaj.com<\/a><\/p>\n<hr \/>\n<p><a href=\"http:\/\/www.ffzg.unizg.hr\/etno\/odsjek\/nastavnici\/dr-sc-goran-pavel-santek\/\">dr. sc. Goran Pavel \u0160antek, izvanredni profesor<\/a><br \/>\n<a href=\"mailto:gpsantek@ffzg.hr\">gpsantek@ffzg.hr<\/a><\/p>\n<hr \/>\n<p><a href=\"http:\/\/www.ffzg.unizg.hr\/etno\/odsjek\/nastavnici\/dr-sc-sanja-potkonjak\/\">dr. sc. Sanja Potkonjak, docentica<\/a><br \/>\n<a href=\"mailto:spotkonj@ffzg.hr\">spotkonj@ffzg.hr<\/a><\/p>\n<hr \/>\n<p><a href=\"http:\/\/www.ffzg.unizg.hr\/etno\/odsjek\/nastavnici\/dr-sc-tanja-bukovcan\/\">dr. sc. Tanja Bukov\u010dan, docentica<\/a><br \/>\n<a href=\"mailto:tbukovcan@ffzg.hr\">tbukovcan@ffzg.hr<\/a><\/p>\n<hr \/>\n<p><a href=\"http:\/\/www.ief.hr\/Znanstvenadjelatnost\/Znanstvenici\/Znanstvenisavjetnici\/NailaCeriba%c5%a1i%c4%87\/tabid\/262\/language\/hr-HR\/Default.aspx\">Naila Ceriba\u0161i\u0107, zn. savjet.<\/a><br \/>\n<a href=\"mailto:naila@ief.hr\">naila@ief.hr<\/a><\/p>\n<hr \/>\n<p><a href=\"http:\/\/www.ief.hr\/Znanstvenadjelatnost\/Znanstvenici\/Znanstvenisavjetnici\/Jasna%c4%8capo%c5%bdmega%c4%8d\/tabid\/264\/language\/hr-HR\/Default.aspx\">Jasna \u010capo \u017dmega\u010d, zn. savjet. <\/a><br \/>\n<a href=\"mailto:capo@ief.hr\">capo@ief.hr<\/a><\/p>\n<hr \/>\n<p><a href=\"http:\/\/www.ief.hr\/Znanstvenadjelatnost\/Znanstvenici\/Vi%c5%a1iznanstvenisuradnici\/ValentinaGulinZrni%c4%87\/tabid\/284\/language\/hr-HR\/Default.aspx\">Valentina Gulin Zrni\u0107, vi\u0161. zn. sur.<\/a><br \/>\n<a href=\"mailto:gulin@ief.hr\">gulin@ief.hr<\/a><\/p>\n<hr \/>\n<p><a href=\"http:\/\/www.ief.hr\/Znanstvenadjelatnost\/Znanstvenici\/Znanstvenisavjetnici\/LjiljanaMarks\/tabid\/268\/language\/hr-HR\/Default.aspx\">Ljiljana Marks, zn. savjet.<\/a><br \/>\n<a href=\"mailto:marks@ief.hr\">marks@ief.hr<\/a><\/p>\n<hr \/>\n<p><a href=\"http:\/\/www.ief.hr\/DjelatnostiInstituta\/Znanstvenici\/Znanstvenisavjetnici\/InesPrica\/tabid\/274\/language\/hr-HR\/Default.aspx\">Ines Prica, zn. savjet.<\/a><br \/>\n<a href=\"mailto:ines@ief.hr\">ines@ief.hr<\/a><\/p>\n<hr \/>\n<p><a href=\"http:\/\/www.ief.hr\/Znanstvenadjelatnost\/Znanstvenici\/Znanstvenisavjetnici\/ReanaSenjkovi%c4%87Svr%c4%8di%c4%87\/tabid\/276\/language\/hr-HR\/Default.aspx\">Reana Senjkovi\u0107, zn. savjet.<\/a><br \/>\n<a href=\"mailto:reana@ief.hr\">reana@ief.hr<\/a><\/p>\n<hr \/>\n<p><a href=\"http:\/\/www.ief.hr\/Znanstvenadjelatnost\/Znanstvenici\/Znanstvenisuradnici\/Tea%C5%A0koki%C4%87\/tabid\/294\/language\/hr-HR\/Default.aspx\">Tea \u0160koki\u0107, vi\u0161. zn. sur.<\/a><br \/>\n<a href=\"mailto:tea@ief.hr\">tea@ief.hr<\/a><\/p>\n<hr \/>\n<p><a href=\"http:\/\/www.ief.hr\/Znanstvenadjelatnost\/Znanstvenici\/Znanstvenisavjetnici\/TvrtkoZebec\/tabid\/280\/language\/hr-HR\/Default.aspx\">Tvrtko Zebec, zn. savjet.<\/a><br \/>\n<a href=\"mailto:zebec@ief.hr\">zebec@ief.hr<\/a><\/p>\n<hr \/>\n<p><a href=\"http:\/\/etnologija.etnoinfolab.org\/sl\/informacija.asp?id_meta_type=72&amp;id_informacija=280\">Mirjam Mencej, red. prof.<\/a><br \/>\n<a href=\"mailto:Mirjana.Mencej@ff.uni-lj.si\">Mirjana.Mencej@ff.uni-lj.si<\/a><\/p>\n<hr \/>\n<p><a href=\"http:\/\/etnologija.etnoinfolab.org\/sl\/informacija.asp?id_meta_type=72&amp;id_informacija=282\">Rajko Mur\u0161i\u010d, red. prof.<\/a><br \/>\n<a href=\"mailto:rajko.mursic@ff.uni-lj.si\">rajko.mursic@ff.uni-lj.si<\/a><\/p>\n<hr \/>\n<p><a href=\"http:\/\/forskning.mah.se\/en\/id\/immafr\">Maja Povrzanovi\u0107 Frykman, red. prof.<\/a><br \/>\n<a href=\"mailto:maja.frykman@mah.se\">maja.frykman@mah.se<\/a><\/p>\n<hr \/>\n<p><a href=\"http:\/\/www.uib.no\/personer\/Torunn.Selberg\">Torunn Selberg, prof. emerita<\/a><br \/>\n<a href=\"mailto:Torunn.Selberg@uib.no\">Torunn.Selberg@uib.no<\/a><\/p>\n<hr \/>\n<p><a href=\"http:\/\/www.min-kulture.hr\/default.aspx?id=1721\">dr. sc. \u017darko \u0160pani\u010dek, konz. savjet.<\/a><br \/>\n<a href=\"mailto:zarko.spanicek@min-kulture.hr\">zarko.spanicek@min-kulture.hr<\/a><\/p>\n<hr \/>\n<p><a href=\"https:\/\/www.pilar.hr\/biografije\/user-bio\/?my_user_id=62\">Jelka Vince-Pallua, znanstvena savjetnica, Institut dru\u0161tvenih znanosti \u201eIvo Pilar\u201c<\/a><br \/>\n<a href=\"mailto:jelka.vince@pilar.hr\">jelka.vince@pilar.hr<\/a><\/p>","protected":false},"excerpt":{"rendered":"<p>DOKTORSKI STUDIJ EKA &#8211; NASTAVNICI I MENTORI dr. sc. Tomislav Pletenac, izvanredni profesor tpletena@ffzg.hr dr. sc. Jadranka Grbi\u0107 Jakopovi\u0107, redovita profesorica jgrbic@ffzg.hr dr. sc. Marijeta Rajkovi\u0107 Iveta, docentica mrajkovi@ffzg.hr dr. sc. Tihana Petrovi\u0107 Le\u0161, redovita profesorica tples@ffzg.hr dr. sc. Nevena \u0160krbi\u0107 Alempijevi\u0107, izvanredna profesorica nskrbic@ffzg.hr dr. sc. Branko \u0110akovi\u0107, redoviti profesor bdakovic@ffzg.hr dr. sc. Marijana [&hellip;]<\/p>","protected":false},"author":4,"featured_media":0,"parent":0,"menu_order":0,"comment_status":"closed","ping_status":"open","template":"","meta":{"site-sidebar-layout":"default","site-content-layout":"","ast-site-content-layout":"default","site-content-style":"default","site-sidebar-style":"default","ast-global-header-display":"","ast-banner-title-visibility":"","ast-main-header-display":"","ast-hfb-above-header-display":"","ast-hfb-below-header-display":"","ast-hfb-mobile-header-display":"","site-post-title":"","ast-breadcrumbs-content":"","ast-featured-img":"","footer-sml-layout":"","theme-transparent-header-meta":"","adv-header-id-meta":"","stick-header-meta":"","header-above-stick-meta":"","header-main-stick-meta":"","header-below-stick-meta":"","astra-migrate-meta-layouts":"default","ast-page-background-enabled":"default","ast-page-background-meta":{"desktop":{"background-color":"var(--ast-global-color-4)","background-image":"","background-repeat":"repeat","background-position":"center center","background-size":"auto","background-attachment":"scroll","background-type":"","background-media":"","overlay-type":"","overlay-color":"","overlay-opacity":"","overlay-gradient":""},"tablet":{"background-color":"","background-image":"","background-repeat":"repeat","background-position":"center center","background-size":"auto","background-attachment":"scroll","background-type":"","background-media":"","overlay-type":"","overlay-color":"","overlay-opacity":"","overlay-gradient":""},"mobile":{"background-color":"","background-image":"","background-repeat":"repeat","background-position":"center center","background-size":"auto","background-attachment":"scroll","background-type":"","background-media":"","overlay-type":"","overlay-color":"","overlay-opacity":"","overlay-gradient":""}},"ast-content-background-meta":{"desktop":{"background-color":"var(--ast-global-color-5)","background-image":"","background-repeat":"repeat","background-position":"center center","background-size":"auto","background-attachment":"scroll","background-type":"","background-media":"","overlay-type":"","overlay-color":"","overlay-opacity":"","overlay-gradient":""},"tablet":{"background-color":"var(--ast-global-color-5)","background-image":"","background-repeat":"repeat","background-position":"center center","background-size":"auto","background-attachment":"scroll","background-type":"","background-media":"","overlay-type":"","overlay-color":"","overlay-opacity":"","overlay-gradient":""},"mobile":{"background-color":"var(--ast-global-color-5)","background-image":"","background-repeat":"repeat","background-position":"center center","background-size":"auto","background-attachment":"scroll","background-type":"","background-media":"","overlay-type":"","overlay-color":"","overlay-opacity":"","overlay-gradient":""}},"footnotes":""},"class_list":["post-2","page","type-page","status-publish","hentry"],"jetpack_sharing_enabled":true,"_links":{"self":[{"href":"https:\/\/pds.ffzg.unizg.hr\/eka\/en\/wp-json\/wp\/v2\/pages\/2","targetHints":{"allow":["GET"]}}],"collection":[{"href":"https:\/\/pds.ffzg.unizg.hr\/eka\/en\/wp-json\/wp\/v2\/pages"}],"about":[{"href":"https:\/\/pds.ffzg.unizg.hr\/eka\/en\/wp-json\/wp\/v2\/types\/page"}],"author":[{"embeddable":true,"href":"https:\/\/pds.ffzg.unizg.hr\/eka\/en\/wp-json\/wp\/v2\/users\/4"}],"replies":[{"embeddable":true,"href":"https:\/\/pds.ffzg.unizg.hr\/eka\/en\/wp-json\/wp\/v2\/comments?post=2"}],"version-history":[{"count":22,"href":"https:\/\/pds.ffzg.unizg.hr\/eka\/en\/wp-json\/wp\/v2\/pages\/2\/revisions"}],"predecessor-version":[{"id":321,"href":"https:\/\/pds.ffzg.unizg.hr\/eka\/en\/wp-json\/wp\/v2\/pages\/2\/revisions\/321"}],"wp:attachment":[{"href":"https:\/\/pds.ffzg.unizg.hr\/eka\/en\/wp-json\/wp\/v2\/media?parent=2"}],"curies":[{"name":"wp","href":"https:\/\/api.w.org\/{rel}","templated":true}]}}