{"id":2310,"date":"2025-11-28T14:37:17","date_gmt":"2025-11-28T13:37:17","guid":{"rendered":"https:\/\/pds.ffzg.unizg.hr\/eka\/?page_id=2310"},"modified":"2025-11-30T22:26:41","modified_gmt":"2025-11-30T21:26:41","slug":"generacija-2025","status":"publish","type":"page","link":"https:\/\/pds.ffzg.unizg.hr\/eka\/en\/generacija-2025\/","title":{"rendered":"Generacija 2025."},"content":{"rendered":"<div data-elementor-type=\"wp-page\" data-elementor-id=\"2310\" class=\"elementor elementor-2310\">\n\t\t\t\t\t\t<section class=\"elementor-section elementor-top-section elementor-element elementor-element-b00c7a5 elementor-section-boxed elementor-section-height-default elementor-section-height-default\" data-id=\"b00c7a5\" data-element_type=\"section\">\n\t\t\t\t\t\t<div class=\"elementor-container elementor-column-gap-default\">\n\t\t\t\t\t<div class=\"elementor-column elementor-col-100 elementor-top-column elementor-element elementor-element-6e9e0cc\" data-id=\"6e9e0cc\" data-element_type=\"column\">\n\t\t\t<div class=\"elementor-widget-wrap elementor-element-populated\">\n\t\t\t\t\t\t<div class=\"elementor-element elementor-element-cff8708 elementor-widget elementor-widget-tablepress-table\" data-id=\"cff8708\" data-element_type=\"widget\" data-widget_type=\"tablepress-table.default\">\n\t\t\t\t\t\n<table id=\"tablepress-10\" class=\"tablepress tablepress-id-10\">\n<tbody class=\"row-striping row-hover\">\n<tr class=\"row-1\">\n\t<td class=\"column-1\"><img decoding=\"async\" src=\"https:\/\/pds.ffzg.unizg.hr\/eka\/wp-content\/uploads\/sites\/6\/2025\/11\/Bilicic_jpg-249x300.jpg\" alt=\"\" width=\"150\" height=\"150\" class=\"alignnone size-medium wp-image-2277\" \/><br \/>\n<br \/>\nlbilicic@m.ffzg.hr<br \/>\n<\/td><td class=\"column-2\"><strong>Lea Bili\u010di\u0107<\/strong><br \/>\n<br \/>\n<em>Naziv zavr\u0161enog studija, godina dovr\u0161etka studija: <\/em><br \/>\nStudij etnologije i kulturne antropologije i studij komparativne knji\u017eevnosti (2024.)\u00a0<\/td><td class=\"column-3\"><em>Godina upisa doktorskog studija:<\/em> 2025.<br \/>\n<br \/>\n<em>Istra\u017eiva\u010dki interesi:<\/em><br \/>\nurbana antropologija, antropologija mjesta i prostora, postindustrijska etnografija, knji\u017eevna antropologija<\/td>\n<\/tr>\n<tr class=\"row-2\">\n\t<td class=\"column-1\"><img decoding=\"async\" src=\"https:\/\/pds.ffzg.unizg.hr\/eka\/wp-content\/uploads\/sites\/6\/2025\/11\/1000025386-236x300.jpg\" alt=\"\" width=\"150\" height=\"150\" class=\"alignnone size-medium wp-image-2278\" \/><br \/>\n<br \/>\nnhrvatic1@m.ffzg.hr<br \/>\n<\/td><td class=\"column-2\"><strong>Nika Hrvati\u0107<\/strong><br \/>\n<br \/>\n<em>Naziv zavr\u0161enog studija, godina dovr\u0161etka studija: <\/em><br \/>\nStudij etnologije i kulturne antropologije i studij kroatistike (2023.)<\/td><td class=\"column-3\"><em>Godina upisa doktorskog studija:<\/em> 2025.<br \/>\n<br \/>\n<em>Istra\u017eiva\u010dki interesi:<\/em><br \/>\nantropologija sporta, filozofska antropologija, teorija afekta, medicinska antropologija, knji\u017eevna antropologija<\/td>\n<\/tr>\n<tr class=\"row-3\">\n\t<td class=\"column-1\"><img decoding=\"async\" src=\"https:\/\/pds.ffzg.unizg.hr\/eka\/wp-content\/uploads\/sites\/6\/2025\/12\/Anja-Sintic-Plecko-298x300.jpg\" width=\"150\" height=\"150\" class=\"alignnone size-medium wp-image-2278\" \/><br \/>\n<br \/>\nasintic1@m.ffzg.hr<\/td><td class=\"column-2\"><strong>Anja \u0160inti\u0107 Ple\u010dko<\/strong><br \/>\n<br \/>\n<em>Naziv zavr\u0161enog studija, godina dovr\u0161etka studija: <\/em><br \/>\nStudij indologije i studij romistike (2022.)<\/td><td class=\"column-3\"><em>Godina upisa doktorskog studija:<\/em> 2025.<br \/>\n<br \/>\n<em>Istra\u017eiva\u010dki interesi:<\/em><br \/>\nIndija, tetova\u017ee, fenomenologija<\/td>\n<\/tr>\n<tr class=\"row-4\">\n\t<td class=\"column-1\"><\/td><td class=\"column-2\"><\/td><td class=\"column-3\"><\/td>\n<\/tr>\n<tr class=\"row-5\">\n\t<td class=\"column-1\"><\/td><td class=\"column-2\"><\/td><td class=\"column-3\"><\/td>\n<\/tr>\n<tr class=\"row-6\">\n\t<td class=\"column-1\"><\/td><td class=\"column-2\"><\/td><td class=\"column-3\"><\/td>\n<\/tr>\n<\/tbody>\n<\/table>\n<!-- #tablepress-10 from cache -->\t\t\t\t<\/div>\n\t\t\t\t\t<\/div>\n\t\t<\/div>\n\t\t\t\t\t<\/div>\n\t\t<\/section>\n\t\t\t\t<\/div>","protected":false},"excerpt":{"rendered":"<p>Uredi lbilicic@m.ffzg.hr Lea Bili\u010di\u0107 Naziv zavr\u0161enog studija, godina dovr\u0161etka studija: Studij etnologije i kulturne antropologije i studij komparativne knji\u017eevnosti (2024.) Godina upisa doktorskog studija: 2025. Istra\u017eiva\u010dki interesi: urbana antropologija, antropologija mjesta i prostora, postindustrijska etnografija, knji\u017eevna antropologija nhrvatic1@m.ffzg.hr Nika Hrvati\u0107 Naziv zavr\u0161enog studija, godina dovr\u0161etka studija: Studij etnologije i kulturne antropologije i studij kroatistike (2023.) [&hellip;]<\/p>","protected":false},"author":13,"featured_media":0,"parent":0,"menu_order":0,"comment_status":"closed","ping_status":"closed","template":"","meta":{"site-sidebar-layout":"default","site-content-layout":"page-builder","ast-site-content-layout":"default","site-content-style":"default","site-sidebar-style":"default","ast-global-header-display":"","ast-banner-title-visibility":"","ast-main-header-display":"","ast-hfb-above-header-display":"","ast-hfb-below-header-display":"","ast-hfb-mobile-header-display":"","site-post-title":"","ast-breadcrumbs-content":"","ast-featured-img":"","footer-sml-layout":"","theme-transparent-header-meta":"default","adv-header-id-meta":"","stick-header-meta":"","header-above-stick-meta":"","header-main-stick-meta":"","header-below-stick-meta":"","astra-migrate-meta-layouts":"set","ast-page-background-enabled":"default","ast-page-background-meta":{"desktop":{"background-color":"var(--ast-global-color-4)","background-image":"","background-repeat":"repeat","background-position":"center center","background-size":"auto","background-attachment":"scroll","background-type":"","background-media":"","overlay-type":"","overlay-color":"","overlay-opacity":"","overlay-gradient":""},"tablet":{"background-color":"","background-image":"","background-repeat":"repeat","background-position":"center center","background-size":"auto","background-attachment":"scroll","background-type":"","background-media":"","overlay-type":"","overlay-color":"","overlay-opacity":"","overlay-gradient":""},"mobile":{"background-color":"","background-image":"","background-repeat":"repeat","background-position":"center center","background-size":"auto","background-attachment":"scroll","background-type":"","background-media":"","overlay-type":"","overlay-color":"","overlay-opacity":"","overlay-gradient":""}},"ast-content-background-meta":{"desktop":{"background-color":"var(--ast-global-color-5)","background-image":"","background-repeat":"repeat","background-position":"center center","background-size":"auto","background-attachment":"scroll","background-type":"","background-media":"","overlay-type":"","overlay-color":"","overlay-opacity":"","overlay-gradient":""},"tablet":{"background-color":"var(--ast-global-color-5)","background-image":"","background-repeat":"repeat","background-position":"center center","background-size":"auto","background-attachment":"scroll","background-type":"","background-media":"","overlay-type":"","overlay-color":"","overlay-opacity":"","overlay-gradient":""},"mobile":{"background-color":"var(--ast-global-color-5)","background-image":"","background-repeat":"repeat","background-position":"center center","background-size":"auto","background-attachment":"scroll","background-type":"","background-media":"","overlay-type":"","overlay-color":"","overlay-opacity":"","overlay-gradient":""}},"footnotes":""},"class_list":["post-2310","page","type-page","status-publish","hentry"],"jetpack_sharing_enabled":true,"_links":{"self":[{"href":"https:\/\/pds.ffzg.unizg.hr\/eka\/en\/wp-json\/wp\/v2\/pages\/2310","targetHints":{"allow":["GET"]}}],"collection":[{"href":"https:\/\/pds.ffzg.unizg.hr\/eka\/en\/wp-json\/wp\/v2\/pages"}],"about":[{"href":"https:\/\/pds.ffzg.unizg.hr\/eka\/en\/wp-json\/wp\/v2\/types\/page"}],"author":[{"embeddable":true,"href":"https:\/\/pds.ffzg.unizg.hr\/eka\/en\/wp-json\/wp\/v2\/users\/13"}],"replies":[{"embeddable":true,"href":"https:\/\/pds.ffzg.unizg.hr\/eka\/en\/wp-json\/wp\/v2\/comments?post=2310"}],"version-history":[{"count":7,"href":"https:\/\/pds.ffzg.unizg.hr\/eka\/en\/wp-json\/wp\/v2\/pages\/2310\/revisions"}],"predecessor-version":[{"id":2341,"href":"https:\/\/pds.ffzg.unizg.hr\/eka\/en\/wp-json\/wp\/v2\/pages\/2310\/revisions\/2341"}],"wp:attachment":[{"href":"https:\/\/pds.ffzg.unizg.hr\/eka\/en\/wp-json\/wp\/v2\/media?parent=2310"}],"curies":[{"name":"wp","href":"https:\/\/api.w.org\/{rel}","templated":true}]}}