{"id":498,"date":"2022-04-05T14:34:15","date_gmt":"2022-04-05T12:34:15","guid":{"rendered":"https:\/\/pds.ffzg.unizg.hr\/eka\/?page_id=498"},"modified":"2026-03-13T13:36:18","modified_gmt":"2026-03-13T12:36:18","slug":"nastavnici-i-mentori-2026-2027","status":"publish","type":"page","link":"https:\/\/pds.ffzg.unizg.hr\/eka\/en\/nastavnici-i-mentori-2026-2027\/","title":{"rendered":"Nastavnici i mentori 2026.\/2027."},"content":{"rendered":"<p>All PhD teachers are actively involved as mentors in the study program. In addition to teachers from the home institution, external collaborators, experts in the fields of folkloristics, ethnomusicology, ethnochoreology, and heads of scientific projects who, with their research and expertise, provide current insights into the cultural and social topics of today, which are dealt with by ethnology and anthropology, join us in the doctoral study.<\/p>\n<hr \/>\n<p><b>FILOZOFSKI FAKULTET<\/b><\/p>\n<hr \/>\n<p><a href=\"https:\/\/etno.ffzg.unizg.hr\/nastavnici\/dr-sc-marijana-belaj\/\">PROF. DR. SC. MARIJANA BELAJ<\/a><\/p>\n<p><a href=\"mailto:mbelaj@m.ffzg.hr\">mbelaj@m.ffzg.hr<\/a><\/p>\n<p>sacred landscapes, cults, interreligious relations, contemporary religious processes and movements, applied anthropology<\/p>\n<hr \/>\n<p><a href=\"https:\/\/etno.ffzg.unizg.hr\/nastavnici\/dr-sc-tanja-bukovcan\/\">IZV. PROF. DR. SC. TANJA BUKOV\u010cAN<\/a><\/p>\n<p><a href=\"mailto:tbukovcan@ffzg.hr\">tbukovcan@ffzg.unizg.hr<\/a><\/p>\n<p>medical anthropology, medical humanities, visual and sensory ethnography<\/p>\n<hr \/>\n<p><a href=\"https:\/\/etno.ffzg.unizg.hr\/nastavnici\/hrvoje-cargonja\/\">DOC. DR. SC. HRVOJE \u010cARGONJA<\/a><\/p>\n<p><a href=\"mailto:hcargonja@ffzg.hr\">hcargonja@ffzg.unizg.hr<\/a><\/p>\n<p>cultural phenomenology, Hare Krishna movement, religious experience, Hinduism, emotions in anthropology<\/p>\n<hr \/>\n<p><a href=\"http:\/\/povum.ffzg.unizg.hr\/?p=953\">PROF. DR. SC. JASNA GALJER<\/a><\/p>\n<p><a href=\"mailto:jgaljer@ffzg.hr\">jgaljer@ffzg.unizg.hr<\/a><\/p>\n<p>cultural history of the 20th and 21st centuries, interdisciplinary approaches to architecture and design research, theory and criticism of visual arts, architecture and design, medialization of cultural production<\/p>\n<hr \/>\n<p><a href=\"https:\/\/etno.ffzg.unizg.hr\/nastavnici\/dr-sc-ivona-grgurinovic\/\">DOC. DR. SC. IVONA GRGURINOVI\u0106<\/a><\/p>\n<p><a href=\"mailto:igrgurin@ffzg.hr\">igrgurin@ffzg.unizg.hr<\/a><\/p>\n<p>violence, conflict, regional studies, travel culture, history of anthropology<\/p>\n<hr \/>\n<p><a href=\"https:\/\/etno.ffzg.unizg.hr\/nastavnici\/dr-sc-petra-kelemen\/\">IZV. PROF. DR. SC. PETRA KELEMEN<\/a><\/p>\n<p><a href=\"mailto:pkelemen@ffzg.hr\">pkelemen@ffzg.unizg.hr<\/a><\/p>\n<p>construction of heritage, intangible cultural heritage, cultural policies, public events, anthropology of tourism<\/p>\n<hr \/>\n<p><a href=\"https:\/\/etno.ffzg.unizg.hr\/nastavnici\/tibor-komar\/\">DOC. DR. SC. TIBOR KOMAR<\/a><\/p>\n<p><a href=\"mailto:tkomar@ffzg.hr\">tkomar@ffzg.unizg.hr<\/a><\/p>\n<p>digital ethnography, geoethnography, anthropology of sport, qualitative methods, heritage management<\/p>\n<hr \/>\n<p><a href=\"https:\/\/etno.ffzg.unizg.hr\/nastavnici\/sanja-loncar\/\">IZV. PROF. DR. SC.<\/a><a href=\"https:\/\/etno.ffzg.unizg.hr\/nastavnici\/sanja-loncar\/\"> SANJA LON\u010cAR<\/a><\/p>\n<p><a href=\"mailto:sloncar@ffzg.hr\">sloncar@ffzg.unizg.hr<\/a><\/p>\n<p>antropologija prostora i mjesta, za\u0161tita i o\u010duvanje ba\u0161tine, regeneracija i razvoj u rualnom i urbanom kontekstu, kultura, okoli\u0161 i odr\u017eivost, lokalna povijest i mikropovijest (arhitektura; stanovanje; lokalne\/tradicijske tehnologije, umije\u0107a i znanja)<\/p>\n<hr \/>\n<p><a href=\"http:\/\/kroat.ffzg.unizg.hr\/index.php\/usmena-knjizevnost1\/71-davor-nikolic\">IZV. PROF. <\/a><a href=\"https:\/\/etno.ffzg.unizg.hr\/odsjek\/nastavnici\/dr-sc-tanja-bukovcan\/\">DR. SC.<\/a> <a href=\"http:\/\/kroat.ffzg.unizg.hr\/index.php\/usmena-knjizevnost1\/71-davor-nikolic\">DAVOR NIKOLI\u0106<\/a><\/p>\n<p><a href=\"mailto:dnikoli@ffzg.hr\">dnikoli@ffzg.unizg.hr<\/a><\/p>\n<p>digital humanities, folkloristics, computer methods in philological research, rhetoric, stylistics<\/p>\n<hr \/>\n<p><a href=\"https:\/\/etno.ffzg.unizg.hr\/nastavnici\/dr-sc-dusko-petrovic\/\">IZV. PROF. DR. SC. DU\u0160KO PETROVI\u0106<\/a><\/p>\n<p><a href=\"mailto:dupetrov@ffzg.hr\">dupetrov@ffzg.unizg.hr<\/a><\/p>\n<p>political anthropology, political theory, migration anthropology, critical refugee studies, biopolitics and humanitarianism<\/p>\n<hr \/>\n<p><a href=\"https:\/\/etno.ffzg.unizg.hr\/nastavnici\/dr-sc-tihana-petrovic-les-red-prof\/\">PROF. DR. SC. TIHANA PETROVI\u0106 LE\u0160<\/a><\/p>\n<p><a href=\"mailto:tples@ffzg.hr\">tples@ffzg.unizg.hr<\/a><\/p>\n<p>history of ethnology and cultural anthropology, scientific and cultural heritage, textiles, clothing, tangible and intangible heritage<\/p>\n<hr \/>\n<p><a href=\"https:\/\/etno.ffzg.unizg.hr\/nastavnici\/dr-sc-darko-polsek\/\">PROF. DR. SC. DARKO POL\u0160EK<\/a><\/p>\n<p><a href=\"mailto:dpolsek@ffzg.hr\">dpolsek@ffzg.unizg.hr<\/a><\/p>\n<p>behavioral bio-anthropology, sociobiology, behavioral ecology, evolutionary explanations in the social and humanistic sciences<\/p>\n<hr \/>\n<p><a href=\"https:\/\/etno.ffzg.unizg.hr\/nastavnici\/dr-sc-sanja-potkonjak\/\">PROF. DR. SC. SANJA POTKONJAK<\/a><\/p>\n<p><a href=\"mailto:spotkonjak@ffzg.hr\">spotkonjak@ffzg.unizg.hr<\/a><\/p>\n<p>qualitative research methods and ethics, post-industrial ethnography, crisis ethnography, transformative artistic practice, archivism and cultural memory, feminist and gender anthropology<\/p>\n<hr \/>\n<p><a href=\"https:\/\/etno.ffzg.unizg.hr\/nastavnici\/dr-sc-marijeta-rajkovic-iveta\/\">PROF. DR. SC. MARIJETA RAJKOVI\u0106 IVETA<\/a><\/p>\n<p><a href=\"mailto:mrajkovi@ffzg.hr\">mrajkovi@ffzg.unizg.hr<\/a><\/p>\n<p>migration and post-migration processes, minority communities, border studies, identity studies, historical anthropology<\/p>\n<hr \/>\n<p><a href=\"https:\/\/etno.ffzg.unizg.hr\/nastavnici\/dr-sc-tihana-rubic-2\/\">IZV. PROF. DR. SC. TIHANA RUBI\u0106 <\/a><\/p>\n<p><a href=\"mailto:trubic@ffzg.hr\">trubic@ffzg.unizg.hr<\/a><\/p>\n<p>anthropology of family and kinship, aging, anthropology of work and informal economy, urban sustainability, applied anthropology<\/p>\n<hr \/>\n<p><a href=\"http:\/\/kroat.ffzg.unizg.hr\/index.php\/usmena-knjizevnost1\/72-evelina-rudan\">IZV. PROF. DR. SC. EVELINA RUDAN<\/a><\/p>\n<p><a href=\"mailto:erudan@ffzg.hr\">erudan@ffzg.unizg.hr<\/a><\/p>\n<hr \/>\n<p><a href=\"https:\/\/etno.ffzg.unizg.hr\/nastavnici\/dr-sc-goran-pavel-santek\/\">PROF. DR. SC. GORAN PAVEL \u0160ANTEK<\/a><\/p>\n<p><a href=\"mailto:gpsantek@ffzg.hr\">gpsantek@ffzg.unizg.hr<\/a><br \/>\nsport, (social) integration, (collective) identity, (Slavic) mythology, (theoretical) practice<\/p>\n<hr \/>\n<p><a href=\"https:\/\/etno.ffzg.unizg.hr\/nastavnici\/dr-sc-nevena-skrbic\/\">PROF. DR. SC. NEVENA \u0160KRBI\u0106 ALEMPIJEVI\u0106<\/a><\/p>\n<p><a href=\"mailto:nskrbic@ffzg.hr\">nskrbic@ffzg.unizg.hr<\/a><\/p>\n<p>social memory, urban anthropology, place and space, festivals and public events, Mediterranean and regional studies<\/p>\n<hr \/>\n<p><a href=\"http:\/\/kroat.ffzg.unizg.hr\/index.php\/usmena-knjizevnost1\/70-josipa-tomasic\">DOC. DR. SC. JOSIPA TOMA\u0160I\u0106 JURI\u0106<\/a><\/p>\n<p><a href=\"mailto:jotomasi@ffzg.hr\">jotomasi@ffzg.unizg.hr<\/a><\/p>\n<p>oral literature, folk and popular literature, cultural memory and identity, literary reception<\/p>\n<hr \/>\n<p><b>VANJSKI SURADNICI<\/b><\/p>\n<hr \/>\n<p><a href=\"https:\/\/www.ief.hr\/znanstvenici\/lidija-bajuk\/\">NASL. DOC. DR. SC. LIDIJA BAJUK<\/a>, ZNANSTVENA SURADNICA (INSTITUT ZA ETNOLOGIJU I FOLKLORISTIKU)<\/p>\n<p><a href=\"mailto:lidija@ief.hr\">lidija@ief.hr<\/a><\/p>\n<p>Kajkavian intangible culture (and digital humanities), traditional and ritual practices, cultural botany and animalistics, proto-Slavic heritage, astroethnology<\/p>\n<hr \/>\n<p><a href=\"https:\/\/www.ief.hr\/znanstvenici\/ozren-biti\/\">NASL. DOC. DR. SC. OZREN BITI<\/a>, VI\u0160I ZNANSTVENI SURADNIK (INSTITUT ZA ETNOLOGIJU I FOLKLORISTIKU)<\/p>\n<p><a href=\"mailto:ozren@ief.hr\">ozren@ief.hr<\/a><\/p>\n<p>celebrity culture, national identity, popular culture, consumer culture, sport<\/p>\n<hr \/>\n<p><a href=\"https:\/\/www.ief.hr\/znanstvenici\/naila-ceribasic\/\">NASL. PROF. DR. SC. NAILA CERIBA\u0160I\u0106<\/a>, ZNANSTVENA SAVJETNICA (INSTITUT ZA ETNOLOGIJU I FOLKLORISTIKU)<\/p>\n<p><a href=\"mailto:naila@ief.hr\">naila@ief.hr<\/a><\/p>\n<p>Ethnomusicology, music and social identifications, intangible culture, heritage, folklore amateurism, record industry<\/p>\n<hr \/>\n<p><a href=\"https:\/\/www.ief.hr\/znanstvenici\/josko-caleta\/\">NASL. DOC. DR. SC. JO\u0160KO \u0106ALETA<\/a>, ZNANSTVENI SURADNIK (INSTITUT ZA ETNOLOGIJU I FOLKLORISTIKA)<\/p>\n<p><a href=\"mailto:josko@ief.hr\">josko@ief.hr<\/a><\/p>\n<p>applied ethnomusicology, music of the Dinaric region, church folk (Glagoliac) singing, klapa singing, music and carnival customs<\/p>\n<hr \/>\n<p><a href=\"https:\/\/www.ief.hr\/znanstvenici\/valentina-gulin-zrnic\/\">NASL. PROF. DR. SC. VALENTINA GULIN ZRNI\u0106<\/a>, ZNANSTVENA SAVJETNICA (INSTITUT ZA ETNOLOGIJU I FOLKLORISTIKU)<\/p>\n<p><a href=\"mailto:gulin@ief.hr\">gulin@ief.hr<\/a><\/p>\n<p>urbana antropologija, antropologija prostora, antropologija budu\u0107nosti, antropologija javnih doga\u0111anja, gra\u0111anska participacija<\/p>\n<hr \/>\n<p><a href=\"https:\/\/www.ief.hr\/znanstvenici\/marijana-hamersak\/\">NASL. DOC. DR. SC. MARIJANA HAMER\u0160AK<\/a>, ZNANSTVENA SAVJETNICA (INSTITUT ZA ETNOLOGIJU I FOLKLORISTIKU)<\/p>\n<p><a href=\"mailto:marham@ffzg.hr\">marham@ffzg.hr<\/a><\/p>\n<p>European border regime, popular and children's literature, ethnography and history of reading, production of heritage, history of folkloristics<\/p>\n<hr \/>\n<p><a style=\"font-size: 16px;background-color: #ffffff\" href=\"https:\/\/www.ief.hr\/znanstvenici\/ivana-katarincic\/\">DR. SC. IVANA KATARIN\u010cI\u0106<\/a>, ZNANSTVENA SURADNICA (INSTITUT ZA ETNOLOGIJU I FOLKLORISTIKU)<\/p>\n<p><a href=\"mailto:ivana@ief.hr\">ivana@ief.hr<\/a><\/p>\n<p>dance, ethnochoreology, ballet, dance techniques, standardized dance forms<\/p>\n<hr \/>\n<p><a href=\"https:\/\/www.ief.hr\/znanstvenici\/suzana-marjanic\/\">NASL. IZV. PROF. SUZANA MARJANI\u0106<\/a>, ZNANSTVENA SAVJETNICA (INSTITUT ZA ETNOLOGIJU I FOLKLORISTIKU)<\/p>\n<p><a href=\"mailto:suzana@ief.hr\">suzana@ief.hr<\/a><\/p>\n<p>cultural and critical animalistics, ritual theories, anthropology of religion, performance studies, performance art - protest performance<\/p>\n<hr \/>\n<p><a href=\"https:\/\/www.ief.hr\/znanstvenici\/zasluzni-znanstvenici-ibivsi-djelatnici\/ljiljana-marks\/\">NASL. PROF. DR. SC. LJILJANA MARKS<\/a>, ZASLU\u017dNA ZNANSTVENICA (INSTITUT ZA ETNOLOGIJU I FOLKLORISTIKU)<\/p>\n<p><a href=\"mailto:ljiljana.marks@gmail.com\">ljiljana.marks@gmail.com<\/a><\/p>\n<p>oral history; tradition, literary and oral history of Zagreb; anthropology of the city, urban traditions, oral tradition, mythical and historical; ethical and emic approach to the text, history as a story, fantasy in traditions<\/p>\n<hr \/>\n<p><a href=\"https:\/\/www.ief.hr\/znanstvenici\/irena-miholic\/\">DR. SC. IRENA MIHOLI\u0106<\/a>, ZNANSTVENA SURADNICA (INSTITUT ZA ETNOLOGIJU I FOLKLORISTIKU)<\/p>\n<p><a href=\"mailto:iredna@ief.hr\">irena@ief.hr<\/a><\/p>\n<p>ethnomusicology and technology; traditional music - revitalization, popularization and education; musical instruments and musical ensembles; music as intangible heritage music and digital humanities<\/p>\n<hr \/>\n<p><a href=\"https:\/\/www.ief.hr\/znanstvenici\/iva-niemcic\/\">NASL. DOC. DR. SC. IVA NIEM\u010cI\u0106<\/a>, VI\u0160A ZNANSTVENA SURADNICA (INSTITUT ZA ETNOLOGIJU I FOLKLORISTIKU)<\/p>\n<p><a href=\"mailto:iva@ief.hr\">iva@ief.hr<\/a><\/p>\n<p>professionalization of dance, gender studies of dance, reception and restitution of research, sword dances, dance and sustainability<\/p>\n<hr \/>\n<p><a href=\"http:\/\/www.muza.unizg.hr\/2-odsjek-za-muzikologiju\/nastavnici-2-odsjeka\/doc-dr-sc-mojca-piskor\/\">DOC. DR. SC. MOJCA PI\u0160KOR<\/a> (MUZI\u010cKA AKADEMIJA SVEU\u010cILI\u0160TA U ZAGREBU)<\/p>\n<p><a href=\"mailto:mpiskor@muza.hr\">mpiskor@muza.hr<\/a><\/p>\n<p>ethnomusicology; popular music studies; music and politics; feminist ethnomusicology; music and torture<\/p>\n<hr \/>\n<p><a href=\"https:\/\/www.ief.hr\/znanstvenici\/tvrtko-zebec\/\">NASL. PROF. DR. SC. TVRTKO ZEBEC<\/a>, ZNANSTVENI SAVJETNIK (INSTITUT ZA ETNOLOGIJU I FOLKLORISTIKU)<\/p>\n<p><a href=\"mailto:zebec@ief.hr\">zebec@ief.hr<\/a><\/p>\n<p>dance events; cultural performances; research methodology; intangible and digital culture<\/p>\n<hr \/>\n<p>&nbsp;<\/p>","protected":false},"excerpt":{"rendered":"<p>Svi nastavnici doktorskog studija aktivno su uklju\u010deni kao i mentori u program studija. Uz nastavnike s mati\u010dne ustanove, u doktorskom studiju nam se priklju\u010duju i vanjski suradnici, eksperti u polju folkloristike, etnomuzikologije, etnokoreologije, te voditelji znanstvenih projekata koji svojim istra\u017eivanjima i ekspertizom osiguravaju aktualne uvide u kulturne i dru\u0161tvene teme dana\u0161njice kojima se bave etnologije [&hellip;]<\/p>","protected":false},"author":4,"featured_media":0,"parent":0,"menu_order":0,"comment_status":"closed","ping_status":"closed","template":"","meta":{"site-sidebar-layout":"default","site-content-layout":"default","ast-site-content-layout":"default","site-content-style":"default","site-sidebar-style":"default","ast-global-header-display":"","ast-banner-title-visibility":"","ast-main-header-display":"","ast-hfb-above-header-display":"","ast-hfb-below-header-display":"","ast-hfb-mobile-header-display":"","site-post-title":"","ast-breadcrumbs-content":"","ast-featured-img":"","footer-sml-layout":"","theme-transparent-header-meta":"default","adv-header-id-meta":"","stick-header-meta":"","header-above-stick-meta":"","header-main-stick-meta":"","header-below-stick-meta":"","astra-migrate-meta-layouts":"set","ast-page-background-enabled":"default","ast-page-background-meta":{"desktop":{"background-color":"var(--ast-global-color-4)","background-image":"","background-repeat":"repeat","background-position":"center center","background-size":"auto","background-attachment":"scroll","background-type":"","background-media":"","overlay-type":"","overlay-color":"","overlay-opacity":"","overlay-gradient":""},"tablet":{"background-color":"","background-image":"","background-repeat":"repeat","background-position":"center center","background-size":"auto","background-attachment":"scroll","background-type":"","background-media":"","overlay-type":"","overlay-color":"","overlay-opacity":"","overlay-gradient":""},"mobile":{"background-color":"","background-image":"","background-repeat":"repeat","background-position":"center center","background-size":"auto","background-attachment":"scroll","background-type":"","background-media":"","overlay-type":"","overlay-color":"","overlay-opacity":"","overlay-gradient":""}},"ast-content-background-meta":{"desktop":{"background-color":"var(--ast-global-color-5)","background-image":"","background-repeat":"repeat","background-position":"center center","background-size":"auto","background-attachment":"scroll","background-type":"","background-media":"","overlay-type":"","overlay-color":"","overlay-opacity":"","overlay-gradient":""},"tablet":{"background-color":"var(--ast-global-color-5)","background-image":"","background-repeat":"repeat","background-position":"center center","background-size":"auto","background-attachment":"scroll","background-type":"","background-media":"","overlay-type":"","overlay-color":"","overlay-opacity":"","overlay-gradient":""},"mobile":{"background-color":"var(--ast-global-color-5)","background-image":"","background-repeat":"repeat","background-position":"center center","background-size":"auto","background-attachment":"scroll","background-type":"","background-media":"","overlay-type":"","overlay-color":"","overlay-opacity":"","overlay-gradient":""}},"footnotes":""},"class_list":["post-498","page","type-page","status-publish","hentry"],"jetpack_sharing_enabled":true,"_links":{"self":[{"href":"https:\/\/pds.ffzg.unizg.hr\/eka\/en\/wp-json\/wp\/v2\/pages\/498","targetHints":{"allow":["GET"]}}],"collection":[{"href":"https:\/\/pds.ffzg.unizg.hr\/eka\/en\/wp-json\/wp\/v2\/pages"}],"about":[{"href":"https:\/\/pds.ffzg.unizg.hr\/eka\/en\/wp-json\/wp\/v2\/types\/page"}],"author":[{"embeddable":true,"href":"https:\/\/pds.ffzg.unizg.hr\/eka\/en\/wp-json\/wp\/v2\/users\/4"}],"replies":[{"embeddable":true,"href":"https:\/\/pds.ffzg.unizg.hr\/eka\/en\/wp-json\/wp\/v2\/comments?post=498"}],"version-history":[{"count":35,"href":"https:\/\/pds.ffzg.unizg.hr\/eka\/en\/wp-json\/wp\/v2\/pages\/498\/revisions"}],"predecessor-version":[{"id":2387,"href":"https:\/\/pds.ffzg.unizg.hr\/eka\/en\/wp-json\/wp\/v2\/pages\/498\/revisions\/2387"}],"wp:attachment":[{"href":"https:\/\/pds.ffzg.unizg.hr\/eka\/en\/wp-json\/wp\/v2\/media?parent=498"}],"curies":[{"name":"wp","href":"https:\/\/api.w.org\/{rel}","templated":true}]}}