{"id":153,"date":"2017-10-23T18:29:49","date_gmt":"2017-10-23T16:29:49","guid":{"rendered":"http:\/\/pds.ffzg.unizg.hr\/eka\/?page_id=153"},"modified":"2017-10-23T18:29:49","modified_gmt":"2017-10-23T16:29:49","slug":"generacija-2016","status":"publish","type":"page","link":"https:\/\/pds.ffzg.unizg.hr\/eka\/generacija-2016\/","title":{"rendered":"Generacija 2016."},"content":{"rendered":"\n<table id=\"tablepress-2\" class=\"tablepress tablepress-id-2\">\n<tbody class=\"row-striping row-hover\">\n<tr class=\"row-1\">\n\t<td class=\"column-1\"><img decoding=\"async\" src=\"http:\/\/pds.ffzg.unizg.hr\/eka\/wp-content\/uploads\/sites\/6\/2017\/10\/fotka-02-150x150.jpg\" alt=\"\" width=\"150\" height=\"150\" class=\"aligncenter size-thumbnail wp-image-177\" \/><br \/>\nm.p.ferencic(at)gmail.com<\/td><td class=\"column-2\"><strong>Marijana Paula Feren\u010di\u0107<\/strong> (1989.)<br \/>\n<br \/>\n<em>Naziv zavr\u0161enog studija, godina dovr\u0161etka studija: <\/em><br \/>\nStudij Povijesti umjetnosti te Etnologije i kulturne antropologije (2014.)<br \/>\n<\/td><td class=\"column-3\"><em>Godina upisa doktorskog studija:<\/em> 2016.<br \/>\n<br \/>\n<em>Istra\u017eiva\u010dki interesi:<\/em><br \/>\nAntropologija umjetnosti, antropologija mjesta i prostora<\/td>\n<\/tr>\n<tr class=\"row-2\">\n\t<td class=\"column-1\"><img decoding=\"async\" src=\"http:\/\/pds.ffzg.unizg.hr\/eka\/wp-content\/uploads\/sites\/6\/2017\/10\/Grubi\u0161a_PDS_foto-02-150x150.jpg\" alt=\"\" width=\"150\" height=\"150\" class=\"aligncenter size-thumbnail wp-image-162\" \/><br \/>\nivagrubisa(at)yahoo.com<\/td><td class=\"column-2\"><strong>Iva Grubi\u0161a<\/strong> (1992.)<br \/>\n<br \/>\n<em>Naziv zavr\u0161enog studija, godina dovr\u0161etka studija: <\/em><br \/>\nDiplomski studij etnologije i kulturne antropologije te sociologije (2016.)<\/td><td class=\"column-3\"><em>Godina upisa doktorskog studija:<\/em> 2016.<br \/>\n<br \/>\n<em>Istra\u017eiva\u010dki interesi:<\/em><br \/>\nAntropologija grada, antropologija mjesta i prostora, antropologija svakodnevice<\/td>\n<\/tr>\n<tr class=\"row-3\">\n\t<td class=\"column-1\"><img decoding=\"async\" src=\"http:\/\/pds.ffzg.unizg.hr\/eka\/wp-content\/uploads\/sites\/6\/2017\/10\/IMG4x6pg-150x150.jpg\" alt=\"\" width=\"150\" height=\"150\" class=\"aligncenter size-thumbnail wp-image-158\" \/><br \/>\nemina_h77(at)hotmail.com<\/td><td class=\"column-2\"><strong>Emina Hod\u017ei\u0107<\/strong> (1977.)<br \/>\n<br \/>\n<em>Naziv zavr\u0161enog studija, godina dovr\u0161etka studija: <\/em><br \/>\nEtnologija i kulturna antropologija\/turkologija (2016.)<\/td><td class=\"column-3\"><em>Godina upisa doktorskog studija:<\/em> 2016.<br \/>\n<br \/>\n<em>Istra\u017eiva\u010dki interesi:<\/em><br \/>\nTursko-orijentalni utjecaji na tradicijsku kulturu, kultura manjina<\/td>\n<\/tr>\n<tr class=\"row-4\">\n\t<td class=\"column-1\"><img loading=\"lazy\" decoding=\"async\" src=\"http:\/\/pds.ffzg.unizg.hr\/eka\/wp-content\/uploads\/sites\/6\/2017\/10\/02-3-150x150.jpg\" alt=\"\" width=\"150\" height=\"150\" class=\"aligncenter size-thumbnail wp-image-166\" \/><br \/>\nkatarinamedaric(at)gmail.com<\/td><td class=\"column-2\"><strong>Katarina Horvatovi\u0107<\/strong> (1980.)<br \/>\n<br \/>\n<em>Naziv zavr\u0161enog studija, godina dovr\u0161etka studija: <\/em><br \/>\nEkonomski fakultet, financije (2003.)<br \/>\nFilozofski fakultet, etnologija i kulturna antropologija te pedagogija (2013.)<\/td><td class=\"column-3\"><em>Godina upisa doktorskog studija:<\/em> 2016.<br \/>\n<br \/>\n<em>Istra\u017eiva\u010dki interesi:<\/em><br \/>\nFolkloristika - dje\u010dje stvarala\u0161tvo, tradicijski plesovi i obi\u010daji, etnokoreologija<\/td>\n<\/tr>\n<tr class=\"row-5\">\n\t<td class=\"column-1\"><img loading=\"lazy\" decoding=\"async\" src=\"http:\/\/pds.ffzg.unizg.hr\/eka\/wp-content\/uploads\/sites\/6\/2017\/10\/Lame\u0161i\u0107_profil-02-150x150.jpg\" alt=\"\" width=\"150\" height=\"150\" class=\"aligncenter size-thumbnail wp-image-168\" \/><br \/>\nkatarina.lamesic(at)gmail.com<\/td><td class=\"column-2\"><strong>Katarina Lame\u0161i\u0107<\/strong> (1985.)<br \/>\n<br \/>\n<em>Naziv zavr\u0161enog studija, godina dovr\u0161etka studija: <\/em><br \/>\nDiplomski studij Lingvistike te Etnologije i kulturne antropologije (2014.)<br \/>\n<\/td><td class=\"column-3\"><em>Godina upisa doktorskog studija:<\/em> 2016.<br \/>\n<br \/>\n<em>Istra\u017eiva\u010dki interesi:<\/em><br \/>\nPopularne kulture, postsocijalizam, semiotika<\/td>\n<\/tr>\n<tr class=\"row-6\">\n\t<td class=\"column-1\"><img loading=\"lazy\" decoding=\"async\" src=\"http:\/\/pds.ffzg.unizg.hr\/eka\/wp-content\/uploads\/sites\/6\/2017\/10\/IMG_5701-02-150x150.jpg\" alt=\"\" width=\"150\" height=\"150\" class=\"aligncenter size-thumbnail wp-image-160\" \/><br \/>\nhelena0908(at)gmail.com<\/td><td class=\"column-2\"><strong>Helena Miji\u0107<\/strong> (1982.)<br \/>\n<br \/>\n<em>Naziv zavr\u0161enog studija, godina dovr\u0161etka studija: <\/em><br \/>\nEtnologija i kulturna antropologija, \u0161panjolski jezik i knji\u017eevnost (2015.)<\/td><td class=\"column-3\"><em>Godina upisa doktorskog studija:<\/em> 2016.<br \/>\n<br \/>\n<em>Istra\u017eiva\u010dki interesi:<\/em><br \/>\nUtjecaji turizma na lokalne zajednice, kulturne politike, kulturni turizam  <\/td>\n<\/tr>\n<tr class=\"row-7\">\n\t<td class=\"column-1\"><img loading=\"lazy\" decoding=\"async\" src=\"http:\/\/pds.ffzg.unizg.hr\/eka\/wp-content\/uploads\/sites\/6\/2017\/10\/IMG_0373-02-150x150.jpg\" alt=\"\" width=\"150\" height=\"150\" class=\"aligncenter size-thumbnail wp-image-179\" \/><br \/>\npetak(at)windowslive.com<\/td><td class=\"column-2\"><strong>Mirna Petak<\/strong> (1989.)<br \/>\n<br \/>\n<em>Naziv zavr\u0161enog studija, godina dovr\u0161etka studija: <\/em><br \/>\nStudij Antropologije te Etnologije i kulturne antropologije (2016.)<br \/>\n<\/td><td class=\"column-3\"><em>Godina upisa doktorskog studija:<\/em> 2016.<br \/>\n<br \/>\n<em>Istra\u017eiva\u010dki interesi:<\/em><br \/>\nInteres za prou\u010davanje najrazli\u010ditijih dru\u0161tvenih pitanja s naglaskom na podru\u010dje bioetike, (kulturne) antropologije i etnologije<\/td>\n<\/tr>\n<tr class=\"row-8\">\n\t<td class=\"column-1\"><img loading=\"lazy\" decoding=\"async\" src=\"http:\/\/pds.ffzg.unizg.hr\/eka\/wp-content\/uploads\/sites\/6\/2017\/10\/IMG_0320-02-150x150.jpg\" alt=\"\" width=\"150\" height=\"150\" class=\"aligncenter size-thumbnail wp-image-151\" \/><br \/>\ndinapokrajac(at)yahoo.com<\/td><td class=\"column-2\"><strong>Dina Pokrajac<\/strong> (1986.)<br \/>\n<br \/>\n<em>Naziv zavr\u0161enog studija, godina dovr\u0161etka studija: <\/em><br \/>\nFakultet politi\u010dkih znanosti - novinarstvo i politologija (2011.)<\/td><td class=\"column-3\"><em>Godina upisa doktorskog studija:<\/em> 2016.<br \/>\n<br \/>\n<em>Istra\u017eiva\u010dki interesi:<\/em><br \/>\nVizualna antropologija, kriti\u010dka teorija, antropologija spektakla, etnografski film<\/td>\n<\/tr>\n<tr class=\"row-9\">\n\t<td class=\"column-1\"><img loading=\"lazy\" decoding=\"async\" src=\"http:\/\/pds.ffzg.unizg.hr\/eka\/wp-content\/uploads\/sites\/6\/2017\/10\/Fotografija-02-150x150.jpg\" alt=\"\" width=\"150\" height=\"150\" class=\"aligncenter size-thumbnail wp-image-181\" srcset=\"https:\/\/pds.ffzg.unizg.hr\/eka\/wp-content\/uploads\/sites\/6\/2017\/10\/Fotografija-02-150x150.jpg 150w, https:\/\/pds.ffzg.unizg.hr\/eka\/wp-content\/uploads\/sites\/6\/2017\/10\/Fotografija-02-300x300.jpg 300w, https:\/\/pds.ffzg.unizg.hr\/eka\/wp-content\/uploads\/sites\/6\/2017\/10\/Fotografija-02.jpg 480w\" sizes=\"(max-width: 150px) 100vw, 150px\" \/><\/td><td class=\"column-2\"><strong>Romana Pozniak<\/strong> (1989.)<br \/>\n<br \/>\n<em>Naziv zavr\u0161enog studija, godina dovr\u0161etka studija: <\/em><br \/>\nStudij Antropologije te Etnologije i kulturne antropologije (2015.)<br \/>\n<\/td><td class=\"column-3\"><em>Godina upisa doktorskog studija:<\/em> 2016.<br \/>\n<br \/>\n<em>Istra\u017eiva\u010dki interesi:<\/em><br \/>\nPoliti\u010dka antropologija, antropologija rada, migracije i izbjegli\u0161tvo<\/td>\n<\/tr>\n<tr class=\"row-10\">\n\t<td class=\"column-1\"><img loading=\"lazy\" decoding=\"async\" src=\"http:\/\/pds.ffzg.unizg.hr\/eka\/wp-content\/uploads\/sites\/6\/2017\/10\/IMG_20170207_133547-02-150x150.jpg\" alt=\"\" width=\"150\" height=\"150\" class=\"aligncenter size-thumbnail wp-image-164\" \/><br \/>\nivansikic(at)net.hr<\/td><td class=\"column-2\"><strong>Ivan \u0160iki\u0107<\/strong> (1992.)<br \/>\n<br \/>\n<em>Naziv zavr\u0161enog studija, godina dovr\u0161etka studija: <\/em><br \/>\nDiplomski studij etnologije i kulturne antropologije te pedagogije (2015.)<\/td><td class=\"column-3\"><em>Godina upisa doktorskog studija:<\/em> 2016.<br \/>\n<br \/>\n<em>Istra\u017eiva\u010dki interesi:<\/em><br \/>\nTradicijsko ruralno graditeljstvo kontinentalne Hrvatske<\/td>\n<\/tr>\n<tr class=\"row-11\">\n\t<td class=\"column-1\"><img loading=\"lazy\" decoding=\"async\" src=\"http:\/\/pds.ffzg.unizg.hr\/eka\/wp-content\/uploads\/sites\/6\/2017\/10\/02-2-150x150.jpg\" alt=\"\" width=\"150\" height=\"150\" class=\"aligncenter size-thumbnail wp-image-156\" \/><br \/>\ndvahtar(at)gmail.com<\/td><td class=\"column-2\"><strong>Dorijan Vahtar<\/strong> (1986.)<br \/>\n<br \/>\n<em>Naziv zavr\u0161enog studija, godina dovr\u0161etka studija: <\/em><br \/>\nDiplomski studij antropologije; diplomski studij etnologije i kulturne antropologije (2013.)<\/td><td class=\"column-3\"><em>Godina upisa doktorskog studija:<\/em> 2016.<br \/>\n<br \/>\n<em>Istra\u017eiva\u010dki interesi:<\/em><br \/>\nAntropologija odgoja i obrazovanja; gra\u0111anski odgoj i obrazovanje; kvalitativne metode u sociokulturnoj antropologiji<\/td>\n<\/tr>\n<\/tbody>\n<\/table>\n\n","protected":false},"excerpt":{"rendered":"","protected":false},"author":4,"featured_media":0,"parent":0,"menu_order":0,"comment_status":"closed","ping_status":"closed","template":"","meta":{"site-sidebar-layout":"default","site-content-layout":"","ast-site-content-layout":"default","site-content-style":"default","site-sidebar-style":"default","ast-global-header-display":"","ast-banner-title-visibility":"","ast-main-header-display":"","ast-hfb-above-header-display":"","ast-hfb-below-header-display":"","ast-hfb-mobile-header-display":"","site-post-title":"","ast-breadcrumbs-content":"","ast-featured-img":"","footer-sml-layout":"","theme-transparent-header-meta":"","adv-header-id-meta":"","stick-header-meta":"","header-above-stick-meta":"","header-main-stick-meta":"","header-below-stick-meta":"","astra-migrate-meta-layouts":"default","ast-page-background-enabled":"default","ast-page-background-meta":{"desktop":{"background-color":"var(--ast-global-color-4)","background-image":"","background-repeat":"repeat","background-position":"center center","background-size":"auto","background-attachment":"scroll","background-type":"","background-media":"","overlay-type":"","overlay-color":"","overlay-opacity":"","overlay-gradient":""},"tablet":{"background-color":"","background-image":"","background-repeat":"repeat","background-position":"center center","background-size":"auto","background-attachment":"scroll","background-type":"","background-media":"","overlay-type":"","overlay-color":"","overlay-opacity":"","overlay-gradient":""},"mobile":{"background-color":"","background-image":"","background-repeat":"repeat","background-position":"center center","background-size":"auto","background-attachment":"scroll","background-type":"","background-media":"","overlay-type":"","overlay-color":"","overlay-opacity":"","overlay-gradient":""}},"ast-content-background-meta":{"desktop":{"background-color":"var(--ast-global-color-5)","background-image":"","background-repeat":"repeat","background-position":"center center","background-size":"auto","background-attachment":"scroll","background-type":"","background-media":"","overlay-type":"","overlay-color":"","overlay-opacity":"","overlay-gradient":""},"tablet":{"background-color":"var(--ast-global-color-5)","background-image":"","background-repeat":"repeat","background-position":"center center","background-size":"auto","background-attachment":"scroll","background-type":"","background-media":"","overlay-type":"","overlay-color":"","overlay-opacity":"","overlay-gradient":""},"mobile":{"background-color":"var(--ast-global-color-5)","background-image":"","background-repeat":"repeat","background-position":"center center","background-size":"auto","background-attachment":"scroll","background-type":"","background-media":"","overlay-type":"","overlay-color":"","overlay-opacity":"","overlay-gradient":""}},"footnotes":""},"class_list":["post-153","page","type-page","status-publish","hentry"],"jetpack_sharing_enabled":true,"_links":{"self":[{"href":"https:\/\/pds.ffzg.unizg.hr\/eka\/wp-json\/wp\/v2\/pages\/153","targetHints":{"allow":["GET"]}}],"collection":[{"href":"https:\/\/pds.ffzg.unizg.hr\/eka\/wp-json\/wp\/v2\/pages"}],"about":[{"href":"https:\/\/pds.ffzg.unizg.hr\/eka\/wp-json\/wp\/v2\/types\/page"}],"author":[{"embeddable":true,"href":"https:\/\/pds.ffzg.unizg.hr\/eka\/wp-json\/wp\/v2\/users\/4"}],"replies":[{"embeddable":true,"href":"https:\/\/pds.ffzg.unizg.hr\/eka\/wp-json\/wp\/v2\/comments?post=153"}],"version-history":[{"count":1,"href":"https:\/\/pds.ffzg.unizg.hr\/eka\/wp-json\/wp\/v2\/pages\/153\/revisions"}],"predecessor-version":[{"id":154,"href":"https:\/\/pds.ffzg.unizg.hr\/eka\/wp-json\/wp\/v2\/pages\/153\/revisions\/154"}],"wp:attachment":[{"href":"https:\/\/pds.ffzg.unizg.hr\/eka\/wp-json\/wp\/v2\/media?parent=153"}],"curies":[{"name":"wp","href":"https:\/\/api.w.org\/{rel}","templated":true}]}}