{"id":1840,"date":"2023-12-09T18:24:57","date_gmt":"2023-12-09T17:24:57","guid":{"rendered":"https:\/\/pds.ffzg.unizg.hr\/eka\/?page_id=1840"},"modified":"2023-12-09T18:24:57","modified_gmt":"2023-12-09T17:24:57","slug":"generacija-2022-2","status":"publish","type":"page","link":"https:\/\/pds.ffzg.unizg.hr\/eka\/generacija-2022-2\/","title":{"rendered":"Generacija 2022."},"content":{"rendered":"\n<table id=\"tablepress-6\" class=\"tablepress tablepress-id-6\">\n<tbody class=\"row-striping row-hover\">\n<tr class=\"row-1\">\n\t<td class=\"column-1\"><img decoding=\"async\" src=\"https:\/\/pds.ffzg.unizg.hr\/eka\/wp-content\/uploads\/sites\/6\/2024\/02\/D_Bednjanec-150x150.jpg\" alt=\"\" width=\"150\" height=\"150\" class=\"aligncenter size-thumbnail wp-image-1888\" \/><br \/>\n<br \/>\ndbednjan@m.ffzg.hr<br \/>\n<\/td><td class=\"column-2\"><strong>Dora Bednjanec<\/strong> (1990.)<br \/>\n<br \/>\n<em>Naziv zavr\u0161enog studija, godina dovr\u0161etka studija: <\/em><br \/>\nStudij etnologije i kulturne antropologije i studij nederlandistike (2021.)<\/td><td class=\"column-3\"><em>Godina upisa doktorskog studija:<\/em> 2022.<br \/>\n<br \/>\n<em>Istra\u017eiva\u010dki interesi:<\/em><br \/>\nantropologija smrti, filozofska antropologija, urbana antropologija<\/td>\n<\/tr>\n<tr class=\"row-2\">\n\t<td class=\"column-1\"><img decoding=\"async\" src=\"https:\/\/pds.ffzg.unizg.hr\/eka\/wp-content\/uploads\/sites\/6\/2023\/01\/Tatjana-Enderic\u0301-150x150.jpg\" alt=\"\" width=\"150\" height=\"150\" class=\"size-thumbnail wp-image-1665\" \/><br \/>\n<br \/>\ntenderic@ffzg.hr<\/td><td class=\"column-2\"><strong>Tatjana Enderi\u0107<\/strong> (1991.)<br \/>\n<br \/>\n<em>Naziv zavr\u0161enog studija, godina dovr\u0161etka studija: <\/em><br \/>\nStudij etnologije i kulturne antropologije (2018.),<br \/>\nIntegrirani studij biokemije i genetike (2021.)<\/td><td class=\"column-3\"><em>Godina upisa doktorskog studija:<\/em> 2022. (studij ispisan 2024. godine)<br \/>\n<br \/>\n<em>Istra\u017eiva\u010dki interesi:<\/em><br \/>\nmedicinska antropologija, medicinska humanistika, medicinska genetika<\/td>\n<\/tr>\n<tr class=\"row-3\">\n\t<td class=\"column-1\"><img decoding=\"async\" src=\"https:\/\/pds.ffzg.unizg.hr\/eka\/wp-content\/uploads\/sites\/6\/2023\/01\/foto_grkes_Easy-Resize.com-1-150x150.jpg\" alt=\"\" width=\"150\" height=\"150\" class=\"aligncenter size-thumbnail wp-image-1660\" srcset=\"https:\/\/pds.ffzg.unizg.hr\/eka\/wp-content\/uploads\/sites\/6\/2023\/01\/foto_grkes_Easy-Resize.com-1-150x150.jpg 150w, https:\/\/pds.ffzg.unizg.hr\/eka\/wp-content\/uploads\/sites\/6\/2023\/01\/foto_grkes_Easy-Resize.com-1-13x12.jpg 13w\" sizes=\"(max-width: 150px) 100vw, 150px\" \/><br \/>\n<br \/>\nivgrkes@ffzg.hr<\/td><td class=\"column-2\"><strong>Ivan Grke\u0161<\/strong> (1994.)<br \/>\n<br \/>\n<em>Naziv zavr\u0161enog studija, godina dovr\u0161etka studija: <\/em><br \/>\nStudij etnologije i kulturne antropologije (2020.),<br \/>\nStudij informacijskih znanosti (2020.),<br \/>\nStudij povijesti (2019.)<br \/>\n<\/td><td class=\"column-3\"><em>Godina upisa doktorskog studija:<\/em> 2022.<br \/>\n<br \/>\n<em>Istra\u017eiva\u010dki interesi:<\/em><br \/>\npovijest antropologije, historijska antropologija, mediteranski studiji<\/td>\n<\/tr>\n<tr class=\"row-4\">\n\t<td class=\"column-1\"><img loading=\"lazy\" decoding=\"async\" src=\"https:\/\/pds.ffzg.unizg.hr\/eka\/wp-content\/uploads\/sites\/6\/2023\/04\/20230406_155509_Easy-Resize.com_-150x150.jpg\" alt=\"\" width=\"150\" height=\"150\" class=\"aligncenter size-thumbnail wp-image-1693\" \/><br \/>\n<br \/>\nmkrizman@m.ffzg.hr<\/td><td class=\"column-2\"><strong>Matija Krizmani\u0107<\/strong> (1997.)<br \/>\n<br \/>\n<em>Naziv zavr\u0161enog studija, godina dovr\u0161etka studija: <\/em><br \/>\nPreddiplomski studij Antropologije i Lingvistike (2019.),<br \/>\nDiplomski studij Antropologije te Etnologije i kulturne antropologije (2021.)<\/td><td class=\"column-3\"><em>Godina upisa doktorskog studija:<\/em> 2022.<br \/>\n<br \/>\n<em>Istra\u017eiva\u010dki interesi:<\/em><br \/>\nantropologija roda i spolnosti, metodologija etnologije te lingvisti\u010dke i sociokulturne antropologije, dru\u0161tvena isklju\u010denost i razvoj<\/td>\n<\/tr>\n<tr class=\"row-5\">\n\t<td class=\"column-1\"><\/td><td class=\"column-2\"><\/td><td class=\"column-3\"><\/td>\n<\/tr>\n<tr class=\"row-6\">\n\t<td class=\"column-1\"><\/td><td class=\"column-2\"><\/td><td class=\"column-3\"><\/td>\n<\/tr>\n<tr class=\"row-7\">\n\t<td class=\"column-1\"><\/td><td class=\"column-2\"><\/td><td class=\"column-3\"><\/td>\n<\/tr>\n<\/tbody>\n<\/table>\n<!-- #tablepress-6 from cache -->\n","protected":false},"excerpt":{"rendered":"","protected":false},"author":4,"featured_media":0,"parent":0,"menu_order":0,"comment_status":"closed","ping_status":"closed","template":"","meta":{"site-sidebar-layout":"default","site-content-layout":"","ast-site-content-layout":"default","site-content-style":"default","site-sidebar-style":"default","ast-global-header-display":"","ast-banner-title-visibility":"","ast-main-header-display":"","ast-hfb-above-header-display":"","ast-hfb-below-header-display":"","ast-hfb-mobile-header-display":"","site-post-title":"","ast-breadcrumbs-content":"","ast-featured-img":"","footer-sml-layout":"","theme-transparent-header-meta":"default","adv-header-id-meta":"","stick-header-meta":"","header-above-stick-meta":"","header-main-stick-meta":"","header-below-stick-meta":"","astra-migrate-meta-layouts":"set","ast-page-background-enabled":"default","ast-page-background-meta":{"desktop":{"background-color":"var(--ast-global-color-4)","background-image":"","background-repeat":"repeat","background-position":"center center","background-size":"auto","background-attachment":"scroll","background-type":"","background-media":"","overlay-type":"","overlay-color":"","overlay-opacity":"","overlay-gradient":""},"tablet":{"background-color":"","background-image":"","background-repeat":"repeat","background-position":"center center","background-size":"auto","background-attachment":"scroll","background-type":"","background-media":"","overlay-type":"","overlay-color":"","overlay-opacity":"","overlay-gradient":""},"mobile":{"background-color":"","background-image":"","background-repeat":"repeat","background-position":"center center","background-size":"auto","background-attachment":"scroll","background-type":"","background-media":"","overlay-type":"","overlay-color":"","overlay-opacity":"","overlay-gradient":""}},"ast-content-background-meta":{"desktop":{"background-color":"var(--ast-global-color-5)","background-image":"","background-repeat":"repeat","background-position":"center center","background-size":"auto","background-attachment":"scroll","background-type":"","background-media":"","overlay-type":"","overlay-color":"","overlay-opacity":"","overlay-gradient":""},"tablet":{"background-color":"var(--ast-global-color-5)","background-image":"","background-repeat":"repeat","background-position":"center center","background-size":"auto","background-attachment":"scroll","background-type":"","background-media":"","overlay-type":"","overlay-color":"","overlay-opacity":"","overlay-gradient":""},"mobile":{"background-color":"var(--ast-global-color-5)","background-image":"","background-repeat":"repeat","background-position":"center center","background-size":"auto","background-attachment":"scroll","background-type":"","background-media":"","overlay-type":"","overlay-color":"","overlay-opacity":"","overlay-gradient":""}},"footnotes":""},"class_list":["post-1840","page","type-page","status-publish","hentry"],"jetpack_sharing_enabled":true,"_links":{"self":[{"href":"https:\/\/pds.ffzg.unizg.hr\/eka\/wp-json\/wp\/v2\/pages\/1840","targetHints":{"allow":["GET"]}}],"collection":[{"href":"https:\/\/pds.ffzg.unizg.hr\/eka\/wp-json\/wp\/v2\/pages"}],"about":[{"href":"https:\/\/pds.ffzg.unizg.hr\/eka\/wp-json\/wp\/v2\/types\/page"}],"author":[{"embeddable":true,"href":"https:\/\/pds.ffzg.unizg.hr\/eka\/wp-json\/wp\/v2\/users\/4"}],"replies":[{"embeddable":true,"href":"https:\/\/pds.ffzg.unizg.hr\/eka\/wp-json\/wp\/v2\/comments?post=1840"}],"version-history":[{"count":1,"href":"https:\/\/pds.ffzg.unizg.hr\/eka\/wp-json\/wp\/v2\/pages\/1840\/revisions"}],"predecessor-version":[{"id":1841,"href":"https:\/\/pds.ffzg.unizg.hr\/eka\/wp-json\/wp\/v2\/pages\/1840\/revisions\/1841"}],"wp:attachment":[{"href":"https:\/\/pds.ffzg.unizg.hr\/eka\/wp-json\/wp\/v2\/media?parent=1840"}],"curies":[{"name":"wp","href":"https:\/\/api.w.org\/{rel}","templated":true}]}}