{"id":498,"date":"2022-04-05T14:34:15","date_gmt":"2022-04-05T12:34:15","guid":{"rendered":"https:\/\/pds.ffzg.unizg.hr\/eka\/?page_id=498"},"modified":"2026-03-13T13:36:18","modified_gmt":"2026-03-13T12:36:18","slug":"nastavnici-i-mentori-2026-2027","status":"publish","type":"page","link":"https:\/\/pds.ffzg.unizg.hr\/eka\/nastavnici-i-mentori-2026-2027\/","title":{"rendered":"Nastavnici i mentori 2026.\/2027."},"content":{"rendered":"<p>Svi nastavnici doktorskog studija aktivno su uklju\u010deni kao i mentori u program studija. Uz nastavnike s mati\u010dne ustanove, u doktorskom studiju nam se priklju\u010duju i vanjski suradnici, eksperti u polju folkloristike, etnomuzikologije, etnokoreologije, te voditelji znanstvenih projekata koji svojim istra\u017eivanjima i ekspertizom osiguravaju aktualne uvide u kulturne i dru\u0161tvene teme dana\u0161njice kojima se bave etnologije i antropologija.<\/p>\n<hr \/>\n<p><b>FILOZOFSKI FAKULTET<\/b><\/p>\n<hr \/>\n<p><a href=\"https:\/\/etno.ffzg.unizg.hr\/nastavnici\/dr-sc-marijana-belaj\/\">PROF. DR. SC. MARIJANA BELAJ<\/a><\/p>\n<p><a href=\"mailto:mbelaj@m.ffzg.hr\">mbelaj@m.ffzg.hr<\/a><\/p>\n<p>sakralni krajolici, kultovi, interreligijski odnosi, suvremeni religijski procesi i pokreti, primijenjena antropologija<\/p>\n<hr \/>\n<p><a href=\"https:\/\/etno.ffzg.unizg.hr\/nastavnici\/dr-sc-tanja-bukovcan\/\">IZV. PROF. DR. SC. TANJA BUKOV\u010cAN<\/a><\/p>\n<p><a href=\"mailto:tbukovcan@ffzg.hr\">tbukovcan@ffzg.unizg.hr<\/a><\/p>\n<p>medicinska antropologija, medicinska humanistika, vizualna i senzorna etnografija<\/p>\n<hr \/>\n<p><a href=\"https:\/\/etno.ffzg.unizg.hr\/nastavnici\/hrvoje-cargonja\/\">DOC. DR. SC. HRVOJE \u010cARGONJA<\/a><\/p>\n<p><a href=\"mailto:hcargonja@ffzg.hr\">hcargonja@ffzg.unizg.hr<\/a><\/p>\n<p>kulturna fenomenologija, Hare Kri\u0161na pokret, religijsko iskustvo, hinduizam, emocije u antropologiji<\/p>\n<hr \/>\n<p><a href=\"http:\/\/povum.ffzg.unizg.hr\/?p=953\">PROF. DR. SC. JASNA GALJER<\/a><\/p>\n<p><a href=\"mailto:jgaljer@ffzg.hr\">jgaljer@ffzg.unizg.hr<\/a><\/p>\n<p>kulturna povijest 20. i 21. stolje\u0107a, interdisciplinarni pristupi istra\u017eivanju arhitekture i dizajna, teorija i kritika vizualnih umjetnosti, arhitekture i dizajna, medijalizacija kulturne produkcije<\/p>\n<hr \/>\n<p><a href=\"https:\/\/etno.ffzg.unizg.hr\/nastavnici\/dr-sc-ivona-grgurinovic\/\">DOC. DR. SC. IVONA GRGURINOVI\u0106<\/a><\/p>\n<p><a href=\"mailto:igrgurin@ffzg.hr\">igrgurin@ffzg.unizg.hr<\/a><\/p>\n<p>nasilje, sukob, regionalni studiji, kultura putovanja, povijest antropologije<\/p>\n<hr \/>\n<p><a href=\"https:\/\/etno.ffzg.unizg.hr\/nastavnici\/dr-sc-petra-kelemen\/\">IZV. PROF. DR. SC. PETRA KELEMEN<\/a><\/p>\n<p><a href=\"mailto:pkelemen@ffzg.hr\">pkelemen@ffzg.unizg.hr<\/a><\/p>\n<p>konstrukcija ba\u0161tine, nematerijalna kulturna ba\u0161tina, kulturne politike, javna doga\u0111anja, antropologija turizma<\/p>\n<hr \/>\n<p><a href=\"https:\/\/etno.ffzg.unizg.hr\/nastavnici\/tibor-komar\/\">DOC. DR. SC. TIBOR KOMAR<\/a><\/p>\n<p><a href=\"mailto:tkomar@ffzg.hr\">tkomar@ffzg.unizg.hr<\/a><\/p>\n<p>digitalna etnografija, geoetnografija, antropologija sporta, kvalitativne metode, upravljanje ba\u0161tinom<\/p>\n<hr \/>\n<p><a href=\"https:\/\/etno.ffzg.unizg.hr\/nastavnici\/sanja-loncar\/\">IZV. PROF. DR. SC.<\/a><a href=\"https:\/\/etno.ffzg.unizg.hr\/nastavnici\/sanja-loncar\/\"> SANJA LON\u010cAR<\/a><\/p>\n<p><a href=\"mailto:sloncar@ffzg.hr\">sloncar@ffzg.unizg.hr<\/a><\/p>\n<p>antropologija prostora i mjesta, za\u0161tita i o\u010duvanje ba\u0161tine, regeneracija i razvoj u rualnom i urbanom kontekstu, kultura, okoli\u0161 i odr\u017eivost, lokalna povijest i mikropovijest (arhitektura; stanovanje; lokalne\/tradicijske tehnologije, umije\u0107a i znanja)<\/p>\n<hr \/>\n<p><a href=\"http:\/\/kroat.ffzg.unizg.hr\/index.php\/usmena-knjizevnost1\/71-davor-nikolic\">IZV. PROF. <\/a><a href=\"https:\/\/etno.ffzg.unizg.hr\/odsjek\/nastavnici\/dr-sc-tanja-bukovcan\/\">DR. SC.<\/a> <a href=\"http:\/\/kroat.ffzg.unizg.hr\/index.php\/usmena-knjizevnost1\/71-davor-nikolic\">DAVOR NIKOLI\u0106<\/a><\/p>\n<p><a href=\"mailto:dnikoli@ffzg.hr\">dnikoli@ffzg.unizg.hr<\/a><\/p>\n<p>digitalna humanistika, folkloristika, ra\u010dunalne metode u filolo\u0161kim istra\u017eivanjima, retorika, stilistika<\/p>\n<hr \/>\n<p><a href=\"https:\/\/etno.ffzg.unizg.hr\/nastavnici\/dr-sc-dusko-petrovic\/\">IZV. PROF. DR. SC. DU\u0160KO PETROVI\u0106<\/a><\/p>\n<p><a href=\"mailto:dupetrov@ffzg.hr\">dupetrov@ffzg.unizg.hr<\/a><\/p>\n<p>politi\u010dka antropologija, politi\u010dka teorija, antropologija migracija, kriti\u010dke studije izbjegli\u0161tva, biopolitika i humanitarizam<\/p>\n<hr \/>\n<p><a href=\"https:\/\/etno.ffzg.unizg.hr\/nastavnici\/dr-sc-tihana-petrovic-les-red-prof\/\">PROF. DR. SC. TIHANA PETROVI\u0106 LE\u0160<\/a><\/p>\n<p><a href=\"mailto:tples@ffzg.hr\">tples@ffzg.unizg.hr<\/a><\/p>\n<p>povijest etnologije i kulturne antropologije, znanstvena i kulturna ba\u0161tina, tekstil, odijevanje, materijalna i nematerijalna ba\u0161tina<\/p>\n<hr \/>\n<p><a href=\"https:\/\/etno.ffzg.unizg.hr\/nastavnici\/dr-sc-darko-polsek\/\">PROF. DR. SC. DARKO POL\u0160EK<\/a><\/p>\n<p><a href=\"mailto:dpolsek@ffzg.hr\">dpolsek@ffzg.unizg.hr<\/a><\/p>\n<p>bio-antropologija pona\u0161anja, sociobiologija, bihverioralna ekologija, evolucijska obja\u0161njenja u dru\u0161tvno-humanisti\u010dkim znanostima<\/p>\n<hr \/>\n<p><a href=\"https:\/\/etno.ffzg.unizg.hr\/nastavnici\/dr-sc-sanja-potkonjak\/\">PROF. DR. SC. SANJA POTKONJAK<\/a><\/p>\n<p><a href=\"mailto:spotkonjak@ffzg.hr\">spotkonjak@ffzg.unizg.hr<\/a><\/p>\n<p>kvalitativne metode i etika istra\u017eivanja, postindustrijska etnografija, etnografija krize, transformative umjetni\u010dka praksa, arhivizam i kulturno sje\u0107anje, feministi\u010dka i rodna antropologija<\/p>\n<hr \/>\n<p><a href=\"https:\/\/etno.ffzg.unizg.hr\/nastavnici\/dr-sc-marijeta-rajkovic-iveta\/\">PROF. DR. SC. MARIJETA RAJKOVI\u0106 IVETA<\/a><\/p>\n<p><a href=\"mailto:mrajkovi@ffzg.hr\">mrajkovi@ffzg.unizg.hr<\/a><\/p>\n<p>migracijski i postimigracijski procesi, manjinske zajednice, studije granica, studije identiteta, historijska antropologija<\/p>\n<hr \/>\n<p><a href=\"https:\/\/etno.ffzg.unizg.hr\/nastavnici\/dr-sc-tihana-rubic-2\/\">IZV. PROF. DR. SC. TIHANA RUBI\u0106 <\/a><\/p>\n<p><a href=\"mailto:trubic@ffzg.hr\">trubic@ffzg.unizg.hr<\/a><\/p>\n<p>antropologija obitelji i srodstva, starenje, antropologija rada i neformalne ekonomije, urbana odr\u017eivost, primijenjena antropologija<\/p>\n<hr \/>\n<p><a href=\"http:\/\/kroat.ffzg.unizg.hr\/index.php\/usmena-knjizevnost1\/72-evelina-rudan\">IZV. PROF. DR. SC. EVELINA RUDAN<\/a><\/p>\n<p><a href=\"mailto:erudan@ffzg.hr\">erudan@ffzg.unizg.hr<\/a><\/p>\n<hr \/>\n<p><a href=\"https:\/\/etno.ffzg.unizg.hr\/nastavnici\/dr-sc-goran-pavel-santek\/\">PROF. DR. SC. GORAN PAVEL \u0160ANTEK<\/a><\/p>\n<p><a href=\"mailto:gpsantek@ffzg.hr\">gpsantek@ffzg.unizg.hr<\/a><br \/>\nsport, (socijalna) integracija, (kolektivni) identitet, (slavenska) mitologija, (teorijska) praksa<\/p>\n<hr \/>\n<p><a href=\"https:\/\/etno.ffzg.unizg.hr\/nastavnici\/dr-sc-nevena-skrbic\/\">PROF. DR. SC. NEVENA \u0160KRBI\u0106 ALEMPIJEVI\u0106<\/a><\/p>\n<p><a href=\"mailto:nskrbic@ffzg.hr\">nskrbic@ffzg.unizg.hr<\/a><\/p>\n<p>dru\u0161tveno sje\u0107anje, urbana antropologija, mjesto i prostor, festivali i javna doga\u0111anja, Mediteran i regionalni studiji<\/p>\n<hr \/>\n<p><a href=\"http:\/\/kroat.ffzg.unizg.hr\/index.php\/usmena-knjizevnost1\/70-josipa-tomasic\">DOC. DR. SC. JOSIPA TOMA\u0160I\u0106 JURI\u0106<\/a><\/p>\n<p><a href=\"mailto:jotomasi@ffzg.hr\">jotomasi@ffzg.unizg.hr<\/a><\/p>\n<p>usmena knji\u017eevnost, pu\u010dka i popularna knji\u017eevnost, kulturno pam\u0107enje i identitet, knji\u017eevna recepcija<\/p>\n<hr \/>\n<p><b>VANJSKI SURADNICI<\/b><\/p>\n<hr \/>\n<p><a href=\"https:\/\/www.ief.hr\/znanstvenici\/lidija-bajuk\/\">NASL. DOC. DR. SC. LIDIJA BAJUK<\/a>, ZNANSTVENA SURADNICA (INSTITUT ZA ETNOLOGIJU I FOLKLORISTIKU)<\/p>\n<p><a href=\"mailto:lidija@ief.hr\">lidija@ief.hr<\/a><\/p>\n<p>kajkavska nematerijalna kultura (i digitalna humanistika), obi\u010dajno-obredne prakse, kulturna botanistika i animalistika, praslavensko naslje\u0111e, astroetnologija<\/p>\n<hr \/>\n<p><a href=\"https:\/\/www.ief.hr\/znanstvenici\/ozren-biti\/\">NASL. DOC. DR. SC. OZREN BITI<\/a>, VI\u0160I ZNANSTVENI SURADNIK (INSTITUT ZA ETNOLOGIJU I FOLKLORISTIKU)<\/p>\n<p><a href=\"mailto:ozren@ief.hr\">ozren@ief.hr<\/a><\/p>\n<p>celebrity kultura, nacionalni identitet, popularna kultura, potro\u0161a\u010dka kultura, sport<\/p>\n<hr \/>\n<p><a href=\"https:\/\/www.ief.hr\/znanstvenici\/naila-ceribasic\/\">NASL. PROF. DR. SC. NAILA CERIBA\u0160I\u0106<\/a>, ZNANSTVENA SAVJETNICA (INSTITUT ZA ETNOLOGIJU I FOLKLORISTIKU)<\/p>\n<p><a href=\"mailto:naila@ief.hr\">naila@ief.hr<\/a><\/p>\n<p>Etnomuzikoloija, glazba i dru\u0161tvene identifikacije, nematerijalna kultura, ba\u0161tina, folklorni amaterizam, diskografska industrija<\/p>\n<hr \/>\n<p><a href=\"https:\/\/www.ief.hr\/znanstvenici\/josko-caleta\/\">NASL. DOC. DR. SC. JO\u0160KO \u0106ALETA<\/a>, ZNANSTVENI SURADNIK (INSTITUT ZA ETNOLOGIJU I FOLKLORISTIKA)<\/p>\n<p><a href=\"mailto:josko@ief.hr\">josko@ief.hr<\/a><\/p>\n<p>primijenjena etnomuzikologija, glazbovanje dinarskog podru\u010dja, crkveno pu\u010dko (glagolja\u0161ko) pjevanje, klapsko pjevanje, glazba i pokladni obi\u010daji<\/p>\n<hr \/>\n<p><a href=\"https:\/\/www.ief.hr\/znanstvenici\/valentina-gulin-zrnic\/\">NASL. PROF. DR. SC. VALENTINA GULIN ZRNI\u0106<\/a>, ZNANSTVENA SAVJETNICA (INSTITUT ZA ETNOLOGIJU I FOLKLORISTIKU)<\/p>\n<p><a href=\"mailto:gulin@ief.hr\">gulin@ief.hr<\/a><\/p>\n<p>urbana antropologija, antropologija prostora, antropologija budu\u0107nosti, antropologija javnih doga\u0111anja, gra\u0111anska participacija<\/p>\n<hr \/>\n<p><a href=\"https:\/\/www.ief.hr\/znanstvenici\/marijana-hamersak\/\">NASL. DOC. DR. SC. MARIJANA HAMER\u0160AK<\/a>, ZNANSTVENA SAVJETNICA (INSTITUT ZA ETNOLOGIJU I FOLKLORISTIKU)<\/p>\n<p><a href=\"mailto:marham@ffzg.hr\">marham@ffzg.hr<\/a><\/p>\n<p>europski grani\u010dni re\u017eim, popularna i dje\u010dja knji\u017eevnost, etnografija i povijest \u010ditanja, proizvodnja ba\u0161tine, povijest folkloristike<\/p>\n<hr \/>\n<p><a style=\"font-size: 16px;background-color: #ffffff\" href=\"https:\/\/www.ief.hr\/znanstvenici\/ivana-katarincic\/\">DR. SC. IVANA KATARIN\u010cI\u0106<\/a>, ZNANSTVENA SURADNICA (INSTITUT ZA ETNOLOGIJU I FOLKLORISTIKU)<\/p>\n<p><a href=\"mailto:ivana@ief.hr\">ivana@ief.hr<\/a><\/p>\n<p>ples, etnokoreologija, ballet, plesne tehnike, standardizirani plesni oblici<\/p>\n<hr \/>\n<p><a href=\"https:\/\/www.ief.hr\/znanstvenici\/suzana-marjanic\/\">NASL. IZV. PROF. SUZANA MARJANI\u0106<\/a>, ZNANSTVENA SAVJETNICA (INSTITUT ZA ETNOLOGIJU I FOLKLORISTIKU)<\/p>\n<p><a href=\"mailto:suzana@ief.hr\">suzana@ief.hr<\/a><\/p>\n<p>kulturna i kriti\u010dka animalistika, teorije rituala, antropologija religije, izvedbeni studiji, umjetnost performansa &#8211; izvedba protesta<\/p>\n<hr \/>\n<p><a href=\"https:\/\/www.ief.hr\/znanstvenici\/zasluzni-znanstvenici-ibivsi-djelatnici\/ljiljana-marks\/\">NASL. PROF. DR. SC. LJILJANA MARKS<\/a>, ZASLU\u017dNA ZNANSTVENICA (INSTITUT ZA ETNOLOGIJU I FOLKLORISTIKU)<\/p>\n<p><a href=\"mailto:ljiljana.marks@gmail.com\">ljiljana.marks@gmail.com<\/a><\/p>\n<p>usmena povijest; predaja, knji\u017eevna i usmena povijest Zagreb; antropologija grada, urbane predaje, usmena predaja, mitsko i povijesno; etski i emski pristup tekstu, povijest kao pri\u010da, fantastika u predajama<\/p>\n<hr \/>\n<p><a href=\"https:\/\/www.ief.hr\/znanstvenici\/irena-miholic\/\">DR. SC. IRENA MIHOLI\u0106<\/a>, ZNANSTVENA SURADNICA (INSTITUT ZA ETNOLOGIJU I FOLKLORISTIKU)<\/p>\n<p><a href=\"mailto:iredna@ief.hr\">irena@ief.hr<\/a><\/p>\n<p>etnomuzikologija i tehnologija; tradicijska glazba &#8211; revitalizacija, populartizacija i edukacija; glazbala i glazbeni sastavi; glazba kao nematerijalna ba\u0161tinaglazba i digitalna humanistika<\/p>\n<hr \/>\n<p><a href=\"https:\/\/www.ief.hr\/znanstvenici\/iva-niemcic\/\">NASL. DOC. DR. SC. IVA NIEM\u010cI\u0106<\/a>, VI\u0160A ZNANSTVENA SURADNICA (INSTITUT ZA ETNOLOGIJU I FOLKLORISTIKU)<\/p>\n<p><a href=\"mailto:iva@ief.hr\">iva@ief.hr<\/a><\/p>\n<p>profesionalizacija plesa, rodna istra\u017eivanja plesa, recepcija i restitucija istra\u017eivanja, ma\u010devni plesovi, ples i odr\u017eivost<\/p>\n<hr \/>\n<p><a href=\"http:\/\/www.muza.unizg.hr\/2-odsjek-za-muzikologiju\/nastavnici-2-odsjeka\/doc-dr-sc-mojca-piskor\/\">DOC. DR. SC. MOJCA PI\u0160KOR<\/a> (MUZI\u010cKA AKADEMIJA SVEU\u010cILI\u0160TA U ZAGREBU)<\/p>\n<p><a href=\"mailto:mpiskor@muza.hr\">mpiskor@muza.hr<\/a><\/p>\n<p>etnomuzikologija; studiji popularne glazbe; glazba i politike; feministi\u010dka etnomuzikologija; glazba i tortura<\/p>\n<hr \/>\n<p><a href=\"https:\/\/www.ief.hr\/znanstvenici\/tvrtko-zebec\/\">NASL. PROF. DR. SC. TVRTKO ZEBEC<\/a>, ZNANSTVENI SAVJETNIK (INSTITUT ZA ETNOLOGIJU I FOLKLORISTIKU)<\/p>\n<p><a href=\"mailto:zebec@ief.hr\">zebec@ief.hr<\/a><\/p>\n<p>plesna zbivanja; kulturne izvedbe; metodologija istra\u017eivanja; nematerijalna i digitalna kultura<\/p>\n<hr \/>\n<p>&nbsp;<\/p>\n","protected":false},"excerpt":{"rendered":"<p>Svi nastavnici doktorskog studija aktivno su uklju\u010deni kao i mentori u program studija. Uz nastavnike s mati\u010dne ustanove, u doktorskom studiju nam se priklju\u010duju i vanjski suradnici, eksperti u polju folkloristike, etnomuzikologije, etnokoreologije, te voditelji znanstvenih projekata koji svojim istra\u017eivanjima i ekspertizom osiguravaju aktualne uvide u kulturne i dru\u0161tvene teme dana\u0161njice kojima se bave etnologije [&hellip;]<\/p>\n","protected":false},"author":4,"featured_media":0,"parent":0,"menu_order":0,"comment_status":"closed","ping_status":"closed","template":"","meta":{"site-sidebar-layout":"default","site-content-layout":"default","ast-site-content-layout":"default","site-content-style":"default","site-sidebar-style":"default","ast-global-header-display":"","ast-banner-title-visibility":"","ast-main-header-display":"","ast-hfb-above-header-display":"","ast-hfb-below-header-display":"","ast-hfb-mobile-header-display":"","site-post-title":"","ast-breadcrumbs-content":"","ast-featured-img":"","footer-sml-layout":"","theme-transparent-header-meta":"default","adv-header-id-meta":"","stick-header-meta":"","header-above-stick-meta":"","header-main-stick-meta":"","header-below-stick-meta":"","astra-migrate-meta-layouts":"set","ast-page-background-enabled":"default","ast-page-background-meta":{"desktop":{"background-color":"var(--ast-global-color-4)","background-image":"","background-repeat":"repeat","background-position":"center center","background-size":"auto","background-attachment":"scroll","background-type":"","background-media":"","overlay-type":"","overlay-color":"","overlay-opacity":"","overlay-gradient":""},"tablet":{"background-color":"","background-image":"","background-repeat":"repeat","background-position":"center center","background-size":"auto","background-attachment":"scroll","background-type":"","background-media":"","overlay-type":"","overlay-color":"","overlay-opacity":"","overlay-gradient":""},"mobile":{"background-color":"","background-image":"","background-repeat":"repeat","background-position":"center center","background-size":"auto","background-attachment":"scroll","background-type":"","background-media":"","overlay-type":"","overlay-color":"","overlay-opacity":"","overlay-gradient":""}},"ast-content-background-meta":{"desktop":{"background-color":"var(--ast-global-color-5)","background-image":"","background-repeat":"repeat","background-position":"center center","background-size":"auto","background-attachment":"scroll","background-type":"","background-media":"","overlay-type":"","overlay-color":"","overlay-opacity":"","overlay-gradient":""},"tablet":{"background-color":"var(--ast-global-color-5)","background-image":"","background-repeat":"repeat","background-position":"center center","background-size":"auto","background-attachment":"scroll","background-type":"","background-media":"","overlay-type":"","overlay-color":"","overlay-opacity":"","overlay-gradient":""},"mobile":{"background-color":"var(--ast-global-color-5)","background-image":"","background-repeat":"repeat","background-position":"center center","background-size":"auto","background-attachment":"scroll","background-type":"","background-media":"","overlay-type":"","overlay-color":"","overlay-opacity":"","overlay-gradient":""}},"footnotes":""},"class_list":["post-498","page","type-page","status-publish","hentry"],"jetpack_sharing_enabled":true,"_links":{"self":[{"href":"https:\/\/pds.ffzg.unizg.hr\/eka\/wp-json\/wp\/v2\/pages\/498","targetHints":{"allow":["GET"]}}],"collection":[{"href":"https:\/\/pds.ffzg.unizg.hr\/eka\/wp-json\/wp\/v2\/pages"}],"about":[{"href":"https:\/\/pds.ffzg.unizg.hr\/eka\/wp-json\/wp\/v2\/types\/page"}],"author":[{"embeddable":true,"href":"https:\/\/pds.ffzg.unizg.hr\/eka\/wp-json\/wp\/v2\/users\/4"}],"replies":[{"embeddable":true,"href":"https:\/\/pds.ffzg.unizg.hr\/eka\/wp-json\/wp\/v2\/comments?post=498"}],"version-history":[{"count":35,"href":"https:\/\/pds.ffzg.unizg.hr\/eka\/wp-json\/wp\/v2\/pages\/498\/revisions"}],"predecessor-version":[{"id":2387,"href":"https:\/\/pds.ffzg.unizg.hr\/eka\/wp-json\/wp\/v2\/pages\/498\/revisions\/2387"}],"wp:attachment":[{"href":"https:\/\/pds.ffzg.unizg.hr\/eka\/wp-json\/wp\/v2\/media?parent=498"}],"curies":[{"name":"wp","href":"https:\/\/api.w.org\/{rel}","templated":true}]}}