{"id":522,"date":"2022-04-07T14:29:23","date_gmt":"2022-04-07T12:29:23","guid":{"rendered":"https:\/\/pds.ffzg.unizg.hr\/eka\/?page_id=522"},"modified":"2026-03-13T13:30:14","modified_gmt":"2026-03-13T12:30:14","slug":"novi-doktorski-studij-eka-upis-generacije-2022-2023","status":"publish","type":"page","link":"https:\/\/pds.ffzg.unizg.hr\/eka\/","title":{"rendered":"Doktorski studij Etnologija i kulturna antropologija"},"content":{"rendered":"\t\t<div data-elementor-type=\"wp-page\" data-elementor-id=\"522\" class=\"elementor elementor-522\">\n\t\t\t\t\t\t<section class=\"elementor-section elementor-top-section elementor-element elementor-element-0b8e127 elementor-section-boxed elementor-section-height-default elementor-section-height-default\" data-id=\"0b8e127\" data-element_type=\"section\">\n\t\t\t\t\t\t<div class=\"elementor-container elementor-column-gap-extended\">\n\t\t\t\t\t<div class=\"elementor-column elementor-col-100 elementor-top-column elementor-element elementor-element-5ed9cc2\" data-id=\"5ed9cc2\" data-element_type=\"column\">\n\t\t\t<div class=\"elementor-widget-wrap elementor-element-populated\">\n\t\t\t\t\t\t<div class=\"elementor-element elementor-element-eeb0297 elementor-widget elementor-widget-heading\" data-id=\"eeb0297\" data-element_type=\"widget\" data-widget_type=\"heading.default\">\n\t\t\t\t<div class=\"elementor-widget-container\">\n\t\t\t\t\t<h2 class=\"elementor-heading-title elementor-size-default\">NOVI DOKTORSKI STUDIJ EKA \u2013 UPIS GENERACIJE 2026.\/2027.<\/h2>\t\t\t\t<\/div>\n\t\t\t\t<\/div>\n\t\t\t\t\t<\/div>\n\t\t<\/div>\n\t\t\t\t\t<\/div>\n\t\t<\/section>\n\t\t\t\t<section class=\"elementor-section elementor-top-section elementor-element elementor-element-eebf628 elementor-section-boxed elementor-section-height-default elementor-section-height-default\" data-id=\"eebf628\" data-element_type=\"section\">\n\t\t\t\t\t\t<div class=\"elementor-container elementor-column-gap-default\">\n\t\t\t\t\t<div class=\"elementor-column elementor-col-100 elementor-top-column elementor-element elementor-element-408b48c\" data-id=\"408b48c\" data-element_type=\"column\">\n\t\t\t<div class=\"elementor-widget-wrap elementor-element-populated\">\n\t\t\t\t\t\t<div class=\"elementor-element elementor-element-973e256 elementor-widget elementor-widget-text-editor\" data-id=\"973e256\" data-element_type=\"widget\" data-widget_type=\"text-editor.default\">\n\t\t\t\t<div class=\"elementor-widget-container\">\n\t\t\t\t\t\t\t\t\t<p dir=\"ltr\" style=\"line-height: 1.295;text-align: right;margin-top: 0pt;margin-bottom: 8pt\"><span style=\"background-color: transparent;color: #000000;font-family: Georgia;font-size: 14pt;font-style: inherit;font-weight: inherit\">U Zagrebu, o\u017eujak 2026.<\/span><\/p>\n<p dir=\"ltr\" style=\"line-height: 1.2;margin-top: 0pt;margin-bottom: 0pt;padding: 0pt 0pt 19.2pt\"><span style=\"font-size: 14pt;font-family: Georgia;color: #000000;background-color: transparent;vertical-align: baseline\">Po\u0161tovani kandidati i budu\u0107i studenti,<\/span><\/p>\n<p dir=\"ltr\" style=\"line-height: 1.2;text-align: justify;margin-top: 0pt;margin-bottom: 0pt\"><span style=\"font-size: 14pt;font-family: Georgia;background-color: transparent;vertical-align: baseline\">u ime Odsjeka za etnologiju i kulturnu antropologiju i doktorskog studija Etnologija i kulturna antropologija \u017eelimo vam dobrodo\u0161licu na na\u0161e stranice!<\/span><\/p>\n<p dir=\"ltr\" style=\"line-height: 1.2;text-align: justify;margin-top: 0pt;margin-bottom: 0pt\"><span style=\"font-size: 14pt;font-family: Georgia;background-color: transparent;vertical-align: baseline\"><br>S veseljem najavljujemo da \u0107e novi ciklus doktorskog studija Etnologija i kulturna antropologija po\u010deti u listopadu 2026. godine. Filozofski je fakultet objavio <\/span><span style=\"text-decoration: underline\"><span style=\"color: #000000\"><a style=\"color: #000000\" href=\"https:\/\/web2020.ffzg.unizg.hr\/pds\/\"><strong><span style=\"font-size: 14pt;font-family: Georgia;background-color: transparent;vertical-align: baseline\">natje\u010daj<\/span><\/strong><\/a><\/span><\/span> <span style=\"font-size: 14pt;font-family: Georgia;background-color: transparent;vertical-align: baseline\">za upis nove generacije doktorskih studenata. U natje\u010daju je definiran postupak predaje dokumentacije i upisa studija.<\/span><\/p>\n<p dir=\"ltr\" style=\"line-height: 1.2;text-align: justify;margin-top: 0pt;margin-bottom: 0pt\"><span style=\"font-size: 14pt;font-family: Georgia;background-color: transparent;vertical-align: baseline\">&nbsp;<\/span><\/p>\n<p dir=\"ltr\" style=\"line-height: 1.2;text-align: justify;margin-top: 0pt;margin-bottom: 0pt\"><span style=\"font-size: 14pt;font-family: Georgia;background-color: transparent;vertical-align: baseline\">U i\u0161\u010dekivanju pokretanja programa, \u017eelimo vas uputiti u osnovne crte novog doktorskog studija. Novi program namijenjen je ambicioznim mladim istra\u017eiva\u010dima zainteresiranima za dru\u0161tvene i kulturne procese, otvorenima kriti\u010dkom mi\u0161ljenju i dru\u0161tveno anga\u017eiranom djelovanju te u\u010denju u korist zajednice.<\/span><\/p>\n<p dir=\"ltr\" style=\"line-height: 1.2;text-align: justify;margin-top: 0pt;margin-bottom: 0pt\"><span style=\"font-size: 14pt;font-family: Georgia;background-color: transparent;vertical-align: baseline\">Program je otvoren studentima etnologije i kulturne antropologije te drugih srodnih studija koji su zavr\u0161ili diplomski studij u Republici Hrvatskoj ili u inozemstvu. Doktorski program istra\u017eiva\u010dki je orijentiran i trajat \u0107e tri godine. Obvezna nastava odr\u017eavat \u0107e se isklju\u010divo tijekom prve godine, a ostatak studijskog programa koncipirat \u0107e se individualnim planom studiranja u skladu s istra\u017eiva\u010dkim interesima svakog doktorskog studenta. Novitet u doktorskom studiju predstavljaju i uvjeti upisa. U redovite natje\u010dajne uvjete uvodi se obveza raspisivanja prijedloga doktorskog istra\u017eivanja i dostave pristanka budu\u0107eg mentora.<\/span><\/p>\n<p dir=\"ltr\" style=\"line-height: 1.2;text-align: justify;margin-top: 0pt;margin-bottom: 0pt\"><span style=\"font-size: 14pt;font-family: Georgia;background-color: transparent;vertical-align: baseline\">Pri upisu na studij povjerenstvo \u0107e ocjenjivati znanstvenu i dru\u0161tvenu relevantnost te izvedivost va\u0161ih prijedloga istra\u017eivanja. Prijedlog istra\u017eivanja trebate predati na posebnom <\/span><span style=\"text-decoration: underline\"><span style=\"color: #000000\"><a style=\"color: #000000\" href=\"https:\/\/pds.ffzg.unizg.hr\/eka\/wp-content\/uploads\/sites\/6\/2023\/07\/0_1_PDS_EKA_Prijedlog-doktorskog-istrazivanja_5.3.2022.-final.docx.pdf\"><strong><span style=\"font-size: 14pt;font-family: Georgia;background-color: transparent;vertical-align: baseline\">obrascu<\/span><\/strong><\/a><\/span><\/span><span style=\"font-size: 14pt;font-family: Georgia;background-color: transparent;vertical-align: baseline\">. Svojoj prijavi trebate tako\u0111er priklju\u010diti popunjeni <\/span><span style=\"text-decoration: underline\"><span style=\"color: #000000\"><strong><a style=\"color: #000000\" href=\"https:\/\/pds.ffzg.unizg.hr\/eka\/wp-content\/uploads\/sites\/6\/2022\/04\/0_2_PDS_EKA_Prihvacanje-mentorstva_uzorak_travanj_2022_web.pdf\"><span style=\"font-size: 14pt;font-family: Georgia;background-color: transparent;vertical-align: baseline\">obrazac pristanka na mentoriranje<\/span><\/a><\/strong><\/span><\/span>. <span style=\"font-size: 14pt;font-family: Georgia;background-color: transparent;vertical-align: baseline\">Popis potencijalnih mentora u ak. god. 2026.\/2027. i podru\u010dja njihovih ekspertiza mo\u017eete na\u0107i na na\u0161im stranicama, u rubrici nastavnici i mentori.<\/span><\/p>\n<p dir=\"ltr\" style=\"line-height: 1.2;text-align: justify;margin-top: 0pt;margin-bottom: 0pt;padding: 12pt 0pt 0pt\"><span style=\"font-size: 14pt;font-family: Georgia;background-color: transparent;vertical-align: baseline\">Proteklo razdoblje obilje\u017eili su katastrofi\u010dni i krizni doga\u0111aji poput razornog potresa koji je pogodio Zagreb, Petrinju i Baniju te epidemija COVID-19. Trenutno svjedo\u010dimo ratu u Ukrajini te humanitarnoj krizi koju je izazvao. Te katastrofe i krize imaju velik utjecaj na sve nas i promijenile su na\u0161e ustaljeno gledanje i razumijevanje svakodnevice rada i obrazovanja.<\/span><\/p>\n<p dir=\"ltr\" style=\"line-height: 1.2;text-align: justify;margin-top: 0pt;margin-bottom: 0pt\"><span style=\"font-size: 14pt;font-family: Georgia;background-color: transparent;vertical-align: baseline\">Unato\u010d tome, nadamo se da \u0107e procesi obnove, oporavka i normalizacije ubrzo zapo\u010deti i da \u0107e se s njima vratiti shva\u0107anje va\u017enosti temeljnih znanstvenih istra\u017eivanja i obrazovanja kao osobnog izazova i jednog od najva\u017enijih jamstava odr\u017eive zajednice.<\/span><\/p>\n<p dir=\"ltr\" style=\"line-height: 1.2;text-align: justify;margin-top: 0pt;margin-bottom: 0pt\"><span style=\"font-size: 14pt;font-family: Georgia;background-color: transparent;vertical-align: baseline\">U \u017eelji da nam se pridru\u017eite i postanete studenti doktorskog programa Etnologija i kulturna antropologija s najdu\u017eom tradicijom u Republici Hrvatskoj, na najstarijem i najpresti\u017enijem dru\u0161tveno-humanisti\u010dkom fakultetu u Republici Hrvatskoj, posebno vas lijepo pozdravljamo i s veseljem o\u010dekujemo va\u0161e prijave.<\/span><\/p>\n<p dir=\"ltr\" style=\"line-height: 1.2;margin-top: 0pt;margin-bottom: 0pt;padding: 0pt 0pt 19.2pt\"><span style=\"font-size: 11.5pt;font-family: Georgia;background-color: transparent;vertical-align: baseline\">&nbsp;<\/span><\/p>\n<p dir=\"ltr\"><span style=\"font-size: 14pt\">izv. prof. dr. sc. Petra Kelemen<\/span><br><span style=\"font-size: 14pt\">prof. dr. sc. Nevena \u0160krbi\u0107 Alempijevi\u0107<\/span><br><span style=\"font-size: 14pt\">prof. dr. sc. Sanja Potkonjak<\/span><br><span style=\"font-size: 14pt\">Doktorski studij Etnologija i kulturna antropologija<\/span><br><span style=\"font-size: 14pt\">Filozofski fakultet Sveu\u010dili\u0161ta u Zagreb<\/span><\/p>\t\t\t\t\t\t\t\t<\/div>\n\t\t\t\t<\/div>\n\t\t\t\t\t<\/div>\n\t\t<\/div>\n\t\t\t\t\t<\/div>\n\t\t<\/section>\n\t\t\t\t<section class=\"elementor-section elementor-top-section elementor-element elementor-element-9573e17 elementor-section-boxed elementor-section-height-default elementor-section-height-default\" data-id=\"9573e17\" data-element_type=\"section\">\n\t\t\t\t\t\t<div class=\"elementor-container elementor-column-gap-default\">\n\t\t\t\t\t<div class=\"elementor-column elementor-col-100 elementor-top-column elementor-element elementor-element-8ad33cb\" data-id=\"8ad33cb\" data-element_type=\"column\">\n\t\t\t<div class=\"elementor-widget-wrap elementor-element-populated\">\n\t\t\t\t\t\t<div class=\"elementor-element elementor-element-f823d9c elementor-arrows-position-inside elementor-pagination-position-outside elementor-widget elementor-widget-image-carousel\" data-id=\"f823d9c\" data-element_type=\"widget\" data-settings=\"{&quot;slides_to_show&quot;:&quot;1&quot;,&quot;navigation&quot;:&quot;both&quot;,&quot;autoplay&quot;:&quot;yes&quot;,&quot;pause_on_hover&quot;:&quot;yes&quot;,&quot;pause_on_interaction&quot;:&quot;yes&quot;,&quot;autoplay_speed&quot;:5000,&quot;infinite&quot;:&quot;yes&quot;,&quot;effect&quot;:&quot;slide&quot;,&quot;speed&quot;:500}\" data-widget_type=\"image-carousel.default\">\n\t\t\t\t<div class=\"elementor-widget-container\">\n\t\t\t\t\t\t\t<div class=\"elementor-image-carousel-wrapper swiper\" role=\"region\" aria-roledescription=\"carousel\" aria-label=\"Vrtuljak slika\" dir=\"ltr\">\n\t\t\t<div class=\"elementor-image-carousel swiper-wrapper swiper-image-stretch\" aria-live=\"off\">\n\t\t\t\t\t\t\t\t<div class=\"swiper-slide\" role=\"group\" aria-roledescription=\"slide\" aria-label=\"1 of 6\"><figure class=\"swiper-slide-inner\"><img decoding=\"async\" class=\"swiper-slide-image\" src=\"https:\/\/pds.ffzg.unizg.hr\/eka\/wp-content\/uploads\/sites\/6\/2022\/06\/culture-g7de7c4130_1920-3.jpg\" alt=\"culture-g7de7c4130_1920-3\" \/><\/figure><\/div><div class=\"swiper-slide\" role=\"group\" aria-roledescription=\"slide\" aria-label=\"2 of 6\"><figure class=\"swiper-slide-inner\"><img decoding=\"async\" class=\"swiper-slide-image\" src=\"https:\/\/pds.ffzg.unizg.hr\/eka\/wp-content\/uploads\/sites\/6\/2022\/06\/ukraine-g17ca13fb7_1920-2.jpg\" alt=\"ukraine-g17ca13fb7_1920-2\" \/><\/figure><\/div><div class=\"swiper-slide\" role=\"group\" aria-roledescription=\"slide\" aria-label=\"3 of 6\"><figure class=\"swiper-slide-inner\"><img decoding=\"async\" class=\"swiper-slide-image\" src=\"https:\/\/pds.ffzg.unizg.hr\/eka\/wp-content\/uploads\/sites\/6\/2022\/06\/iceland-g7aa6e2e9d_1920-1.jpg\" alt=\"iceland-g7aa6e2e9d_1920-1\" \/><\/figure><\/div><div class=\"swiper-slide\" role=\"group\" aria-roledescription=\"slide\" aria-label=\"4 of 6\"><figure class=\"swiper-slide-inner\"><img decoding=\"async\" class=\"swiper-slide-image\" src=\"https:\/\/pds.ffzg.unizg.hr\/eka\/wp-content\/uploads\/sites\/6\/2022\/06\/indian-gb2f96309a_1920-1.jpg\" alt=\"indian-gb2f96309a_1920-1\" \/><\/figure><\/div><div class=\"swiper-slide\" role=\"group\" aria-roledescription=\"slide\" aria-label=\"5 of 6\"><figure class=\"swiper-slide-inner\"><img decoding=\"async\" class=\"swiper-slide-image\" src=\"https:\/\/pds.ffzg.unizg.hr\/eka\/wp-content\/uploads\/sites\/6\/2022\/06\/sea-gbc7d8cd66_1920-2.jpg\" alt=\"sea-gbc7d8cd66_1920-2\" \/><\/figure><\/div><div class=\"swiper-slide\" role=\"group\" aria-roledescription=\"slide\" aria-label=\"6 of 6\"><figure class=\"swiper-slide-inner\"><img decoding=\"async\" class=\"swiper-slide-image\" src=\"https:\/\/pds.ffzg.unizg.hr\/eka\/wp-content\/uploads\/sites\/6\/2022\/06\/mountain-gd77eca7b7_1920-1.jpg\" alt=\"mountain-gd77eca7b7_1920-1\" \/><\/figure><\/div>\t\t\t<\/div>\n\t\t\t\t\t\t\t\t\t\t\t\t<div class=\"elementor-swiper-button elementor-swiper-button-prev\" role=\"button\" tabindex=\"0\">\n\t\t\t\t\t\t<i aria-hidden=\"true\" class=\"eicon-chevron-left\"><\/i>\t\t\t\t\t<\/div>\n\t\t\t\t\t<div class=\"elementor-swiper-button elementor-swiper-button-next\" role=\"button\" tabindex=\"0\">\n\t\t\t\t\t\t<i aria-hidden=\"true\" class=\"eicon-chevron-right\"><\/i>\t\t\t\t\t<\/div>\n\t\t\t\t\n\t\t\t\t\t\t\t\t\t<div class=\"swiper-pagination\"><\/div>\n\t\t\t\t\t\t\t\t\t<\/div>\n\t\t\t\t\t\t<\/div>\n\t\t\t\t<\/div>\n\t\t\t\t\t<\/div>\n\t\t<\/div>\n\t\t\t\t\t<\/div>\n\t\t<\/section>\n\t\t\t\t<section class=\"elementor-section elementor-top-section elementor-element elementor-element-2cf25fd elementor-section-boxed elementor-section-height-default elementor-section-height-default\" data-id=\"2cf25fd\" data-element_type=\"section\">\n\t\t\t\t\t\t<div class=\"elementor-container elementor-column-gap-default\">\n\t\t\t\t\t<div class=\"elementor-column elementor-col-100 elementor-top-column elementor-element elementor-element-e057905\" data-id=\"e057905\" data-element_type=\"column\">\n\t\t\t<div class=\"elementor-widget-wrap elementor-element-populated\">\n\t\t\t\t\t\t<div class=\"elementor-element elementor-element-7a96e2e elementor-widget elementor-widget-heading\" data-id=\"7a96e2e\" data-element_type=\"widget\" data-widget_type=\"heading.default\">\n\t\t\t\t<div class=\"elementor-widget-container\">\n\t\t\t\t\t<h2 class=\"elementor-heading-title elementor-size-default\">Add Your Heading Text Here<\/h2>\t\t\t\t<\/div>\n\t\t\t\t<\/div>\n\t\t\t\t\t<\/div>\n\t\t<\/div>\n\t\t\t\t\t<\/div>\n\t\t<\/section>\n\t\t\t\t<\/div>\n\t\t","protected":false},"excerpt":{"rendered":"<p>NOVI DOKTORSKI STUDIJ EKA \u2013 UPIS GENERACIJE 2026.\/2027. U Zagrebu, o\u017eujak 2026. Po\u0161tovani kandidati i budu\u0107i studenti, u ime Odsjeka za etnologiju i kulturnu antropologiju i doktorskog studija Etnologija i kulturna antropologija \u017eelimo vam dobrodo\u0161licu na na\u0161e stranice! S veseljem najavljujemo da \u0107e novi ciklus doktorskog studija Etnologija i kulturna antropologija po\u010deti u listopadu 2026. [&hellip;]<\/p>\n","protected":false},"author":4,"featured_media":0,"parent":0,"menu_order":0,"comment_status":"closed","ping_status":"closed","template":"elementor_theme","meta":{"site-sidebar-layout":"default","site-content-layout":"","ast-site-content-layout":"default","site-content-style":"default","site-sidebar-style":"default","ast-global-header-display":"","ast-banner-title-visibility":"","ast-main-header-display":"","ast-hfb-above-header-display":"","ast-hfb-below-header-display":"","ast-hfb-mobile-header-display":"","site-post-title":"","ast-breadcrumbs-content":"","ast-featured-img":"","footer-sml-layout":"","theme-transparent-header-meta":"","adv-header-id-meta":"","stick-header-meta":"","header-above-stick-meta":"","header-main-stick-meta":"","header-below-stick-meta":"","astra-migrate-meta-layouts":"default","ast-page-background-enabled":"default","ast-page-background-meta":{"desktop":{"background-color":"var(--ast-global-color-4)","background-image":"","background-repeat":"repeat","background-position":"center center","background-size":"auto","background-attachment":"scroll","background-type":"","background-media":"","overlay-type":"","overlay-color":"","overlay-opacity":"","overlay-gradient":""},"tablet":{"background-color":"","background-image":"","background-repeat":"repeat","background-position":"center center","background-size":"auto","background-attachment":"scroll","background-type":"","background-media":"","overlay-type":"","overlay-color":"","overlay-opacity":"","overlay-gradient":""},"mobile":{"background-color":"","background-image":"","background-repeat":"repeat","background-position":"center center","background-size":"auto","background-attachment":"scroll","background-type":"","background-media":"","overlay-type":"","overlay-color":"","overlay-opacity":"","overlay-gradient":""}},"ast-content-background-meta":{"desktop":{"background-color":"var(--ast-global-color-5)","background-image":"","background-repeat":"repeat","background-position":"center center","background-size":"auto","background-attachment":"scroll","background-type":"","background-media":"","overlay-type":"","overlay-color":"","overlay-opacity":"","overlay-gradient":""},"tablet":{"background-color":"var(--ast-global-color-5)","background-image":"","background-repeat":"repeat","background-position":"center center","background-size":"auto","background-attachment":"scroll","background-type":"","background-media":"","overlay-type":"","overlay-color":"","overlay-opacity":"","overlay-gradient":""},"mobile":{"background-color":"var(--ast-global-color-5)","background-image":"","background-repeat":"repeat","background-position":"center center","background-size":"auto","background-attachment":"scroll","background-type":"","background-media":"","overlay-type":"","overlay-color":"","overlay-opacity":"","overlay-gradient":""}},"footnotes":""},"class_list":["post-522","page","type-page","status-publish","hentry"],"jetpack_sharing_enabled":true,"_links":{"self":[{"href":"https:\/\/pds.ffzg.unizg.hr\/eka\/wp-json\/wp\/v2\/pages\/522","targetHints":{"allow":["GET"]}}],"collection":[{"href":"https:\/\/pds.ffzg.unizg.hr\/eka\/wp-json\/wp\/v2\/pages"}],"about":[{"href":"https:\/\/pds.ffzg.unizg.hr\/eka\/wp-json\/wp\/v2\/types\/page"}],"author":[{"embeddable":true,"href":"https:\/\/pds.ffzg.unizg.hr\/eka\/wp-json\/wp\/v2\/users\/4"}],"replies":[{"embeddable":true,"href":"https:\/\/pds.ffzg.unizg.hr\/eka\/wp-json\/wp\/v2\/comments?post=522"}],"version-history":[{"count":99,"href":"https:\/\/pds.ffzg.unizg.hr\/eka\/wp-json\/wp\/v2\/pages\/522\/revisions"}],"predecessor-version":[{"id":2386,"href":"https:\/\/pds.ffzg.unizg.hr\/eka\/wp-json\/wp\/v2\/pages\/522\/revisions\/2386"}],"wp:attachment":[{"href":"https:\/\/pds.ffzg.unizg.hr\/eka\/wp-json\/wp\/v2\/media?parent=522"}],"curies":[{"name":"wp","href":"https:\/\/api.w.org\/{rel}","templated":true}]}}