{"id":787,"date":"2022-06-24T19:41:14","date_gmt":"2022-06-24T17:41:14","guid":{"rendered":"https:\/\/pds.ffzg.unizg.hr\/eka\/?page_id=787"},"modified":"2024-04-12T12:15:14","modified_gmt":"2024-04-12T10:15:14","slug":"opce-obavijesti-2","status":"publish","type":"page","link":"https:\/\/pds.ffzg.unizg.hr\/eka\/opce-obavijesti-2\/","title":{"rendered":"Op\u0107e obavijesti"},"content":{"rendered":"\t\t<div data-elementor-type=\"wp-page\" data-elementor-id=\"787\" class=\"elementor elementor-787\">\n\t\t\t\t\t\t<section class=\"elementor-section elementor-top-section elementor-element elementor-element-59ad80a elementor-section-boxed elementor-section-height-default elementor-section-height-default\" data-id=\"59ad80a\" data-element_type=\"section\">\n\t\t\t\t\t\t<div class=\"elementor-container elementor-column-gap-default\">\n\t\t\t\t\t<div class=\"elementor-column elementor-col-100 elementor-top-column elementor-element elementor-element-5c24cbb\" data-id=\"5c24cbb\" data-element_type=\"column\">\n\t\t\t<div class=\"elementor-widget-wrap elementor-element-populated\">\n\t\t\t\t\t\t<div class=\"elementor-element elementor-element-a2ccf54 elementor-grid-1 elementor-grid-tablet-2 elementor-grid-mobile-1 elementor-widget elementor-widget-elementor-blog-posts\" data-id=\"a2ccf54\" data-element_type=\"widget\" data-settings=\"{&quot;columns&quot;:&quot;1&quot;,&quot;columns_tablet&quot;:&quot;2&quot;,&quot;columns_mobile&quot;:&quot;1&quot;}\" data-widget_type=\"elementor-blog-posts.default\">\n\t\t\t\t<div class=\"elementor-widget-container\">\n\t\t\t\t\t\t\t<div class=\"wpcap-grid\">\n\t\t\t\t\t\t<div class=\"wpcap-grid-container elementor-grid wpcap-grid-desktop-1 wpcap-grid-tablet-2 wpcap-grid-mobile-1 grid-meta-bottom\">\n\n\t\t\t\t\n        <article id=\"post-1938\" class=\"wpcap-post post-1938 post type-post status-publish format-standard hentry category-obavijesti\">\n         \n            <div class=\"post-grid-inner\">\n            \t\n            \t\n                <div class=\"post-grid-text-wrap\">\n               \t\t\t\t<h3 class=\"title\">\n\t\t\t<a href=\"https:\/\/pds.ffzg.unizg.hr\/eka\/2024\/04\/12\/medunarodna-doktorska-skola-transformations-in-european-societies-munchen\/\">Me\u0111unarodna doktorska \u0161kola Transformations in European Societies &#8211; M\u00fcnchen<\/a>\n\t\t<\/h3>\n\t\t\t                \t\t<div class=\"post-grid-excerpt\">\n\t\t\t<p>Me\u0111unarodna doktorska \u0161kola Transformations in European Societies \u2013 M\u00fcnchen Od 18. do 21. o\u017eujka 2024. godine u M\u00fcnchenu je odr\u017ean proljetni susret nastavnika i studenata&hellip;<\/p>\n\t\t<\/div>\n\t\t\t                \t\t<a class=\"read-more-btn\" href=\"https:\/\/pds.ffzg.unizg.hr\/eka\/2024\/04\/12\/medunarodna-doktorska-skola-transformations-in-european-societies-munchen\/\">Read More \u00bb<\/a>\n\t\t                <\/div>\n\n                \t\t<div class=\"post-grid-meta\">\n\t\t\t\n\t\t\t\t<span class=\"post-date\"><time datetime=\"2024-04-12T12:14:04+02:00\">12\/04\/2024<\/time><\/span>\n\n\t\t\t\t\n\t\t\t\t<span class=\"post-comments\">Nema komentara<\/span>\n\n\t\t\t\t\t\t<\/div>\n\t\t\n            <\/div><!-- .blog-inner -->\n           \n        <\/article>\n\n        \n        <article id=\"post-1707\" class=\"wpcap-post post-1707 post type-post status-publish format-standard hentry category-obavijesti\">\n         \n            <div class=\"post-grid-inner\">\n            \t\n            \t\n                <div class=\"post-grid-text-wrap\">\n               \t\t\t\t<h3 class=\"title\">\n\t\t\t<a href=\"https:\/\/pds.ffzg.unizg.hr\/eka\/2023\/05\/29\/medunarodna-doktorska-skola-transformations-in-european-societies-berlin\/\">Me\u0111unarodna doktorska \u0161kola Transformations in European Societies &#8211; Berlin<\/a>\n\t\t<\/h3>\n\t\t\t                \t\t<div class=\"post-grid-excerpt\">\n\t\t\t<p>U razdoblju od 22. do 25. svibnja 2023. godine u Muzeju europskih kultura u Berlinu odr\u017ean je proljetni susret nastavnika i studenata me\u0111unarodne doktorske \u0161kole&hellip;<\/p>\n\t\t<\/div>\n\t\t\t                \t\t<a class=\"read-more-btn\" href=\"https:\/\/pds.ffzg.unizg.hr\/eka\/2023\/05\/29\/medunarodna-doktorska-skola-transformations-in-european-societies-berlin\/\">Read More \u00bb<\/a>\n\t\t                <\/div>\n\n                \t\t<div class=\"post-grid-meta\">\n\t\t\t\n\t\t\t\t<span class=\"post-date\"><time datetime=\"2023-05-29T11:52:24+02:00\">29\/05\/2023<\/time><\/span>\n\n\t\t\t\t\n\t\t\t\t<span class=\"post-comments\">Nema komentara<\/span>\n\n\t\t\t\t\t\t<\/div>\n\t\t\n            <\/div><!-- .blog-inner -->\n           \n        <\/article>\n\n        \n        <article id=\"post-1461\" class=\"wpcap-post post-1461 post type-post status-publish format-standard hentry category-obavijesti\">\n         \n            <div class=\"post-grid-inner\">\n            \t\n            \t\n                <div class=\"post-grid-text-wrap\">\n               \t\t\t\t<h3 class=\"title\">\n\t\t\t<a href=\"https:\/\/pds.ffzg.unizg.hr\/eka\/2022\/10\/22\/medunarodna-doktorska-skola-transformations-in-european-societies\/\">Me\u0111unarodna doktorska \u0161kola Transformations in European Societies<\/a>\n\t\t<\/h3>\n\t\t\t                \t\t<div class=\"post-grid-excerpt\">\n\t\t\t<p>U razdoblju od 10. do 16. listopada 2022. godine na Sveu\u010dili\u0161tu u Grazu odr\u017eana je Me\u0111unarodna doktorska \u0161kola \u201eTransformations in European Societies\u201c. U radu doktorske&hellip;<\/p>\n\t\t<\/div>\n\t\t\t                \t\t<a class=\"read-more-btn\" href=\"https:\/\/pds.ffzg.unizg.hr\/eka\/2022\/10\/22\/medunarodna-doktorska-skola-transformations-in-european-societies\/\">Read More \u00bb<\/a>\n\t\t                <\/div>\n\n                \t\t<div class=\"post-grid-meta\">\n\t\t\t\n\t\t\t\t<span class=\"post-date\"><time datetime=\"2022-10-22T11:52:43+02:00\">22\/10\/2022<\/time><\/span>\n\n\t\t\t\t\n\t\t\t\t<span class=\"post-comments\">Nema komentara<\/span>\n\n\t\t\t\t\t\t<\/div>\n\t\t\n            <\/div><!-- .blog-inner -->\n           \n        <\/article>\n\n        \n        <article id=\"post-450\" class=\"wpcap-post post-450 post type-post status-publish format-standard hentry category-obavijesti\">\n         \n            <div class=\"post-grid-inner\">\n            \t\n            \t\n                <div class=\"post-grid-text-wrap\">\n               \t\t\t\t<h3 class=\"title\">\n\t\t\t<a href=\"https:\/\/pds.ffzg.unizg.hr\/eka\/2022\/07\/04\/vazno-suglasnost-etickog-povjerenstva_prije-zakljucavanja-dr-sc-01\/\">VA\u017dNO: SUGLASNOST ETI\u010cKOG POVJERENSTVA_prije zaklju\u010davanja DR.SC.-01<\/a>\n\t\t<\/h3>\n\t\t\t                \t\t<div class=\"post-grid-excerpt\">\n\t\t\t<p>OBAVJE\u0160TAVAMO VAS DA JE OD 8.6.2021. GODINE SUGLASNOST ETI\u010cKOG POVJERENSTVA O TEMI DOKTORSKOG RADA POTREBNO PRIBAVITI PRIJE ZAKLJU\u010cAVANJA OBRASCA DR.SC.-01. DATUM ODLUKE ETI\u010cKOG POVJERENSTVA POTREBNO&hellip;<\/p>\n\t\t<\/div>\n\t\t\t                \t\t<a class=\"read-more-btn\" href=\"https:\/\/pds.ffzg.unizg.hr\/eka\/2022\/07\/04\/vazno-suglasnost-etickog-povjerenstva_prije-zakljucavanja-dr-sc-01\/\">Read More \u00bb<\/a>\n\t\t                <\/div>\n\n                \t\t<div class=\"post-grid-meta\">\n\t\t\t\n\t\t\t\t<span class=\"post-date\"><time datetime=\"2022-07-04T20:53:16+02:00\">04\/07\/2022<\/time><\/span>\n\n\t\t\t\t\n\t\t\t\t<span class=\"post-comments\">Nema komentara<\/span>\n\n\t\t\t\t\t\t<\/div>\n\t\t\n            <\/div><!-- .blog-inner -->\n           \n        <\/article>\n\n        \n        <article id=\"post-454\" class=\"wpcap-post post-454 post type-post status-publish format-standard hentry category-obavijesti\">\n         \n            <div class=\"post-grid-inner\">\n            \t\n            \t\n                <div class=\"post-grid-text-wrap\">\n               \t\t\t\t<h3 class=\"title\">\n\t\t\t<a href=\"https:\/\/pds.ffzg.unizg.hr\/eka\/2022\/07\/04\/odluka-senata-suz-produzetak-rokova-za-zavrsavanje-poslijediplomskog-studija\/\">Odluka Senata SuZ &#8211; produ\u017eetak rokova za zavr\u0161avanje poslijediplomskog studija<\/a>\n\t\t<\/h3>\n\t\t\t                \t\t<div class=\"post-grid-excerpt\">\n\t\t\t<p>Obavje\u0161tavamo vas da je Senat Sveu\u010dili\u0161ta u Zagrebu na sjednici odr\u017eanoj 21. rujna 2021. donio \u201ePreporuku\u201c koja u \u010dlanku I. ka\u017ee da se studentima poslijediplomskih&hellip;<\/p>\n\t\t<\/div>\n\t\t\t                \t\t<a class=\"read-more-btn\" href=\"https:\/\/pds.ffzg.unizg.hr\/eka\/2022\/07\/04\/odluka-senata-suz-produzetak-rokova-za-zavrsavanje-poslijediplomskog-studija\/\">Read More \u00bb<\/a>\n\t\t                <\/div>\n\n                \t\t<div class=\"post-grid-meta\">\n\t\t\t\n\t\t\t\t<span class=\"post-date\"><time datetime=\"2022-07-04T20:53:12+02:00\">04\/07\/2022<\/time><\/span>\n\n\t\t\t\t\n\t\t\t\t<span class=\"post-comments\">Nema komentara<\/span>\n\n\t\t\t\t\t\t<\/div>\n\t\t\n            <\/div><!-- .blog-inner -->\n           \n        <\/article>\n\n        \n\t\t\t<\/div>\n\t\t<\/div>\n\t\t\t\t\t\t<\/div>\n\t\t\t\t<\/div>\n\t\t\t\t<div class=\"elementor-element elementor-element-a1f430b elementor-grid-1 elementor-grid-tablet-2 elementor-grid-mobile-1 elementor-widget elementor-widget-elementor-blog-posts\" data-id=\"a1f430b\" data-element_type=\"widget\" data-settings=\"{&quot;columns&quot;:&quot;1&quot;,&quot;columns_tablet&quot;:&quot;2&quot;,&quot;columns_mobile&quot;:&quot;1&quot;}\" data-widget_type=\"elementor-blog-posts.default\">\n\t\t\t\t<div class=\"elementor-widget-container\">\n\t\t\t\t\t\t\t<div class=\"wpcap-grid\">\n\t\t\t\t\t\t<div class=\"wpcap-grid-container elementor-grid wpcap-grid-desktop-1 wpcap-grid-tablet-2 wpcap-grid-mobile-1\">\n\n\t\t\t\t\n        <article id=\"post-1938\" class=\"wpcap-post post-1938 post type-post status-publish format-standard hentry category-obavijesti\">\n         \n            <div class=\"post-grid-inner\">\n            \t\n            \t\n                <div class=\"post-grid-text-wrap\">\n               \t\t\t\t<h3 class=\"title\">\n\t\t\t<a href=\"https:\/\/pds.ffzg.unizg.hr\/eka\/2024\/04\/12\/medunarodna-doktorska-skola-transformations-in-european-societies-munchen\/\">Me\u0111unarodna doktorska \u0161kola Transformations in European Societies &#8211; M\u00fcnchen<\/a>\n\t\t<\/h3>\n\t\t\t                \t\t<div class=\"post-grid-meta\">\n\t\t\t\n\t\t\t\t<span class=\"post-date\"><time datetime=\"2024-04-12T12:14:04+02:00\">12\/04\/2024<\/time><\/span>\n\n\t\t\t\t\n\t\t\t\t<span class=\"post-comments\">Nema komentara<\/span>\n\n\t\t\t\t\t\t<\/div>\n\t\t\t                \t\t<div class=\"post-grid-excerpt\">\n\t\t\t<p>Me\u0111unarodna doktorska \u0161kola Transformations in European Societies \u2013 M\u00fcnchen Od 18. do 21. o\u017eujka 2024. godine u M\u00fcnchenu je odr\u017ean proljetni susret nastavnika i studenata&hellip;<\/p>\n\t\t<\/div>\n\t\t\t                \t\t<a class=\"read-more-btn\" href=\"https:\/\/pds.ffzg.unizg.hr\/eka\/2024\/04\/12\/medunarodna-doktorska-skola-transformations-in-european-societies-munchen\/\">Read More \u00bb<\/a>\n\t\t                <\/div>\n\n            <\/div><!-- .blog-inner -->\n           \n        <\/article>\n\n        \n        <article id=\"post-1707\" class=\"wpcap-post post-1707 post type-post status-publish format-standard hentry category-obavijesti\">\n         \n            <div class=\"post-grid-inner\">\n            \t\n            \t\n                <div class=\"post-grid-text-wrap\">\n               \t\t\t\t<h3 class=\"title\">\n\t\t\t<a href=\"https:\/\/pds.ffzg.unizg.hr\/eka\/2023\/05\/29\/medunarodna-doktorska-skola-transformations-in-european-societies-berlin\/\">Me\u0111unarodna doktorska \u0161kola Transformations in European Societies &#8211; Berlin<\/a>\n\t\t<\/h3>\n\t\t\t                \t\t<div class=\"post-grid-meta\">\n\t\t\t\n\t\t\t\t<span class=\"post-date\"><time datetime=\"2023-05-29T11:52:24+02:00\">29\/05\/2023<\/time><\/span>\n\n\t\t\t\t\n\t\t\t\t<span class=\"post-comments\">Nema komentara<\/span>\n\n\t\t\t\t\t\t<\/div>\n\t\t\t                \t\t<div class=\"post-grid-excerpt\">\n\t\t\t<p>U razdoblju od 22. do 25. svibnja 2023. godine u Muzeju europskih kultura u Berlinu odr\u017ean je proljetni susret nastavnika i studenata me\u0111unarodne doktorske \u0161kole&hellip;<\/p>\n\t\t<\/div>\n\t\t\t                \t\t<a class=\"read-more-btn\" href=\"https:\/\/pds.ffzg.unizg.hr\/eka\/2023\/05\/29\/medunarodna-doktorska-skola-transformations-in-european-societies-berlin\/\">Read More \u00bb<\/a>\n\t\t                <\/div>\n\n            <\/div><!-- .blog-inner -->\n           \n        <\/article>\n\n        \n        <article id=\"post-1461\" class=\"wpcap-post post-1461 post type-post status-publish format-standard hentry category-obavijesti\">\n         \n            <div class=\"post-grid-inner\">\n            \t\n            \t\n                <div class=\"post-grid-text-wrap\">\n               \t\t\t\t<h3 class=\"title\">\n\t\t\t<a href=\"https:\/\/pds.ffzg.unizg.hr\/eka\/2022\/10\/22\/medunarodna-doktorska-skola-transformations-in-european-societies\/\">Me\u0111unarodna doktorska \u0161kola Transformations in European Societies<\/a>\n\t\t<\/h3>\n\t\t\t                \t\t<div class=\"post-grid-meta\">\n\t\t\t\n\t\t\t\t<span class=\"post-date\"><time datetime=\"2022-10-22T11:52:43+02:00\">22\/10\/2022<\/time><\/span>\n\n\t\t\t\t\n\t\t\t\t<span class=\"post-comments\">Nema komentara<\/span>\n\n\t\t\t\t\t\t<\/div>\n\t\t\t                \t\t<div class=\"post-grid-excerpt\">\n\t\t\t<p>U razdoblju od 10. do 16. listopada 2022. godine na Sveu\u010dili\u0161tu u Grazu odr\u017eana je Me\u0111unarodna doktorska \u0161kola \u201eTransformations in European Societies\u201c. U radu doktorske&hellip;<\/p>\n\t\t<\/div>\n\t\t\t                \t\t<a class=\"read-more-btn\" href=\"https:\/\/pds.ffzg.unizg.hr\/eka\/2022\/10\/22\/medunarodna-doktorska-skola-transformations-in-european-societies\/\">Read More \u00bb<\/a>\n\t\t                <\/div>\n\n            <\/div><!-- .blog-inner -->\n           \n        <\/article>\n\n        \n        <article id=\"post-450\" class=\"wpcap-post post-450 post type-post status-publish format-standard hentry category-obavijesti\">\n         \n            <div class=\"post-grid-inner\">\n            \t\n            \t\n                <div class=\"post-grid-text-wrap\">\n               \t\t\t\t<h3 class=\"title\">\n\t\t\t<a href=\"https:\/\/pds.ffzg.unizg.hr\/eka\/2022\/07\/04\/vazno-suglasnost-etickog-povjerenstva_prije-zakljucavanja-dr-sc-01\/\">VA\u017dNO: SUGLASNOST ETI\u010cKOG POVJERENSTVA_prije zaklju\u010davanja DR.SC.-01<\/a>\n\t\t<\/h3>\n\t\t\t                \t\t<div class=\"post-grid-meta\">\n\t\t\t\n\t\t\t\t<span class=\"post-date\"><time datetime=\"2022-07-04T20:53:16+02:00\">04\/07\/2022<\/time><\/span>\n\n\t\t\t\t\n\t\t\t\t<span class=\"post-comments\">Nema komentara<\/span>\n\n\t\t\t\t\t\t<\/div>\n\t\t\t                \t\t<div class=\"post-grid-excerpt\">\n\t\t\t<p>OBAVJE\u0160TAVAMO VAS DA JE OD 8.6.2021. GODINE SUGLASNOST ETI\u010cKOG POVJERENSTVA O TEMI DOKTORSKOG RADA POTREBNO PRIBAVITI PRIJE ZAKLJU\u010cAVANJA OBRASCA DR.SC.-01. DATUM ODLUKE ETI\u010cKOG POVJERENSTVA POTREBNO&hellip;<\/p>\n\t\t<\/div>\n\t\t\t                \t\t<a class=\"read-more-btn\" href=\"https:\/\/pds.ffzg.unizg.hr\/eka\/2022\/07\/04\/vazno-suglasnost-etickog-povjerenstva_prije-zakljucavanja-dr-sc-01\/\">Read More \u00bb<\/a>\n\t\t                <\/div>\n\n            <\/div><!-- .blog-inner -->\n           \n        <\/article>\n\n        \n        <article id=\"post-454\" class=\"wpcap-post post-454 post type-post status-publish format-standard hentry category-obavijesti\">\n         \n            <div class=\"post-grid-inner\">\n            \t\n            \t\n                <div class=\"post-grid-text-wrap\">\n               \t\t\t\t<h3 class=\"title\">\n\t\t\t<a href=\"https:\/\/pds.ffzg.unizg.hr\/eka\/2022\/07\/04\/odluka-senata-suz-produzetak-rokova-za-zavrsavanje-poslijediplomskog-studija\/\">Odluka Senata SuZ &#8211; produ\u017eetak rokova za zavr\u0161avanje poslijediplomskog studija<\/a>\n\t\t<\/h3>\n\t\t\t                \t\t<div class=\"post-grid-meta\">\n\t\t\t\n\t\t\t\t<span class=\"post-date\"><time datetime=\"2022-07-04T20:53:12+02:00\">04\/07\/2022<\/time><\/span>\n\n\t\t\t\t\n\t\t\t\t<span class=\"post-comments\">Nema komentara<\/span>\n\n\t\t\t\t\t\t<\/div>\n\t\t\t                \t\t<div class=\"post-grid-excerpt\">\n\t\t\t<p>Obavje\u0161tavamo vas da je Senat Sveu\u010dili\u0161ta u Zagrebu na sjednici odr\u017eanoj 21. rujna 2021. donio \u201ePreporuku\u201c koja u \u010dlanku I. ka\u017ee da se studentima poslijediplomskih&hellip;<\/p>\n\t\t<\/div>\n\t\t\t                \t\t<a class=\"read-more-btn\" href=\"https:\/\/pds.ffzg.unizg.hr\/eka\/2022\/07\/04\/odluka-senata-suz-produzetak-rokova-za-zavrsavanje-poslijediplomskog-studija\/\">Read More \u00bb<\/a>\n\t\t                <\/div>\n\n            <\/div><!-- .blog-inner -->\n           \n        <\/article>\n\n        \n\t\t\t<\/div>\n\t\t<\/div>\n\t\t\t\t\t\t<\/div>\n\t\t\t\t<\/div>\n\t\t\t\t\t<\/div>\n\t\t<\/div>\n\t\t\t\t\t<\/div>\n\t\t<\/section>\n\t\t\t\t<\/div>\n\t\t","protected":false},"excerpt":{"rendered":"<p>Me\u0111unarodna doktorska \u0161kola Transformations in European Societies &#8211; M\u00fcnchen Me\u0111unarodna doktorska \u0161kola Transformations in European Societies \u2013 M\u00fcnchen Od 18. do 21. o\u017eujka 2024. godine u M\u00fcnchenu je odr\u017ean proljetni susret nastavnika i studenata me\u0111unarodne doktorske \u0161kole \u201eTransformations in European Societies\u201c. Doma\u0107in je bilo Sveu\u010dili\u0161te Ludwig-Maximilian. Ova je sesija doktorske \u0161kole okupila doktorande i nastavnike [&hellip;]<\/p>\n","protected":false},"author":4,"featured_media":0,"parent":0,"menu_order":0,"comment_status":"closed","ping_status":"closed","template":"","meta":{"site-sidebar-layout":"default","site-content-layout":"","ast-site-content-layout":"default","site-content-style":"default","site-sidebar-style":"default","ast-global-header-display":"","ast-banner-title-visibility":"","ast-main-header-display":"","ast-hfb-above-header-display":"","ast-hfb-below-header-display":"","ast-hfb-mobile-header-display":"","site-post-title":"","ast-breadcrumbs-content":"","ast-featured-img":"","footer-sml-layout":"","theme-transparent-header-meta":"","adv-header-id-meta":"","stick-header-meta":"","header-above-stick-meta":"","header-main-stick-meta":"","header-below-stick-meta":"","astra-migrate-meta-layouts":"default","ast-page-background-enabled":"default","ast-page-background-meta":{"desktop":{"background-color":"var(--ast-global-color-4)","background-image":"","background-repeat":"repeat","background-position":"center center","background-size":"auto","background-attachment":"scroll","background-type":"","background-media":"","overlay-type":"","overlay-color":"","overlay-opacity":"","overlay-gradient":""},"tablet":{"background-color":"","background-image":"","background-repeat":"repeat","background-position":"center center","background-size":"auto","background-attachment":"scroll","background-type":"","background-media":"","overlay-type":"","overlay-color":"","overlay-opacity":"","overlay-gradient":""},"mobile":{"background-color":"","background-image":"","background-repeat":"repeat","background-position":"center center","background-size":"auto","background-attachment":"scroll","background-type":"","background-media":"","overlay-type":"","overlay-color":"","overlay-opacity":"","overlay-gradient":""}},"ast-content-background-meta":{"desktop":{"background-color":"var(--ast-global-color-5)","background-image":"","background-repeat":"repeat","background-position":"center center","background-size":"auto","background-attachment":"scroll","background-type":"","background-media":"","overlay-type":"","overlay-color":"","overlay-opacity":"","overlay-gradient":""},"tablet":{"background-color":"var(--ast-global-color-5)","background-image":"","background-repeat":"repeat","background-position":"center center","background-size":"auto","background-attachment":"scroll","background-type":"","background-media":"","overlay-type":"","overlay-color":"","overlay-opacity":"","overlay-gradient":""},"mobile":{"background-color":"var(--ast-global-color-5)","background-image":"","background-repeat":"repeat","background-position":"center center","background-size":"auto","background-attachment":"scroll","background-type":"","background-media":"","overlay-type":"","overlay-color":"","overlay-opacity":"","overlay-gradient":""}},"footnotes":""},"class_list":["post-787","page","type-page","status-publish","hentry"],"jetpack_sharing_enabled":true,"_links":{"self":[{"href":"https:\/\/pds.ffzg.unizg.hr\/eka\/wp-json\/wp\/v2\/pages\/787","targetHints":{"allow":["GET"]}}],"collection":[{"href":"https:\/\/pds.ffzg.unizg.hr\/eka\/wp-json\/wp\/v2\/pages"}],"about":[{"href":"https:\/\/pds.ffzg.unizg.hr\/eka\/wp-json\/wp\/v2\/types\/page"}],"author":[{"embeddable":true,"href":"https:\/\/pds.ffzg.unizg.hr\/eka\/wp-json\/wp\/v2\/users\/4"}],"replies":[{"embeddable":true,"href":"https:\/\/pds.ffzg.unizg.hr\/eka\/wp-json\/wp\/v2\/comments?post=787"}],"version-history":[{"count":8,"href":"https:\/\/pds.ffzg.unizg.hr\/eka\/wp-json\/wp\/v2\/pages\/787\/revisions"}],"predecessor-version":[{"id":1942,"href":"https:\/\/pds.ffzg.unizg.hr\/eka\/wp-json\/wp\/v2\/pages\/787\/revisions\/1942"}],"wp:attachment":[{"href":"https:\/\/pds.ffzg.unizg.hr\/eka\/wp-json\/wp\/v2\/media?parent=787"}],"curies":[{"name":"wp","href":"https:\/\/api.w.org\/{rel}","templated":true}]}}