{"id":789,"date":"2022-06-24T19:41:14","date_gmt":"2022-06-24T17:41:14","guid":{"rendered":"https:\/\/pds.ffzg.unizg.hr\/eka\/?page_id=789"},"modified":"2025-04-06T22:46:21","modified_gmt":"2025-04-06T20:46:21","slug":"osnovne-informacije-2","status":"publish","type":"page","link":"https:\/\/pds.ffzg.unizg.hr\/eka\/osnovne-informacije-2\/","title":{"rendered":"Osnovne informacije"},"content":{"rendered":"\t\t<div data-elementor-type=\"wp-page\" data-elementor-id=\"789\" class=\"elementor elementor-789\">\n\t\t\t\t\t\t<section class=\"elementor-section elementor-top-section elementor-element elementor-element-1772457 elementor-section-boxed elementor-section-height-default elementor-section-height-default\" data-id=\"1772457\" data-element_type=\"section\">\n\t\t\t\t\t\t<div class=\"elementor-container elementor-column-gap-default\">\n\t\t\t\t\t<div class=\"elementor-column elementor-col-100 elementor-top-column elementor-element elementor-element-697b724\" data-id=\"697b724\" data-element_type=\"column\">\n\t\t\t<div class=\"elementor-widget-wrap elementor-element-populated\">\n\t\t\t\t\t\t<div class=\"elementor-element elementor-element-01a262b elementor-widget elementor-widget-heading\" data-id=\"01a262b\" data-element_type=\"widget\" data-widget_type=\"heading.default\">\n\t\t\t\t<div class=\"elementor-widget-container\">\n\t\t\t\t\t<h3 class=\"elementor-heading-title elementor-size-default\"><strong><span style=\"color: #000000\">Osnovne informacije o studiju<\/span><\/strong><\/h3>\t\t\t\t<\/div>\n\t\t\t\t<\/div>\n\t\t\t\t\t<\/div>\n\t\t<\/div>\n\t\t\t\t\t<\/div>\n\t\t<\/section>\n\t\t\t\t<section class=\"elementor-section elementor-top-section elementor-element elementor-element-00fbb49 elementor-section-boxed elementor-section-height-default elementor-section-height-default\" data-id=\"00fbb49\" data-element_type=\"section\">\n\t\t\t\t\t\t<div class=\"elementor-container elementor-column-gap-default\">\n\t\t\t\t\t<div class=\"elementor-column elementor-col-100 elementor-top-column elementor-element elementor-element-9e9724d\" data-id=\"9e9724d\" data-element_type=\"column\">\n\t\t\t<div class=\"elementor-widget-wrap elementor-element-populated\">\n\t\t\t\t\t\t<div class=\"elementor-element elementor-element-5b09903 elementor-widget elementor-widget-text-editor\" data-id=\"5b09903\" data-element_type=\"widget\" data-widget_type=\"text-editor.default\">\n\t\t\t\t<div class=\"elementor-widget-container\">\n\t\t\t\t\t\t\t\t\t<p>\u00a0<\/p><table style=\"border-collapse: collapse;width: 100%\"><tbody><tr><td style=\"width: 50%\">NAZIV STUDIJA<\/td><td style=\"width: 50%\">Etnologija i kulturna antropologija<\/td><\/tr><tr><td style=\"width: 50%\">ZNANSTVENO PODRU\u010cJE\/POLJE<\/td><td style=\"width: 50%\">humanisti\u010dke znanosti, polje etnologija i antropologija<\/td><\/tr><tr><td style=\"width: 50%\">VRSTA STUDIJA<\/td><td style=\"width: 50%\">doktorski studij<\/td><\/tr><tr><td style=\"width: 50%\">NOSITELJ STUDIJA<\/td><td style=\"width: 50%\">Odsjek za etnologiju i kulturnu antropologiju, Filozofski fakultet Sveu\u010dili\u0161ta u Zagrebu<\/td><\/tr><tr><td style=\"width: 50%\">TRAJANJE STUDIJA<\/td><td style=\"width: 50%\">3 godine<\/td><\/tr><tr><td style=\"width: 50%\">NAZIV DIPLOME<\/td><td style=\"width: 50%\"><p>doktor\/doktorica znanosti (dr. sc. human.) iz znanstvenoga podru\u010dja humanisti\u010dkih znanosti, znanstvenoga polja etnologije i antropologije<\/p><\/td><\/tr><tr><td style=\"width: 50%\">UVJETI UPISA<\/td><td style=\"width: 50%\"><p>Zavr\u0161en sveu\u010dili\u0161ni diplomski studij u polju etnologije i antropologije s najmanjom prosje\u010dnom ocjenom 4.0, preporuke dvaju sveu\u010dili\u0161nih nastavnika, pismo prihva\u0107anja potencijalnog mentora, \u017eivotopis te prijedlog doktorskog istra\u017eivanja.<\/p><p>Studij mogu upisati i osobe koje su zavr\u0161ile diplomski studij iz drugih znanstvenih podru\u010dja i polja u Republici Hrvatskoj ili inozemstvu, uz obvezu polaganja razlikovnih ispita koji se odre\u0111uju tijekom natje\u010daja za upis.\u00a0<\/p><p>Strani dr\u017eavljani imaju pravo upisa na studij pod jednakim uvjetima kao i dr\u017eavljani Republike Hrvatske.<\/p><\/td><\/tr><tr><td style=\"width: 50%\">ECTS<\/td><td style=\"width: 50%\">180<\/td><\/tr><tr><td style=\"width: 50%\">\u0160KOLARINA PO SEMESTRU<\/td><td style=\"width: 50%\">730,00 eura<\/td><\/tr><\/tbody><\/table>\t\t\t\t\t\t\t\t<\/div>\n\t\t\t\t<\/div>\n\t\t\t\t\t<\/div>\n\t\t<\/div>\n\t\t\t\t\t<\/div>\n\t\t<\/section>\n\t\t\t\t<section class=\"elementor-section elementor-top-section elementor-element elementor-element-6640527 elementor-section-boxed elementor-section-height-default elementor-section-height-default\" data-id=\"6640527\" data-element_type=\"section\">\n\t\t\t\t\t\t<div class=\"elementor-container elementor-column-gap-default\">\n\t\t\t\t\t<div class=\"elementor-column elementor-col-100 elementor-top-column elementor-element elementor-element-4baf9c1\" data-id=\"4baf9c1\" data-element_type=\"column\">\n\t\t\t<div class=\"elementor-widget-wrap elementor-element-populated\">\n\t\t\t\t\t\t<div class=\"elementor-element elementor-element-d54865a elementor-arrows-position-inside elementor-pagination-position-outside elementor-widget elementor-widget-image-carousel\" data-id=\"d54865a\" data-element_type=\"widget\" data-settings=\"{&quot;slides_to_show&quot;:&quot;1&quot;,&quot;navigation&quot;:&quot;both&quot;,&quot;autoplay&quot;:&quot;yes&quot;,&quot;pause_on_hover&quot;:&quot;yes&quot;,&quot;pause_on_interaction&quot;:&quot;yes&quot;,&quot;autoplay_speed&quot;:5000,&quot;infinite&quot;:&quot;yes&quot;,&quot;effect&quot;:&quot;slide&quot;,&quot;speed&quot;:500}\" data-widget_type=\"image-carousel.default\">\n\t\t\t\t<div class=\"elementor-widget-container\">\n\t\t\t\t\t\t\t<div class=\"elementor-image-carousel-wrapper swiper\" role=\"region\" aria-roledescription=\"carousel\" aria-label=\"Vrtuljak slika\" dir=\"ltr\">\n\t\t\t<div class=\"elementor-image-carousel swiper-wrapper swiper-image-stretch\" aria-live=\"off\">\n\t\t\t\t\t\t\t\t<div class=\"swiper-slide\" role=\"group\" aria-roledescription=\"slide\" aria-label=\"1 of 7\"><figure class=\"swiper-slide-inner\"><img decoding=\"async\" class=\"swiper-slide-image\" src=\"https:\/\/pds.ffzg.unizg.hr\/eka\/wp-content\/uploads\/sites\/6\/2022\/06\/culture-g7de7c4130_1920-3.jpg\" alt=\"culture-g7de7c4130_1920-3\" \/><\/figure><\/div><div class=\"swiper-slide\" role=\"group\" aria-roledescription=\"slide\" aria-label=\"2 of 7\"><figure class=\"swiper-slide-inner\"><img decoding=\"async\" class=\"swiper-slide-image\" src=\"https:\/\/pds.ffzg.unizg.hr\/eka\/wp-content\/uploads\/sites\/6\/2022\/06\/ukraine-g17ca13fb7_1920-2.jpg\" alt=\"ukraine-g17ca13fb7_1920-2\" \/><\/figure><\/div><div class=\"swiper-slide\" role=\"group\" aria-roledescription=\"slide\" aria-label=\"3 of 7\"><figure class=\"swiper-slide-inner\"><img decoding=\"async\" class=\"swiper-slide-image\" src=\"https:\/\/pds.ffzg.unizg.hr\/eka\/wp-content\/uploads\/sites\/6\/2022\/06\/wall-g23275285d_1920-2.jpg\" alt=\"wall-g23275285d_1920-2\" \/><\/figure><\/div><div class=\"swiper-slide\" role=\"group\" aria-roledescription=\"slide\" aria-label=\"4 of 7\"><figure class=\"swiper-slide-inner\"><img decoding=\"async\" class=\"swiper-slide-image\" src=\"https:\/\/pds.ffzg.unizg.hr\/eka\/wp-content\/uploads\/sites\/6\/2022\/06\/iceland-g7aa6e2e9d_1920-1.jpg\" alt=\"iceland-g7aa6e2e9d_1920-1\" \/><\/figure><\/div><div class=\"swiper-slide\" role=\"group\" aria-roledescription=\"slide\" aria-label=\"5 of 7\"><figure class=\"swiper-slide-inner\"><img decoding=\"async\" class=\"swiper-slide-image\" src=\"https:\/\/pds.ffzg.unizg.hr\/eka\/wp-content\/uploads\/sites\/6\/2022\/06\/indian-gb2f96309a_1920-1.jpg\" alt=\"indian-gb2f96309a_1920-1\" \/><\/figure><\/div><div class=\"swiper-slide\" role=\"group\" aria-roledescription=\"slide\" aria-label=\"6 of 7\"><figure class=\"swiper-slide-inner\"><img decoding=\"async\" class=\"swiper-slide-image\" src=\"https:\/\/pds.ffzg.unizg.hr\/eka\/wp-content\/uploads\/sites\/6\/2022\/06\/mountain-gd77eca7b7_1920.jpg\" alt=\"mountain-gd77eca7b7_1920\" \/><\/figure><\/div><div class=\"swiper-slide\" role=\"group\" aria-roledescription=\"slide\" aria-label=\"7 of 7\"><figure class=\"swiper-slide-inner\"><img decoding=\"async\" class=\"swiper-slide-image\" src=\"https:\/\/pds.ffzg.unizg.hr\/eka\/wp-content\/uploads\/sites\/6\/2022\/06\/sea-gbc7d8cd66_1920-1.jpg\" alt=\"sea-gbc7d8cd66_1920-1\" \/><\/figure><\/div>\t\t\t<\/div>\n\t\t\t\t\t\t\t\t\t\t\t\t<div class=\"elementor-swiper-button elementor-swiper-button-prev\" role=\"button\" tabindex=\"0\">\n\t\t\t\t\t\t<i aria-hidden=\"true\" class=\"eicon-chevron-left\"><\/i>\t\t\t\t\t<\/div>\n\t\t\t\t\t<div class=\"elementor-swiper-button elementor-swiper-button-next\" role=\"button\" tabindex=\"0\">\n\t\t\t\t\t\t<i aria-hidden=\"true\" class=\"eicon-chevron-right\"><\/i>\t\t\t\t\t<\/div>\n\t\t\t\t\n\t\t\t\t\t\t\t\t\t<div class=\"swiper-pagination\"><\/div>\n\t\t\t\t\t\t\t\t\t<\/div>\n\t\t\t\t\t\t<\/div>\n\t\t\t\t<\/div>\n\t\t\t\t\t<\/div>\n\t\t<\/div>\n\t\t\t\t\t<\/div>\n\t\t<\/section>\n\t\t\t\t<\/div>\n\t\t","protected":false},"excerpt":{"rendered":"<p>Osnovne informacije o studiju \u00a0 NAZIV STUDIJA Etnologija i kulturna antropologija ZNANSTVENO PODRU\u010cJE\/POLJE humanisti\u010dke znanosti, polje etnologija i antropologija VRSTA STUDIJA doktorski studij NOSITELJ STUDIJA Odsjek za etnologiju i kulturnu antropologiju, Filozofski fakultet Sveu\u010dili\u0161ta u Zagrebu TRAJANJE STUDIJA 3 godine NAZIV DIPLOME doktor\/doktorica znanosti (dr. sc. human.) iz znanstvenoga podru\u010dja humanisti\u010dkih znanosti, znanstvenoga polja etnologije [&hellip;]<\/p>\n","protected":false},"author":4,"featured_media":0,"parent":0,"menu_order":0,"comment_status":"closed","ping_status":"closed","template":"","meta":{"site-sidebar-layout":"no-sidebar","site-content-layout":"page-builder","ast-site-content-layout":"default","site-content-style":"default","site-sidebar-style":"default","ast-global-header-display":"","ast-banner-title-visibility":"","ast-main-header-display":"","ast-hfb-above-header-display":"","ast-hfb-below-header-display":"","ast-hfb-mobile-header-display":"","site-post-title":"disabled","ast-breadcrumbs-content":"","ast-featured-img":"disabled","footer-sml-layout":"","theme-transparent-header-meta":"","adv-header-id-meta":"","stick-header-meta":"","header-above-stick-meta":"","header-main-stick-meta":"","header-below-stick-meta":"","astra-migrate-meta-layouts":"default","ast-page-background-enabled":"default","ast-page-background-meta":{"desktop":{"background-color":"var(--ast-global-color-4)","background-image":"","background-repeat":"repeat","background-position":"center center","background-size":"auto","background-attachment":"scroll","background-type":"","background-media":"","overlay-type":"","overlay-color":"","overlay-opacity":"","overlay-gradient":""},"tablet":{"background-color":"","background-image":"","background-repeat":"repeat","background-position":"center center","background-size":"auto","background-attachment":"scroll","background-type":"","background-media":"","overlay-type":"","overlay-color":"","overlay-opacity":"","overlay-gradient":""},"mobile":{"background-color":"","background-image":"","background-repeat":"repeat","background-position":"center center","background-size":"auto","background-attachment":"scroll","background-type":"","background-media":"","overlay-type":"","overlay-color":"","overlay-opacity":"","overlay-gradient":""}},"ast-content-background-meta":{"desktop":{"background-color":"var(--ast-global-color-5)","background-image":"","background-repeat":"repeat","background-position":"center center","background-size":"auto","background-attachment":"scroll","background-type":"","background-media":"","overlay-type":"","overlay-color":"","overlay-opacity":"","overlay-gradient":""},"tablet":{"background-color":"var(--ast-global-color-5)","background-image":"","background-repeat":"repeat","background-position":"center center","background-size":"auto","background-attachment":"scroll","background-type":"","background-media":"","overlay-type":"","overlay-color":"","overlay-opacity":"","overlay-gradient":""},"mobile":{"background-color":"var(--ast-global-color-5)","background-image":"","background-repeat":"repeat","background-position":"center center","background-size":"auto","background-attachment":"scroll","background-type":"","background-media":"","overlay-type":"","overlay-color":"","overlay-opacity":"","overlay-gradient":""}},"footnotes":""},"class_list":["post-789","page","type-page","status-publish","hentry"],"jetpack_sharing_enabled":true,"_links":{"self":[{"href":"https:\/\/pds.ffzg.unizg.hr\/eka\/wp-json\/wp\/v2\/pages\/789","targetHints":{"allow":["GET"]}}],"collection":[{"href":"https:\/\/pds.ffzg.unizg.hr\/eka\/wp-json\/wp\/v2\/pages"}],"about":[{"href":"https:\/\/pds.ffzg.unizg.hr\/eka\/wp-json\/wp\/v2\/types\/page"}],"author":[{"embeddable":true,"href":"https:\/\/pds.ffzg.unizg.hr\/eka\/wp-json\/wp\/v2\/users\/4"}],"replies":[{"embeddable":true,"href":"https:\/\/pds.ffzg.unizg.hr\/eka\/wp-json\/wp\/v2\/comments?post=789"}],"version-history":[{"count":25,"href":"https:\/\/pds.ffzg.unizg.hr\/eka\/wp-json\/wp\/v2\/pages\/789\/revisions"}],"predecessor-version":[{"id":2181,"href":"https:\/\/pds.ffzg.unizg.hr\/eka\/wp-json\/wp\/v2\/pages\/789\/revisions\/2181"}],"wp:attachment":[{"href":"https:\/\/pds.ffzg.unizg.hr\/eka\/wp-json\/wp\/v2\/media?parent=789"}],"curies":[{"name":"wp","href":"https:\/\/api.w.org\/{rel}","templated":true}]}}