{"id":790,"date":"2022-06-24T19:41:14","date_gmt":"2022-06-24T17:41:14","guid":{"rendered":"https:\/\/pds.ffzg.unizg.hr\/eka\/?page_id=790"},"modified":"2025-04-06T22:51:52","modified_gmt":"2025-04-06T20:51:52","slug":"upisi-2","status":"publish","type":"page","link":"https:\/\/pds.ffzg.unizg.hr\/eka\/upisi-2\/","title":{"rendered":"Upisi"},"content":{"rendered":"\t\t<div data-elementor-type=\"wp-page\" data-elementor-id=\"790\" class=\"elementor elementor-790\">\n\t\t\t\t\t\t<section class=\"elementor-section elementor-top-section elementor-element elementor-element-32e6d7e elementor-section-boxed elementor-section-height-default elementor-section-height-default\" data-id=\"32e6d7e\" data-element_type=\"section\">\n\t\t\t\t\t\t<div class=\"elementor-container elementor-column-gap-wider\">\n\t\t\t\t\t<div class=\"elementor-column elementor-col-100 elementor-top-column elementor-element elementor-element-db5e347\" data-id=\"db5e347\" data-element_type=\"column\">\n\t\t\t<div class=\"elementor-widget-wrap elementor-element-populated\">\n\t\t\t\t\t\t<div class=\"elementor-element elementor-element-11a5d03 elementor-widget__width-initial elementor-widget elementor-widget-heading\" data-id=\"11a5d03\" data-element_type=\"widget\" data-widget_type=\"heading.default\">\n\t\t\t\t<div class=\"elementor-widget-container\">\n\t\t\t\t\t<h3 class=\"elementor-heading-title elementor-size-default\">Upisi<\/h3>\t\t\t\t<\/div>\n\t\t\t\t<\/div>\n\t\t\t\t\t<\/div>\n\t\t<\/div>\n\t\t\t\t\t<\/div>\n\t\t<\/section>\n\t\t\t\t<section class=\"elementor-section elementor-top-section elementor-element elementor-element-2dfa07d elementor-section-boxed elementor-section-height-default elementor-section-height-default\" data-id=\"2dfa07d\" data-element_type=\"section\">\n\t\t\t\t\t\t<div class=\"elementor-container elementor-column-gap-default\">\n\t\t\t\t\t<div class=\"elementor-column elementor-col-100 elementor-top-column elementor-element elementor-element-e8c22da\" data-id=\"e8c22da\" data-element_type=\"column\">\n\t\t\t<div class=\"elementor-widget-wrap elementor-element-populated\">\n\t\t\t\t\t\t<div class=\"elementor-element elementor-element-14b38fd elementor-widget elementor-widget-text-editor\" data-id=\"14b38fd\" data-element_type=\"widget\" data-widget_type=\"text-editor.default\">\n\t\t\t\t<div class=\"elementor-widget-container\">\n\t\t\t\t\t\t\t\t\t<p><span style=\"font-size: 14pt\"><b>Uvjeti upisa<\/b><\/span><\/p><p><span style=\"font-weight: 400\">Pravo upisa na doktorski studij Etnologija i kulturna antropologija imaju osobe koje su zavr\u0161ile sveu\u010dili\u0161ni diplomski studij u polju etnologije i antropologije s najmanjom ocjenom 4.0. Osim toga potrebno je imati preporuke dvaju sveu\u010dili\u0161nih nastavnika, pismo prihva\u0107anja potencijalnog mentora, \u017eivotopis te prijedlog doktorskog istra\u017eivanja. Studij mogu upisati i osobe koje su zavr\u0161ile diplomski studij iz drugih znanstvenih podru\u010dja i polja u Republici Hrvatskoj ili inozemstvu. Toj se kategoriji pristupnika tijekom natje\u010dajnog postupka mogu odrediti razlikovni ispiti, kao i rok za njihovo polaganje.\u00a0<\/span><\/p><p><span style=\"font-weight: 400\">Mogu\u0107 je prijelaz na ovaj doktorski studij pristupnicima koji su prethodno polazili, ali nisu zavr\u0161ili neki drugi sveu\u010dili\u0161ni doktorski studij. Odluku o vrednovanju i priznavanju ECTS bodova ostvarenih na prethodnom studiju, kao i o upisu u odgovaraju\u0107i semestar redovitog doktorskog studija Etnologija i kulturna antropologija donosi Vije\u0107e doktorskog studija.<\/span><\/p><p><span style=\"font-weight: 400\">Strani dr\u017eavljani imaju pravo upisa na studij pod jednakim uvjetima kao i dr\u017eavljani Republike Hrvatske. <\/span><\/p>\t\t\t\t\t\t\t\t<\/div>\n\t\t\t\t<\/div>\n\t\t\t\t\t<\/div>\n\t\t<\/div>\n\t\t\t\t\t<\/div>\n\t\t<\/section>\n\t\t\t\t<section class=\"elementor-section elementor-top-section elementor-element elementor-element-0462339 elementor-section-boxed elementor-section-height-default elementor-section-height-default\" data-id=\"0462339\" data-element_type=\"section\">\n\t\t\t\t\t\t<div class=\"elementor-container elementor-column-gap-default\">\n\t\t\t\t\t<div class=\"elementor-column elementor-col-100 elementor-top-column elementor-element elementor-element-3903024\" data-id=\"3903024\" data-element_type=\"column\">\n\t\t\t<div class=\"elementor-widget-wrap elementor-element-populated\">\n\t\t\t\t\t\t<div class=\"elementor-element elementor-element-9a0c453 elementor-widget-divider--view-line elementor-widget elementor-widget-divider\" data-id=\"9a0c453\" data-element_type=\"widget\" data-widget_type=\"divider.default\">\n\t\t\t\t<div class=\"elementor-widget-container\">\n\t\t\t\t\t\t\t<div class=\"elementor-divider\">\n\t\t\t<span class=\"elementor-divider-separator\">\n\t\t\t\t\t\t<\/span>\n\t\t<\/div>\n\t\t\t\t\t\t<\/div>\n\t\t\t\t<\/div>\n\t\t\t\t\t<\/div>\n\t\t<\/div>\n\t\t\t\t\t<\/div>\n\t\t<\/section>\n\t\t\t\t<section class=\"elementor-section elementor-top-section elementor-element elementor-element-719051c elementor-section-boxed elementor-section-height-default elementor-section-height-default\" data-id=\"719051c\" data-element_type=\"section\">\n\t\t\t\t\t\t<div class=\"elementor-container elementor-column-gap-default\">\n\t\t\t\t\t<div class=\"elementor-column elementor-col-100 elementor-top-column elementor-element elementor-element-57ceb0f\" data-id=\"57ceb0f\" data-element_type=\"column\">\n\t\t\t<div class=\"elementor-widget-wrap elementor-element-populated\">\n\t\t\t\t\t\t<div class=\"elementor-element elementor-element-9328417 elementor-widget elementor-widget-progress\" data-id=\"9328417\" data-element_type=\"widget\" data-widget_type=\"progress.default\">\n\t\t\t\t<div class=\"elementor-widget-container\">\n\t\t\t\t\t\t\t\t<span class=\"elementor-title\" id=\"elementor-progress-bar-9328417\">\n\t\t\t\t1. korak\t\t\t<\/span>\n\t\t\n\t\t<div aria-labelledby=\"elementor-progress-bar-9328417\" class=\"elementor-progress-wrapper\" role=\"progressbar\" aria-valuemin=\"0\" aria-valuemax=\"100\" aria-valuenow=\"20\" aria-valuetext=\"20% (Informirajte se o studiju)\">\n\t\t\t<div class=\"elementor-progress-bar\" data-max=\"20\">\n\t\t\t\t<span class=\"elementor-progress-text\">Informirajte se o studiju<\/span>\n\t\t\t\t\t\t\t<\/div>\n\t\t<\/div>\n\t\t\t\t\t\t<\/div>\n\t\t\t\t<\/div>\n\t\t\t\t\t<\/div>\n\t\t<\/div>\n\t\t\t\t\t<\/div>\n\t\t<\/section>\n\t\t\t\t<section class=\"elementor-section elementor-top-section elementor-element elementor-element-4c85691 elementor-section-boxed elementor-section-height-default elementor-section-height-default\" data-id=\"4c85691\" data-element_type=\"section\">\n\t\t\t\t\t\t<div class=\"elementor-container elementor-column-gap-default\">\n\t\t\t\t\t<div class=\"elementor-column elementor-col-100 elementor-top-column elementor-element elementor-element-2a96ba6\" data-id=\"2a96ba6\" data-element_type=\"column\">\n\t\t\t<div class=\"elementor-widget-wrap elementor-element-populated\">\n\t\t\t\t\t\t<div class=\"elementor-element elementor-element-9851fff elementor-widget elementor-widget-progress\" data-id=\"9851fff\" data-element_type=\"widget\" data-widget_type=\"progress.default\">\n\t\t\t\t<div class=\"elementor-widget-container\">\n\t\t\t\t\t\t\t\t<span class=\"elementor-title\" id=\"elementor-progress-bar-9851fff\">\n\t\t\t\t2. korak\t\t\t<\/span>\n\t\t\n\t\t<div aria-labelledby=\"elementor-progress-bar-9851fff\" class=\"elementor-progress-wrapper\" role=\"progressbar\" aria-valuemin=\"0\" aria-valuemax=\"100\" aria-valuenow=\"40\" aria-valuetext=\"40% (Odaberite temu i mentora)\">\n\t\t\t<div class=\"elementor-progress-bar\" data-max=\"40\">\n\t\t\t\t<span class=\"elementor-progress-text\">Odaberite temu i mentora<\/span>\n\t\t\t\t\t\t\t<\/div>\n\t\t<\/div>\n\t\t\t\t\t\t<\/div>\n\t\t\t\t<\/div>\n\t\t\t\t\t<\/div>\n\t\t<\/div>\n\t\t\t\t\t<\/div>\n\t\t<\/section>\n\t\t\t\t<section class=\"elementor-section elementor-top-section elementor-element elementor-element-7033ea2 elementor-section-boxed elementor-section-height-default elementor-section-height-default\" data-id=\"7033ea2\" data-element_type=\"section\">\n\t\t\t\t\t\t<div class=\"elementor-container elementor-column-gap-default\">\n\t\t\t\t\t<div class=\"elementor-column elementor-col-100 elementor-top-column elementor-element elementor-element-085d3ce\" data-id=\"085d3ce\" data-element_type=\"column\">\n\t\t\t<div class=\"elementor-widget-wrap elementor-element-populated\">\n\t\t\t\t\t\t<div class=\"elementor-element elementor-element-e1c8c93 elementor-widget elementor-widget-progress\" data-id=\"e1c8c93\" data-element_type=\"widget\" data-widget_type=\"progress.default\">\n\t\t\t\t<div class=\"elementor-widget-container\">\n\t\t\t\t\t\t\t\t<span class=\"elementor-title\" id=\"elementor-progress-bar-e1c8c93\">\n\t\t\t\t3. korak\t\t\t<\/span>\n\t\t\n\t\t<div aria-labelledby=\"elementor-progress-bar-e1c8c93\" class=\"elementor-progress-wrapper\" role=\"progressbar\" aria-valuemin=\"0\" aria-valuemax=\"100\" aria-valuenow=\"60\" aria-valuetext=\"60% (Pripremite prijedlog istra\u017eivanja)\">\n\t\t\t<div class=\"elementor-progress-bar\" data-max=\"60\">\n\t\t\t\t<span class=\"elementor-progress-text\">Pripremite prijedlog istra\u017eivanja<\/span>\n\t\t\t\t\t\t\t<\/div>\n\t\t<\/div>\n\t\t\t\t\t\t<\/div>\n\t\t\t\t<\/div>\n\t\t\t\t\t<\/div>\n\t\t<\/div>\n\t\t\t\t\t<\/div>\n\t\t<\/section>\n\t\t\t\t<section class=\"elementor-section elementor-top-section elementor-element elementor-element-0369841 elementor-section-boxed elementor-section-height-default elementor-section-height-default\" data-id=\"0369841\" data-element_type=\"section\">\n\t\t\t\t\t\t<div class=\"elementor-container elementor-column-gap-default\">\n\t\t\t\t\t<div class=\"elementor-column elementor-col-100 elementor-top-column elementor-element elementor-element-6f2fb90\" data-id=\"6f2fb90\" data-element_type=\"column\">\n\t\t\t<div class=\"elementor-widget-wrap elementor-element-populated\">\n\t\t\t\t\t\t<div class=\"elementor-element elementor-element-6160341 elementor-widget elementor-widget-progress\" data-id=\"6160341\" data-element_type=\"widget\" data-widget_type=\"progress.default\">\n\t\t\t\t<div class=\"elementor-widget-container\">\n\t\t\t\t\t\t\t\t<span class=\"elementor-title\" id=\"elementor-progress-bar-6160341\">\n\t\t\t\t4. korak\t\t\t<\/span>\n\t\t\n\t\t<div aria-labelledby=\"elementor-progress-bar-6160341\" class=\"elementor-progress-wrapper\" role=\"progressbar\" aria-valuemin=\"0\" aria-valuemax=\"100\" aria-valuenow=\"80\" aria-valuetext=\"80% (Kontaktirajte mentora)\">\n\t\t\t<div class=\"elementor-progress-bar\" data-max=\"80\">\n\t\t\t\t<span class=\"elementor-progress-text\">Kontaktirajte mentora<\/span>\n\t\t\t\t\t\t\t<\/div>\n\t\t<\/div>\n\t\t\t\t\t\t<\/div>\n\t\t\t\t<\/div>\n\t\t\t\t\t<\/div>\n\t\t<\/div>\n\t\t\t\t\t<\/div>\n\t\t<\/section>\n\t\t\t\t<section class=\"elementor-section elementor-top-section elementor-element elementor-element-380cdac elementor-section-boxed elementor-section-height-default elementor-section-height-default\" data-id=\"380cdac\" data-element_type=\"section\">\n\t\t\t\t\t\t<div class=\"elementor-container elementor-column-gap-default\">\n\t\t\t\t\t<div class=\"elementor-column elementor-col-100 elementor-top-column elementor-element elementor-element-f96b33f\" data-id=\"f96b33f\" data-element_type=\"column\">\n\t\t\t<div class=\"elementor-widget-wrap elementor-element-populated\">\n\t\t\t\t\t\t<div class=\"elementor-element elementor-element-3ec92bf elementor-widget elementor-widget-progress\" data-id=\"3ec92bf\" data-element_type=\"widget\" data-widget_type=\"progress.default\">\n\t\t\t\t<div class=\"elementor-widget-container\">\n\t\t\t\t\t\t\t\t<span class=\"elementor-title\" id=\"elementor-progress-bar-3ec92bf\">\n\t\t\t\t5. korak\t\t\t<\/span>\n\t\t\n\t\t<div aria-labelledby=\"elementor-progress-bar-3ec92bf\" class=\"elementor-progress-wrapper\" role=\"progressbar\" aria-valuemin=\"0\" aria-valuemax=\"100\" aria-valuenow=\"100\" aria-valuetext=\"100% (Prijavite se na natje\u010daj)\">\n\t\t\t<div class=\"elementor-progress-bar\" data-max=\"100\">\n\t\t\t\t<span class=\"elementor-progress-text\">Prijavite se na natje\u010daj<\/span>\n\t\t\t\t\t\t\t<\/div>\n\t\t<\/div>\n\t\t\t\t\t\t<\/div>\n\t\t\t\t<\/div>\n\t\t\t\t\t<\/div>\n\t\t<\/div>\n\t\t\t\t\t<\/div>\n\t\t<\/section>\n\t\t\t\t<section class=\"elementor-section elementor-top-section elementor-element elementor-element-f4b5ac2 elementor-section-boxed elementor-section-height-default elementor-section-height-default\" data-id=\"f4b5ac2\" data-element_type=\"section\">\n\t\t\t\t\t\t<div class=\"elementor-container elementor-column-gap-default\">\n\t\t\t\t\t<div class=\"elementor-column elementor-col-100 elementor-top-column elementor-element elementor-element-eb1fea4\" data-id=\"eb1fea4\" data-element_type=\"column\">\n\t\t\t<div class=\"elementor-widget-wrap elementor-element-populated\">\n\t\t\t\t\t\t<div class=\"elementor-element elementor-element-c611a40 elementor-widget elementor-widget-text-editor\" data-id=\"c611a40\" data-element_type=\"widget\" data-widget_type=\"text-editor.default\">\n\t\t\t\t<div class=\"elementor-widget-container\">\n\t\t\t\t\t\t\t\t\t<p><span style=\"font-size: 14pt\"><strong>Detaljni postupak upisa<\/strong><\/span><\/p><p><span style=\"font-weight: 400\">Izbor pristupnika vr\u0161i se temeljem prijave na javni natje\u010daj za upis na doktorski studij koji raspisuje sastavnica. Upisni kriteriji obuhva\u0107aju: uspjeh na diplomskom sveu\u010dili\u0161nom studiju, pokazano zanimanje za znanstveno istra\u017eivanje (iskazano tijekom razgovora s pristupnicima koji je dio natje\u010dajnog postupka, kao i u \u017eivotopisu koji treba uklju\u010divati: popis sudjelovanja u istra\u017eiva\u010dkim projektima tijekom ili nakon diplomskog studija, radove objavljene u znanstvenim publikacijama, dodatna znanja, jezi\u010dne kompetencije i sl.), prijedlog doktorskog istra\u017eivanja, preporuke najmanje dvaju sveu\u010dili\u0161nih profesora, pismo prihva\u0107anja potencijalnog mentorstva od strane nastavnika navedenog na listi potencijalnih mentora doktorskog studija Etnologija i kulturna antropologija.\u00a0<\/span><\/p><p><span style=\"font-weight: 400\">Na internetskim stranicama doktorskog studija Etnologija i kulturna antropologija navode se potencijalni mentori i njihovi kontakti te podru\u010dja u kojima mogu mentorirati doktorande. Kandidat kao dio natje\u010dajne dokumentacije prila\u017ee mentorovu suglasnost za prihva\u0107anje mentoriranja. Dogovor s potencijalnim mentorom prije prijave na natje\u010daj za upis na studij stoga predstavlja uvjet uspje\u0161ne prijave. &#8220;Obrazac suglasnosti mogu\u0107eg mentora&#8221; obuhva\u0107a podatke o prijedlogu doktorskog istra\u017eivanja, osvrt na relevantnost predlo\u017eene teme i preporuku za kandidata.\u00a0<\/span><\/p><p><span style=\"font-weight: 400\">Prijedlog doktorskog istra\u017eivanja detaljan je opis istra\u017eivanja koje pristupnik \u017eeli provesti u okviru doktorskog studija. Prijedlog doktorskog istra\u017eivanja predaje se kao dio natje\u010dajne dokumentacije prilikom prijave na natje\u010daj za upis doktorskog studija. Prijedlog sadr\u017ei: sa\u017eetak teme istra\u017eivanja, cilj i svrhu doktorskog istra\u017eivanja, pregled istra\u017eenosti teme, teorijski okvir i metodolo\u0161ki pristup koji \u0107e se primjenjivati u doktorskom istra\u017eivanju, osobnu motivaciju i kvalifikacije za istra\u017eivanje, vremenik rada, eti\u010dka pitanja, okvirni tro\u0161kovnik, popis bibliografskih jedinica. Prijedlog obase\u017ee do 10 kartica teksta (18 000 znakova s proredom) i podnosi se na obrascu\u00a0 dostupnom na stranicama doktorskog studija (&#8220;Dokumenti&#8221;). Prijedlog doktorskog istra\u017eivanja kriterij je vrednovanja kojim pristupnik pokazuje upu\u0107enost u suvremene istra\u017eiva\u010dke pristupe i teorije te sposobnost da komunicira recentne znanstvene interese i prepoznaje relevantne dru\u0161tvene i kulturne teme iz polja etnologije i antropologije.\u00a0<\/span><\/p><p><span style=\"font-weight: 400\">Natje\u010dajno povjerenstvo ima zadatak vrednovati sve pristigle prijave i obaviti razgovor sa svim pristupnicima. Povjerenstvo predla\u017ee Vije\u0107u doktorskog studija pristupnike koji zadovoljavaju kriterije vrednovanja. U odabiru kandidata Povjerenstvo se vodi kriterijem izvrsnosti koji se odnosi na uspjeh u prethodnom studiju, interes za znanstveni rad te kvalitetu prijedloga istra\u017eivanja.<\/span><\/p><p><span style=\"font-weight: 400\">Popis studenata koji su stekli pravo upisa na studij ogla\u0161ava se javno na mre\u017enim stranicama Fakulteta u skladu s odredbama Op\u0107e uredbe o za\u0161titi osobnih podataka (GDPR).<\/span><\/p>\t\t\t\t\t\t\t\t<\/div>\n\t\t\t\t<\/div>\n\t\t\t\t\t<\/div>\n\t\t<\/div>\n\t\t\t\t\t<\/div>\n\t\t<\/section>\n\t\t\t\t<section class=\"elementor-section elementor-top-section elementor-element elementor-element-07b4abc elementor-section-boxed elementor-section-height-default elementor-section-height-default\" data-id=\"07b4abc\" data-element_type=\"section\">\n\t\t\t\t\t\t<div class=\"elementor-container elementor-column-gap-default\">\n\t\t\t\t\t<div class=\"elementor-column elementor-col-100 elementor-top-column elementor-element elementor-element-131735e\" data-id=\"131735e\" data-element_type=\"column\">\n\t\t\t<div class=\"elementor-widget-wrap elementor-element-populated\">\n\t\t\t\t\t\t<div class=\"elementor-element elementor-element-5d81f81 elementor-arrows-position-inside elementor-pagination-position-outside elementor-widget elementor-widget-image-carousel\" data-id=\"5d81f81\" data-element_type=\"widget\" data-settings=\"{&quot;slides_to_show&quot;:&quot;1&quot;,&quot;navigation&quot;:&quot;both&quot;,&quot;autoplay&quot;:&quot;yes&quot;,&quot;pause_on_hover&quot;:&quot;yes&quot;,&quot;pause_on_interaction&quot;:&quot;yes&quot;,&quot;autoplay_speed&quot;:5000,&quot;infinite&quot;:&quot;yes&quot;,&quot;effect&quot;:&quot;slide&quot;,&quot;speed&quot;:500}\" data-widget_type=\"image-carousel.default\">\n\t\t\t\t<div class=\"elementor-widget-container\">\n\t\t\t\t\t\t\t<div class=\"elementor-image-carousel-wrapper swiper\" role=\"region\" aria-roledescription=\"carousel\" aria-label=\"Vrtuljak slika\" dir=\"ltr\">\n\t\t\t<div class=\"elementor-image-carousel swiper-wrapper\" aria-live=\"off\">\n\t\t\t\t\t\t\t\t<div class=\"swiper-slide\" role=\"group\" aria-roledescription=\"slide\" aria-label=\"1 of 7\"><figure class=\"swiper-slide-inner\"><img decoding=\"async\" class=\"swiper-slide-image\" src=\"https:\/\/pds.ffzg.unizg.hr\/eka\/wp-content\/uploads\/sites\/6\/2022\/06\/culture-g7de7c4130_1920-3.jpg\" alt=\"culture-g7de7c4130_1920-3\" \/><\/figure><\/div><div class=\"swiper-slide\" role=\"group\" aria-roledescription=\"slide\" aria-label=\"2 of 7\"><figure class=\"swiper-slide-inner\"><img decoding=\"async\" class=\"swiper-slide-image\" src=\"https:\/\/pds.ffzg.unizg.hr\/eka\/wp-content\/uploads\/sites\/6\/2022\/06\/ukraine-g17ca13fb7_1920-2.jpg\" alt=\"ukraine-g17ca13fb7_1920-2\" \/><\/figure><\/div><div class=\"swiper-slide\" role=\"group\" aria-roledescription=\"slide\" aria-label=\"3 of 7\"><figure class=\"swiper-slide-inner\"><img decoding=\"async\" class=\"swiper-slide-image\" src=\"https:\/\/pds.ffzg.unizg.hr\/eka\/wp-content\/uploads\/sites\/6\/2022\/06\/mountain-gd77eca7b7_1920-1.jpg\" alt=\"mountain-gd77eca7b7_1920-1\" \/><\/figure><\/div><div class=\"swiper-slide\" role=\"group\" aria-roledescription=\"slide\" aria-label=\"4 of 7\"><figure class=\"swiper-slide-inner\"><img decoding=\"async\" class=\"swiper-slide-image\" src=\"https:\/\/pds.ffzg.unizg.hr\/eka\/wp-content\/uploads\/sites\/6\/2022\/06\/sea-gbc7d8cd66_1920-2.jpg\" alt=\"sea-gbc7d8cd66_1920-2\" \/><\/figure><\/div><div class=\"swiper-slide\" role=\"group\" aria-roledescription=\"slide\" aria-label=\"5 of 7\"><figure class=\"swiper-slide-inner\"><img decoding=\"async\" class=\"swiper-slide-image\" src=\"https:\/\/pds.ffzg.unizg.hr\/eka\/wp-content\/uploads\/sites\/6\/2022\/06\/wall-g23275285d_1920-2.jpg\" alt=\"wall-g23275285d_1920-2\" \/><\/figure><\/div><div class=\"swiper-slide\" role=\"group\" aria-roledescription=\"slide\" aria-label=\"6 of 7\"><figure class=\"swiper-slide-inner\"><img decoding=\"async\" class=\"swiper-slide-image\" src=\"https:\/\/pds.ffzg.unizg.hr\/eka\/wp-content\/uploads\/sites\/6\/2022\/06\/iceland-g7aa6e2e9d_1920-1.jpg\" alt=\"iceland-g7aa6e2e9d_1920-1\" \/><\/figure><\/div><div class=\"swiper-slide\" role=\"group\" aria-roledescription=\"slide\" aria-label=\"7 of 7\"><figure class=\"swiper-slide-inner\"><img decoding=\"async\" class=\"swiper-slide-image\" src=\"https:\/\/pds.ffzg.unizg.hr\/eka\/wp-content\/uploads\/sites\/6\/2022\/06\/indian-gb2f96309a_1920-1.jpg\" alt=\"indian-gb2f96309a_1920-1\" \/><\/figure><\/div>\t\t\t<\/div>\n\t\t\t\t\t\t\t\t\t\t\t\t<div class=\"elementor-swiper-button elementor-swiper-button-prev\" role=\"button\" tabindex=\"0\">\n\t\t\t\t\t\t<i aria-hidden=\"true\" class=\"eicon-chevron-left\"><\/i>\t\t\t\t\t<\/div>\n\t\t\t\t\t<div class=\"elementor-swiper-button elementor-swiper-button-next\" role=\"button\" tabindex=\"0\">\n\t\t\t\t\t\t<i aria-hidden=\"true\" class=\"eicon-chevron-right\"><\/i>\t\t\t\t\t<\/div>\n\t\t\t\t\n\t\t\t\t\t\t\t\t\t<div class=\"swiper-pagination\"><\/div>\n\t\t\t\t\t\t\t\t\t<\/div>\n\t\t\t\t\t\t<\/div>\n\t\t\t\t<\/div>\n\t\t\t\t\t<\/div>\n\t\t<\/div>\n\t\t\t\t\t<\/div>\n\t\t<\/section>\n\t\t\t\t<\/div>\n\t\t","protected":false},"excerpt":{"rendered":"<p>Upisi Uvjeti upisa Pravo upisa na doktorski studij Etnologija i kulturna antropologija imaju osobe koje su zavr\u0161ile sveu\u010dili\u0161ni diplomski studij u polju etnologije i antropologije s najmanjom ocjenom 4.0. Osim toga potrebno je imati preporuke dvaju sveu\u010dili\u0161nih nastavnika, pismo prihva\u0107anja potencijalnog mentora, \u017eivotopis te prijedlog doktorskog istra\u017eivanja. Studij mogu upisati i osobe koje su zavr\u0161ile [&hellip;]<\/p>\n","protected":false},"author":4,"featured_media":0,"parent":0,"menu_order":0,"comment_status":"closed","ping_status":"closed","template":"","meta":{"site-sidebar-layout":"no-sidebar","site-content-layout":"page-builder","ast-site-content-layout":"default","site-content-style":"default","site-sidebar-style":"default","ast-global-header-display":"","ast-banner-title-visibility":"","ast-main-header-display":"","ast-hfb-above-header-display":"","ast-hfb-below-header-display":"","ast-hfb-mobile-header-display":"","site-post-title":"disabled","ast-breadcrumbs-content":"","ast-featured-img":"disabled","footer-sml-layout":"","theme-transparent-header-meta":"","adv-header-id-meta":"","stick-header-meta":"","header-above-stick-meta":"","header-main-stick-meta":"","header-below-stick-meta":"","astra-migrate-meta-layouts":"default","ast-page-background-enabled":"default","ast-page-background-meta":{"desktop":{"background-color":"var(--ast-global-color-4)","background-image":"","background-repeat":"repeat","background-position":"center center","background-size":"auto","background-attachment":"scroll","background-type":"","background-media":"","overlay-type":"","overlay-color":"","overlay-opacity":"","overlay-gradient":""},"tablet":{"background-color":"","background-image":"","background-repeat":"repeat","background-position":"center center","background-size":"auto","background-attachment":"scroll","background-type":"","background-media":"","overlay-type":"","overlay-color":"","overlay-opacity":"","overlay-gradient":""},"mobile":{"background-color":"","background-image":"","background-repeat":"repeat","background-position":"center center","background-size":"auto","background-attachment":"scroll","background-type":"","background-media":"","overlay-type":"","overlay-color":"","overlay-opacity":"","overlay-gradient":""}},"ast-content-background-meta":{"desktop":{"background-color":"var(--ast-global-color-5)","background-image":"","background-repeat":"repeat","background-position":"center center","background-size":"auto","background-attachment":"scroll","background-type":"","background-media":"","overlay-type":"","overlay-color":"","overlay-opacity":"","overlay-gradient":""},"tablet":{"background-color":"var(--ast-global-color-5)","background-image":"","background-repeat":"repeat","background-position":"center center","background-size":"auto","background-attachment":"scroll","background-type":"","background-media":"","overlay-type":"","overlay-color":"","overlay-opacity":"","overlay-gradient":""},"mobile":{"background-color":"var(--ast-global-color-5)","background-image":"","background-repeat":"repeat","background-position":"center center","background-size":"auto","background-attachment":"scroll","background-type":"","background-media":"","overlay-type":"","overlay-color":"","overlay-opacity":"","overlay-gradient":""}},"footnotes":""},"class_list":["post-790","page","type-page","status-publish","hentry"],"jetpack_sharing_enabled":true,"_links":{"self":[{"href":"https:\/\/pds.ffzg.unizg.hr\/eka\/wp-json\/wp\/v2\/pages\/790","targetHints":{"allow":["GET"]}}],"collection":[{"href":"https:\/\/pds.ffzg.unizg.hr\/eka\/wp-json\/wp\/v2\/pages"}],"about":[{"href":"https:\/\/pds.ffzg.unizg.hr\/eka\/wp-json\/wp\/v2\/types\/page"}],"author":[{"embeddable":true,"href":"https:\/\/pds.ffzg.unizg.hr\/eka\/wp-json\/wp\/v2\/users\/4"}],"replies":[{"embeddable":true,"href":"https:\/\/pds.ffzg.unizg.hr\/eka\/wp-json\/wp\/v2\/comments?post=790"}],"version-history":[{"count":19,"href":"https:\/\/pds.ffzg.unizg.hr\/eka\/wp-json\/wp\/v2\/pages\/790\/revisions"}],"predecessor-version":[{"id":2187,"href":"https:\/\/pds.ffzg.unizg.hr\/eka\/wp-json\/wp\/v2\/pages\/790\/revisions\/2187"}],"wp:attachment":[{"href":"https:\/\/pds.ffzg.unizg.hr\/eka\/wp-json\/wp\/v2\/media?parent=790"}],"curies":[{"name":"wp","href":"https:\/\/api.w.org\/{rel}","templated":true}]}}