{"id":94,"date":"2017-10-23T10:10:30","date_gmt":"2017-10-23T08:10:30","guid":{"rendered":"http:\/\/pds.ffzg.unizg.hr\/eka\/?page_id=94"},"modified":"2017-10-23T14:08:38","modified_gmt":"2017-10-23T12:08:38","slug":"doktorandi-2014","status":"publish","type":"page","link":"https:\/\/pds.ffzg.unizg.hr\/eka\/doktorandi-2014\/","title":{"rendered":"Generacija 2014."},"content":{"rendered":"\n<table id=\"tablepress-1\" class=\"tablepress tablepress-id-1\">\n<tbody class=\"row-striping row-hover\">\n<tr class=\"row-1\">\n\t<td class=\"column-1\"><img decoding=\"async\" src=\"http:\/\/pds.ffzg.unizg.hr\/eka\/wp-content\/uploads\/sites\/6\/2017\/10\/Marija-Ga\u010di\u0107-2014.-150x150.jpg\" alt=\"\" width=\"150\" height=\"150\" class=\"aligncenter size-thumbnail wp-image-128\" \/><br \/>\nmarija.black(at)gmail.com<\/td><td class=\"column-2\"><strong>Marija Ga\u010di\u0107<\/strong> (1986.)<br \/>\n<br \/>\n<em>Naziv zavr\u0161enog studija, godina dovr\u0161etka studija: <\/em><br \/>\nStudij etnologije i kulturne antropologije te kroatistike (2010.)<\/td><td class=\"column-3\"><em>Godina upisa doktorskog studija:<\/em> 2014.<br \/>\n<br \/>\n<em>Istra\u017eiva\u010dki interesi:<\/em><br \/>\nFenomenologija i teorija afekta na primjeru upotreba narodnih no\u0161nji<\/td>\n<\/tr>\n<tr class=\"row-2\">\n\t<td class=\"column-1\"><img decoding=\"async\" src=\"http:\/\/pds.ffzg.unizg.hr\/eka\/wp-content\/uploads\/sites\/6\/2017\/10\/MJAREC-slika-DOKTORANDI-150x150.png\" alt=\"\" width=\"150\" height=\"150\" class=\"aligncenter size-thumbnail wp-image-133\" \/><br \/>\nmorana.jarec(at)yahoo.com<\/td><td class=\"column-2\"><strong>Morana Jarec<\/strong> (1986.)<br \/>\n<br \/>\n<em>Naziv zavr\u0161enog studija, godina dovr\u0161etka studija: <\/em><br \/>\nDiplomski studij etnologije i kulturne antropologije, Filozofski fakultet Sveu\u010dili\u0161ta u Zagrebu (2010.)<\/td><td class=\"column-3\"><em>Godina upisa doktorskog studija:<\/em> 2014.<br \/>\n<br \/>\n<em>Istra\u017eiva\u010dki interesi:<\/em><br \/>\nAntropologija mjesta i prostora (utjecaj velikih infrastrukturnih projekata na populaciju, prostor, krajolik i njihova interakcija)<\/td>\n<\/tr>\n<tr class=\"row-3\">\n\t<td class=\"column-1\"><img decoding=\"async\" src=\"http:\/\/pds.ffzg.unizg.hr\/eka\/wp-content\/uploads\/sites\/6\/2017\/10\/Foto-Rahela-Jurkovic2-150x150.jpg\" alt=\"\" width=\"150\" height=\"150\" class=\"aligncenter size-thumbnail wp-image-139\" \/><br \/>\nrahela_jurkovic(at)yahoo.com<\/td><td class=\"column-2\"><strong>Rahela Jurkovi\u0107<\/strong><br \/>\n<br \/>\n<em>Naziv zavr\u0161enog studija, godina dovr\u0161etka studija: <\/em><br \/>\nPovijest umjetnosti &amp; francuski jezik i knji\u017eevnost, Filozofski fakultet Zagreb (1996.)<br \/>\nPoslijediplomsko obrazovanje \u201eUpravljanje industrijskim marketingom\u201c, Ekonomski fakultet Zagreb (1999.)<br \/>\nPoslijediplomski studij iz Europskih studija, Sveu\u010dili\u0161te u Zagrebu i Universit\u00e9 Panth\u00e9on-Assas Paris II (2001.)<br \/>\nCollege of Europe, Institute of Postgraduate European Studies, Brugge - Natolin (2002.)<\/td><td class=\"column-3\"><em>Godina upisa doktorskog studija:<\/em> 2014.<br \/>\n<br \/>\n<em>Istra\u017eiva\u010dki interesi:<\/em><br \/>\nIntegracija izbjeglica; migracije; popularna kultura<\/td>\n<\/tr>\n<tr class=\"row-4\">\n\t<td class=\"column-1\"><img loading=\"lazy\" decoding=\"async\" src=\"http:\/\/pds.ffzg.unizg.hr\/eka\/wp-content\/uploads\/sites\/6\/2017\/10\/Fotka3-150x150.jpg\" alt=\"\" width=\"150\" height=\"150\" class=\"aligncenter size-thumbnail wp-image-110\" \/><br \/>\nivica.kipre(at)yahoo.com<\/td><td class=\"column-2\"><strong>Ivica Kipre<\/strong> (1984.)<br \/>\n<br \/>\n<em>Naziv zavr\u0161enog studija, godina dovr\u0161etka studija: <\/em><br \/>\nPovijesti umjetnosti \/ Etnologija i kulturna antropologija (2011.)<\/td><td class=\"column-3\"><em>Godina upisa doktorskog studija:<\/em> 2014.<br \/>\n<br \/>\n<em>Istra\u017eiva\u010dki interesi:<\/em><br \/>\nTradicijsko vjerovanje i svjetonazor (praslavenska mitologija) <br \/>\nNematerijalna kulturna ba\u0161tina<br \/>\nAntropologija turizma<\/td>\n<\/tr>\n<tr class=\"row-5\">\n\t<td class=\"column-1\"><img loading=\"lazy\" decoding=\"async\" src=\"http:\/\/pds.ffzg.unizg.hr\/eka\/wp-content\/uploads\/sites\/6\/2017\/10\/Tatjana-Lacko-PDS-EKA-2014-2-150x150.jpg\" alt=\"\" width=\"150\" height=\"150\" class=\"aligncenter size-thumbnail wp-image-142\" \/><br \/>\ntanja.radionica(at)gmail.com<\/td><td class=\"column-2\"><strong>Tatjana Lacko<\/strong>(1966.)<br \/>\n<br \/>\n<em>Naziv zavr\u0161enog studija, godina dovr\u0161etka studija: <\/em><br \/>\nDiplomirala arhitekturu na Arhitektonskom fakultetu Sveu\u010dili\u0161ta u Zagrebu (1991.)<\/td><td class=\"column-3\"><em>Godina upisa doktorskog studija:<\/em> 2014.<br \/>\n<br \/>\n<em>Istra\u017eiva\u010dki interesi:<\/em><br \/>\nDru\u0161tvena proizvodnja i dru\u0161tvena konstrukcija imaginarnih  prostora i mjesta u filmskim i izvedbenim umjetnostima.<\/td>\n<\/tr>\n<tr class=\"row-6\">\n\t<td class=\"column-1\"><img loading=\"lazy\" decoding=\"async\" src=\"http:\/\/pds.ffzg.unizg.hr\/eka\/wp-content\/uploads\/sites\/6\/2017\/10\/fotka-150x150.jpg\" alt=\"\" width=\"150\" height=\"150\" class=\"aligncenter size-thumbnail wp-image-97\" srcset=\"https:\/\/pds.ffzg.unizg.hr\/eka\/wp-content\/uploads\/sites\/6\/2017\/10\/fotka-150x150.jpg 150w, https:\/\/pds.ffzg.unizg.hr\/eka\/wp-content\/uploads\/sites\/6\/2017\/10\/fotka.jpg 200w\" sizes=\"(max-width: 150px) 100vw, 150px\" \/><br \/>\ndugamav(at)yahoo.it<\/td><td class=\"column-2\"><strong>Duga Mavrinac<\/strong> (1979.)<br \/>\n<br \/>\n<em>Naziv zavr\u0161enog studija, godina dovr\u0161etka studija:  <\/em><br \/>\nLaurea Specialistica in Antropologia culturale ed Etnologia, Facolt\u00e0 di Lettere e Filosofia, Universit\u00e0 degli studi di Siena \u2013 Italija (2010.)<\/td><td class=\"column-3\"><em>Godina upisa doktorskog studija:<\/em>  2014.<br \/>\n<br \/>\n<em>Istra\u017eiva\u010dki interesi:<\/em> <br \/>\nAtropologija starenja i njege, rad u ku\u0107anstvu i \u017eenske radne migracije, identitet i identifikacijski proces<\/td>\n<\/tr>\n<tr class=\"row-7\">\n\t<td class=\"column-1\"><img loading=\"lazy\" decoding=\"async\" src=\"http:\/\/pds.ffzg.unizg.hr\/eka\/wp-content\/uploads\/sites\/6\/2017\/10\/02-150x150.jpg\" alt=\"\" width=\"150\" height=\"150\" class=\"aligncenter size-thumbnail wp-image-111\" \/><br \/>\n itatarcevska(at)gmail.com<\/td><td class=\"column-2\"><strong> Ivona Opet\u010deska Tatar\u010devska<\/strong>  (1973.)<br \/>\n<br \/>\n<em>Naziv zavr\u0161enog studija, godina dovr\u0161etka studija: <\/em><br \/>\n1. Dodiplomski studij Etnomuzikologije, Fakultet Muzi\u010dke Umetnosti u Skopju, Republika Makedonija (1998.)<br \/>\n2. Master studij Etnologija i antropologija na Institut za etnologiju I antropologiju Univerzitet \u201cSv. Kiril i Metodij\u201d - Skopje, Republika Makedonija (2012.)<br \/>\n<br \/>\n<\/td><td class=\"column-3\"><em>Godina upisa doktorskog studija:<\/em> 2014.<br \/>\n<br \/>\n<em>Istra\u017eiva\u010dki interesi:<\/em><br \/>\nEtnokoreologija<br \/>\nEtnomuzikologija<br \/>\nAntropologija kulturne ba\u0161tine<\/td>\n<\/tr>\n<tr class=\"row-8\">\n\t<td class=\"column-1\"><img loading=\"lazy\" decoding=\"async\" src=\"http:\/\/pds.ffzg.unizg.hr\/eka\/wp-content\/uploads\/sites\/6\/2017\/10\/Olgica-Vla\u0161i\u01072-150x150.jpg\" alt=\"\" width=\"150\" height=\"150\" class=\"aligncenter size-thumbnail wp-image-136\" \/><br \/>\nseka1967(at)gmail.com<\/td><td class=\"column-2\"><strong>Olgica Vla\u0161i\u0107<\/strong> (1967.)<br \/>\n<br \/>\n<em>Naziv zavr\u0161enog studija, godina dovr\u0161etka studija: <\/em><br \/>\nEtnologija\/Polonistika na Filozofskom fakultetu Sveu\u010dili\u0161ta u Zagrebu (1991.)<br \/>\nPoslijediplomski studij: Upravljanje marketin\u0161kom komunikacijom na Ekonomskom fakultetu Sveu\u010dili\u0161ta u Zagrebu (2005.)<\/td><td class=\"column-3\"><em>Godina upisa doktorskog studija:<\/em> 2014.<br \/>\n<br \/>\n<em>Istra\u017eiva\u010dki interesi:<\/em><br \/>\nPrezentacija kulturnog naslje\u0111a i identiteta<\/td>\n<\/tr>\n<tr class=\"row-9\">\n\t<td class=\"column-1\"><img loading=\"lazy\" decoding=\"async\" src=\"http:\/\/pds.ffzg.unizg.hr\/eka\/wp-content\/uploads\/sites\/6\/2017\/10\/02-1-150x150.jpg\" alt=\"\" width=\"150\" height=\"150\" class=\"aligncenter size-thumbnail wp-image-117\" \/><br \/>\nkvugdeli(at)gmail.com<\/td><td class=\"column-2\"><strong>Kristina Vugdelija<\/strong> (1988.)<br \/>\n<br \/>\n<em>Naziv zavr\u0161enog studija, godina dovr\u0161etka studija: <\/em><br \/>\nDiplomski studij etnologije i kulturne antropologije i diplomski studij kroatistike (knji\u017eevni smjer), Filozofski fakultet Sveu\u010dili\u0161ta u Zagrebu (2013.) <\/td><td class=\"column-3\"><em>Godina upisa doktorskog studija:<\/em> 2014.<br \/>\n<br \/>\n<em>Istra\u017eiva\u010dki interesi:<\/em><br \/>\nPoliti\u010dka antropologija<br \/>\nAntropologija dru\u0161tvenog sje\u0107anja<\/td>\n<\/tr>\n<\/tbody>\n<\/table>\n<!-- #tablepress-1 from cache -->\n","protected":false},"excerpt":{"rendered":"","protected":false},"author":4,"featured_media":0,"parent":0,"menu_order":0,"comment_status":"closed","ping_status":"closed","template":"","meta":{"site-sidebar-layout":"default","site-content-layout":"","ast-site-content-layout":"default","site-content-style":"default","site-sidebar-style":"default","ast-global-header-display":"","ast-banner-title-visibility":"","ast-main-header-display":"","ast-hfb-above-header-display":"","ast-hfb-below-header-display":"","ast-hfb-mobile-header-display":"","site-post-title":"","ast-breadcrumbs-content":"","ast-featured-img":"","footer-sml-layout":"","theme-transparent-header-meta":"","adv-header-id-meta":"","stick-header-meta":"","header-above-stick-meta":"","header-main-stick-meta":"","header-below-stick-meta":"","astra-migrate-meta-layouts":"default","ast-page-background-enabled":"default","ast-page-background-meta":{"desktop":{"background-color":"var(--ast-global-color-4)","background-image":"","background-repeat":"repeat","background-position":"center center","background-size":"auto","background-attachment":"scroll","background-type":"","background-media":"","overlay-type":"","overlay-color":"","overlay-opacity":"","overlay-gradient":""},"tablet":{"background-color":"","background-image":"","background-repeat":"repeat","background-position":"center center","background-size":"auto","background-attachment":"scroll","background-type":"","background-media":"","overlay-type":"","overlay-color":"","overlay-opacity":"","overlay-gradient":""},"mobile":{"background-color":"","background-image":"","background-repeat":"repeat","background-position":"center center","background-size":"auto","background-attachment":"scroll","background-type":"","background-media":"","overlay-type":"","overlay-color":"","overlay-opacity":"","overlay-gradient":""}},"ast-content-background-meta":{"desktop":{"background-color":"var(--ast-global-color-5)","background-image":"","background-repeat":"repeat","background-position":"center center","background-size":"auto","background-attachment":"scroll","background-type":"","background-media":"","overlay-type":"","overlay-color":"","overlay-opacity":"","overlay-gradient":""},"tablet":{"background-color":"var(--ast-global-color-5)","background-image":"","background-repeat":"repeat","background-position":"center center","background-size":"auto","background-attachment":"scroll","background-type":"","background-media":"","overlay-type":"","overlay-color":"","overlay-opacity":"","overlay-gradient":""},"mobile":{"background-color":"var(--ast-global-color-5)","background-image":"","background-repeat":"repeat","background-position":"center center","background-size":"auto","background-attachment":"scroll","background-type":"","background-media":"","overlay-type":"","overlay-color":"","overlay-opacity":"","overlay-gradient":""}},"footnotes":""},"class_list":["post-94","page","type-page","status-publish","hentry"],"jetpack_sharing_enabled":true,"_links":{"self":[{"href":"https:\/\/pds.ffzg.unizg.hr\/eka\/wp-json\/wp\/v2\/pages\/94","targetHints":{"allow":["GET"]}}],"collection":[{"href":"https:\/\/pds.ffzg.unizg.hr\/eka\/wp-json\/wp\/v2\/pages"}],"about":[{"href":"https:\/\/pds.ffzg.unizg.hr\/eka\/wp-json\/wp\/v2\/types\/page"}],"author":[{"embeddable":true,"href":"https:\/\/pds.ffzg.unizg.hr\/eka\/wp-json\/wp\/v2\/users\/4"}],"replies":[{"embeddable":true,"href":"https:\/\/pds.ffzg.unizg.hr\/eka\/wp-json\/wp\/v2\/comments?post=94"}],"version-history":[{"count":4,"href":"https:\/\/pds.ffzg.unizg.hr\/eka\/wp-json\/wp\/v2\/pages\/94\/revisions"}],"predecessor-version":[{"id":146,"href":"https:\/\/pds.ffzg.unizg.hr\/eka\/wp-json\/wp\/v2\/pages\/94\/revisions\/146"}],"wp:attachment":[{"href":"https:\/\/pds.ffzg.unizg.hr\/eka\/wp-json\/wp\/v2\/media?parent=94"}],"curies":[{"name":"wp","href":"https:\/\/api.w.org\/{rel}","templated":true}]}}