{"id":1007,"date":"2024-12-17T18:13:30","date_gmt":"2024-12-17T18:13:30","guid":{"rendered":"https:\/\/pds.ffzg.unizg.hr\/glotodidaktika\/?page_id=1007"},"modified":"2025-10-01T11:07:22","modified_gmt":"2025-10-01T11:07:22","slug":"aktivnosti","status":"publish","type":"page","link":"https:\/\/pds.ffzg.unizg.hr\/glotodidaktika\/aktivnosti\/","title":{"rendered":"Aktivnosti"},"content":{"rendered":"\n<hr class=\"wp-block-separator has-text-color has-alpha-channel-opacity has-background is-style-wide\" style=\"background-color:#ffb200;color:#ffb200\" \/>\n\n\n\n<p class=\"has-medium-font-size\"><strong>Korisni \u010dasopisi za pretragu i objavljivanje radova<\/strong><\/p>\n\n\n\n<p class=\"has-text-color has-link-color wp-elements-7bc70d7aaf757f7f37a201467b96ea94\" style=\"color:#00a5b7\"><a href=\"https:\/\/academic.oup.com\/applij\" data-type=\"link\" data-id=\"https:\/\/academic.oup.com\/applij\">Applied Linguistics<\/a><br><a style=\"color: #00a5b7\" href=\"https:\/\/journals.uni-lj.si\/elope\">ELOPE<\/a><br><a style=\"color: #00a5b7\" href=\"https:\/\/stranijezici.ffzg.unizg.hr\/\">Strani jezici<\/a><br><a href=\"https:\/\/onlinelibrary.wiley.com\/journal\/15457249\" data-type=\"link\" data-id=\"https:\/\/onlinelibrary.wiley.com\/journal\/15457249\">TESOL Quarterly<\/a><\/p>\n\n\n\n<hr class=\"wp-block-separator has-text-color has-alpha-channel-opacity has-background is-style-wide\" style=\"background-color:#ffb200;color:#ffb200\" \/>\n\n\n\n<figure class=\"wp-block-image size-large is-resized wp-duotone-rgb0165183-rgb0165183-1\"><img fetchpriority=\"high\" decoding=\"async\" width=\"1024\" height=\"608\" src=\"http:\/\/pds.ffzg.unizg.hr\/glotodidaktika\/wp-content\/uploads\/sites\/12\/2025\/03\/logotip-plavi-\u2013-kopija-1024x608.png\" alt=\"\" class=\"wp-image-1237\" style=\"width:153px;height:auto\" srcset=\"https:\/\/pds.ffzg.unizg.hr\/glotodidaktika\/wp-content\/uploads\/sites\/12\/2025\/03\/logotip-plavi-\u2013-kopija-1024x608.png 1024w, https:\/\/pds.ffzg.unizg.hr\/glotodidaktika\/wp-content\/uploads\/sites\/12\/2025\/03\/logotip-plavi-\u2013-kopija-300x178.png 300w, https:\/\/pds.ffzg.unizg.hr\/glotodidaktika\/wp-content\/uploads\/sites\/12\/2025\/03\/logotip-plavi-\u2013-kopija-768x456.png 768w, https:\/\/pds.ffzg.unizg.hr\/glotodidaktika\/wp-content\/uploads\/sites\/12\/2025\/03\/logotip-plavi-\u2013-kopija-1536x913.png 1536w, https:\/\/pds.ffzg.unizg.hr\/glotodidaktika\/wp-content\/uploads\/sites\/12\/2025\/03\/logotip-plavi-\u2013-kopija-2048x1217.png 2048w, https:\/\/pds.ffzg.unizg.hr\/glotodidaktika\/wp-content\/uploads\/sites\/12\/2025\/03\/logotip-plavi-\u2013-kopija-18x12.png 18w, https:\/\/pds.ffzg.unizg.hr\/glotodidaktika\/wp-content\/uploads\/sites\/12\/2025\/03\/logotip-plavi-\u2013-kopija-1200x713.png 1200w\" sizes=\"(max-width: 709px) 85vw, (max-width: 909px) 67vw, (max-width: 1362px) 62vw, 840px\" \/><\/figure>\n\n\n\n<hr class=\"wp-block-separator has-text-color has-alpha-channel-opacity has-background is-style-wide\" style=\"background-color:#ffb200;color:#ffb200\" \/>\n\n\n\n<p class=\"has-medium-font-size\"><strong><strong>Publikacije na\u0161ih doktoranada i alumna u \u010dasopisima<\/strong><\/strong><\/p>\n\n\n\n<p>Letica Krevelj, S. i Kova\u010di\u0107, N. (2024). <a href=\"https:\/\/doi.org\/10.1007\/978-3-031-52371-7_11\" data-type=\"link\" data-id=\"https:\/\/doi.org\/10.1007\/978-3-031-52371-7_11\">Inventory of Language Learning Affordances in Croatian Socio-Educational Context<\/a>. U D. Gabry\u015b-Barker i E. Vetter (ur.), <em>Modern Approaches to Researching Multilingualism. Second Language Learning and Teaching<\/em>. Springer.<\/p>\n\n\n\n<p>Letica Krevelj, S. i Kova\u010di\u0107, N. (2023). <a href=\"https:\/\/doi.org\/10.1007\/978-3-031-37027-4_9\" data-type=\"link\" data-id=\"https:\/\/doi.org\/10.1007\/978-3-031-37027-4_9\">DLC of Consecutive Multilinguals Studying Languages in an Officially Monolingual Environment<\/a>. U L. Aronin i S. Melo-Pfeifer (ur.), <em>Language Awareness and Identity. Multilingual Education<\/em>. Springer.<\/p>\n\n\n\n<p>Prosenjak, B., i Jakup\u010devi\u0107, E. (2025). <a href=\"https:\/\/journals.uni-lj.si\/elope\/article\/view\/21671\" data-type=\"link\" data-id=\"https:\/\/journals.uni-lj.si\/elope\/article\/view\/21671\">Attitudes of Primary and Secondary EFL Teachers in Croatia Towards the Use of AI in Classroom Settings<\/a>.\u00a0<em>ELOPE: English Language Overseas Perspectives and Enquiries<\/em>,\u00a0<em>22<\/em>(1), 133-150.<\/p>\n\n\n\n<p>Prosenjak, B. i Lu\u010dev, I. (2020). <a href=\"https:\/\/www.e-revistes.uji.es\/index.php\/languagevalue\/issue\/view\/297\" data-type=\"link\" data-id=\"https:\/\/www.e-revistes.uji.es\/index.php\/languagevalue\/issue\/view\/297\">The impact of peer assessment on the attainment level of oral presentations skills<\/a>. <em>Language Value<\/em>, <em>12<\/em>(1):30-55. DOI: 10.6035\/LanguageV.2020.12.3<\/p>\n\n\n\n<hr class=\"wp-block-separator has-text-color has-alpha-channel-opacity has-background is-style-wide\" style=\"background-color:#ffb200;color:#ffb200\" \/>\n\n\n\n<figure class=\"wp-block-image size-large is-resized wp-duotone-rgb0165183-rgb0165183-2\"><img fetchpriority=\"high\" decoding=\"async\" width=\"1024\" height=\"608\" src=\"http:\/\/pds.ffzg.unizg.hr\/glotodidaktika\/wp-content\/uploads\/sites\/12\/2025\/03\/logotip-plavi-\u2013-kopija-1024x608.png\" alt=\"\" class=\"wp-image-1237\" style=\"width:153px;height:auto\" srcset=\"https:\/\/pds.ffzg.unizg.hr\/glotodidaktika\/wp-content\/uploads\/sites\/12\/2025\/03\/logotip-plavi-\u2013-kopija-1024x608.png 1024w, https:\/\/pds.ffzg.unizg.hr\/glotodidaktika\/wp-content\/uploads\/sites\/12\/2025\/03\/logotip-plavi-\u2013-kopija-300x178.png 300w, https:\/\/pds.ffzg.unizg.hr\/glotodidaktika\/wp-content\/uploads\/sites\/12\/2025\/03\/logotip-plavi-\u2013-kopija-768x456.png 768w, https:\/\/pds.ffzg.unizg.hr\/glotodidaktika\/wp-content\/uploads\/sites\/12\/2025\/03\/logotip-plavi-\u2013-kopija-1536x913.png 1536w, https:\/\/pds.ffzg.unizg.hr\/glotodidaktika\/wp-content\/uploads\/sites\/12\/2025\/03\/logotip-plavi-\u2013-kopija-2048x1217.png 2048w, https:\/\/pds.ffzg.unizg.hr\/glotodidaktika\/wp-content\/uploads\/sites\/12\/2025\/03\/logotip-plavi-\u2013-kopija-18x12.png 18w, https:\/\/pds.ffzg.unizg.hr\/glotodidaktika\/wp-content\/uploads\/sites\/12\/2025\/03\/logotip-plavi-\u2013-kopija-1200x713.png 1200w\" sizes=\"(max-width: 709px) 85vw, (max-width: 909px) 67vw, (max-width: 1362px) 62vw, 840px\" \/><\/figure>\n\n\n\n<hr class=\"wp-block-separator has-text-color has-alpha-channel-opacity has-background is-style-wide\" style=\"background-color:#ffb200;color:#ffb200\" \/>\n\n\n\n<p class=\"has-medium-font-size\"><strong>Izlaganja na\u0161ih doktoranada i almuna na konferencijama i skupovima<\/strong><\/p>\n\n\n\n<p>Marinac, M. (2023). <a href=\"https:\/\/unjsvu.hr\/wp-content\/uploads\/2024\/01\/Knjizica-sazetaka_Book-of-abstracts_2023.pdf\" data-type=\"link\" data-id=\"https:\/\/unjsvu.hr\/wp-content\/uploads\/2024\/01\/Knjizica-sazetaka_Book-of-abstracts_2023.pdf\">Some insights into into extensive reading in the ESP classroom<\/a>. 6<sup>th<\/sup>&nbsp;INTERNATIONAL CONFERENCE:&nbsp;<em>CONTEMPORARY CHALLENGES IN LSP TEACHING<\/em>. Osijek, Croatia.<\/p>\n\n\n\n<p>Petru\u0161i\u0107, K., Bili\u0107, R. i Landsman Vinkovi\u0107, M. (2024). <a href=\"https:\/\/uzrt.ffzg.unizg.hr\/wp-content\/uploads\/2024\/02\/za-web-14.2.-preliminarni-program-pretkonferencijski-doga%C4%91aj-2024.pdf\" data-type=\"link\" data-id=\"https:\/\/uzrt.ffzg.unizg.hr\/wp-content\/uploads\/2024\/02\/za-web-14.2.-preliminarni-program-pretkonferencijski-doga%C4%91aj-2024.pdf\">Projekt \u201eVlaki\u0107em kroz Europu\u201c<\/a>. UZRT 2024 &#8211; Pretkonferencijski dan: Rano u\u010denje jezika u Hrvatskoj \u2012 dvadeset godina poslije. Zagreb, Hrvatska.<\/p>\n\n\n\n<p>Petru\u0161i\u0107, K. (2023). <a href=\"https:\/\/www.kdv.hr\/wp-content\/uploads\/2023\/10\/P890798_godisnji-skup-KDV-2023_programska-knjizica.pdf\" data-type=\"link\" data-id=\"https:\/\/www.kdv.hr\/wp-content\/uploads\/2023\/10\/P890798_godisnji-skup-KDV-2023_programska-knjizica.pdf\">Inklusiver Fremdsprachenunterricht \u2013 Wie kann er gelingen? Theoretische Grundlagen und praktische Umsetzung inklusiver Fremdsprachendidaktik<\/a>. XXXI. INTERNATIONALE TAGUNG DES KROATISCHEN DEUTSCHLEHRERVERBANDES. Osijek, Hrvatska. <\/p>\n\n\n\n<p>Profeta, S. (2025). <a href=\"https:\/\/hdsl.hr\/images\/dokumenti\/HDSL_4_skup_program.pdf\" data-type=\"link\" data-id=\"https:\/\/hdsl.hr\/images\/dokumenti\/HDSL_4_skup_program.pdf\">Stavovi govornika hrvatskog koji u\u010de \u0161vedski o kori\u0161tenju mobilnih aplikacija radi ovladavanja izgovorom<\/a>. \u010cetvrti znanstveno-stru\u010dni skup Hrvatskog dru\u0161tva sveu\u010dili\u0161nih lektora. Zagreb, Hrvatska.<\/p>\n\n\n\n<p>Profeta, S. (2023). <a href=\"https:\/\/hfiloloskod.hr\/wp-content\/uploads\/2023\/11\/8.-HIDIS-program.pdf\" data-type=\"link\" data-id=\"https:\/\/hfiloloskod.hr\/wp-content\/uploads\/2023\/11\/8.-HIDIS-program.pdf\">Iskustva pou\u010davanja \u0161vedskoga: za\u0161to studenti izgovaraju [\u222b] umjesto [s]?<\/a> Osmi me\u0111unarodni znanstveni skup HIDIS Hrvatski kao ini jezik. Zagreb, Hrvatska.<\/p>\n\n\n\n<p>Profeta, S. (2023). <a href=\"https:\/\/hdsl.hr\/dokumenti\/program_3skup.pdf\" data-type=\"link\" data-id=\"https:\/\/hdsl.hr\/dokumenti\/program_3skup.pdf\">Didaktizacija \u0161vedskih tekstova uz pomo\u0107 alata L\u00e4rka<\/a>. Tre\u0107i znanstveno-stru\u010dni skup Hrvatskog dru\u0161tva sveu\u010dili\u0161nih lektora. Zagreb, Hrvatska.<\/p>\n\n\n\n<p>Prosenjak, B. (2025). <a href=\"https:\/\/icfsla.us.edu.pl\/icfsla2025-progr.pdf\" data-type=\"link\" data-id=\"https:\/\/icfsla.us.edu.pl\/icfsla2025-progr.pdf\">AI in lesson planning: A reflective practice study with pre-service EFL teachers<\/a>. 36th International Conference on Foreign\/Second<br>Language Acquisition &#8211; ARTIFICIAL INTELLIGENCE IN SLA AND FLL\/T: APPLICATIONS, THREATS AND DEVELOPMENTS. Szczyrk, Poland.<\/p>\n\n\n\n<p>Prosenjak, B. i Jakup\u010devi\u0107, E. (2024). <a href=\"https:\/\/2024tefl9.wordpress.com\/programme-book-of-abstracts\/\" data-type=\"link\" data-id=\"https:\/\/2024tefl9.wordpress.com\/programme-book-of-abstracts\/\">What do EFL teachers in Croatia know and think about AI?<\/a> TEFL9 Conference &#8211; Innovation in English language education: Adapting pedagogies to meet modern challenges. Lisbon, Portugal.<\/p>\n\n\n\n<p>Prosenjak, B. (2023). <a href=\"https:\/\/unjsvu.hr\/hr\/program-konferencije-2\/\" data-type=\"link\" data-id=\"https:\/\/unjsvu.hr\/hr\/program-konferencije-2\/\">Evaluating discourse competence in a foreign language<\/a>. 6<sup>th<\/sup>&nbsp;INTERNATIONAL CONFERENCE:&nbsp;<em>CONTEMPORARY CHALLENGES IN LSP TEACHING<\/em>. Osijek, Croatia.<\/p>\n","protected":false},"excerpt":{"rendered":"<p>Korisni \u010dasopisi za pretragu i objavljivanje radova Applied LinguisticsELOPEStrani jeziciTESOL Quarterly Publikacije na\u0161ih doktoranada i alumna u \u010dasopisima Letica Krevelj, S. i Kova\u010di\u0107, N. (2024). Inventory of Language Learning Affordances in Croatian Socio-Educational Context. U D. Gabry\u015b-Barker i E. Vetter (ur.), Modern Approaches to Researching Multilingualism. Second Language Learning and Teaching. Springer. Letica Krevelj, S. &hellip; <a href=\"https:\/\/pds.ffzg.unizg.hr\/glotodidaktika\/aktivnosti\/\" class=\"more-link\">Nastavi \u010ditati<span class=\"screen-reader-text\"> &#8220;Aktivnosti&#8221;<\/span><\/a><\/p>\n","protected":false},"author":12,"featured_media":0,"parent":0,"menu_order":0,"comment_status":"closed","ping_status":"closed","template":"","meta":{"footnotes":""},"class_list":["post-1007","page","type-page","status-publish","hentry"],"_links":{"self":[{"href":"https:\/\/pds.ffzg.unizg.hr\/glotodidaktika\/wp-json\/wp\/v2\/pages\/1007","targetHints":{"allow":["GET"]}}],"collection":[{"href":"https:\/\/pds.ffzg.unizg.hr\/glotodidaktika\/wp-json\/wp\/v2\/pages"}],"about":[{"href":"https:\/\/pds.ffzg.unizg.hr\/glotodidaktika\/wp-json\/wp\/v2\/types\/page"}],"author":[{"embeddable":true,"href":"https:\/\/pds.ffzg.unizg.hr\/glotodidaktika\/wp-json\/wp\/v2\/users\/12"}],"replies":[{"embeddable":true,"href":"https:\/\/pds.ffzg.unizg.hr\/glotodidaktika\/wp-json\/wp\/v2\/comments?post=1007"}],"version-history":[{"count":37,"href":"https:\/\/pds.ffzg.unizg.hr\/glotodidaktika\/wp-json\/wp\/v2\/pages\/1007\/revisions"}],"predecessor-version":[{"id":1278,"href":"https:\/\/pds.ffzg.unizg.hr\/glotodidaktika\/wp-json\/wp\/v2\/pages\/1007\/revisions\/1278"}],"wp:attachment":[{"href":"https:\/\/pds.ffzg.unizg.hr\/glotodidaktika\/wp-json\/wp\/v2\/media?parent=1007"}],"curies":[{"name":"wp","href":"https:\/\/api.w.org\/{rel}","templated":true}]}}