{"id":1341,"date":"2025-10-18T08:11:57","date_gmt":"2025-10-18T08:11:57","guid":{"rendered":"https:\/\/pds.ffzg.unizg.hr\/glotodidaktika\/?page_id=1341"},"modified":"2025-10-18T08:12:53","modified_gmt":"2025-10-18T08:12:53","slug":"obavijesti-arhiva","status":"publish","type":"page","link":"https:\/\/pds.ffzg.unizg.hr\/glotodidaktika\/obavijesti-arhiva\/","title":{"rendered":"Obavijesti &#8211; arhiva"},"content":{"rendered":"\t\t<div data-elementor-type=\"wp-page\" data-elementor-id=\"1341\" class=\"elementor elementor-1341\">\n\t\t\t\t\t\t<section class=\"elementor-section elementor-top-section elementor-element elementor-element-20db8ed elementor-section-boxed elementor-section-height-default elementor-section-height-default\" data-id=\"20db8ed\" data-element_type=\"section\">\n\t\t\t\t\t\t<div class=\"elementor-container elementor-column-gap-default\">\n\t\t\t\t\t<div class=\"elementor-column elementor-col-100 elementor-top-column elementor-element elementor-element-71e9c14\" data-id=\"71e9c14\" data-element_type=\"column\">\n\t\t\t<div class=\"elementor-widget-wrap elementor-element-populated\">\n\t\t\t\t\t\t<div class=\"elementor-element elementor-element-90fd398 elementor-widget__width-initial elementor-widget-divider--view-line elementor-widget elementor-widget-divider\" data-id=\"90fd398\" data-element_type=\"widget\" data-widget_type=\"divider.default\">\n\t\t\t\t<div class=\"elementor-widget-container\">\n\t\t\t\t\t\t\t<div class=\"elementor-divider\">\n\t\t\t<span class=\"elementor-divider-separator\">\n\t\t\t\t\t\t<\/span>\n\t\t<\/div>\n\t\t\t\t\t\t<\/div>\n\t\t\t\t<\/div>\n\t\t\t\t\t<\/div>\n\t\t<\/div>\n\t\t\t\t\t<\/div>\n\t\t<\/section>\n\t\t\t\t<section class=\"elementor-section elementor-top-section elementor-element elementor-element-1732e29 elementor-section-boxed elementor-section-height-default elementor-section-height-default\" data-id=\"1732e29\" data-element_type=\"section\">\n\t\t\t\t\t\t<div class=\"elementor-container elementor-column-gap-default\">\n\t\t\t\t\t<div class=\"elementor-column elementor-col-33 elementor-top-column elementor-element elementor-element-58e5bf4\" data-id=\"58e5bf4\" data-element_type=\"column\">\n\t\t\t<div class=\"elementor-widget-wrap elementor-element-populated\">\n\t\t\t\t\t\t<div class=\"elementor-element elementor-element-d8a9012 elementor-widget elementor-widget-text-editor\" data-id=\"d8a9012\" data-element_type=\"widget\" data-widget_type=\"text-editor.default\">\n\t\t\t\t<div class=\"elementor-widget-container\">\n\t\t\t\t\t\t\t\t\t<p><span style=\"font-family: helvetica, arial, sans-serif;font-size: 18pt;color: #333333\"><strong>Me\u0111unarodna konferencija<\/strong><\/span><\/p>\t\t\t\t\t\t\t\t<\/div>\n\t\t\t\t<\/div>\n\t\t\t\t\t<\/div>\n\t\t<\/div>\n\t\t\t\t<div class=\"elementor-column elementor-col-66 elementor-top-column elementor-element elementor-element-67fb0dc\" data-id=\"67fb0dc\" data-element_type=\"column\">\n\t\t\t<div class=\"elementor-widget-wrap elementor-element-populated\">\n\t\t\t\t\t\t<div class=\"elementor-element elementor-element-bd4d2e0 elementor-widget elementor-widget-text-editor\" data-id=\"bd4d2e0\" data-element_type=\"widget\" data-widget_type=\"text-editor.default\">\n\t\t\t\t<div class=\"elementor-widget-container\">\n\t\t\t\t\t\t\t\t\t<p style=\"text-align: left\" align=\"center\"><span style=\"font-family: helvetica, arial, sans-serif\"><span style=\"color: #333333\"><a href=\"http:\/\/www.icfsla.us.edu.pl\"><strong data-olk-copy-source=\"MessageBody\">36<\/strong><sup><strong>th<\/strong><\/sup><strong> International Conference on Foreign\/Second Language Acquisition<\/strong><\/a><br \/><\/span><\/span><span style=\"font-family: helvetica, arial, sans-serif;color: #000000;font-size: 10pt\"><em><strong>ARTIFICIAL INTELLIGENCE IN SLA AND FLL\/T: <\/strong><\/em><em><strong>APPLICATIONS, THREATS AND DEVELOPMENTS<br \/><\/strong><\/em><\/span><span style=\"font-family: helvetica, arial, sans-serif;color: #000000;font-size: 10pt\"><strong>22-24 May 2025, Szczyrk, Poland<\/strong><\/span><\/p>\t\t\t\t\t\t\t\t<\/div>\n\t\t\t\t<\/div>\n\t\t\t\t\t<\/div>\n\t\t<\/div>\n\t\t\t\t\t<\/div>\n\t\t<\/section>\n\t\t\t\t<section class=\"elementor-section elementor-top-section elementor-element elementor-element-79b48e9 elementor-section-boxed elementor-section-height-default elementor-section-height-default\" data-id=\"79b48e9\" data-element_type=\"section\">\n\t\t\t\t\t\t<div class=\"elementor-container elementor-column-gap-default\">\n\t\t\t\t\t<div class=\"elementor-column elementor-col-100 elementor-top-column elementor-element elementor-element-139e3bf\" data-id=\"139e3bf\" data-element_type=\"column\">\n\t\t\t<div class=\"elementor-widget-wrap elementor-element-populated\">\n\t\t\t\t\t\t<div class=\"elementor-element elementor-element-e85b16e elementor-widget-divider--view-line elementor-widget elementor-widget-divider\" data-id=\"e85b16e\" data-element_type=\"widget\" data-widget_type=\"divider.default\">\n\t\t\t\t<div class=\"elementor-widget-container\">\n\t\t\t\t\t\t\t<div class=\"elementor-divider\">\n\t\t\t<span class=\"elementor-divider-separator\">\n\t\t\t\t\t\t<\/span>\n\t\t<\/div>\n\t\t\t\t\t\t<\/div>\n\t\t\t\t<\/div>\n\t\t\t\t\t<\/div>\n\t\t<\/div>\n\t\t\t\t\t<\/div>\n\t\t<\/section>\n\t\t\t\t<section class=\"elementor-section elementor-top-section elementor-element elementor-element-9790ef4 elementor-section-boxed elementor-section-height-default elementor-section-height-default\" data-id=\"9790ef4\" data-element_type=\"section\">\n\t\t\t\t\t\t<div class=\"elementor-container elementor-column-gap-default\">\n\t\t\t\t\t<div class=\"elementor-column elementor-col-33 elementor-top-column elementor-element elementor-element-cfb6918\" data-id=\"cfb6918\" data-element_type=\"column\">\n\t\t\t<div class=\"elementor-widget-wrap elementor-element-populated\">\n\t\t\t\t\t\t<div class=\"elementor-element elementor-element-6ed06c1 elementor-widget elementor-widget-text-editor\" data-id=\"6ed06c1\" data-element_type=\"widget\" data-widget_type=\"text-editor.default\">\n\t\t\t\t<div class=\"elementor-widget-container\">\n\t\t\t\t\t\t\t\t\t<p><span style=\"color: #333333;font-family: helvetica, arial, sans-serif;font-size: 18pt\"><strong>Natje\u010daj za stipendiju<\/strong><\/span><\/p>\t\t\t\t\t\t\t\t<\/div>\n\t\t\t\t<\/div>\n\t\t\t\t\t<\/div>\n\t\t<\/div>\n\t\t\t\t<div class=\"elementor-column elementor-col-66 elementor-top-column elementor-element elementor-element-01f6ba1\" data-id=\"01f6ba1\" data-element_type=\"column\">\n\t\t\t<div class=\"elementor-widget-wrap elementor-element-populated\">\n\t\t\t\t\t\t<div class=\"elementor-element elementor-element-66eb952 elementor-widget elementor-widget-text-editor\" data-id=\"66eb952\" data-element_type=\"widget\" data-widget_type=\"text-editor.default\">\n\t\t\t\t<div class=\"elementor-widget-container\">\n\t\t\t\t\t\t\t\t\t<p><span style=\"font-family: helvetica, arial, sans-serif;color: #333333\">Sveu\u010dili\u0161te u Zagrebu raspisalo je Natje\u010daj za Erasmus+ kratku mobilnost doktorskih studenata za razdoblje 03.03.-31.07.2025. (studijski boravak ili stru\u010dna praksa).<br \/>Informacije o Natje\u010daju sa dodatnim uputama za studente Filozofskog fakulteta objavljene su na mre\u017enim stranicama <span style=\"color: #00a5b7\"><a style=\"color: #00a5b7\" href=\"https:\/\/web2020.ffzg.unizg.hr\/stipendije\/\">FFZG-a<\/a><\/span> i <span style=\"color: #00a5b7\"><a style=\"color: #00a5b7\" href=\"https:\/\/www.unizg.hr\/nc\/vijest\/article\/erasmus-natjecaj-za-kratku-mobilnost-doktorskih-studenata-za-razdoblje-0303-31072025\/\">Sveu\u010dili\u0161ta<\/a><\/span>.\u00a0<\/span><\/p><p><span style=\"font-family: helvetica, arial, sans-serif;color: #333333\">Natje\u010daj s ni\u017ee navedenim mogu\u0107nostima razmjene traje najkasnije do 30. travnja 2025. do 12:00 sati:<br \/>a) kratke mobilnosti za doktorske studente u svrhu kratkog studijskog boravka (SMS) na inozemnim partnerskim ustanovama,<br \/>b) kratke mobilnosti za doktorske studente u svrhu kratke stru\u010dne prakse (SMT)<\/span><\/p><p><span style=\"font-family: helvetica, arial, sans-serif;color: #333333\">Va\u017ene napomene:<br \/><\/span><\/p><ul><li><span style=\"font-family: helvetica, arial, sans-serif;color: #333333\">Kandidati se prijavljuju online, nakon \u010dega svoje prijave obavezno \u0161alju i e-po\u0161tom na: <span style=\"color: #00a5b7\"><a style=\"color: #00a5b7\" href=\"mailto:erasmus-studenti@m.ffzg.hr\">erasmus-studenti@m.ffzg.hr<\/a><\/span><\/span><\/li><li><span style=\"font-family: helvetica, arial, sans-serif;color: #333333\">Osnovni princip dodjele financijske potpore jest prema redoslijedu zaprimanja prijava: tko prvi, njegovo!\u00a0<\/span><\/li><\/ul>\t\t\t\t\t\t\t\t<\/div>\n\t\t\t\t<\/div>\n\t\t\t\t\t<\/div>\n\t\t<\/div>\n\t\t\t\t\t<\/div>\n\t\t<\/section>\n\t\t\t\t<section class=\"elementor-section elementor-top-section elementor-element elementor-element-df6f432 elementor-section-boxed elementor-section-height-default elementor-section-height-default\" data-id=\"df6f432\" data-element_type=\"section\">\n\t\t\t\t\t\t<div class=\"elementor-container elementor-column-gap-default\">\n\t\t\t\t\t<div class=\"elementor-column elementor-col-100 elementor-top-column elementor-element elementor-element-8e33d20\" data-id=\"8e33d20\" data-element_type=\"column\">\n\t\t\t<div class=\"elementor-widget-wrap elementor-element-populated\">\n\t\t\t\t\t\t<div class=\"elementor-element elementor-element-7814233 elementor-widget-divider--view-line elementor-widget elementor-widget-divider\" data-id=\"7814233\" data-element_type=\"widget\" data-widget_type=\"divider.default\">\n\t\t\t\t<div class=\"elementor-widget-container\">\n\t\t\t\t\t\t\t<div class=\"elementor-divider\">\n\t\t\t<span class=\"elementor-divider-separator\">\n\t\t\t\t\t\t<\/span>\n\t\t<\/div>\n\t\t\t\t\t\t<\/div>\n\t\t\t\t<\/div>\n\t\t\t\t\t<\/div>\n\t\t<\/div>\n\t\t\t\t\t<\/div>\n\t\t<\/section>\n\t\t\t\t<section class=\"elementor-section elementor-top-section elementor-element elementor-element-c6b3f78 elementor-section-boxed elementor-section-height-default elementor-section-height-default\" data-id=\"c6b3f78\" data-element_type=\"section\">\n\t\t\t\t\t\t<div class=\"elementor-container elementor-column-gap-default\">\n\t\t\t\t\t<div class=\"elementor-column elementor-col-33 elementor-top-column elementor-element elementor-element-0001f94\" data-id=\"0001f94\" data-element_type=\"column\">\n\t\t\t<div class=\"elementor-widget-wrap elementor-element-populated\">\n\t\t\t\t\t\t<div class=\"elementor-element elementor-element-bc753b1 elementor-widget elementor-widget-text-editor\" data-id=\"bc753b1\" data-element_type=\"widget\" data-widget_type=\"text-editor.default\">\n\t\t\t\t<div class=\"elementor-widget-container\">\n\t\t\t\t\t\t\t\t\t<p><span style=\"font-family: helvetica, arial, sans-serif;font-size: 18pt;color: #333333\"><strong>Me\u0111unarodna konferencija<\/strong><\/span><\/p>\t\t\t\t\t\t\t\t<\/div>\n\t\t\t\t<\/div>\n\t\t\t\t\t<\/div>\n\t\t<\/div>\n\t\t\t\t<div class=\"elementor-column elementor-col-66 elementor-top-column elementor-element elementor-element-3ff5cac\" data-id=\"3ff5cac\" data-element_type=\"column\">\n\t\t\t<div class=\"elementor-widget-wrap elementor-element-populated\">\n\t\t\t\t\t\t<div class=\"elementor-element elementor-element-7cbfb05 elementor-widget elementor-widget-text-editor\" data-id=\"7cbfb05\" data-element_type=\"widget\" data-widget_type=\"text-editor.default\">\n\t\t\t\t<div class=\"elementor-widget-container\">\n\t\t\t\t\t\t\t\t\t<p><span style=\"font-family: helvetica, arial, sans-serif;color: #333333\">Fifth International Conference\u00a0Teaching Languages and Cultures in the Post-Method Era: Embracing Multiplicity\u00a0(TLC 2025) is to be held on\u00a0October 10th and 11th 2025,\u00a0at the Faculty of Philosophy, University of Ni\u0161.<br \/><a href=\"https:\/\/tlcnis.weebly.com\/\">https:\/\/tlcnis.weebly.com\/<\/a><br \/><\/span><\/p><p><a href=\"http:\/\/pds.ffzg.unizg.hr\/glotodidaktika\/wp-content\/uploads\/sites\/12\/2025\/01\/TLC-2025-First-Call-for-papers.pdf\">TLC 2025 First Call for papers<\/a><\/p>\t\t\t\t\t\t\t\t<\/div>\n\t\t\t\t<\/div>\n\t\t\t\t\t<\/div>\n\t\t<\/div>\n\t\t\t\t\t<\/div>\n\t\t<\/section>\n\t\t\t\t<section class=\"elementor-section elementor-top-section elementor-element elementor-element-8266aae elementor-section-boxed elementor-section-height-default elementor-section-height-default\" data-id=\"8266aae\" data-element_type=\"section\">\n\t\t\t\t\t\t<div class=\"elementor-container elementor-column-gap-default\">\n\t\t\t\t\t<div class=\"elementor-column elementor-col-100 elementor-top-column elementor-element elementor-element-972710c\" data-id=\"972710c\" data-element_type=\"column\">\n\t\t\t<div class=\"elementor-widget-wrap elementor-element-populated\">\n\t\t\t\t\t\t<div class=\"elementor-element elementor-element-a2a14f6 elementor-widget-divider--view-line elementor-widget elementor-widget-divider\" data-id=\"a2a14f6\" data-element_type=\"widget\" data-widget_type=\"divider.default\">\n\t\t\t\t<div class=\"elementor-widget-container\">\n\t\t\t\t\t\t\t<div class=\"elementor-divider\">\n\t\t\t<span class=\"elementor-divider-separator\">\n\t\t\t\t\t\t<\/span>\n\t\t<\/div>\n\t\t\t\t\t\t<\/div>\n\t\t\t\t<\/div>\n\t\t\t\t\t<\/div>\n\t\t<\/div>\n\t\t\t\t\t<\/div>\n\t\t<\/section>\n\t\t\t\t<section class=\"elementor-section elementor-top-section elementor-element elementor-element-45bf588 elementor-section-boxed elementor-section-height-default elementor-section-height-default\" data-id=\"45bf588\" data-element_type=\"section\">\n\t\t\t\t\t\t<div class=\"elementor-container elementor-column-gap-default\">\n\t\t\t\t\t<div class=\"elementor-column elementor-col-33 elementor-top-column elementor-element elementor-element-b31313c\" data-id=\"b31313c\" data-element_type=\"column\">\n\t\t\t<div class=\"elementor-widget-wrap elementor-element-populated\">\n\t\t\t\t\t\t<div class=\"elementor-element elementor-element-1b11dbd elementor-widget elementor-widget-text-editor\" data-id=\"1b11dbd\" data-element_type=\"widget\" data-widget_type=\"text-editor.default\">\n\t\t\t\t<div class=\"elementor-widget-container\">\n\t\t\t\t\t\t\t\t\t<h2 class=\"wp-block-heading\"><span style=\"color: #333333;font-size: 18pt;font-family: helvetica, arial, sans-serif\"><strong>Gloseminar<\/strong><\/span><\/h2>\t\t\t\t\t\t\t\t<\/div>\n\t\t\t\t<\/div>\n\t\t\t\t\t<\/div>\n\t\t<\/div>\n\t\t\t\t<div class=\"elementor-column elementor-col-66 elementor-top-column elementor-element elementor-element-15dd737\" data-id=\"15dd737\" data-element_type=\"column\">\n\t\t\t<div class=\"elementor-widget-wrap elementor-element-populated\">\n\t\t\t\t\t\t<div class=\"elementor-element elementor-element-e4e9f5d elementor-widget elementor-widget-text-editor\" data-id=\"e4e9f5d\" data-element_type=\"widget\" data-widget_type=\"text-editor.default\">\n\t\t\t\t<div class=\"elementor-widget-container\">\n\t\t\t\t\t\t\t\t\t<p><span style=\"color: #333333\">Doktorandi 6. generacije izlagat \u0107e problematiku i metodologiju svojih planiranih doktorskih disertacija 14. 12. 2024. u 14:30 u sobi A105. Pozivamo sve studente DS-a Glotodidaktike da do\u0111u, poslu\u0161aju, komentiraju, postavljaju pitanja i time pomognu kolegama u oblikovanju njihove teme.<\/span><\/p>\t\t\t\t\t\t\t\t<\/div>\n\t\t\t\t<\/div>\n\t\t\t\t\t<\/div>\n\t\t<\/div>\n\t\t\t\t\t<\/div>\n\t\t<\/section>\n\t\t\t\t<\/div>\n\t\t","protected":false},"excerpt":{"rendered":"<p>Me\u0111unarodna konferencija 36th International Conference on Foreign\/Second Language AcquisitionARTIFICIAL INTELLIGENCE IN SLA AND FLL\/T: APPLICATIONS, THREATS AND DEVELOPMENTS22-24 May 2025, Szczyrk, Poland Natje\u010daj za stipendiju Sveu\u010dili\u0161te u Zagrebu raspisalo je Natje\u010daj za Erasmus+ kratku mobilnost doktorskih studenata za razdoblje 03.03.-31.07.2025. (studijski boravak ili stru\u010dna praksa).Informacije o Natje\u010daju sa dodatnim uputama za studente Filozofskog fakulteta objavljene &hellip; <a href=\"https:\/\/pds.ffzg.unizg.hr\/glotodidaktika\/obavijesti-arhiva\/\" class=\"more-link\">Nastavi \u010ditati<span class=\"screen-reader-text\"> &#8220;Obavijesti &#8211; arhiva&#8221;<\/span><\/a><\/p>\n","protected":false},"author":12,"featured_media":0,"parent":0,"menu_order":0,"comment_status":"closed","ping_status":"closed","template":"","meta":{"footnotes":""},"class_list":["post-1341","page","type-page","status-publish","hentry"],"_links":{"self":[{"href":"https:\/\/pds.ffzg.unizg.hr\/glotodidaktika\/wp-json\/wp\/v2\/pages\/1341","targetHints":{"allow":["GET"]}}],"collection":[{"href":"https:\/\/pds.ffzg.unizg.hr\/glotodidaktika\/wp-json\/wp\/v2\/pages"}],"about":[{"href":"https:\/\/pds.ffzg.unizg.hr\/glotodidaktika\/wp-json\/wp\/v2\/types\/page"}],"author":[{"embeddable":true,"href":"https:\/\/pds.ffzg.unizg.hr\/glotodidaktika\/wp-json\/wp\/v2\/users\/12"}],"replies":[{"embeddable":true,"href":"https:\/\/pds.ffzg.unizg.hr\/glotodidaktika\/wp-json\/wp\/v2\/comments?post=1341"}],"version-history":[{"count":4,"href":"https:\/\/pds.ffzg.unizg.hr\/glotodidaktika\/wp-json\/wp\/v2\/pages\/1341\/revisions"}],"predecessor-version":[{"id":1346,"href":"https:\/\/pds.ffzg.unizg.hr\/glotodidaktika\/wp-json\/wp\/v2\/pages\/1341\/revisions\/1346"}],"wp:attachment":[{"href":"https:\/\/pds.ffzg.unizg.hr\/glotodidaktika\/wp-json\/wp\/v2\/media?parent=1341"}],"curies":[{"name":"wp","href":"https:\/\/api.w.org\/{rel}","templated":true}]}}