{"id":172,"date":"2024-11-09T21:58:18","date_gmt":"2024-11-09T21:58:18","guid":{"rendered":"https:\/\/pds.ffzg.unizg.hr\/glotodidaktika\/?page_id=172"},"modified":"2025-03-04T13:35:35","modified_gmt":"2025-03-04T13:35:35","slug":"dobrodosli-na-doktorski-studij-glotodidaktike","status":"publish","type":"page","link":"https:\/\/pds.ffzg.unizg.hr\/glotodidaktika\/","title":{"rendered":"Dobrodo\u0161li na Doktorski studij Glotodidaktika"},"content":{"rendered":"\t\t<div data-elementor-type=\"wp-page\" data-elementor-id=\"172\" class=\"elementor elementor-172\">\n\t\t\t\t\t\t<section class=\"elementor-section elementor-top-section elementor-element elementor-element-14f5dc66 elementor-section-boxed elementor-section-height-default elementor-section-height-default\" data-id=\"14f5dc66\" data-element_type=\"section\">\n\t\t\t\t\t\t<div class=\"elementor-container elementor-column-gap-default\">\n\t\t\t\t\t<div class=\"elementor-column elementor-col-100 elementor-top-column elementor-element elementor-element-22402d49\" data-id=\"22402d49\" data-element_type=\"column\">\n\t\t\t<div class=\"elementor-widget-wrap elementor-element-populated\">\n\t\t\t\t\t\t<div class=\"elementor-element elementor-element-149cbdc3 elementor-widget elementor-widget-text-editor\" data-id=\"149cbdc3\" data-element_type=\"widget\" data-widget_type=\"text-editor.default\">\n\t\t\t\t<div class=\"elementor-widget-container\">\n\t\t\t\t\t\t\t\t\t<h1 class=\"wp-block-heading\" style=\"font-size: 34px\"><span style=\"color: #333333;font-family: helvetica, arial, sans-serif\"><strong>Istra\u017eite dubine jezika i u\u010denja!<\/strong><\/span><\/h1>\n<p><span style=\"color: #333333\"><!-- \/wp:heading --><\/span><\/p>\n<p><span style=\"color: #333333\"><!-- wp:spacer {\"height\":\"30px\"} --><\/span><\/p>\n<div class=\"wp-block-spacer\" style=\"height: 30px\" aria-hidden=\"true\">\u00a0<\/div>\n<p><span style=\"color: #333333\"><!-- \/wp:spacer --><\/span><\/p>\n<p><span style=\"color: #333333\"><!-- wp:columns --><\/span><\/p>\n<div class=\"wp-block-columns\">\n<p><span style=\"color: #333333\"><!-- wp:column --><\/span><\/p>\n<div class=\"wp-block-column\">\n<p><span style=\"color: #333333\"><!-- wp:paragraph {\"dropCap\":true} --><\/span><\/p>\n<p class=\"has-drop-cap\"><span style=\"color: #333333;font-family: helvetica, arial, sans-serif\">Doktorski studij Glotodidaktika nudi jedinstvenu priliku za istra\u017eivanje procesa u\u010denja i pou\u010davanja stranih jezika. Na\u0161 interdisciplinarni pristup povezuje teorijske i prakti\u010dne aspekte jezi\u010dne pedagogije, omogu\u0107uju\u0107i studentima da razviju inovativne pristupe i rje\u0161enja u obrazovanju.<\/span><\/p>\n<p><span style=\"color: #333333;font-family: helvetica, arial, sans-serif\"><!-- \/wp:paragraph --><\/span><\/p>\n<\/div>\n<p><span style=\"color: #333333;font-family: helvetica, arial, sans-serif\"><!-- \/wp:column --><\/span><\/p>\n<p><span style=\"color: #333333;font-family: helvetica, arial, sans-serif\"><!-- wp:column {\"width\":\"5px\"} --><\/span><\/p>\n<div class=\"wp-block-column\" style=\"flex-basis: 5px\">\u00a0<\/div>\n<p><span style=\"color: #333333;font-family: helvetica, arial, sans-serif\"><!-- \/wp:column --><\/span><\/p>\n<p><span style=\"color: #333333;font-family: helvetica, arial, sans-serif\"><!-- wp:column --><\/span><\/p>\n<div class=\"wp-block-column\">\n<p><span style=\"color: #333333;font-family: helvetica, arial, sans-serif\"><!-- wp:paragraph {\"style\":{\"typography\":{\"fontSize\":\"20px\"}}} --><\/span><\/p>\n<p style=\"font-size: 20px\"><span style=\"color: #333333;font-family: helvetica, arial, sans-serif\"><strong>Za\u0161to odabrati na\u0161 program?<\/strong><\/span><\/p>\n<p><span style=\"color: #333333;font-family: helvetica, arial, sans-serif\"><!-- \/wp:paragraph --><\/span><\/p>\n<p><span style=\"color: #333333;font-family: helvetica, arial, sans-serif\"><!-- wp:paragraph --><\/span><\/p>\n<p><span style=\"color: #333333;font-family: helvetica, arial, sans-serif\">Postanite dio zajednice koja aktivno oblikuje budu\u0107nost jezi\u010dnog obrazovanja i ja\u010da interkulturnu komunikaciju kroz <strong>interdisciplinarni pristup<\/strong>,<strong> istra\u017eiva\u010dke metode<\/strong> i <strong>podr\u0161ku mentora<\/strong>.<\/span><\/p>\n<p><!-- \/wp:paragraph --><\/p>\n<\/div>\n<p><!-- \/wp:column --><\/p>\n<\/div>\n<p><!-- \/wp:columns --><\/p>\n<p><!-- wp:paragraph --><\/p>\n<p><!-- \/wp:paragraph --><\/p>\t\t\t\t\t\t\t\t<\/div>\n\t\t\t\t<\/div>\n\t\t\t\t\t<\/div>\n\t\t<\/div>\n\t\t\t\t\t<\/div>\n\t\t<\/section>\n\t\t\t\t<section class=\"elementor-section elementor-top-section elementor-element elementor-element-d2b3dd5 elementor-section-boxed elementor-section-height-default elementor-section-height-default\" data-id=\"d2b3dd5\" data-element_type=\"section\">\n\t\t\t\t\t\t<div class=\"elementor-container elementor-column-gap-default\">\n\t\t\t\t\t<div class=\"elementor-column elementor-col-100 elementor-top-column elementor-element elementor-element-6f9afe9\" data-id=\"6f9afe9\" data-element_type=\"column\">\n\t\t\t<div class=\"elementor-widget-wrap elementor-element-populated\">\n\t\t\t\t\t\t<section class=\"elementor-section elementor-inner-section elementor-element elementor-element-c3bcabd elementor-section-boxed elementor-section-height-default elementor-section-height-default\" data-id=\"c3bcabd\" data-element_type=\"section\">\n\t\t\t\t\t\t<div class=\"elementor-container elementor-column-gap-default\">\n\t\t\t\t\t<div class=\"elementor-column elementor-col-50 elementor-inner-column elementor-element elementor-element-0639190\" data-id=\"0639190\" data-element_type=\"column\">\n\t\t\t<div class=\"elementor-widget-wrap\">\n\t\t\t\t\t\t\t<\/div>\n\t\t<\/div>\n\t\t\t\t<div class=\"elementor-column elementor-col-50 elementor-inner-column elementor-element elementor-element-716c63f\" data-id=\"716c63f\" data-element_type=\"column\">\n\t\t\t<div class=\"elementor-widget-wrap\">\n\t\t\t\t\t\t\t<\/div>\n\t\t<\/div>\n\t\t\t\t\t<\/div>\n\t\t<\/section>\n\t\t\t\t\t<\/div>\n\t\t<\/div>\n\t\t\t\t\t<\/div>\n\t\t<\/section>\n\t\t\t\t<\/div>\n\t\t","protected":false},"excerpt":{"rendered":"<p>Istra\u017eite dubine jezika i u\u010denja! Doktorski studij Glotodidaktika nudi jedinstvenu priliku za istra\u017eivanje procesa u\u010denja i pou\u010davanja stranih jezika. Na\u0161 interdisciplinarni pristup povezuje teorijske i prakti\u010dne aspekte jezi\u010dne pedagogije, omogu\u0107uju\u0107i studentima da razviju inovativne pristupe i rje\u0161enja u obrazovanju. Za\u0161to odabrati na\u0161 program? Postanite dio zajednice koja aktivno oblikuje budu\u0107nost jezi\u010dnog obrazovanja i ja\u010da interkulturnu &hellip; <a href=\"https:\/\/pds.ffzg.unizg.hr\/glotodidaktika\/\" class=\"more-link\">Nastavi \u010ditati<span class=\"screen-reader-text\"> &#8220;Dobrodo\u0161li na Doktorski studij Glotodidaktika&#8221;<\/span><\/a><\/p>\n","protected":false},"author":10,"featured_media":0,"parent":0,"menu_order":0,"comment_status":"closed","ping_status":"closed","template":"","meta":{"footnotes":""},"class_list":["post-172","page","type-page","status-publish","hentry"],"_links":{"self":[{"href":"https:\/\/pds.ffzg.unizg.hr\/glotodidaktika\/wp-json\/wp\/v2\/pages\/172","targetHints":{"allow":["GET"]}}],"collection":[{"href":"https:\/\/pds.ffzg.unizg.hr\/glotodidaktika\/wp-json\/wp\/v2\/pages"}],"about":[{"href":"https:\/\/pds.ffzg.unizg.hr\/glotodidaktika\/wp-json\/wp\/v2\/types\/page"}],"author":[{"embeddable":true,"href":"https:\/\/pds.ffzg.unizg.hr\/glotodidaktika\/wp-json\/wp\/v2\/users\/10"}],"replies":[{"embeddable":true,"href":"https:\/\/pds.ffzg.unizg.hr\/glotodidaktika\/wp-json\/wp\/v2\/comments?post=172"}],"version-history":[{"count":17,"href":"https:\/\/pds.ffzg.unizg.hr\/glotodidaktika\/wp-json\/wp\/v2\/pages\/172\/revisions"}],"predecessor-version":[{"id":957,"href":"https:\/\/pds.ffzg.unizg.hr\/glotodidaktika\/wp-json\/wp\/v2\/pages\/172\/revisions\/957"}],"wp:attachment":[{"href":"https:\/\/pds.ffzg.unizg.hr\/glotodidaktika\/wp-json\/wp\/v2\/media?parent=172"}],"curies":[{"name":"wp","href":"https:\/\/api.w.org\/{rel}","templated":true}]}}