{"id":20,"date":"2017-06-13T20:24:37","date_gmt":"2017-06-13T20:24:37","guid":{"rendered":"http:\/\/pds.ffzg.unizg.hr\/glotodidaktika\/?page_id=20"},"modified":"2024-12-14T09:57:08","modified_gmt":"2024-12-14T09:57:08","slug":"program","status":"publish","type":"page","link":"https:\/\/pds.ffzg.unizg.hr\/glotodidaktika\/program\/","title":{"rendered":"Program"},"content":{"rendered":"\t\t<div data-elementor-type=\"wp-page\" data-elementor-id=\"20\" class=\"elementor elementor-20\">\n\t\t\t\t\t\t<section class=\"elementor-section elementor-top-section elementor-element elementor-element-6e47234 elementor-section-boxed elementor-section-height-default elementor-section-height-default\" data-id=\"6e47234\" data-element_type=\"section\">\n\t\t\t\t\t\t<div class=\"elementor-container elementor-column-gap-default\">\n\t\t\t\t\t<div class=\"elementor-column elementor-col-100 elementor-top-column elementor-element elementor-element-b57978d\" data-id=\"b57978d\" data-element_type=\"column\">\n\t\t\t<div class=\"elementor-widget-wrap elementor-element-populated\">\n\t\t\t\t\t\t<div class=\"elementor-element elementor-element-7177cfd elementor-widget elementor-widget-text-editor\" data-id=\"7177cfd\" data-element_type=\"widget\" data-widget_type=\"text-editor.default\">\n\t\t\t\t<div class=\"elementor-widget-container\">\n\t\t\t\t\t\t\t\t\t<p><span style=\"font-family: helvetica, arial, sans-serif\"><span style=\"color: #333333\">Cjeloviti program DS-a Glotodidaktika pogledajte ovdje:<\/span> <span style=\"color: #00a5b7\"><strong><a style=\"color: #00a5b7\" href=\"http:\/\/pds.ffzg.unizg.hr\/glotodidaktika\/wp-content\/uploads\/sites\/12\/2024\/12\/Glotodidaktika-2024-Program-doktorskog-studija.pdf\">Glotodidaktika &#8211; 2024 &#8211; Program doktorskog studija<\/a><\/strong><\/span><\/span><\/p>\t\t\t\t\t\t\t\t<\/div>\n\t\t\t\t<\/div>\n\t\t\t\t\t<\/div>\n\t\t<\/div>\n\t\t\t\t\t<\/div>\n\t\t<\/section>\n\t\t\t\t<section class=\"elementor-section elementor-top-section elementor-element elementor-element-48732e31 elementor-section-boxed elementor-section-height-default elementor-section-height-default\" data-id=\"48732e31\" data-element_type=\"section\">\n\t\t\t\t\t\t<div class=\"elementor-container elementor-column-gap-default\">\n\t\t\t\t\t<div class=\"elementor-column elementor-col-100 elementor-top-column elementor-element elementor-element-5047e92e\" data-id=\"5047e92e\" data-element_type=\"column\">\n\t\t\t<div class=\"elementor-widget-wrap elementor-element-populated\">\n\t\t\t\t\t\t<div class=\"elementor-element elementor-element-39316d7a elementor-widget elementor-widget-text-editor\" data-id=\"39316d7a\" data-element_type=\"widget\" data-widget_type=\"text-editor.default\">\n\t\t\t\t<div class=\"elementor-widget-container\">\n\t\t\t\t\t\t\t\t\t<p><span style=\"color: #333333\"><\/span><\/p>\n<div class=\"wp-block-columns alignfull is-layout-flex wp-container-core-columns-is-layout-9d6595d7 wp-block-columns-is-layout-flex\"><span style=\"color: #333333\"><\/span>\n<div class=\"wp-block-column is-layout-flow wp-block-column-is-layout-flow\" style=\"flex-basis: 50%\"><span style=\"color: #333333\"><\/span>\n<div class=\"wp-block-cover is-light\" style=\"min-height: 320px;aspect-ratio:unset;\">\n<div class=\"wp-block-cover__inner-container is-layout-flow wp-block-cover-is-layout-flow\"><span style=\"color: #333333\"><\/span>\n<p class=\"has-text-align-center has-medium-font-size\"><span style=\"font-family: helvetica, arial, sans-serif;color: #333333\">Program doktorskog studija <strong>GLOTO<\/strong>DIDAKTIKA<\/span><\/p>\n<span style=\"color: #333333;font-family: helvetica, arial, sans-serif\"><\/span><\/div>\n<\/div>\n<span style=\"color: #333333;font-family: helvetica, arial, sans-serif\"><\/span><\/div>\n<span style=\"color: #333333;font-family: helvetica, arial, sans-serif\"><\/span>\n<div class=\"wp-block-column is-vertically-aligned-center is-layout-flow wp-block-column-is-layout-flow\" style=\"padding: 1em\"><span style=\"color: #333333;font-family: helvetica, arial, sans-serif\"><\/span>\n<div class=\"wp-block-columns is-layout-flex wp-container-core-columns-is-layout-9d6595d7 wp-block-columns-is-layout-flex\"><span style=\"color: #333333;font-family: helvetica, arial, sans-serif\"><\/span>\n<div class=\"wp-block-column is-layout-flow wp-block-column-is-layout-flow\" style=\"flex-basis: 320px\"><span style=\"color: #333333;font-family: helvetica, arial, sans-serif\"><\/span>\n<p class=\"has-small-font-size\" style=\"line-height: 1.6\"><span style=\"color: #333333;font-family: helvetica, arial, sans-serif\"><strong>Opis programa<\/strong><\/span><\/p>\n<span style=\"color: #333333;font-family: helvetica, arial, sans-serif\"><\/span>\n<p class=\"has-small-font-size\" style=\"line-height: 1.6\"><span style=\"color: #333333;font-family: helvetica, arial, sans-serif\">Doktorski studij glotodidaktike osmi\u0161ljen je kako bi studentima omogu\u0107io duboko razumijevanje i istra\u017eivanje teorija i praksi u\u010denja jezika.<\/span><\/p>\n<span style=\"color: #333333;font-family: helvetica, arial, sans-serif\"><\/span>\n<p class=\"has-small-font-size\" style=\"line-height: 1.6\"><span style=\"color: #333333;font-family: helvetica, arial, sans-serif\">Program traje 6 semestara, s mogu\u0107no\u0161\u0107u zavr\u0161etka za 3 godine za redovite studente, dok studenti s dijelom radnog vremena mogu zavr\u0161iti studij u razdoblju do 6 godina.<\/span><\/p>\n<span style=\"color: #333333;font-family: helvetica, arial, sans-serif\"><\/span>\n<p class=\"has-small-font-size\" style=\"line-height: 1.6\"><span style=\"color: #333333;font-family: helvetica, arial, sans-serif\">Program je u potpunosti uskla\u0111en s Pravilnikom o doktorskim studijima Sveu\u010dili\u0161ta u Zagrebu, osiguravaju\u0107i visoke akademske standarde i kvalitetu obrazovanja.<\/span><\/p>\n<span style=\"color: #333333;font-family: helvetica, arial, sans-serif\"><\/span><\/div>\n<span style=\"color: #333333;font-family: helvetica, arial, sans-serif\"><\/span><\/div>\n<span style=\"color: #333333;font-family: helvetica, arial, sans-serif\"><\/span><\/div>\n<span style=\"color: #333333;font-family: helvetica, arial, sans-serif\"><\/span><\/div>\n<p><span style=\"color: #333333;font-family: helvetica, arial, sans-serif\"><\/span><\/p>\n<div class=\"wp-block-columns alignfull is-layout-flex wp-container-core-columns-is-layout-9d6595d7 wp-block-columns-is-layout-flex\"><span style=\"color: #333333;font-family: helvetica, arial, sans-serif\"><\/span>\n<div class=\"wp-block-column is-layout-flow wp-block-column-is-layout-flow\" style=\"flex-basis: 25%\"><span style=\"color: #333333;font-family: helvetica, arial, sans-serif\"><\/span>\n<div class=\"wp-block-cover is-light\" style=\"min-height: 245px;aspect-ratio:unset;\">\n<div class=\"wp-block-cover__inner-container is-layout-flow wp-block-cover-is-layout-flow\"><span style=\"color: #333333;font-family: helvetica, arial, sans-serif\"><\/span>\n<p class=\"has-text-align-center has-white-color has-blue-gray-background-color has-text-color has-background has-link-color wp-elements-9de097943f8888e9426fac1b98d51765\" style=\"font-size: 11px\"><span style=\"color: #ffffff;font-family: helvetica, arial, sans-serif\"><strong>Struktura i organizacija<\/strong><\/span><\/p>\n<span style=\"color: #333333;font-family: helvetica, arial, sans-serif\"><\/span><\/div>\n<\/div>\n<span style=\"color: #333333;font-family: helvetica, arial, sans-serif\"><\/span><\/div>\n<span style=\"color: #333333;font-family: helvetica, arial, sans-serif\"><\/span>\n<div class=\"wp-block-column is-vertically-aligned-center is-layout-flow wp-block-column-is-layout-flow\" style=\"padding: 1em\"><span style=\"color: #333333;font-family: helvetica, arial, sans-serif\"><\/span>\n<div class=\"wp-block-columns is-layout-flex wp-container-core-columns-is-layout-9d6595d7 wp-block-columns-is-layout-flex\"><span style=\"color: #333333;font-family: helvetica, arial, sans-serif\"><\/span>\n<div class=\"wp-block-column is-layout-flow wp-block-column-is-layout-flow\" style=\"flex-basis: 520px\"><span style=\"color: #333333;font-family: helvetica, arial, sans-serif\"><\/span>\n<p class=\"has-small-font-size\" style=\"line-height: 1.6\"><span style=\"color: #333333;font-family: helvetica, arial, sans-serif\"><strong>Trajanje<\/strong>: 6 semestara (3 godine za redovite studente, do 6 godina za studente s dijelom radnog vremena).<\/span><\/p>\n<span style=\"color: #333333;font-family: helvetica, arial, sans-serif\"><\/span>\n<p class=\"has-small-font-size\" style=\"line-height: 1.6\"><span style=\"color: #333333;font-family: helvetica, arial, sans-serif\"><strong>Nastava<\/strong>: Sva nastava i istra\u017eiva\u010dke aktivnosti mogu se zavr\u0161iti u prva dva semestra, ovisno o interesima studenata. Izborni kolegiji se prilago\u0111avaju potrebama i \u017eeljama studenata.<\/span><\/p>\n<span style=\"color: #333333;font-family: helvetica, arial, sans-serif\"><\/span>\n<p class=\"has-small-font-size\" style=\"line-height: 1.6\"><span style=\"color: #333333;font-family: helvetica, arial, sans-serif\"><strong>Pisanje disertacije<\/strong>: U petom i \u0161estom semestru fokus je isklju\u010divo na pisanju disertacije.<\/span><\/p>\n<span style=\"color: #333333;font-family: helvetica, arial, sans-serif\"><\/span><\/div>\n<span style=\"color: #333333;font-family: helvetica, arial, sans-serif\"><\/span><\/div>\n<span style=\"color: #333333;font-family: helvetica, arial, sans-serif\"><\/span><\/div>\n<span style=\"color: #333333;font-family: helvetica, arial, sans-serif\"><\/span><\/div>\n<p><span style=\"color: #333333;font-family: helvetica, arial, sans-serif\"><\/span><\/p>\n<div class=\"wp-block-columns alignfull is-layout-flex wp-container-core-columns-is-layout-9d6595d7 wp-block-columns-is-layout-flex\"><span style=\"color: #333333;font-family: helvetica, arial, sans-serif\"><\/span>\n<div class=\"wp-block-column is-layout-flow wp-block-column-is-layout-flow\" style=\"flex-basis: 25%\"><span style=\"color: #333333;font-family: helvetica, arial, sans-serif\"><\/span>\n<div class=\"wp-block-cover is-light\" style=\"min-height: 382px;aspect-ratio:unset;\">\n<div class=\"wp-block-cover__inner-container is-layout-flow wp-block-cover-is-layout-flow\"><span style=\"color: #333333;font-family: helvetica, arial, sans-serif\"><\/span>\n<p class=\"has-text-align-center has-white-color has-blue-gray-background-color has-text-color has-background has-link-color wp-elements-9fe0117df1d814671b3dd2d7987bd693\" style=\"font-size: 11px\"><span style=\"color: #ffffff;font-family: helvetica, arial, sans-serif\"><strong>Ritam studiranja<\/strong><\/span><\/p>\n<span style=\"color: #333333;font-family: helvetica, arial, sans-serif\"><\/span><\/div>\n<\/div>\n<span style=\"color: #333333;font-family: helvetica, arial, sans-serif\"><\/span><\/div>\n<span style=\"color: #333333;font-family: helvetica, arial, sans-serif\"><\/span>\n<div class=\"wp-block-column is-vertically-aligned-center is-layout-flow wp-block-column-is-layout-flow\" style=\"padding: 1em\"><span style=\"color: #333333;font-family: helvetica, arial, sans-serif\"><\/span>\n<div class=\"wp-block-columns is-layout-flex wp-container-core-columns-is-layout-9d6595d7 wp-block-columns-is-layout-flex\"><span style=\"color: #333333;font-family: helvetica, arial, sans-serif\"><\/span>\n<div class=\"wp-block-column is-layout-flow wp-block-column-is-layout-flow\" style=\"flex-basis: 520px\"><span style=\"color: #333333;font-family: helvetica, arial, sans-serif\"><\/span>\n<p class=\"has-small-font-size\" style=\"line-height: 1.6\"><span style=\"color: #333333;font-family: helvetica, arial, sans-serif\"><strong>Prilagodljiv ritam<\/strong>: Studij je fleksibilan, a nastava se temelji na interaktivnim raspravama i individualnom radu. Ve\u0107ina modula ne zahtijeva pisane ispite, a nastava je usmjerena na istra\u017eivanje i analizu relevantne literature.<\/span><\/p>\n<span style=\"color: #333333;font-family: helvetica, arial, sans-serif\"><\/span>\n<p class=\"has-small-font-size\" style=\"line-height: 1.6\"><span style=\"color: #333333;font-family: helvetica, arial, sans-serif\"><strong>ECTS bodovi<\/strong>: Student treba prikupiti 60 ECTS-bodova godi\u0161nje za upis u sljede\u0107u godinu studija.<\/span><\/p>\n<span style=\"color: #333333;font-family: helvetica, arial, sans-serif\"><\/span>\n<p class=\"has-small-font-size\" style=\"line-height: 1.6\"><span style=\"color: #333333;font-family: helvetica, arial, sans-serif\"><strong>Bodovanje aktivnosti:<\/strong> Bodovi se skupljaju kroz obvezne i izborne aktivnosti poput <strong><em>slu\u0161anja izbornih kolegija<\/em><\/strong>, <strong><em>prijavu teme disertacije, objavljivanja znanstvenih radova, sudjelovanja na znanstvenim skupovima i dr<\/em><\/strong>. Aktivnosti se boduju prema kriterijima koje postavlja Vije\u0107e doktorskog studija, omogu\u0107uju\u0107i fleksibilnost u prikupljanju bodova.<\/span><\/p>\n<span style=\"color: #333333;font-family: helvetica, arial, sans-serif\"><\/span>\n<p class=\"has-small-font-size\" style=\"line-height: 1.6\"><span style=\"color: #333333;font-family: helvetica, arial, sans-serif\"><strong>Opisi predmeta:<\/strong> Ve\u0107ina modula uklju\u010duje manji broj sati aktivne nastave, nagla\u0161avaju\u0107i va\u017enost samostalnog rada i individualnih konzultacija s predava\u010dima. Studenti imaju slobodu u izboru predmeta, s mogu\u0107no\u0161\u0107u fokusiranja na specifi\u010dne teme ili sudjelovanja u \u0161irem spektru kolegija.<\/span><\/p>\n<span style=\"color: #333333;font-family: helvetica, arial, sans-serif\"><\/span><\/div>\n<span style=\"color: #333333;font-family: helvetica, arial, sans-serif\"><\/span><\/div>\n<span style=\"color: #333333;font-family: helvetica, arial, sans-serif\"><\/span><\/div>\n<span style=\"color: #333333;font-family: helvetica, arial, sans-serif\"><\/span><\/div>\n<p><span style=\"color: #333333;font-family: helvetica, arial, sans-serif\"><\/span><\/p>\n<div class=\"wp-block-columns alignfull is-layout-flex wp-container-core-columns-is-layout-9d6595d7 wp-block-columns-is-layout-flex\"><span style=\"color: #333333;font-family: helvetica, arial, sans-serif\"><\/span>\n<div class=\"wp-block-column is-layout-flow wp-block-column-is-layout-flow\" style=\"flex-basis: 25%\"><span style=\"color: #333333;font-family: helvetica, arial, sans-serif\"><\/span>\n<div class=\"wp-block-cover is-light\" style=\"min-height: 212px;aspect-ratio:unset;\">\n<div class=\"wp-block-cover__inner-container is-layout-flow wp-block-cover-is-layout-flow\"><span style=\"color: #333333;font-family: helvetica, arial, sans-serif\"><\/span>\n<p class=\"has-text-align-center has-white-color has-blue-gray-background-color has-text-color has-background has-link-color wp-elements-484c4a611007cc07702d856dc37739b3\" style=\"font-size: 11px\"><span style=\"color: #ffffff;font-family: helvetica, arial, sans-serif\"><strong>Sustav savjetovanja i vo\u0111enja kroz studij<\/strong><\/span><\/p>\n<span style=\"color: #333333;font-family: helvetica, arial, sans-serif\"><\/span><\/div>\n<\/div>\n<span style=\"color: #333333;font-family: helvetica, arial, sans-serif\"><\/span><\/div>\n<span style=\"color: #333333;font-family: helvetica, arial, sans-serif\"><\/span>\n<div class=\"wp-block-column is-vertically-aligned-center is-layout-flow wp-block-column-is-layout-flow\" style=\"padding: 1em\"><span style=\"color: #333333;font-family: helvetica, arial, sans-serif\"><\/span>\n<div class=\"wp-block-columns is-layout-flex wp-container-core-columns-is-layout-9d6595d7 wp-block-columns-is-layout-flex\"><span style=\"color: #333333;font-family: helvetica, arial, sans-serif\"><\/span>\n<div class=\"wp-block-column is-layout-flow wp-block-column-is-layout-flow\" style=\"flex-basis: 520px\"><span style=\"color: #333333;font-family: helvetica, arial, sans-serif\"><\/span>\n<p class=\"has-small-font-size\" style=\"line-height: 1.6\"><span style=\"color: #333333;font-family: helvetica, arial, sans-serif\"><strong>Savjetnici:<\/strong> Na po\u010detku studija studentu se imenuje studijski savjetnik &#8211; <span data-olk-copy-source=\"MessageBody\">profesor koji poma\u017ee doktorandima u akademskim pitanjima koja se odnose na planiranje teme, dinamiku rada, itd. Studijski savjetnici svojim iskustvom poma\u017eu doktorandima stasati u znanstvenike te svoj rad i energiju koristiti u\u010dinkovito te izgra\u0111ivati navike koje \u0107e im pomo\u0107i u znanstvenom radu.<\/span><\/span><\/p>\n<span style=\"color: #333333;font-family: helvetica, arial, sans-serif\"><\/span>\n<p class=\"has-small-font-size\" style=\"line-height: 1.6\"><span style=\"color: #333333;font-family: helvetica, arial, sans-serif\"><strong>Odabir mentora: <\/strong>Doktorandi biraju mentora odmah po upisu, a kona\u010dni mentor se odabire do \u010detvrtog semestra, kada student dovr\u0161i sinopsis. Mentor je nastavnik s odgovaraju\u0107im znanstvenim zvanjem, a njegovo imenovanje potvr\u0111uje Vije\u0107e fakulteta.<\/span><\/p>\n<span style=\"color: #333333\"><\/span><\/div>\n<span style=\"color: #333333\"><\/span><\/div>\n<span style=\"color: #333333\"><\/span><\/div>\n<span style=\"color: #333333\"><\/span><\/div>\n<p><span style=\"color: #333333\"><\/span><\/p>\t\t\t\t\t\t\t\t<\/div>\n\t\t\t\t<\/div>\n\t\t\t\t\t<\/div>\n\t\t<\/div>\n\t\t\t\t\t<\/div>\n\t\t<\/section>\n\t\t\t\t<\/div>\n\t\t","protected":false},"excerpt":{"rendered":"<p>Cjeloviti program DS-a Glotodidaktika pogledajte ovdje: Glotodidaktika &#8211; 2024 &#8211; Program doktorskog studija Opis programa Doktorski studij glotodidaktike osmi\u0161ljen je kako bi studentima omogu\u0107io duboko razumijevanje i istra\u017eivanje teorija i praksi u\u010denja jezika. Program traje 6 semestara, s mogu\u0107no\u0161\u0107u zavr\u0161etka za 3 godine za redovite studente, dok studenti s dijelom radnog vremena mogu zavr\u0161iti studij &hellip; <a href=\"https:\/\/pds.ffzg.unizg.hr\/glotodidaktika\/program\/\" class=\"more-link\">Nastavi \u010ditati<span class=\"screen-reader-text\"> &#8220;Program&#8221;<\/span><\/a><\/p>\n","protected":false},"author":10,"featured_media":0,"parent":0,"menu_order":0,"comment_status":"closed","ping_status":"closed","template":"","meta":{"footnotes":""},"class_list":["post-20","page","type-page","status-publish","hentry"],"_links":{"self":[{"href":"https:\/\/pds.ffzg.unizg.hr\/glotodidaktika\/wp-json\/wp\/v2\/pages\/20","targetHints":{"allow":["GET"]}}],"collection":[{"href":"https:\/\/pds.ffzg.unizg.hr\/glotodidaktika\/wp-json\/wp\/v2\/pages"}],"about":[{"href":"https:\/\/pds.ffzg.unizg.hr\/glotodidaktika\/wp-json\/wp\/v2\/types\/page"}],"author":[{"embeddable":true,"href":"https:\/\/pds.ffzg.unizg.hr\/glotodidaktika\/wp-json\/wp\/v2\/users\/10"}],"replies":[{"embeddable":true,"href":"https:\/\/pds.ffzg.unizg.hr\/glotodidaktika\/wp-json\/wp\/v2\/comments?post=20"}],"version-history":[{"count":43,"href":"https:\/\/pds.ffzg.unizg.hr\/glotodidaktika\/wp-json\/wp\/v2\/pages\/20\/revisions"}],"predecessor-version":[{"id":978,"href":"https:\/\/pds.ffzg.unizg.hr\/glotodidaktika\/wp-json\/wp\/v2\/pages\/20\/revisions\/978"}],"wp:attachment":[{"href":"https:\/\/pds.ffzg.unizg.hr\/glotodidaktika\/wp-json\/wp\/v2\/media?parent=20"}],"curies":[{"name":"wp","href":"https:\/\/api.w.org\/{rel}","templated":true}]}}