{"id":25,"date":"2017-06-13T20:26:28","date_gmt":"2017-06-13T20:26:28","guid":{"rendered":"http:\/\/pds.ffzg.unizg.hr\/glotodidaktika\/?page_id=25"},"modified":"2024-12-20T09:12:14","modified_gmt":"2024-12-20T09:12:14","slug":"dokumenti","status":"publish","type":"page","link":"https:\/\/pds.ffzg.unizg.hr\/glotodidaktika\/dokumenti\/","title":{"rendered":"Dokumenti"},"content":{"rendered":"<p><strong>Program:<\/strong><\/p>\n<ul>\n<li><a href=\"http:\/\/pds.ffzg.unizg.hr\/glotodidaktika\/wp-content\/uploads\/sites\/12\/2024\/12\/Glotodidaktika-2024-Program-doktorskog-studija.pdf\">Glotodidaktika &#8211; 2024 &#8211; Program doktorskog studija<\/a><\/li>\n<\/ul>\n<p><strong>Administracija:<\/strong><\/p>\n<ul>\n<li><a href=\"https:\/\/pds.ffzg.unizg.hr\/zaposlenici-poslijediplomske-referade\/\" target=\"_blank\" rel=\"noopener\">Referada poslijediplomskih studija<\/a><\/li>\n<li><a href=\"https:\/\/pds.ffzg.unizg.hr\/vijece-poslijediplomskih-studija\/\" target=\"_blank\" rel=\"noopener\">Vije\u0107e poslijediplomskih studija (dnevni redovi i zapisnici)<\/a><\/li>\n<\/ul>\n<p><strong>Postupci:<\/strong><\/p>\n<ul>\n<li><a href=\"http:\/\/pds.ffzg.unizg.hr\/glotodidaktika\/wp-content\/uploads\/sites\/12\/2017\/10\/postupnik-PDS-FFZG.pdf\" target=\"_blank\" rel=\"noopener\">Postupnik prijave teme doktorskoga rada, obrane doktorskoga rada i promocije (15. studenog 2016.)<\/a><\/li>\n<\/ul>\n<p><strong>Pravilnici i pravila:<\/strong><\/p>\n<ul>\n<li>Pravilnik o doktorskim studijima na Sveu\u010dili\u0161tu u Zagrebu [<a href=\"http:\/\/pds.ffzg.unizg.hr\/glotodidaktika\/wp-content\/uploads\/sites\/12\/2024\/11\/2024-Pravilnik-o-doktorskim-studijima.pdf\" target=\"_blank\" rel=\"noopener\">24. rujna 2024.<\/a>]<\/li>\n<li>Pravilnik o doktorskim studijima na Sveu\u010dili\u0161tu u Zagrebu [<a href=\"http:\/\/pds.ffzg.unizg.hr\/glotodidaktika\/wp-content\/uploads\/sites\/12\/2017\/10\/Pravilnik_o_doktorskim_studijima_2016_procisceno.pdf\">pro\u010di\u0161\u0107eni tekst) 7. rujna 2016.<\/a>]<\/li>\n<li><a href=\"http:\/\/pds.ffzg.unizg.hr\/glotodidaktika\/wp-content\/uploads\/sites\/12\/2017\/10\/Pravilnik_o_izmjenama_i_dopunama_Pravilnika_o_doktorskim_studijima_na_Sveucilistu_u_Zagrebu_2016.pdf\">Pravilnik o izmjenama i dopunama Pravilnika o doktorskim studijima na Sveu\u010dili\u0161tu u Zagrebu (2016.)<\/a><\/li>\n<li><a href=\"http:\/\/pds.ffzg.unizg.hr\/glotodidaktika\/wp-content\/uploads\/sites\/12\/2017\/10\/Pravilnik-o-doktorskim-studijima-na-Sveucilistu-u-Zagrebu-2010.pdf\">Pravilnik o doktorskim studijima na Sveu\u010dili\u0161tu u Zagrebu (2010.)<\/a><\/li>\n<li><a href=\"http:\/\/pds.ffzg.unizg.hr\/glotodidaktika\/wp-content\/uploads\/sites\/12\/2017\/10\/pravila-za-priznavanje-ECTS-1.docx\">Pravila o priznavanju prethodnih postignu\u0107a doktoranada i kandidata za studij<\/a><\/li>\n<li><a href=\"http:\/\/pds.ffzg.unizg.hr\/glotodidaktika\/wp-content\/uploads\/sites\/12\/2017\/10\/Pravilnik-o-znanstvenim-i-umjetnickim-podrucjima-poljima-i-granama_procisceni-tekst.pdf\">Pravilnik o znanstvenim i umjetni\u010dkim podru\u010djima, poljima i granama (pro\u010di\u0161\u0107eni tekst)<\/a><\/li>\n<li><a href=\"http:\/\/pds.ffzg.unizg.hr\/glotodidaktika\/wp-content\/uploads\/sites\/12\/2017\/10\/Pravilnik_o_postupku_vrednovanja_studijskih_programa_doktorskih_studija_SuZ.pdf\">Pravilnik o postupku vrednovanja studijskih programa doktorskih studija Sveu\u010dili\u0161ta u Zagrebu<\/a><\/li>\n<li><a href=\"http:\/\/pds.ffzg.unizg.hr\/glotodidaktika\/wp-content\/uploads\/sites\/12\/2017\/10\/pravilnik_o_medjunarodnim_dvojnim_doktoratima_SuZ.pdf\">Pravilnik o me\u0111unarodnim dvojnim doktoratima znanosti (Sveu\u010dili\u0161te u Zagrebu)<\/a><\/li>\n<\/ul>\n<p><strong>Obrasci:<\/strong><\/p>\n<ul>\n<li><a href=\"https:\/\/pds.ffzg.unizg.hr\/dokumenti\/obrasci-i-molbe\/\">Sveu\u010dili\u0161ni obrasci<\/a><\/li>\n<li><a href=\"http:\/\/pds.ffzg.unizg.hr\/wp-content\/uploads\/2017\/01\/Obrazac_prijave.doc\">Obrazac prijave na studij<\/a><\/li>\n<li><a href=\"http:\/\/pds.ffzg.unizg.hr\/wp-content\/uploads\/2017\/01\/Izjava_o_financiranju_i_studiranju.doc\">Izjava o financiranju i studiranju<\/a><\/li>\n<li><a href=\"http:\/\/pds.ffzg.unizg.hr\/glotodidaktika\/wp-content\/uploads\/sites\/12\/2017\/10\/protokol-obrane.docx\">Protokol obrane doktorskog rada<\/a><\/li>\n<li><a href=\"http:\/\/www.ffzg.unizg.hr\/stuslu\/wp-content\/uploads\/2012\/05\/molba_opca.doc\">Op\u0107a molba<\/a><\/li>\n<\/ul>\n<p><strong>Eti\u010dki kodeksi:<\/strong><\/p>\n<ul>\n<li><a href=\"http:\/\/pds.ffzg.unizg.hr\/glotodidaktika\/wp-content\/uploads\/sites\/12\/2017\/10\/Eticki_kodeks-UNIZG.pdf\">Eti\u010dki kodeks Sveu\u010dili\u0161ta u Zagrebu<\/a><\/li>\n<li><a href=\"http:\/\/www.ffzg.unizg.hr\/?page_id=4106\">Eti\u010dki kodeks nastavnika, suradnika i znanstvenika Filozofskoga fakulteta Sveu\u010dili\u0161ta u Zagrebu<\/a><\/li>\n<\/ul>\n<p><strong>Strate\u0161ki dokumenti:<\/strong><\/p>\n<ul>\n<li><a href=\"http:\/\/www.unizg.hr\/fileadmin\/rektorat\/O_Sveucilistu\/Dokumenti_javnost\/Dokumenti\/Strateski_dokumenti\/Izvjesca\/Istrazivacka_strategija_verzija.pdf\">Strategija istra\u017eivanja, transfera tehnologije i inovacija Sveu\u010dili\u0161ta u Zagrebu<\/a><\/li>\n<li><a href=\"http:\/\/www.unizg.hr\/fileadmin\/rektorat\/O_Sveucilistu\/Dokumenti_javnost\/Dokumenti\/Strateski_dokumenti\/Izvjesca\/Startegija_Internacioanlaizacije.pdf\">Strategija internacionalizacije Sveu\u010dili\u0161ta u Zagrebu 2014.\u20132025.<\/a><\/li>\n<li><a href=\"http:\/\/www.unizg.hr\/fileadmin\/rektorat\/O_Sveucilistu\/Dokumenti_javnost\/Dokumenti\/Strateski_dokumenti\/Izvjesca\/Strategija_sustava_osiguravnja_kvalitete.pdf\">Strategija sustava osiguravanja kvalitete Sveu\u010dili\u0161ta u Zagrebu<\/a><\/li>\n<li><a href=\"http:\/\/www.unizg.hr\/fileadmin\/rektorat\/O_Sveucilistu\/Dokumenti_javnost\/Dokumenti\/Strateski_dokumenti\/Izvjesca\/Strategija_studija_i_studiranja.pdf\">Strategija studija i studiranja Sveu\u010dili\u0161ta u Zagrebu (2014.\u20132025.)<\/a><\/li>\n<\/ul>\n<p><strong>Bro\u0161ure i informacije:<\/strong><\/p>\n<ul>\n<li><a href=\"http:\/\/pds.ffzg.unizg.hr\/glotodidaktika\/wp-content\/uploads\/sites\/12\/2017\/10\/Zajedno_do_doktorata-Preporuke_za_mentore_i_doktorande.pdf\">Zajedno do doktorata &#8211; Preporuke za mentore i doktorande<\/a><\/li>\n<li><a href=\"http:\/\/pds.ffzg.unizg.hr\/glotodidaktika\/wp-content\/uploads\/sites\/12\/2017\/10\/IDIZ-ov_prirucnik_za_mentoriranje.pdf\">IDIZ-ov priru\u010dnik za mentoriranje mladih istra\u017eiva\u010da<\/a><\/li>\n<li><a href=\"http:\/\/pds.ffzg.unizg.hr\/glotodidaktika\/wp-content\/uploads\/sites\/12\/2017\/10\/UNIZG_Vodic_DOKTORSKI_2016_web_2017-18.pdf\">Vodi\u010d kroz doktorske studije Sveu\u010dili\u0161ta u Zagrebu (2017.\/2018.)<\/a><\/li>\n<li><a href=\"http:\/\/pds.ffzg.unizg.hr\/glotodidaktika\/wp-content\/uploads\/sites\/12\/2017\/10\/UNIZG-Vodic-kroz-doktorski-studij-2011.pdf\">Vodi\u010d kroz doktorski studij na Sveu\u010dili\u0161tu u Zagrebu (2011.)<\/a><\/li>\n<\/ul>\n<p><strong>Smjernice, preporuke i korisni dokumenti:<\/strong><\/p>\n<ul>\n<li><a href=\"http:\/\/pds.ffzg.unizg.hr\/glotodidaktika\/wp-content\/uploads\/sites\/12\/2017\/10\/Prenosive-vjestine-smjernice.pdf\" target=\"_blank\" rel=\"noopener\">Prenosive vje\u0161tine u doktorskoj izobrazbi u Hrvatskoj<\/a><\/li>\n<li><a href=\"http:\/\/pds.ffzg.unizg.hr\/glotodidaktika\/wp-content\/uploads\/sites\/12\/2017\/10\/Povelja_za_istrazivace_Kodeks_o_novacenju_istrazivaca.pdf\" target=\"_blank\" rel=\"noopener\">Europska povelja za istra\u017eiva\u010de \/ Kodeks o nova\u010denju istra\u017eiva\u010da<\/a><\/li>\n<li><a href=\"http:\/\/pds.ffzg.unizg.hr\/glotodidaktika\/wp-content\/uploads\/sites\/12\/2017\/10\/Salzburg_II_preporuke.pdf\" target=\"_blank\" rel=\"noopener\">Salzburg II preporuke<\/a><\/li>\n<\/ul>\n","protected":false},"excerpt":{"rendered":"<p>Program: Glotodidaktika &#8211; 2024 &#8211; Program doktorskog studija Administracija: Referada poslijediplomskih studija Vije\u0107e poslijediplomskih studija (dnevni redovi i zapisnici) Postupci: Postupnik prijave teme doktorskoga rada, obrane doktorskoga rada i promocije (15. studenog 2016.) Pravilnici i pravila: Pravilnik o doktorskim studijima na Sveu\u010dili\u0161tu u Zagrebu [24. rujna 2024.] Pravilnik o doktorskim studijima na Sveu\u010dili\u0161tu u Zagrebu &hellip; <a href=\"https:\/\/pds.ffzg.unizg.hr\/glotodidaktika\/dokumenti\/\" class=\"more-link\">Nastavi \u010ditati<span class=\"screen-reader-text\"> &#8220;Dokumenti&#8221;<\/span><\/a><\/p>\n","protected":false},"author":2,"featured_media":0,"parent":0,"menu_order":0,"comment_status":"closed","ping_status":"closed","template":"","meta":{"footnotes":""},"class_list":["post-25","page","type-page","status-publish","hentry"],"_links":{"self":[{"href":"https:\/\/pds.ffzg.unizg.hr\/glotodidaktika\/wp-json\/wp\/v2\/pages\/25","targetHints":{"allow":["GET"]}}],"collection":[{"href":"https:\/\/pds.ffzg.unizg.hr\/glotodidaktika\/wp-json\/wp\/v2\/pages"}],"about":[{"href":"https:\/\/pds.ffzg.unizg.hr\/glotodidaktika\/wp-json\/wp\/v2\/types\/page"}],"author":[{"embeddable":true,"href":"https:\/\/pds.ffzg.unizg.hr\/glotodidaktika\/wp-json\/wp\/v2\/users\/2"}],"replies":[{"embeddable":true,"href":"https:\/\/pds.ffzg.unizg.hr\/glotodidaktika\/wp-json\/wp\/v2\/comments?post=25"}],"version-history":[{"count":34,"href":"https:\/\/pds.ffzg.unizg.hr\/glotodidaktika\/wp-json\/wp\/v2\/pages\/25\/revisions"}],"predecessor-version":[{"id":1026,"href":"https:\/\/pds.ffzg.unizg.hr\/glotodidaktika\/wp-json\/wp\/v2\/pages\/25\/revisions\/1026"}],"wp:attachment":[{"href":"https:\/\/pds.ffzg.unizg.hr\/glotodidaktika\/wp-json\/wp\/v2\/media?parent=25"}],"curies":[{"name":"wp","href":"https:\/\/api.w.org\/{rel}","templated":true}]}}