{"id":281,"date":"2024-11-10T08:35:46","date_gmt":"2024-11-10T08:35:46","guid":{"rendered":"https:\/\/pds.ffzg.unizg.hr\/glotodidaktika\/?page_id=281"},"modified":"2024-12-09T18:08:01","modified_gmt":"2024-12-09T18:08:01","slug":"slobodne-djelatnosti","status":"publish","type":"page","link":"https:\/\/pds.ffzg.unizg.hr\/glotodidaktika\/program\/struktura\/slobodne-djelatnosti\/","title":{"rendered":"Slobodne djelatnosti"},"content":{"rendered":"\t\t<div data-elementor-type=\"wp-page\" data-elementor-id=\"281\" class=\"elementor elementor-281\">\n\t\t\t\t\t\t<section class=\"elementor-section elementor-top-section elementor-element elementor-element-66cd208 elementor-section-boxed elementor-section-height-default elementor-section-height-default\" data-id=\"66cd208\" data-element_type=\"section\">\n\t\t\t\t\t\t<div class=\"elementor-container elementor-column-gap-default\">\n\t\t\t\t\t<div class=\"elementor-column elementor-col-100 elementor-top-column elementor-element elementor-element-d71c491\" data-id=\"d71c491\" data-element_type=\"column\">\n\t\t\t<div class=\"elementor-widget-wrap elementor-element-populated\">\n\t\t\t\t\t\t<div class=\"elementor-element elementor-element-c030f07 elementor-drop-cap-yes elementor-drop-cap-view-default elementor-widget elementor-widget-text-editor\" data-id=\"c030f07\" data-element_type=\"widget\" data-settings=\"{&quot;drop_cap&quot;:&quot;yes&quot;}\" data-widget_type=\"text-editor.default\">\n\t\t\t\t<div class=\"elementor-widget-container\">\n\t\t\t\t\t\t\t\t\t<p>Student samostalno ili uz pomo\u0107 savjetnika, voditelja modula i mentora strukturira ovaj modul. Pritom se vodi ra\u010duna o cjelokupnomu dotada\u0161njemu obrazovanju studenta kako bi se osiguralo da do zavr\u0161etka doktorskoga studija svaki student stekne znanja i kompetencije i iz onih relevantnih podru\u010dja koja, zbog sustava studija tijekom prethodnoga preddiplomskoga i diplomskoga obrazovanja pro\u0161ao, dotada nije stekao. <br \/>Ukupno treba prikupiti <b>59<\/b><strong>\u00a0do 74 ECTS<\/strong> bodova u sljede\u0107im kategorijama izbornih aktivnosti, od \u010dega su prve \u010detiri obavezne. O bodovanju pojedine aktivnosti odlu\u010duje Vije\u0107e doktorskoga studija <em>Glotodidaktika<\/em>.<\/p>\t\t\t\t\t\t\t\t<\/div>\n\t\t\t\t<\/div>\n\t\t\t\t\t<\/div>\n\t\t<\/div>\n\t\t\t\t\t<\/div>\n\t\t<\/section>\n\t\t\t\t<section class=\"elementor-section elementor-top-section elementor-element elementor-element-421567e elementor-section-boxed elementor-section-height-default elementor-section-height-default\" data-id=\"421567e\" data-element_type=\"section\">\n\t\t\t\t\t\t<div class=\"elementor-container elementor-column-gap-default\">\n\t\t\t\t\t<div class=\"elementor-column elementor-col-100 elementor-top-column elementor-element elementor-element-da6b76c\" data-id=\"da6b76c\" data-element_type=\"column\">\n\t\t\t<div class=\"elementor-widget-wrap\">\n\t\t\t\t\t\t\t<\/div>\n\t\t<\/div>\n\t\t\t\t\t<\/div>\n\t\t<\/section>\n\t\t\t\t<section class=\"elementor-section elementor-top-section elementor-element elementor-element-ae17db4 elementor-section-boxed elementor-section-height-default elementor-section-height-default\" data-id=\"ae17db4\" data-element_type=\"section\">\n\t\t\t\t\t\t<div class=\"elementor-container elementor-column-gap-default\">\n\t\t\t\t\t<div class=\"elementor-column elementor-col-100 elementor-top-column elementor-element elementor-element-7312396\" data-id=\"7312396\" data-element_type=\"column\">\n\t\t\t<div class=\"elementor-widget-wrap elementor-element-populated\">\n\t\t\t\t\t\t<div class=\"elementor-element elementor-element-10e7620 elementor-widget elementor-widget-timeline-widget-addon\" data-id=\"10e7620\" data-element_type=\"widget\" data-widget_type=\"timeline-widget-addon.default\">\n\t\t\t\t<div class=\"elementor-widget-container\">\n\t\t\t\t\t<!-- ========= Timeline Widget Addon For Elementor 1.6.13 ========= -->\n<div id=\"twae-wrapper-10e7620\" class=\"twae-vertical twae-wrapper  twae-both-sided\">   \n    <div class=\"twae-start\"><\/div>    \n    <div id=\"twea-timeline-10e7620\" class=\"twae-timeline\" ><!-- Start of Story Repeater Content --><div id=\"story-db1ba15\" class=\"twae-story twae-repeater-item twae-story-right twae-story-no-icon\"><!-- Story Label --><div class=\"twae-labels\"><div class=\"twae-label-big\">Sudjelovanja <\/div><div class=\"twae-label-small\">na znanstvenim skupovima <\/div><\/div><!-- Story Icon --><div class=\"twae-icon\"><i aria-hidden=\"true\" class=\"far fa-clock\"><\/i><\/div><!-- Story Arrow --><div class=\"twae-arrow\"><\/div><!-- Start of Story Content --><div class=\"twae-content\"><!-- Story Title --><div class=\"twae-title\">S<\/div><!-- Story Description --><div class=\"twae-description\"><p>Student je tijekom studija obavezan sudjelovati na najmanje <b>4\u00a0<\/b>znanstvena skupa, od \u010dega su\u00a0<strong>2 me\u0111unarodna<\/strong><span style=\"text-align: var(--tw-cbx-text-align);font-size: 1rem\">.<\/span><\/p><p>Za sudjelovanje <strong>kao slu\u0161a\u010d<\/strong> obavezan je izvje\u0161taj, a ostalo podrazumijeva sudjelovanje posterom, slikokazom ili izlaganje.<\/p><p>Sudjelovanjem na jednom skupu mo\u017ee ste\u0107i do 5 ECTS-a,\u00a0 pri \u010demu se radovi u suautorstvu umanjuju prema broju suatuora, ili utvr\u0111enomu udjelu u radu.<\/p><\/div><\/div><\/div><!-- Start of Story Repeater Content --><div id=\"story-6a9f5d4\" class=\"twae-story twae-repeater-item twae-story-left twae-story-no-icon\"><!-- Story Label --><div class=\"twae-labels\"><div class=\"twae-label-big\">Objavljivanje<\/div><div class=\"twae-label-small\">radova<\/div><\/div><!-- Story Icon --><div class=\"twae-icon\"><i aria-hidden=\"true\" class=\"far fa-clock\"><\/i><\/div><!-- Story Arrow --><div class=\"twae-arrow\"><\/div><!-- Start of Story Content --><div class=\"twae-content\"><!-- Story Title --><div class=\"twae-title\">O<\/div><!-- Story Description --><div class=\"twae-description\"><p>Objaviti najmanje<\/p><ul><li style=\"list-style-type: none\"><ul style=\"list-style-type: square\"><li><strong>2<\/strong> znanstvena rada, od \u010dega jedan me\u0111unarodno recenziran objavljen u tiskovinama relevantnima za struku i<\/li><li>2 stru\u010dna (stru\u010dne mogu zamijeniti znanstveni)<\/li><\/ul><\/li><\/ul><p>Objavljivanjem se mo\u017ee ste\u0107i do <strong>7 ECTS<\/strong>-a po radu.\u00a0<\/p><p>Radovi u suautorstvu umanjuju se prema broju suatuora, ili utvr\u0111enomu udjelu u radu.<\/p><\/div><\/div><\/div><!-- Start of Story Repeater Content --><div id=\"story-79dd1f9\" class=\"twae-story twae-repeater-item twae-story-right twae-story-no-icon\"><!-- Story Label --><div class=\"twae-labels\"><div class=\"twae-label-big\">Gloseminari<\/div><\/div><!-- Story Icon --><div class=\"twae-icon\"><i aria-hidden=\"true\" class=\"far fa-clock\"><\/i><\/div><!-- Story Arrow --><div class=\"twae-arrow\"><\/div><!-- Start of Story Content --><div class=\"twae-content\"><!-- Story Title --><div class=\"twae-title\">G<\/div><!-- Story Description --><div class=\"twae-description\"><p class=\"MsoNormal\" style=\"margin: 0cm 9.05pt 13.35pt 36.0pt\">Sudjelovati na\u00a0 raspravljaonicama gdje sudjeluje s drugim studentima i izla\u017ee spoznato iz svojega podru\u010dja.<\/p><p class=\"MsoNormal\" style=\"margin: 0cm 9.05pt 13.35pt 36.0pt\">Prije prijave teme du\u017ean je najmanje dva puta izlo\u017eiti svoju temu.<\/p><p class=\"MsoNormal\" style=\"margin: 0cm 9.05pt 13.35pt 36.0pt\">Bodove skupljanjem sati mo\u017ee dobiti i za sudjelovanje na seminarima, doktorandskim radionicama i sl.<\/p><\/div><\/div><\/div><!-- Start of Story Repeater Content --><div id=\"story-7310661\" class=\"twae-story twae-repeater-item twae-story-left twae-story-no-icon\"><!-- Story Label --><div class=\"twae-labels\"><div class=\"twae-label-big\">Istra\u017eiva\u010dka<\/div><div class=\"twae-label-small\">nastava<\/div><\/div><!-- Story Icon --><div class=\"twae-icon\"><i aria-hidden=\"true\" class=\"far fa-clock\"><\/i><\/div><!-- Story Arrow --><div class=\"twae-arrow\"><\/div><!-- Start of Story Content --><div class=\"twae-content\"><!-- Story Title --><div class=\"twae-title\">I<\/div><!-- Story Description --><div class=\"twae-description\"><p>Studenti koji odr\u017eavaju nastavu mogu skupiti bodove pisanim ili javnim izlaganjem u kojemu \u0107e vrjednovati vlastitu ili tu\u0111u nastavu u pisanomu obliku ili javnim izlaganjem, neke od njezinih vidova.<\/p><p>Ako ne odr\u017eavaju nastavu, mogu vrjednovati tu\u0111u.<\/p><p>Tako se\u00a0 mo\u017ee ukupno skupiti najvi\u0161e 10 ECTS-a.<\/p><\/div><\/div><\/div><!-- Start of Story Repeater Content --><div id=\"story-46a90b1\" class=\"twae-story twae-repeater-item twae-story-right twae-story-no-icon\"><!-- Story Label --><div class=\"twae-labels\"><div class=\"twae-label-big\">Projektno<\/div><div class=\"twae-label-small\">sudjelovanje<\/div><\/div><!-- Story Icon --><div class=\"twae-icon\"><i aria-hidden=\"true\" class=\"far fa-clock\"><\/i><\/div><!-- Story Arrow --><div class=\"twae-arrow\"><\/div><!-- Start of Story Content --><div class=\"twae-content\"><!-- Story Title --><div class=\"twae-title\">P<\/div><!-- Story Description --><div class=\"twae-description\"><p>Po\u017eeljno je da studenti aktivno sudjeluju na istra\u017eiva\u010dkim projektima, o \u010demu podnose izvje\u0161taj i potvrdu voditelja projekta o vrsti posla i broju utro\u0161enih sati.<\/p><p>Nu\u017eno je da studenti sudjeluju bar u projektu glotodidakti\u010dkoga nazivlja doktorskoga studija <em>Glododidaktika<\/em>.<\/p><p>Radom na istra\u017eiva\u010dkim projektima mo\u017ee se ukupno ste\u0107i <strong>do 15 ECTS<\/strong>-a.<\/p><\/div><\/div><\/div><!-- Start of Story Repeater Content --><div id=\"story-b001b17\" class=\"twae-story twae-repeater-item twae-story-left twae-story-no-icon\"><!-- Story Label --><div class=\"twae-labels\"><div class=\"twae-label-big\">Ostale<\/div><div class=\"twae-label-small\">aktivnosti<\/div><\/div><!-- Story Icon --><div class=\"twae-icon\"><i aria-hidden=\"true\" class=\"far fa-clock\"><\/i><\/div><!-- Story Arrow --><div class=\"twae-arrow\"><\/div><!-- Start of Story Content --><div class=\"twae-content\"><!-- Story Title --><div class=\"twae-title\">O<\/div><!-- Story Description --><div class=\"twae-description\"><p>Vije\u0107e doktorskoga studija mo\u017ee odlu\u010diti da se studentima prizna\u00a0 i neki drugi rad, npr.<\/p><ul><li style=\"list-style-type: none\"><ul><li style=\"list-style-type: none\"><ul style=\"list-style-type: square\"><li>na prijavi istra\u017eiva\u010dkoga projekta,<\/li><li>organiziranju znanstvenoga skupa...<\/li><\/ul><\/li><\/ul><\/li><\/ul><\/div><\/div><\/div><\/div>\n    <div class=\"twae-end\"><\/div>\n    <\/div><style type=\"text\/css\">@media (max-width: 1024px){ .twae-wrapper{--tw-ybx-size: 80px !important;}}@media (max-width: 767px){ .twae-wrapper{--tw-ybx-size: 80px !important}}<\/style>\t\t\t\t<\/div>\n\t\t\t\t<\/div>\n\t\t\t\t\t<\/div>\n\t\t<\/div>\n\t\t\t\t\t<\/div>\n\t\t<\/section>\n\t\t\t\t<\/div>\n\t\t","protected":false},"excerpt":{"rendered":"<p>Student samostalno ili uz pomo\u0107 savjetnika, voditelja modula i mentora strukturira ovaj modul. Pritom se vodi ra\u010duna o cjelokupnomu dotada\u0161njemu obrazovanju studenta kako bi se osiguralo da do zavr\u0161etka doktorskoga studija svaki student stekne znanja i kompetencije i iz onih relevantnih podru\u010dja koja, zbog sustava studija tijekom prethodnoga preddiplomskoga i diplomskoga obrazovanja pro\u0161ao, dotada nije &hellip; <a href=\"https:\/\/pds.ffzg.unizg.hr\/glotodidaktika\/program\/struktura\/slobodne-djelatnosti\/\" class=\"more-link\">Nastavi \u010ditati<span class=\"screen-reader-text\"> &#8220;Slobodne djelatnosti&#8221;<\/span><\/a><\/p>\n","protected":false},"author":10,"featured_media":0,"parent":8,"menu_order":0,"comment_status":"closed","ping_status":"closed","template":"","meta":{"footnotes":""},"class_list":["post-281","page","type-page","status-publish","hentry"],"_links":{"self":[{"href":"https:\/\/pds.ffzg.unizg.hr\/glotodidaktika\/wp-json\/wp\/v2\/pages\/281","targetHints":{"allow":["GET"]}}],"collection":[{"href":"https:\/\/pds.ffzg.unizg.hr\/glotodidaktika\/wp-json\/wp\/v2\/pages"}],"about":[{"href":"https:\/\/pds.ffzg.unizg.hr\/glotodidaktika\/wp-json\/wp\/v2\/types\/page"}],"author":[{"embeddable":true,"href":"https:\/\/pds.ffzg.unizg.hr\/glotodidaktika\/wp-json\/wp\/v2\/users\/10"}],"replies":[{"embeddable":true,"href":"https:\/\/pds.ffzg.unizg.hr\/glotodidaktika\/wp-json\/wp\/v2\/comments?post=281"}],"version-history":[{"count":26,"href":"https:\/\/pds.ffzg.unizg.hr\/glotodidaktika\/wp-json\/wp\/v2\/pages\/281\/revisions"}],"predecessor-version":[{"id":874,"href":"https:\/\/pds.ffzg.unizg.hr\/glotodidaktika\/wp-json\/wp\/v2\/pages\/281\/revisions\/874"}],"up":[{"embeddable":true,"href":"https:\/\/pds.ffzg.unizg.hr\/glotodidaktika\/wp-json\/wp\/v2\/pages\/8"}],"wp:attachment":[{"href":"https:\/\/pds.ffzg.unizg.hr\/glotodidaktika\/wp-json\/wp\/v2\/media?parent=281"}],"curies":[{"name":"wp","href":"https:\/\/api.w.org\/{rel}","templated":true}]}}