{"id":338,"date":"2024-11-12T11:06:10","date_gmt":"2024-11-12T11:06:10","guid":{"rendered":"https:\/\/pds.ffzg.unizg.hr\/glotodidaktika\/?page_id=338"},"modified":"2024-11-12T15:17:55","modified_gmt":"2024-11-12T15:17:55","slug":"projekti","status":"publish","type":"page","link":"https:\/\/pds.ffzg.unizg.hr\/glotodidaktika\/projekti\/","title":{"rendered":"Projekti"},"content":{"rendered":"\n<p>Na doktorskom studiju Glotodidaktika, aktivno sudjelovanje studenata u istra\u017eiva\u010dkim projektima predstavlja klju\u010dni aspekt obrazovanja. Studenti su potaknuti da se uklju\u010de u razli\u010dite projekte, gdje mogu primijeniti svoje znanje i vje\u0161tine, te doprinijeti razvoju glotodidaktike.<\/p>\n\n\n\n<h2 class=\"wp-block-heading\">Aktivno sudjelovanje<\/h2>\n\n\n\n<div class=\"wp-block-columns is-layout-flex wp-container-core-columns-is-layout-9d6595d7 wp-block-columns-is-layout-flex\">\n<div class=\"wp-block-column is-layout-flow wp-block-column-is-layout-flow\">\n<p class=\"has-drop-cap\">Svaki student podnosi izvje\u0161taj o svom radu na projektu, uz potvrdu voditelja projekta koja uklju\u010duje vrstu posla i broj utro\u0161enih sati. Ova praksa omogu\u0107ava studentima da se reflektiraju na svoje iskustvo i postignu\u0107a.<\/p>\n<\/div>\n\n\n\n<div class=\"wp-block-column is-layout-flow wp-block-column-is-layout-flow\">\n<p>Jedan od obaveznih projekata za studente je sudjelovanje u istra\u017eivanju <strong>glotodidakti\u010dkog nazivlja<\/strong> \u0161to pru\u017ea priliku za dublje razumijevanje terminologije i koncepata unutar glotodidaktike, te doprinosi razvoju znanstvene zajednice.<\/p>\n<\/div>\n<\/div>\n\n\n\n<p>Radom na istra\u017eiva\u010dkim projektima, studenti razvijaju svoje istra\u017eiva\u010dke vje\u0161tine i kompetencije te na ovaj na\u010din mogu ste\u0107i ukupno do&nbsp;<strong>15 ECTS bodova<\/strong>.<\/p>\n\n\n\n<h2 class=\"wp-block-heading\">Aktualni istra\u017eiva\u010dki projekti<\/h2>\n\n\n\n<div class=\"wp-block-columns is-layout-flex wp-container-core-columns-is-layout-9d6595d7 wp-block-columns-is-layout-flex\">\n<div class=\"wp-block-column is-layout-flow wp-block-column-is-layout-flow\">\n<p class=\"has-drop-cap\">U okviru studija, nastavnici provode razne istra\u017eiva\u010dke projekte na koje se studenti mogu prijaviti za sudjelovanje. Ovi projekti obuhva\u0107aju razli\u010dite aspekte glotodidaktike i pru\u017eaju studentima priliku za prakti\u010dno iskustvo i suradnju s iskusnim istra\u017eiva\u010dima. <\/p>\n<\/div>\n\n\n\n<div class=\"wp-block-column is-layout-flow wp-block-column-is-layout-flow\">\n<p>Popis trenutno aktivnih projekata bit \u0107e redovito a\u017euriran, a studenti su pozvani da se prijave i uklju\u010de u projekte koji ih zanimaju.<\/p>\n<\/div>\n<\/div>\n\n\n\n<div class=\"wp-block-group alignfull is-content-justification-center\" style=\"margin-top:0;margin-bottom:0\"><div class=\"wp-block-group__inner-container is-layout-constrained wp-block-group-is-layout-constrained\">\n<div style=\"height:var(--wp--preset--spacing--20)\" aria-hidden=\"true\" class=\"wp-block-spacer\"><\/div>\n\n\n\n<div class=\"wp-block-group alignwide\"><div class=\"wp-block-group__inner-container is-layout-flow wp-block-group-is-layout-flow\">\n<div class=\"wp-block-columns alignwide are-vertically-aligned-top is-layout-flex wp-container-core-columns-is-layout-ac3ebc3b wp-block-columns-is-layout-flex\">\n<div class=\"wp-block-column is-vertically-aligned-top is-content-justification-left is-layout-constrained wp-container-core-column-is-layout-02d07192 wp-block-column-is-layout-constrained\">\n<h2 class=\"wp-block-heading\"><strong>CLIL Network for Languages in Education<\/strong><\/h2>\n\n\n\n<h5 class=\"wp-block-heading\">dr.sc. Julia H\u00fcttner, red. prof.<\/h5>\n\n\n\n<p>dr. sc. Lidija Cviki\u0107, red. prof., MC<\/p>\n\n\n\n<figure class=\"wp-block-image size-medium is-style-rounded\"><img decoding=\"async\" width=\"300\" height=\"110\" src=\"https:\/\/pds.ffzg.unizg.hr\/glotodidaktika\/wp-content\/uploads\/sites\/12\/2024\/11\/image-2-300x110.png\" alt=\"\" class=\"wp-image-355\" srcset=\"https:\/\/pds.ffzg.unizg.hr\/glotodidaktika\/wp-content\/uploads\/sites\/12\/2024\/11\/image-2-300x110.png 300w, https:\/\/pds.ffzg.unizg.hr\/glotodidaktika\/wp-content\/uploads\/sites\/12\/2024\/11\/image-2-1024x375.png 1024w, https:\/\/pds.ffzg.unizg.hr\/glotodidaktika\/wp-content\/uploads\/sites\/12\/2024\/11\/image-2-768x281.png 768w, https:\/\/pds.ffzg.unizg.hr\/glotodidaktika\/wp-content\/uploads\/sites\/12\/2024\/11\/image-2-1536x562.png 1536w, https:\/\/pds.ffzg.unizg.hr\/glotodidaktika\/wp-content\/uploads\/sites\/12\/2024\/11\/image-2-2048x749.png 2048w, https:\/\/pds.ffzg.unizg.hr\/glotodidaktika\/wp-content\/uploads\/sites\/12\/2024\/11\/image-2-18x7.png 18w, https:\/\/pds.ffzg.unizg.hr\/glotodidaktika\/wp-content\/uploads\/sites\/12\/2024\/11\/image-2-1200x439.png 1200w\" sizes=\"(max-width: 300px) 85vw, 300px\" \/><\/figure>\n<\/div>\n\n\n\n<div class=\"wp-block-column is-vertically-aligned-top is-layout-flow wp-block-column-is-layout-flow\" style=\"flex-basis:40%\">\n<p style=\"font-size:14px\"><strong>Opis projekta<\/strong>: Cilj projekta je istra\u017eiti inovativne metodologije u u\u010denju jezika, pove\u0107ati integraciju digitalnih alata u obrazovne prakse te potaknuti suradnju me\u0111u istra\u017eiva\u010dima i edukatorima diljem Europe. O\u010dekivani rezultati uklju\u010duju razvoj sveobuhvatnog okvira za digitalno obrazovanje jezika, objavljivanje istra\u017eiva\u010dkih nalaza u akademskim \u010dasopisima i stvaranje mre\u017ee profesionalaca posve\u0107enih unapre\u0111enju obrazovanja jezika.<\/p>\n\n\n\n<p style=\"font-size:14px\"><strong>Trajanje projekta<\/strong>: 6.10.2022. &#8211; 5.10.2026.<\/p>\n\n\n\n<p class=\"has-small-font-size\"><strong>Mogu\u0107nosti sudjelovanja<\/strong>: istra\u017eiva\u010dka suradnja i sudjelovanje na konferencijama.<\/p>\n\n\n\n<p class=\"has-small-font-size\"><strong>Preduvjeti<\/strong>: pozadina u obrazovanju jezika ili srodnim podru\u010djima, kao i interes za digitalne alate i metodologije u podu\u010davanju.<\/p>\n\n\n\n<p class=\"has-small-font-size\"><strong>Na\u010din prijave<\/strong>: zainteresirani kandidati trebaju poslati \u017eivotopis i kratku izjavu o interesu voditeljici projekta.<\/p>\n\n\n\n<div class=\"wp-block-buttons is-layout-flex wp-block-buttons-is-layout-flex\">\n<div class=\"wp-block-button\"><a class=\"wp-block-button__link wp-element-button\" href=\"https:\/\/www.clilnetle.eu\/\" target=\"_blank\" rel=\"noreferrer noopener\">ISTRA\u017dI<\/a><\/div>\n<\/div>\n<\/div>\n<\/div>\n\n\n\n<div style=\"height:var(--wp--preset--spacing--20)\" aria-hidden=\"true\" class=\"wp-block-spacer\"><\/div>\n<\/div><\/div>\n\n\n\n<div style=\"height:var(--wp--preset--spacing--20)\" aria-hidden=\"true\" class=\"wp-block-spacer\"><\/div>\n<\/div><\/div>\n\n\n\n<div class=\"wp-block-group alignfull is-content-justification-center\" style=\"margin-top:0;margin-bottom:0\"><div class=\"wp-block-group__inner-container is-layout-constrained wp-block-group-is-layout-constrained\">\n<div style=\"height:var(--wp--preset--spacing--20)\" aria-hidden=\"true\" class=\"wp-block-spacer\"><\/div>\n\n\n\n<div class=\"wp-block-group alignwide\"><div class=\"wp-block-group__inner-container is-layout-flow wp-block-group-is-layout-flow\">\n<div class=\"wp-block-columns alignwide are-vertically-aligned-top is-layout-flex wp-container-core-columns-is-layout-ac3ebc3b wp-block-columns-is-layout-flex\">\n<div class=\"wp-block-column is-vertically-aligned-top is-content-justification-left is-layout-constrained wp-container-core-column-is-layout-02d07192 wp-block-column-is-layout-constrained\">\n<h2 class=\"wp-block-heading\"><strong>ACIIS &#8211; Academy for creative, innovative and inclusive schools<\/strong><\/h2>\n\n\n\n<h5 class=\"wp-block-heading\"><\/h5>\n\n\n\n<p>dr. sc. Lidija Cviki\u0107, red. prof.<\/p>\n\n\n\n<figure class=\"wp-block-image size-large\"><img fetchpriority=\"high\" decoding=\"async\" width=\"1024\" height=\"626\" src=\"https:\/\/pds.ffzg.unizg.hr\/glotodidaktika\/wp-content\/uploads\/sites\/12\/2024\/11\/image-4-1024x626.png\" alt=\"\" class=\"wp-image-358\" srcset=\"https:\/\/pds.ffzg.unizg.hr\/glotodidaktika\/wp-content\/uploads\/sites\/12\/2024\/11\/image-4-1024x626.png 1024w, https:\/\/pds.ffzg.unizg.hr\/glotodidaktika\/wp-content\/uploads\/sites\/12\/2024\/11\/image-4-300x183.png 300w, https:\/\/pds.ffzg.unizg.hr\/glotodidaktika\/wp-content\/uploads\/sites\/12\/2024\/11\/image-4-768x470.png 768w, https:\/\/pds.ffzg.unizg.hr\/glotodidaktika\/wp-content\/uploads\/sites\/12\/2024\/11\/image-4-1536x939.png 1536w, https:\/\/pds.ffzg.unizg.hr\/glotodidaktika\/wp-content\/uploads\/sites\/12\/2024\/11\/image-4-18x12.png 18w, https:\/\/pds.ffzg.unizg.hr\/glotodidaktika\/wp-content\/uploads\/sites\/12\/2024\/11\/image-4-1200x734.png 1200w, https:\/\/pds.ffzg.unizg.hr\/glotodidaktika\/wp-content\/uploads\/sites\/12\/2024\/11\/image-4.png 1606w\" sizes=\"(max-width: 709px) 85vw, (max-width: 909px) 67vw, (max-width: 1362px) 62vw, 840px\" \/><\/figure>\n<\/div>\n\n\n\n<div class=\"wp-block-column is-vertically-aligned-top is-layout-flow wp-block-column-is-layout-flow\" style=\"flex-basis:40%\">\n<p style=\"font-size:14px\"><strong>Opis projekta<\/strong>: Cilj projekta je razviti kreativne, inovativne i inkluzivne pristupe obrazovanju koji \u0107e pobolj\u0161ati iskustva u\u010denja za sve u\u010denike. O\u010dekivani rezultati uklju\u010duju stvaranje resursa koji \u0107e podr\u017eati u\u010ditelje u primjeni inovativnih metoda podu\u010davanja, kao i ja\u010danje zajedni\u010dkog u\u010denja i razmjene iskustava me\u0111u \u0161kolama.<\/p>\n\n\n\n<p style=\"font-size:14px\"><strong>Trajanje projekta<\/strong>: 15.6.2023. &#8211; 14.6.2026.<\/p>\n\n\n\n<p class=\"has-small-font-size\"><strong>Mogu\u0107nosti sudjelovanja<\/strong>: istra\u017eiva\u010dka suradnja i sudjelovanje na konferencijama.<\/p>\n\n\n\n<p class=\"has-small-font-size\"><strong>Preduvjeti<\/strong>: studenti zainteresirani za obrazovne inovacije<\/p>\n\n\n\n<p class=\"has-small-font-size\"><strong>Na\u010din prijave<\/strong>: zainteresirani kandidati trebaju poslati \u017eivotopis i kratku izjavu o interesu voditeljici projekta.<\/p>\n\n\n\n<div class=\"wp-block-buttons is-layout-flex wp-block-buttons-is-layout-flex\">\n<div class=\"wp-block-button\"><a class=\"wp-block-button__link wp-element-button\" href=\"https:\/\/www.aciis.net\/index.php\" target=\"_blank\" rel=\"noreferrer noopener\">ISTRA\u017dI<\/a><\/div>\n<\/div>\n<\/div>\n<\/div>\n\n\n\n<div style=\"height:var(--wp--preset--spacing--20)\" aria-hidden=\"true\" class=\"wp-block-spacer\"><\/div>\n<\/div><\/div>\n\n\n\n<div style=\"height:var(--wp--preset--spacing--20)\" aria-hidden=\"true\" class=\"wp-block-spacer\"><\/div>\n<\/div><\/div>\n","protected":false},"excerpt":{"rendered":"<p>Na doktorskom studiju Glotodidaktika, aktivno sudjelovanje studenata u istra\u017eiva\u010dkim projektima predstavlja klju\u010dni aspekt obrazovanja. Studenti su potaknuti da se uklju\u010de u razli\u010dite projekte, gdje mogu primijeniti svoje znanje i vje\u0161tine, te doprinijeti razvoju glotodidaktike. Aktivno sudjelovanje Svaki student podnosi izvje\u0161taj o svom radu na projektu, uz potvrdu voditelja projekta koja uklju\u010duje vrstu posla i broj &hellip; <a href=\"https:\/\/pds.ffzg.unizg.hr\/glotodidaktika\/projekti\/\" class=\"more-link\">Nastavi \u010ditati<span class=\"screen-reader-text\"> &#8220;Projekti&#8221;<\/span><\/a><\/p>\n","protected":false},"author":10,"featured_media":0,"parent":0,"menu_order":0,"comment_status":"closed","ping_status":"closed","template":"","meta":{"footnotes":""},"class_list":["post-338","page","type-page","status-publish","hentry"],"_links":{"self":[{"href":"https:\/\/pds.ffzg.unizg.hr\/glotodidaktika\/wp-json\/wp\/v2\/pages\/338","targetHints":{"allow":["GET"]}}],"collection":[{"href":"https:\/\/pds.ffzg.unizg.hr\/glotodidaktika\/wp-json\/wp\/v2\/pages"}],"about":[{"href":"https:\/\/pds.ffzg.unizg.hr\/glotodidaktika\/wp-json\/wp\/v2\/types\/page"}],"author":[{"embeddable":true,"href":"https:\/\/pds.ffzg.unizg.hr\/glotodidaktika\/wp-json\/wp\/v2\/users\/10"}],"replies":[{"embeddable":true,"href":"https:\/\/pds.ffzg.unizg.hr\/glotodidaktika\/wp-json\/wp\/v2\/comments?post=338"}],"version-history":[{"count":16,"href":"https:\/\/pds.ffzg.unizg.hr\/glotodidaktika\/wp-json\/wp\/v2\/pages\/338\/revisions"}],"predecessor-version":[{"id":360,"href":"https:\/\/pds.ffzg.unizg.hr\/glotodidaktika\/wp-json\/wp\/v2\/pages\/338\/revisions\/360"}],"wp:attachment":[{"href":"https:\/\/pds.ffzg.unizg.hr\/glotodidaktika\/wp-json\/wp\/v2\/media?parent=338"}],"curies":[{"name":"wp","href":"https:\/\/api.w.org\/{rel}","templated":true}]}}