{"id":486,"date":"2024-11-14T13:34:22","date_gmt":"2024-11-14T13:34:22","guid":{"rendered":"https:\/\/pds.ffzg.unizg.hr\/glotodidaktika\/?page_id=486"},"modified":"2024-11-19T19:01:01","modified_gmt":"2024-11-19T19:01:01","slug":"izborni-kolegiji-jezicni-razvoj","status":"publish","type":"page","link":"https:\/\/pds.ffzg.unizg.hr\/glotodidaktika\/program\/struktura\/izborni-kolegiji\/izborni-kolegiji-jezicni-razvoj\/","title":{"rendered":"Izborni kolegiji &#8211; Jezi\u010dni razvoj"},"content":{"rendered":"\t\t<div data-elementor-type=\"wp-page\" data-elementor-id=\"486\" class=\"elementor elementor-486\">\n\t\t\t\t\t\t<section class=\"elementor-section elementor-top-section elementor-element elementor-element-421567e elementor-section-boxed elementor-section-height-default elementor-section-height-default\" data-id=\"421567e\" data-element_type=\"section\">\n\t\t\t\t\t\t<div class=\"elementor-container elementor-column-gap-default\">\n\t\t\t\t\t<div class=\"elementor-column elementor-col-100 elementor-top-column elementor-element elementor-element-d48dda6\" data-id=\"d48dda6\" data-element_type=\"column\">\n\t\t\t<div class=\"elementor-widget-wrap elementor-element-populated\">\n\t\t\t\t\t\t<div class=\"elementor-element elementor-element-e2750dd elementor-widget elementor-widget-accordion\" data-id=\"e2750dd\" data-element_type=\"widget\" data-widget_type=\"accordion.default\">\n\t\t\t\t<div class=\"elementor-widget-container\">\n\t\t\t\t\t\t\t<div class=\"elementor-accordion\">\n\t\t\t\t\t\t\t<div class=\"elementor-accordion-item\">\n\t\t\t\t\t<div id=\"elementor-tab-title-2371\" class=\"elementor-tab-title\" data-tab=\"1\" role=\"button\" aria-controls=\"elementor-tab-content-2371\" aria-expanded=\"false\">\n\t\t\t\t\t\t\t\t\t\t\t\t\t<span class=\"elementor-accordion-icon elementor-accordion-icon-left\" aria-hidden=\"true\">\n\t\t\t\t\t\t\t\t\t\t\t\t\t\t\t<span class=\"elementor-accordion-icon-closed\"><i class=\"fas fa-plus\"><\/i><\/span>\n\t\t\t\t\t\t\t\t<span class=\"elementor-accordion-icon-opened\"><i class=\"fas fa-minus\"><\/i><\/span>\n\t\t\t\t\t\t\t\t\t\t\t\t\t\t<\/span>\n\t\t\t\t\t\t\t\t\t\t\t\t<a class=\"elementor-accordion-title\" tabindex=\"0\">\u010cimbenik dobi<\/a>\n\t\t\t\t\t<\/div>\n\t\t\t\t\t<div id=\"elementor-tab-content-2371\" class=\"elementor-tab-content elementor-clearfix\" data-tab=\"1\" role=\"region\" aria-labelledby=\"elementor-tab-title-2371\"><p style=\"margin: 0cm .55pt .2pt -.25pt\"><strong>Vrsta predmeta<\/strong>: <span style=\"color: #339966\">izborni<\/span><\/p><p style=\"margin: 0cm .55pt .2pt -.25pt\"><strong>Ime i prezime nositelja<\/strong>: doc. dr. sc. Mirna Erk<\/p><p style=\"text-indent: 0cm;margin: 0cm 0cm .2pt -.75pt\"><strong>Ime i prezime izvo\u0111a\u010da<\/strong>:\u00a0<span style=\"color: var( --e-global-color-text );font-family: var( --e-global-typography-text-font-family ), Sans-serif;font-weight: var( --e-global-typography-text-font-weight );font-size: 1rem\">doc. dr. sc. Mirna Erk i doc. dr. sc. Stela Letica Krevelj<\/span><\/p><p style=\"margin: 0cm 0cm .2pt -.25pt\"><strong>Jezik izvo\u0111enja<\/strong>: hrvatski i engleski<\/p><p style=\"margin: 0cm .55pt .2pt -.25pt\"><strong>Broj sati nastave<\/strong>: 6<\/p><p style=\"margin: 0cm .55pt .2pt -.25pt\"><strong>Vrsta nastave<\/strong>:\u00a0 seminar<\/p><p style=\"margin: 0cm .55pt .2pt -.25pt\"><strong>Metode provo\u0111enja nastave<\/strong><em>: <\/em>seminar &#8211; izlaganje, razgovor, \u010ditanje, pisanje &#8211; prakti\u010dni rad<\/p><p style=\"margin: 0cm .55pt .2pt -.25pt\"><strong>Na\u010din izvr\u0161enja obveza<\/strong>: aktivno sudjelovanje u raspravi na nastavi o unaprijed pripremljenim materijalima, samostalna kriti\u010dka analiza odabranoga rada.<\/p><p><strong>Broj ECTS bodova<\/strong>: 2<\/p><p style=\"margin: 0cm 0cm .55pt -.25pt\"><strong><i>Sadr\u017eaj predmeta po temama<\/i><\/strong><\/p><p>Glavna terminolo\u0161ka pitanja. Osnovni teorijski pristupi OVIJ-a. Jezik i mozak: kriti\u010dko vs. osjetljivo razdoblje. Ovladavanje stranim jezikom u ranoj dobi. Ovladavanje stranim jezikom u odrasloj dobi. Ovladavanje stranim jezikom u poznoj dobi. Strategijska dimenzija individualnoga jezi\u010dnoga razvoja. Suvremena metodologija istra\u017eivanja vezanih za dob kao \u010dimbenik ovladavanja stranim jezikom. \u010cimbenik dobi u nastavi stranoga jezika.<\/p><p style=\"margin: 0cm 0cm .55pt -.25pt\"><strong><i>Ishodi u\u010denja na razini predmeta<\/i><\/strong><\/p><ul><li style=\"list-style-type: none\"><ul><li style=\"list-style-type: none\"><ul style=\"list-style-type: square\"><li>pokazati sustavno razumijevanje \u010dimbenika dobi i vladanje istra\u017eiva\u010dkim vje\u0161tinama i metodama toga podru\u010dja<\/li><li>pokazati sposobnost razumijevanja, za\u010dinjanja, oblikovanja, implementiranja i prilago\u0111avanja ozbiljnoga istra\u017eiva\u010dkoga procesa, doprinose\u0107i \u0161irenju postoje\u0107ih znanja<\/li><li>biti sposoban kriti\u010dki analizirati, vrednovati i sintetizirati nove i slo\u017eene ideje<\/li><li>mo\u0107i komunicirati sa sustru\u010dnjacima, \u0161irom znanstvenom zajednicom i \u0161irom dru\u0161tvenom zajednicom o podru\u010dju svoje ekspertize, u ovomu slu\u010daju povezano s \u010dimbenikom dobi<\/li><\/ul><\/li><\/ul><\/li><\/ul><\/div>\n\t\t\t\t<\/div>\n\t\t\t\t\t\t\t<div class=\"elementor-accordion-item\">\n\t\t\t\t\t<div id=\"elementor-tab-title-2372\" class=\"elementor-tab-title\" data-tab=\"2\" role=\"button\" aria-controls=\"elementor-tab-content-2372\" aria-expanded=\"false\">\n\t\t\t\t\t\t\t\t\t\t\t\t\t<span class=\"elementor-accordion-icon elementor-accordion-icon-left\" aria-hidden=\"true\">\n\t\t\t\t\t\t\t\t\t\t\t\t\t\t\t<span class=\"elementor-accordion-icon-closed\"><i class=\"fas fa-plus\"><\/i><\/span>\n\t\t\t\t\t\t\t\t<span class=\"elementor-accordion-icon-opened\"><i class=\"fas fa-minus\"><\/i><\/span>\n\t\t\t\t\t\t\t\t\t\t\t\t\t\t<\/span>\n\t\t\t\t\t\t\t\t\t\t\t\t<a class=\"elementor-accordion-title\" tabindex=\"0\">Psihologija djece s posebnim potrebama<\/a>\n\t\t\t\t\t<\/div>\n\t\t\t\t\t<div id=\"elementor-tab-content-2372\" class=\"elementor-tab-content elementor-clearfix\" data-tab=\"2\" role=\"region\" aria-labelledby=\"elementor-tab-title-2372\"><p style=\"margin: 0cm .55pt .2pt -.25pt\"><strong>Vrsta predmeta<\/strong>: <span style=\"color: #339966\">izborni<\/span><\/p><p style=\"margin: 0cm .55pt .2pt -.25pt\"><strong>Ime i prezime nositelja<\/strong>: izv. prof. dr. sc. Nina Pavlin-Bernadi\u0107<\/p><p style=\"text-indent: 0cm;margin: 0cm 0cm .2pt -.75pt\"><strong>Ime i prezime izvo\u0111a\u010da<\/strong>:\u00a0<span style=\"color: var( --e-global-color-text );font-family: var( --e-global-typography-text-font-family ), Sans-serif;font-weight: var( --e-global-typography-text-font-weight );font-size: 1rem\">izv. prof. dr. sc. Nina Pavlin-Bernadi\u0107<\/span><\/p><p style=\"margin: 0cm 0cm .2pt -.25pt\"><strong>Jezik izvo\u0111enja<\/strong>: hrvatski i engleski<\/p><p style=\"margin: 0cm .55pt .2pt -.25pt\"><strong>Broj sati nastave<\/strong>: 6<\/p><p style=\"margin: 0cm .55pt .2pt -.25pt\"><strong>Vrsta nastave<\/strong>: seminar, konzultacije &#8211; individualna nastava<\/p><p style=\"margin: 0cm .55pt .2pt -.25pt\"><strong>Metode provo\u0111enja nastave<\/strong><em>:<\/em>seminar &#8211; izlaganje, razgovor, \u010ditanje, pisanje &#8211; prakti\u010dni rad.<\/p><p style=\"margin: 0cm .55pt .2pt -.25pt\"><strong>Na\u010din izvr\u0161enja obveza<\/strong>: aktivno sudjelovanje u raspravi na nastavi, seminarski rad.<\/p><p><strong>Broj ECTS bodova<\/strong>: 2<\/p><p style=\"margin: 0cm 0cm .55pt -.25pt\"><strong><i>Sadr\u017eaj predmeta po temama<\/i><\/strong><\/p><p>Teorijski pristupi darovitosti; osobine darovitih; identifikacija u \u0161kolskomu sustavu; oblici rada s darovitim u\u010denicima; pristup odgoju i obrazovanju djece s te\u0161ko\u0107ama; intelektualne te\u0161ko\u0107e; poreme\u0107aji iz spektra autizma; specifi\u010dne te\u0161ko\u0107e u u\u010denju; deficit pa\u017enje i hiperaktivnost (ADHD); emocionalne i pona\u0161ajne te\u0161ko\u0107e.<\/p><p style=\"margin: 0cm 0cm .55pt -.25pt\"><strong><i>Ishodi u\u010denja na razini predmeta<\/i><\/strong><\/p><ul><li style=\"list-style-type: none\"><ul><li style=\"list-style-type: none\"><ul style=\"list-style-type: square\"><li>kriti\u010dki usporediti razli\u010dite teorijske pristupe darovitosti; procijeniti primjerenost oblika rada s darovitima u \u0161kolskomu sustavu<\/li><li>planirati istra\u017eivanje u podru\u010dju jezi\u010dne darovitosti<\/li><li>razlikovati osnovna obilje\u017eja naj\u010de\u0161\u0107ih razvojnih i psihi\u010dkih te\u0161ko\u0107a u djetinjstvu i adolescenciji<\/li><li>prepoznati probleme prilagodbe djece s te\u0161ko\u0107ama i razumjeti potrebu za pru\u017eanjem podr\u0161ke u suradnji sa stru\u010dnom slu\u017ebom \u0161kole<\/li><li>razumjeti i primijeniti osnovna na\u010dela pristupa prevladavanju tih te\u0161ko\u0107a<\/li><\/ul><\/li><\/ul><\/li><\/ul><\/div>\n\t\t\t\t<\/div>\n\t\t\t\t\t\t\t<div class=\"elementor-accordion-item\">\n\t\t\t\t\t<div id=\"elementor-tab-title-2373\" class=\"elementor-tab-title\" data-tab=\"3\" role=\"button\" aria-controls=\"elementor-tab-content-2373\" aria-expanded=\"false\">\n\t\t\t\t\t\t\t\t\t\t\t\t\t<span class=\"elementor-accordion-icon elementor-accordion-icon-left\" aria-hidden=\"true\">\n\t\t\t\t\t\t\t\t\t\t\t\t\t\t\t<span class=\"elementor-accordion-icon-closed\"><i class=\"fas fa-plus\"><\/i><\/span>\n\t\t\t\t\t\t\t\t<span class=\"elementor-accordion-icon-opened\"><i class=\"fas fa-minus\"><\/i><\/span>\n\t\t\t\t\t\t\t\t\t\t\t\t\t\t<\/span>\n\t\t\t\t\t\t\t\t\t\t\t\t<a class=\"elementor-accordion-title\" tabindex=\"0\">Razvojna psihologija<\/a>\n\t\t\t\t\t<\/div>\n\t\t\t\t\t<div id=\"elementor-tab-content-2373\" class=\"elementor-tab-content elementor-clearfix\" data-tab=\"3\" role=\"region\" aria-labelledby=\"elementor-tab-title-2373\"><p style=\"margin: 0cm .55pt .2pt -.25pt\"><strong>Vrsta predmeta<\/strong>: <span style=\"color: #339966\">izborni<\/span><\/p><p style=\"text-indent: 0cm;margin: 0cm 0cm .2pt -.75pt\"><strong>Ime i prezime nostielja<\/strong>: prof. dr. sc. Gordana Kereste\u0161<\/p><p style=\"text-indent: 0cm;margin: 0cm 0cm .2pt -.75pt\"><span style=\"font-weight: bold\">Ime i prezime izvo\u0111a\u010da<\/span>:\u00a0<span style=\"color: var( --e-global-color-text );font-family: var( --e-global-typography-text-font-family ), Sans-serif;font-weight: var( --e-global-typography-text-font-weight );font-size: 1rem\">prof. dr. sc. Gordana Kereste\u0161<\/span><\/p><p style=\"margin: 0cm 0cm .2pt -.25pt\"><strong>Jezik izvo\u0111enja<\/strong>: hrvatski<\/p><p style=\"margin: 0cm .55pt .2pt -.25pt\"><strong>Broj sati nastave<\/strong>: 6<\/p><p style=\"margin: 0cm .55pt .2pt -.25pt\"><strong>Vrsta nastave<\/strong>:\u00a0 seminar, konzultacije &#8211; individualna nastava<\/p><p style=\"margin: 0cm .55pt .2pt -.25pt\"><strong>Metode provo\u0111enja nastave<\/strong><em>: <\/em>seminar &#8211; izlaganje, razgovor, \u010ditanje, pisanje &#8211; prakti\u010dni rad<\/p><p style=\"margin: 0cm .55pt .2pt -.25pt\"><strong>Na\u010din izvr\u0161enja obveza<\/strong>: poha\u0111anje nastave, usmeno izlaganje o razvojno-psiholo\u0161kim aspektima teme disertacije, grupne rasprave, seminarski rad<\/p><p><strong>Broj ECTS bodova<\/strong>: 2<\/p><p style=\"margin: 0cm 0cm .55pt -.25pt\"><strong><i>Sadr\u017eaj predmeta po temama<\/i><\/strong><\/p><p>Metodolo\u0161ki i teorijski temelji razvojne psihologije. Tjelesni, kognitivni, emocionalni i socijalni razvoj u razli\u010ditim razdobljima razvoja. Implikacije razvojnih obilje\u017eja za ovladavanje inim jezikom.<\/p><p style=\"margin: 0cm 0cm .55pt -.25pt\"><strong><i>Ishodi u\u010denja na razini predmeta<\/i><\/strong><\/p><ul><li style=\"list-style-type: none\"><ul><li style=\"list-style-type: none\"><ul style=\"list-style-type: square\"><li>Studenti \u0107e razlikovati razli\u010dite metodolo\u0161ke pristupe i teorijske poglede na razvoj pojedinca.<\/li><li>Mo\u0107i \u0107e opisati temeljna obilje\u017eja tjelesnog, kognitivnog, emocionalnog i socijalnog razvoja u razli\u010ditim razdobljima razvoja.<\/li><li>Znanja o \u010dovjekovu razvoju mo\u0107i \u0107e primijeniti u izradi nacrta svog doktorskog rada, kao i u kriti\u010dkoj analizi i unaprje\u0111enju svog stru\u010dnog rada.<\/li><\/ul><\/li><\/ul><\/li><\/ul><\/div>\n\t\t\t\t<\/div>\n\t\t\t\t\t\t\t<div class=\"elementor-accordion-item\">\n\t\t\t\t\t<div id=\"elementor-tab-title-2374\" class=\"elementor-tab-title\" data-tab=\"4\" role=\"button\" aria-controls=\"elementor-tab-content-2374\" aria-expanded=\"false\">\n\t\t\t\t\t\t\t\t\t\t\t\t\t<span class=\"elementor-accordion-icon elementor-accordion-icon-left\" aria-hidden=\"true\">\n\t\t\t\t\t\t\t\t\t\t\t\t\t\t\t<span class=\"elementor-accordion-icon-closed\"><i class=\"fas fa-plus\"><\/i><\/span>\n\t\t\t\t\t\t\t\t<span class=\"elementor-accordion-icon-opened\"><i class=\"fas fa-minus\"><\/i><\/span>\n\t\t\t\t\t\t\t\t\t\t\t\t\t\t<\/span>\n\t\t\t\t\t\t\t\t\t\t\t\t<a class=\"elementor-accordion-title\" tabindex=\"0\">Usvajanje prvoga jezika<\/a>\n\t\t\t\t\t<\/div>\n\t\t\t\t\t<div id=\"elementor-tab-content-2374\" class=\"elementor-tab-content elementor-clearfix\" data-tab=\"4\" role=\"region\" aria-labelledby=\"elementor-tab-title-2374\"><p style=\"margin: 0cm .55pt .2pt -.25pt\"><strong>Vrsta predmeta<\/strong>: <span style=\"color: #339966\">izborni<\/span><\/p><p style=\"margin: 0cm .55pt .2pt -.25pt\"><strong>Ime i prezime nositelja<\/strong>: prof. dr. sc. Melita Kova\u010devi\u0107<\/p><p style=\"text-indent: 0cm;margin: 0cm 0cm .2pt -.75pt\"><strong>Ime i prezime izvo\u0111a\u010da<\/strong>:\u00a0<span style=\"color: var( --e-global-color-text );font-family: var( --e-global-typography-text-font-family ), Sans-serif;font-weight: var( --e-global-typography-text-font-weight );font-size: 1rem\">prof. dr. sc. Melita Kova\u010devi\u0107<\/span><\/p><p style=\"margin: 0cm 0cm .2pt -.25pt\"><strong>Jezik izvo\u0111enja<\/strong>: hrvatski i engleski<\/p><p style=\"margin: 0cm .55pt .2pt -.25pt\"><strong>Broj sati nastave<\/strong>: 6<\/p><p style=\"margin: 0cm .55pt .2pt -.25pt\"><strong>Vrsta nastave<\/strong>:\u00a0 seminar, konzultacije &#8211; individualna nastava<\/p><p style=\"margin: 0cm .55pt .2pt -.25pt\"><strong>Metode provo\u0111enja nastave<\/strong><em>: <\/em>seminar &#8211; izlaganje, razgovor, \u010ditanje, pisanje &#8211; prakti\u010dni rad<\/p><p style=\"margin: 0cm .55pt .2pt -.25pt\"><strong>Na\u010din izvr\u0161enja obveza<\/strong>:\u00a0 poha\u0111anje nastave; doktorand sam bila temu iz podru\u010dja usvajanja prvoga jezika; pi\u0161e pregledni rad (od 4 do 5 kartica teksta)<\/p><p><strong>Broj ECTS bodova<\/strong>: 2<\/p><p style=\"margin: 0cm 0cm .55pt -.25pt\"><strong><i>Sadr\u017eaj predmeta po temama<\/i><\/strong><\/p><p>1. upoznavanje s podru\u010djem i temeljnom terminologijom; 2. prenatalni jezi\u010dni razvoj i prva godina \u017eivota; 3. proces usvajanja osnove materinskoga jezika &#8211; od 1. do 4. godine \u017eivota; 4. razdoblje pred\u0161kolskoga i \u0161kolskoga jezi\u010dnoga razvoja &#8211; metajezik i jezi\u010dna osvije\u0161tenost; 5. metodologija istra\u017eivanja, vrste istra\u017eivanja, baze jezi\u010dnih podataka<\/p><p style=\"margin: 0cm 0cm .55pt -.25pt\"><strong><i>Ishodi u\u010denja na razini predmeta<\/i><\/strong><\/p><ul><li style=\"list-style-type: none\"><ul><li style=\"list-style-type: none\"><ul style=\"list-style-type: square\"><li>upoznati se s podru\u010djem i temeljnim nazivljem<\/li><li>razumjeti dobna razdoblja jezi\u010dnoga razvoja<\/li><li>raspraviti osnovna obilje\u017eja jezi\u010dnoga razvoja<\/li><li>dobiti uvid u istra\u017eivanja dje\u010djega jezika u hrvatskome i drugim jezicima<\/li><li>razumjeti temeljna istra\u017eiva\u010dka pitanja i metodologiju istra\u017eivanja jezi\u010dnog usvajanja<\/li><\/ul><\/li><\/ul><\/li><\/ul><\/div>\n\t\t\t\t<\/div>\n\t\t\t\t\t\t\t\t<\/div>\n\t\t\t\t\t\t<\/div>\n\t\t\t\t<\/div>\n\t\t\t\t\t<\/div>\n\t\t<\/div>\n\t\t\t\t\t<\/div>\n\t\t<\/section>\n\t\t\t\t<\/div>\n\t\t","protected":false},"excerpt":{"rendered":"<p>\u010cimbenik dobi Vrsta predmeta: izborni Ime i prezime nositelja: doc. dr. sc. Mirna Erk Ime i prezime izvo\u0111a\u010da:\u00a0doc. dr. sc. Mirna Erk i doc. dr. sc. Stela Letica Krevelj Jezik izvo\u0111enja: hrvatski i engleski Broj sati nastave: 6 Vrsta nastave:\u00a0 seminar Metode provo\u0111enja nastave: seminar &#8211; izlaganje, razgovor, \u010ditanje, pisanje &#8211; prakti\u010dni rad Na\u010din izvr\u0161enja &hellip; <a href=\"https:\/\/pds.ffzg.unizg.hr\/glotodidaktika\/program\/struktura\/izborni-kolegiji\/izborni-kolegiji-jezicni-razvoj\/\" class=\"more-link\">Nastavi \u010ditati<span class=\"screen-reader-text\"> &#8220;Izborni kolegiji &#8211; Jezi\u010dni razvoj&#8221;<\/span><\/a><\/p>\n","protected":false},"author":10,"featured_media":0,"parent":269,"menu_order":0,"comment_status":"closed","ping_status":"closed","template":"","meta":{"footnotes":""},"class_list":["post-486","page","type-page","status-publish","hentry"],"_links":{"self":[{"href":"https:\/\/pds.ffzg.unizg.hr\/glotodidaktika\/wp-json\/wp\/v2\/pages\/486","targetHints":{"allow":["GET"]}}],"collection":[{"href":"https:\/\/pds.ffzg.unizg.hr\/glotodidaktika\/wp-json\/wp\/v2\/pages"}],"about":[{"href":"https:\/\/pds.ffzg.unizg.hr\/glotodidaktika\/wp-json\/wp\/v2\/types\/page"}],"author":[{"embeddable":true,"href":"https:\/\/pds.ffzg.unizg.hr\/glotodidaktika\/wp-json\/wp\/v2\/users\/10"}],"replies":[{"embeddable":true,"href":"https:\/\/pds.ffzg.unizg.hr\/glotodidaktika\/wp-json\/wp\/v2\/comments?post=486"}],"version-history":[{"count":25,"href":"https:\/\/pds.ffzg.unizg.hr\/glotodidaktika\/wp-json\/wp\/v2\/pages\/486\/revisions"}],"predecessor-version":[{"id":713,"href":"https:\/\/pds.ffzg.unizg.hr\/glotodidaktika\/wp-json\/wp\/v2\/pages\/486\/revisions\/713"}],"up":[{"embeddable":true,"href":"https:\/\/pds.ffzg.unizg.hr\/glotodidaktika\/wp-json\/wp\/v2\/pages\/269"}],"wp:attachment":[{"href":"https:\/\/pds.ffzg.unizg.hr\/glotodidaktika\/wp-json\/wp\/v2\/media?parent=486"}],"curies":[{"name":"wp","href":"https:\/\/api.w.org\/{rel}","templated":true}]}}