{"id":501,"date":"2024-11-16T16:37:23","date_gmt":"2024-11-16T16:37:23","guid":{"rendered":"https:\/\/pds.ffzg.unizg.hr\/glotodidaktika\/?page_id=501"},"modified":"2024-11-19T19:02:00","modified_gmt":"2024-11-19T19:02:00","slug":"izborni-kolegiji-procjenjivanje","status":"publish","type":"page","link":"https:\/\/pds.ffzg.unizg.hr\/glotodidaktika\/program\/struktura\/izborni-kolegiji\/izborni-kolegiji-procjenjivanje\/","title":{"rendered":"Izborni kolegiji &#8211; Procjenjivanje"},"content":{"rendered":"\t\t<div data-elementor-type=\"wp-page\" data-elementor-id=\"501\" class=\"elementor elementor-501\">\n\t\t\t\t\t\t<section class=\"elementor-section elementor-top-section elementor-element elementor-element-421567e elementor-section-boxed elementor-section-height-default elementor-section-height-default\" data-id=\"421567e\" data-element_type=\"section\">\n\t\t\t\t\t\t<div class=\"elementor-container elementor-column-gap-default\">\n\t\t\t\t\t<div class=\"elementor-column elementor-col-100 elementor-top-column elementor-element elementor-element-d48dda6\" data-id=\"d48dda6\" data-element_type=\"column\">\n\t\t\t<div class=\"elementor-widget-wrap elementor-element-populated\">\n\t\t\t\t\t\t<div class=\"elementor-element elementor-element-e2750dd elementor-widget elementor-widget-accordion\" data-id=\"e2750dd\" data-element_type=\"widget\" data-widget_type=\"accordion.default\">\n\t\t\t\t<div class=\"elementor-widget-container\">\n\t\t\t\t\t\t\t<div class=\"elementor-accordion\">\n\t\t\t\t\t\t\t<div class=\"elementor-accordion-item\">\n\t\t\t\t\t<div id=\"elementor-tab-title-2371\" class=\"elementor-tab-title\" data-tab=\"1\" role=\"button\" aria-controls=\"elementor-tab-content-2371\" aria-expanded=\"false\">\n\t\t\t\t\t\t\t\t\t\t\t\t\t<span class=\"elementor-accordion-icon elementor-accordion-icon-left\" aria-hidden=\"true\">\n\t\t\t\t\t\t\t\t\t\t\t\t\t\t\t<span class=\"elementor-accordion-icon-closed\"><i class=\"fas fa-plus\"><\/i><\/span>\n\t\t\t\t\t\t\t\t<span class=\"elementor-accordion-icon-opened\"><i class=\"fas fa-minus\"><\/i><\/span>\n\t\t\t\t\t\t\t\t\t\t\t\t\t\t<\/span>\n\t\t\t\t\t\t\t\t\t\t\t\t<a class=\"elementor-accordion-title\" tabindex=\"0\">Istra\u017eivanje i procjenjivanje nastavnih materijala<\/a>\n\t\t\t\t\t<\/div>\n\t\t\t\t\t<div id=\"elementor-tab-content-2371\" class=\"elementor-tab-content elementor-clearfix\" data-tab=\"1\" role=\"region\" aria-labelledby=\"elementor-tab-title-2371\"><p style=\"margin: 0cm .55pt .2pt -.25pt\"><strong>Vrsta predmeta<\/strong>: <span style=\"color: #339966\">izborni<\/span><\/p><p style=\"margin: 0cm .55pt .2pt -.25pt\"><strong>Ime i prezime nositelja<\/strong>: prof. dr. sc. Ana Petravi\u0107<\/p><p style=\"text-indent: 0cm;margin: 0cm 0cm .2pt -.75pt\"><strong>Ime i prezime izvo\u0111a\u010da<\/strong>: prof. dr. sc. Ana Petravi\u0107<\/p><p style=\"margin: 0cm 0cm .2pt -.25pt\"><strong>Jezik izvo\u0111enja<\/strong>: hrvatski i engleski, njema\u010dki<\/p><p style=\"margin: 0cm .55pt .2pt -.25pt\"><strong>Broj sati nastave<\/strong>: 6<\/p><p style=\"margin: 0cm .55pt .2pt -.25pt\"><strong>Vrsta nastave<\/strong>:\u00a0 seminar<\/p><p style=\"margin: 0cm .55pt .2pt -.25pt\"><strong>Metode provo\u0111enja nastave<\/strong><em>: <\/em>seminar &#8211; izlaganje, razgovor, \u010ditanje, pisanje &#8211; prakti\u010dni rad<\/p><p style=\"margin: 0cm .55pt .2pt -.25pt\"><strong>Na\u010din izvr\u0161enja obveza<\/strong>: : aktivno sudjelovanje u raspravi na nastavi, kra\u0107e izlaganje na temelju prethodno dogovorene literature, seminarski rad<\/p><p><strong>Broj ECTS bodova<\/strong>: 3<\/p><p style=\"margin: 0cm 0cm .55pt -.25pt\"><strong><i>Sadr\u017eaj predmeta po temama<\/i><\/strong><\/p><p>1. Nastavi materijali i njihove funkcije; 2. \u010cimbenici konstrukcije i analize nastavnih materijala; 3. Znanstveno istra\u017eivanje nastavnih materijala: &#8211; vrste i primjeri istra\u017eivanja prema fokusu istra\u017eivanja, vremenskoj dimenziji, metodologiji i obuhvatu segmenata nastavnih materijala; 4. Vrednovanje i prosudba nastavnih materijala za potrebe nastavne prakse: funkcije, predmet, metode, kriteriji, adresati, razine vrednovanja i evaluatori; 5. Odnos vrednovanja i razvoja nastavnih materijala.<\/p><p style=\"margin: 0cm 0cm .55pt -.25pt\"><strong><i>Ishodi u\u010denja na razini predmeta<\/i><\/strong><\/p><ul><li style=\"list-style-type: none\"><ul><li style=\"list-style-type: none\"><ul style=\"list-style-type: square\"><li>identificirati \u010dimbenike konstrukcije nastavnih materijala u sinkronijskoj i dijakronijskoj perspektivi<\/li><li>razlikovati vrste sustavnoga bavljenja nastavnim materijalima s obzirom na metodologiju i svrhu njihove analize i vrednovanja<\/li><li>analizirati \u010dimbenike vrednovanja i prosudbe nastavnih materijala<\/li><li>analizirati i samostalno razviti kriterije za prosudbu nastavnih materijala<\/li><li>provesti analizu i vrednovati odabrani nastavni materijal prema postoje\u0107im ili samostalno razvijenim kriterijima<\/li><\/ul><\/li><\/ul><\/li><\/ul><\/div>\n\t\t\t\t<\/div>\n\t\t\t\t\t\t\t<div class=\"elementor-accordion-item\">\n\t\t\t\t\t<div id=\"elementor-tab-title-2372\" class=\"elementor-tab-title\" data-tab=\"2\" role=\"button\" aria-controls=\"elementor-tab-content-2372\" aria-expanded=\"false\">\n\t\t\t\t\t\t\t\t\t\t\t\t\t<span class=\"elementor-accordion-icon elementor-accordion-icon-left\" aria-hidden=\"true\">\n\t\t\t\t\t\t\t\t\t\t\t\t\t\t\t<span class=\"elementor-accordion-icon-closed\"><i class=\"fas fa-plus\"><\/i><\/span>\n\t\t\t\t\t\t\t\t<span class=\"elementor-accordion-icon-opened\"><i class=\"fas fa-minus\"><\/i><\/span>\n\t\t\t\t\t\t\t\t\t\t\t\t\t\t<\/span>\n\t\t\t\t\t\t\t\t\t\t\t\t<a class=\"elementor-accordion-title\" tabindex=\"0\">Izrada jezi\u010dnih ispita<\/a>\n\t\t\t\t\t<\/div>\n\t\t\t\t\t<div id=\"elementor-tab-content-2372\" class=\"elementor-tab-content elementor-clearfix\" data-tab=\"2\" role=\"region\" aria-labelledby=\"elementor-tab-title-2372\"><p style=\"margin: 0cm .55pt .2pt -.25pt\"><strong>Vrsta predmeta<\/strong>: <span style=\"color: #339966\">izborni<\/span><\/p><p style=\"margin: 0cm .55pt .2pt -.25pt\"><strong>Ime i prezime nositelja<\/strong>: prof. dr. sc. Lidija Cviki\u0107<\/p><p style=\"text-indent: 0cm;margin: 0cm 0cm .2pt -.75pt\"><strong>Ime i prezime izvo\u0111a\u010da<\/strong>:\u00a0<span style=\"color: var( --e-global-color-text );font-family: var( --e-global-typography-text-font-family ), Sans-serif;font-weight: var( --e-global-typography-text-font-weight );font-size: 1rem\">prof. dr. sc. Lidija Cviki\u0107<\/span><\/p><p style=\"margin: 0cm 0cm .2pt -.25pt\"><strong>Jezik izvo\u0111enja<\/strong>: hrvatski i engleski<\/p><p style=\"margin: 0cm .55pt .2pt -.25pt\"><strong>Broj sati nastave<\/strong>: 6<\/p><p style=\"margin: 0cm .55pt .2pt -.25pt\"><strong>Vrsta nastave<\/strong>:\u00a0 seminar, vje\u017ebe<\/p><p style=\"margin: 0cm .55pt .2pt -.25pt\"><strong>Metode provo\u0111enja nastave<\/strong><em>: <\/em>seminar &#8211; izlaganje, razgovor, \u010ditanje, pisanje &#8211; prakti\u010dni rad<\/p><p style=\"margin: 0cm .55pt .2pt -.25pt\"><strong>Na\u010din izvr\u0161enja obveza<\/strong>:\u00a0 aktivno sudjelovanje u raspravi na nastavi, seminarski rad<\/p><p><strong>Broj ECTS bodova<\/strong>: 3<\/p><p style=\"margin: 0cm 0cm .55pt -.25pt\"><strong><i>Sadr\u017eaj predmeta po temama<\/i><\/strong><\/p><p class=\"MsoNormal\">Osnovni pojmovi: ispit, test, ispitivanje, testiranje, mjerenje, procjenjivanje, vrednovanje. Vrste ispita. Mjerna obilje\u017eja ispita. Opis ispita. Vrste zadataka. Izrada jezi\u010dnoga ispita: ispit slu\u0161anja, ispit \u010ditanja, ispit govorenja, ispit pisanja, ispit leksi\u010dkoga znanja, ispit gramati\u010dkoga znanja.<\/p><p style=\"margin: 0cm 0cm .55pt -.25pt\"><strong><i>Ishodi u\u010denja na razini predmeta<\/i><\/strong><\/p><ul><li style=\"list-style-type: none\"><ul><li style=\"list-style-type: none\"><ul style=\"list-style-type: square\"><li>mo\u0107i definirati osnovne pojmove: ispit, test, ispitivanje, testiranje, mjerenje, procjenjivanje, vrednovanje<\/li><li>razlikovati vrste jezi\u010dnih ispita<\/li><li>mo\u0107i samostalno izraditi ispitni katalog<\/li><li>odabrati vrste zadataka s obzirom na svrhu i sadr\u017eaj ispitivanja<\/li><li>samostalno analizirati rezultate ispita<\/li><\/ul><\/li><\/ul><\/li><\/ul><\/div>\n\t\t\t\t<\/div>\n\t\t\t\t\t\t\t<div class=\"elementor-accordion-item\">\n\t\t\t\t\t<div id=\"elementor-tab-title-2373\" class=\"elementor-tab-title\" data-tab=\"3\" role=\"button\" aria-controls=\"elementor-tab-content-2373\" aria-expanded=\"false\">\n\t\t\t\t\t\t\t\t\t\t\t\t\t<span class=\"elementor-accordion-icon elementor-accordion-icon-left\" aria-hidden=\"true\">\n\t\t\t\t\t\t\t\t\t\t\t\t\t\t\t<span class=\"elementor-accordion-icon-closed\"><i class=\"fas fa-plus\"><\/i><\/span>\n\t\t\t\t\t\t\t\t<span class=\"elementor-accordion-icon-opened\"><i class=\"fas fa-minus\"><\/i><\/span>\n\t\t\t\t\t\t\t\t\t\t\t\t\t\t<\/span>\n\t\t\t\t\t\t\t\t\t\t\t\t<a class=\"elementor-accordion-title\" tabindex=\"0\">Procjenjivanje komunikacijske kompetencije<\/a>\n\t\t\t\t\t<\/div>\n\t\t\t\t\t<div id=\"elementor-tab-content-2373\" class=\"elementor-tab-content elementor-clearfix\" data-tab=\"3\" role=\"region\" aria-labelledby=\"elementor-tab-title-2373\"><p style=\"margin: 0cm .55pt .2pt -.25pt\"><strong>Vrsta predmeta<\/strong>: <span style=\"color: #339966\">izborni<\/span><\/p><p style=\"text-indent: 0cm;margin: 0cm 0cm .2pt -.75pt\"><strong>Ime i prezime nostielja<\/strong>: prof. dr. sc. Vesna Bagari\u0107 Medve<\/p><p style=\"text-indent: 0cm;margin: 0cm 0cm .2pt -.75pt\"><span style=\"font-weight: bold\">Ime i prezime izvo\u0111a\u010da<\/span>: prof. dr. sc. Vesna Bagari\u0107 Medve<\/p><p style=\"margin: 0cm 0cm .2pt -.25pt\"><strong>Jezik izvo\u0111enja<\/strong>: hrvatski i engleski, njema\u010dki<\/p><p style=\"margin: 0cm .55pt .2pt -.25pt\"><strong>Broj sati nastave<\/strong>: 6<\/p><p style=\"margin: 0cm .55pt .2pt -.25pt\"><strong>Vrsta nastave<\/strong>:\u00a0 seminar<\/p><p style=\"margin: 0cm .55pt .2pt -.25pt\"><strong>Metode provo\u0111enja nastave<\/strong><em>: <\/em>seminar &#8211; izlaganje, razgovor, \u010ditanje, pisanje &#8211; prakti\u010dni rad<\/p><p style=\"margin: 0cm .55pt .2pt -.25pt\"><strong>Na\u010din izvr\u0161enja obveza<\/strong>: aktivno sudjelovanje u raspravi na nastavi, seminarski rad<\/p><p><strong>Broj ECTS bodova<\/strong>: 3<\/p><p style=\"margin: 0cm 0cm .55pt -.25pt\"><strong><i>Sadr\u017eaj predmeta po temama<\/i><\/strong><\/p><p>Vrste ispitivanja i ispita. Komunikacijski ispit. Metodologija ispitivanja i procjenjivanja komunikacijske kompetencije: problematika odre\u0111ivanja svrhe ispita, opisa ispitanika, analize stvarne jezi\u010dne situacije, odre\u0111ivanja konstrukta komunikacijske kompetencije, problematika izrade, provedbe, procjenjivanja i validacije ispita komunikacijske kompetencije.<\/p><p style=\"margin: 0cm 0cm .55pt -.25pt\"><strong><i>Ishodi u\u010denja na razini predmeta<\/i><\/strong><\/p><ul><li style=\"list-style-type: none\"><ul><li style=\"list-style-type: none\"><ul style=\"list-style-type: square\"><li>planirati izradu ispita komunikacijske kompetencije<\/li><li>formulirati odgovaraju\u0107i konstrukt komunikacijske kompetencije<\/li><li>predvidjeti probleme u izradi, provedbi i procjenjivanju zadataka u ispitu komunikacijske kompetencije<\/li><li>odabrati odgovaraju\u0107i na\u010din validacije ispita komunikacijske kompetencije<\/li><li>primijeniti klju\u010dne empirijske spoznaje o ispitivanju i procjenjivanju komunikacijske kompetencije u vlastitim istra\u017eivanjima<\/li><\/ul><\/li><\/ul><\/li><\/ul><\/div>\n\t\t\t\t<\/div>\n\t\t\t\t\t\t\t\t<\/div>\n\t\t\t\t\t\t<\/div>\n\t\t\t\t<\/div>\n\t\t\t\t\t<\/div>\n\t\t<\/div>\n\t\t\t\t\t<\/div>\n\t\t<\/section>\n\t\t\t\t<\/div>\n\t\t","protected":false},"excerpt":{"rendered":"<p>Istra\u017eivanje i procjenjivanje nastavnih materijala Vrsta predmeta: izborni Ime i prezime nositelja: prof. dr. sc. Ana Petravi\u0107 Ime i prezime izvo\u0111a\u010da: prof. dr. sc. Ana Petravi\u0107 Jezik izvo\u0111enja: hrvatski i engleski, njema\u010dki Broj sati nastave: 6 Vrsta nastave:\u00a0 seminar Metode provo\u0111enja nastave: seminar &#8211; izlaganje, razgovor, \u010ditanje, pisanje &#8211; prakti\u010dni rad Na\u010din izvr\u0161enja obveza: : &hellip; <a href=\"https:\/\/pds.ffzg.unizg.hr\/glotodidaktika\/program\/struktura\/izborni-kolegiji\/izborni-kolegiji-procjenjivanje\/\" class=\"more-link\">Nastavi \u010ditati<span class=\"screen-reader-text\"> &#8220;Izborni kolegiji &#8211; Procjenjivanje&#8221;<\/span><\/a><\/p>\n","protected":false},"author":10,"featured_media":0,"parent":269,"menu_order":0,"comment_status":"closed","ping_status":"closed","template":"","meta":{"footnotes":""},"class_list":["post-501","page","type-page","status-publish","hentry"],"_links":{"self":[{"href":"https:\/\/pds.ffzg.unizg.hr\/glotodidaktika\/wp-json\/wp\/v2\/pages\/501","targetHints":{"allow":["GET"]}}],"collection":[{"href":"https:\/\/pds.ffzg.unizg.hr\/glotodidaktika\/wp-json\/wp\/v2\/pages"}],"about":[{"href":"https:\/\/pds.ffzg.unizg.hr\/glotodidaktika\/wp-json\/wp\/v2\/types\/page"}],"author":[{"embeddable":true,"href":"https:\/\/pds.ffzg.unizg.hr\/glotodidaktika\/wp-json\/wp\/v2\/users\/10"}],"replies":[{"embeddable":true,"href":"https:\/\/pds.ffzg.unizg.hr\/glotodidaktika\/wp-json\/wp\/v2\/comments?post=501"}],"version-history":[{"count":10,"href":"https:\/\/pds.ffzg.unizg.hr\/glotodidaktika\/wp-json\/wp\/v2\/pages\/501\/revisions"}],"predecessor-version":[{"id":719,"href":"https:\/\/pds.ffzg.unizg.hr\/glotodidaktika\/wp-json\/wp\/v2\/pages\/501\/revisions\/719"}],"up":[{"embeddable":true,"href":"https:\/\/pds.ffzg.unizg.hr\/glotodidaktika\/wp-json\/wp\/v2\/pages\/269"}],"wp:attachment":[{"href":"https:\/\/pds.ffzg.unizg.hr\/glotodidaktika\/wp-json\/wp\/v2\/media?parent=501"}],"curies":[{"name":"wp","href":"https:\/\/api.w.org\/{rel}","templated":true}]}}