{"id":763,"date":"2024-11-28T11:52:52","date_gmt":"2024-11-28T11:52:52","guid":{"rendered":"https:\/\/pds.ffzg.unizg.hr\/glotodidaktika\/?page_id=763"},"modified":"2026-02-03T17:30:47","modified_gmt":"2026-02-03T17:30:47","slug":"raspored","status":"publish","type":"page","link":"https:\/\/pds.ffzg.unizg.hr\/glotodidaktika\/raspored\/","title":{"rendered":"Raspored"},"content":{"rendered":"\n<p><strong>Akademska godina 2025.\/2026.<\/strong><\/p>\n\n\n\n<details class=\"wp-block-details is-layout-flow wp-block-details-is-layout-flow\"><summary>1. semestar<\/summary>\n<div class=\"wp-block-columns is-layout-flex wp-container-core-columns-is-layout-9d6595d7 wp-block-columns-is-layout-flex\">\n<div class=\"wp-block-column is-layout-flow wp-block-column-is-layout-flow\" style=\"flex-basis:100%\">\n<figure class=\"wp-block-table aligncenter is-style-stripes has-small-font-size\"><table><thead><tr><th>predmet<\/th><th>nastavnik<\/th><th>broj sati<\/th><th class=\"has-text-align-right\" data-align=\"right\">datum<\/th><th class=\"has-text-align-right\" data-align=\"right\">vrijeme<\/th><th class=\"has-text-align-center\" data-align=\"center\">u\u010dionica<\/th><\/tr><\/thead><tbody><tr><td>GLO 404 &#8211; Razvojna psihologija<\/td><td>G. Kereste\u0161<\/td><td>1-3 \/6<\/td><td class=\"has-text-align-right\" data-align=\"right\">29. 11. 25.<\/td><td class=\"has-text-align-right\" data-align=\"right\">10:00<\/td><td class=\"has-text-align-center\" data-align=\"center\">A105<\/td><\/tr><tr><td>Gloseminar<\/td><td><\/td><td>6<\/td><td class=\"has-text-align-right\" data-align=\"right\">29. 11. 25.<\/td><td class=\"has-text-align-right\" data-align=\"right\">13:00<\/td><td class=\"has-text-align-center\" data-align=\"center\">A105<\/td><\/tr><tr><td>GLO 103 &#8211; Dvojezi\u010dnost i vi\u0161ejezi\u010dnost<\/td><td>S. Letica Krevelj<\/td><td>1-6 \/6<\/td><td class=\"has-text-align-right\" data-align=\"right\">13. 12. 25.<\/td><td class=\"has-text-align-right\" data-align=\"right\">10:00<\/td><td class=\"has-text-align-center\" data-align=\"center\">A105<\/td><\/tr><tr><td>Gloseminar<\/td><td><\/td><td>3<\/td><td class=\"has-text-align-right\" data-align=\"right\">13. 12. 25.<\/td><td class=\"has-text-align-right\" data-align=\"right\">15:00<\/td><td class=\"has-text-align-center\" data-align=\"center\">A105<\/td><\/tr><tr><td>GLO 403 &#8211; Teorije i modeli mentalnoga leksikona<\/td><td>M. An\u0111el<\/td><td>1-6 \/6<\/td><td class=\"has-text-align-right\" data-align=\"right\">10. 1. 26.<\/td><td class=\"has-text-align-right\" data-align=\"right\">10:00<\/td><td class=\"has-text-align-center\" data-align=\"center\">A105<\/td><\/tr><tr><td>Gloseminar<\/td><td><\/td><td>3<\/td><td class=\"has-text-align-right\" data-align=\"right\">10. 1. 26.<\/td><td class=\"has-text-align-right\" data-align=\"right\">15:00<\/td><td class=\"has-text-align-center\" data-align=\"center\">A105<\/td><\/tr><tr><td>GLO 313 &#8211; Procjenjivanje komunikacijske kompetencije &gt;&gt;&gt; <strong><mark class=\"has-inline-color has-bright-red-color\">OTKAZANO!<\/mark><\/strong><\/td><td>V. Bagari\u0107 Medve<\/td><td>1-6 \/6<\/td><td class=\"has-text-align-right\" data-align=\"right\">17. 1. 26.<\/td><td class=\"has-text-align-right\" data-align=\"right\">10:00<\/td><td class=\"has-text-align-center\" data-align=\"center\">A105<\/td><\/tr><tr><td>GLO 401 &#8211; Kognitivna lingvistika<\/td><td>R. Geld, M. M. Stanojevi\u0107<\/td><td>1-6 \/6<\/td><td class=\"has-text-align-right\" data-align=\"right\">24. 1. 26.<\/td><td class=\"has-text-align-right\" data-align=\"right\">10:00<\/td><td class=\"has-text-align-center\" data-align=\"center\">A105<\/td><\/tr><tr><td>Gloseminar<\/td><td><\/td><td>3<\/td><td class=\"has-text-align-right\" data-align=\"right\">24. 1. 26.<\/td><td class=\"has-text-align-right\" data-align=\"right\">15:00<\/td><td class=\"has-text-align-center\" data-align=\"center\">A105<\/td><\/tr><tr><td>GLO 404 &#8211; Razvojna psihologija<\/td><td>G. Kereste\u0161<\/td><td>4-6 \/6<\/td><td class=\"has-text-align-right\" data-align=\"right\">31. 1. 26.<\/td><td class=\"has-text-align-right\" data-align=\"right\">10:00<\/td><td class=\"has-text-align-center\" data-align=\"center\">A105<\/td><\/tr><tr><td>Gloseminar<\/td><td><\/td><td>6<\/td><td class=\"has-text-align-right\" data-align=\"right\">31. 1. 26.<\/td><td class=\"has-text-align-right\" data-align=\"right\">13:00<\/td><td class=\"has-text-align-center\" data-align=\"center\">A105<\/td><\/tr><tr><td>GLO 301 &#8211; Kompetencije u nastavi stranih jezika<\/td><td>I. Frani\u0107<\/td><td>1-6 \/6<\/td><td class=\"has-text-align-right\" data-align=\"right\">7. 2. 26.<\/td><td class=\"has-text-align-right\" data-align=\"right\">10:00<\/td><td class=\"has-text-align-center\" data-align=\"center\">A105<\/td><\/tr><tr><td>Gloseminar<\/td><td><\/td><td>3<\/td><td class=\"has-text-align-right\" data-align=\"right\">7. 2. 26.<\/td><td class=\"has-text-align-right\" data-align=\"right\">15:00<\/td><td class=\"has-text-align-center\" data-align=\"center\">A105<\/td><\/tr><tr><td>GLO 402 &#8211; Neurolingvistika<\/td><td>J. Kuva\u010d Kraljevi\u0107<\/td><td>1-6 \/6<\/td><td class=\"has-text-align-right\" data-align=\"right\">14 2. 26.<\/td><td class=\"has-text-align-right\" data-align=\"right\">10:00<\/td><td class=\"has-text-align-center\" data-align=\"center\">A105<\/td><\/tr><tr><td>Gloseminar<\/td><td><\/td><td>3<\/td><td class=\"has-text-align-right\" data-align=\"right\">14 2. 26.<\/td><td class=\"has-text-align-right\" data-align=\"right\">15:00<\/td><td class=\"has-text-align-center\" data-align=\"center\">A105<\/td><\/tr><tr><td>GLO 314 &#8211; Istra\u017eivanje i procjenjivanje nastavnih materijala&nbsp;<\/td><td>A. Petravi\u0107<\/td><td>1-6 \/6<\/td><td class=\"has-text-align-right\" data-align=\"right\">21. 2. 26.<\/td><td class=\"has-text-align-right\" data-align=\"right\">10:00<\/td><td class=\"has-text-align-center\" data-align=\"center\">A105<\/td><\/tr><tr><td>Gloseminar<\/td><td><\/td><td>3<\/td><td class=\"has-text-align-right\" data-align=\"right\">21. 2. 26.<\/td><td class=\"has-text-align-right\" data-align=\"right\">15:00<\/td><td class=\"has-text-align-center\" data-align=\"center\">A105<\/td><\/tr><\/tbody><\/table><\/figure>\n<\/div>\n<\/div>\n<\/details>\n\n\n\n<details class=\"wp-block-details is-layout-flow wp-block-details-is-layout-flow\"><summary>2. semestar<\/summary>\n<div class=\"wp-block-columns is-layout-flex wp-container-core-columns-is-layout-9d6595d7 wp-block-columns-is-layout-flex\">\n<div class=\"wp-block-column is-layout-flow wp-block-column-is-layout-flow\" style=\"flex-basis:100%\">\n<figure class=\"wp-block-table aligncenter is-style-stripes has-small-font-size\"><table><thead><tr><th>predmet<\/th><th>nastavnik<\/th><th>broj sati<\/th><th class=\"has-text-align-right\" data-align=\"right\">datum<\/th><th class=\"has-text-align-right\" data-align=\"right\">vrijeme<\/th><th class=\"has-text-align-center\" data-align=\"center\">u\u010dionica<\/th><\/tr><\/thead><tbody><tr><td>Gloseminar<\/td><td><\/td><td>6<\/td><td class=\"has-text-align-right\" data-align=\"right\">28. 3. 26.<\/td><td class=\"has-text-align-right\" data-align=\"right\">10:00<\/td><td class=\"has-text-align-center\" data-align=\"center\">A105<\/td><\/tr><tr><td>Gloseminar<\/td><td><\/td><td>6<\/td><td class=\"has-text-align-right\" data-align=\"right\">25. 4. 26.<\/td><td class=\"has-text-align-right\" data-align=\"right\">10:00<\/td><td class=\"has-text-align-center\" data-align=\"center\">A105<\/td><\/tr><tr><td>Gloseminar<\/td><td><\/td><td>6<\/td><td class=\"has-text-align-right\" data-align=\"right\">23. 5. 26.<\/td><td class=\"has-text-align-right\" data-align=\"right\">1o:00<\/td><td class=\"has-text-align-center\" data-align=\"center\">A105<\/td><\/tr><\/tbody><\/table><\/figure>\n<\/div>\n<\/div>\n<\/details>\n\n\n\n<p><\/p>\n\n\n\n<hr class=\"wp-block-separator has-alpha-channel-opacity is-style-wide\" \/>\n\n\n\n<p><strong>Akademska godina 2024.\/2025.<\/strong><\/p>\n\n\n\n<details class=\"wp-block-details is-layout-flow wp-block-details-is-layout-flow\"><summary>1. semestar<\/summary>\n<div class=\"wp-block-columns is-layout-flex wp-container-core-columns-is-layout-9d6595d7 wp-block-columns-is-layout-flex\">\n<div class=\"wp-block-column is-layout-flow wp-block-column-is-layout-flow\" style=\"flex-basis:100%\">\n<figure class=\"wp-block-table aligncenter is-style-stripes has-small-font-size\"><table><thead><tr><th>predmet<\/th><th>nastavnik<\/th><th>broj sati<\/th><th class=\"has-text-align-right\" data-align=\"right\">datum<\/th><th class=\"has-text-align-right\" data-align=\"right\">vrijeme<\/th><th class=\"has-text-align-center\" data-align=\"center\">u\u010dionica<\/th><th class=\"has-text-align-center\" data-align=\"center\">kategorija<\/th><\/tr><\/thead><tbody><tr><td>GLO 201 &#8211; Metodologija i prezentacija znanstvenog rada<\/td><td>\u017d. Kamenov<\/td><td>1-5 \/14<\/td><td class=\"has-text-align-right\" data-align=\"right\">30. 11. 24.<\/td><td class=\"has-text-align-right\" data-align=\"right\">10:00<\/td><td class=\"has-text-align-center\" data-align=\"center\">A105<\/td><td class=\"has-text-align-center\" data-align=\"center\">obvezatno polo\u017eiti<\/td><\/tr><tr><td>Gloseminar<\/td><td>B. Prosenjak<\/td><td>3<\/td><td class=\"has-text-align-right\" data-align=\"right\">30. 11. 24.<\/td><td class=\"has-text-align-right\" data-align=\"right\">15:00<\/td><td class=\"has-text-align-center\" data-align=\"center\">A105<\/td><td class=\"has-text-align-center\" data-align=\"center\"><\/td><\/tr><tr><td>GLO 101 &#8211; Ovladavanje inim jezikom<\/td><td>S. Letica Krevelj<\/td><td>1-5 \/10<\/td><td class=\"has-text-align-right\" data-align=\"right\">7. 12. 24.<\/td><td class=\"has-text-align-right\" data-align=\"right\">10:00<\/td><td class=\"has-text-align-center\" data-align=\"center\">A105<\/td><td class=\"has-text-align-center\" data-align=\"center\">obvezatno polo\u017eiti<\/td><\/tr><tr><td>Gloseminar<\/td><td>B. Prosenjak<\/td><td>3<\/td><td class=\"has-text-align-right\" data-align=\"right\">7. 12. 24.<\/td><td class=\"has-text-align-right\" data-align=\"right\">15:00<\/td><td class=\"has-text-align-center\" data-align=\"center\">A105<\/td><td class=\"has-text-align-center\" data-align=\"center\"><\/td><\/tr><tr><td>GLO 201 &#8211; Metodologija i prezentacija znanstvenog rada<\/td><td>\u017d. Kamenov<\/td><td>6-10 \/14<\/td><td class=\"has-text-align-right\" data-align=\"right\">14. 12. 24.<\/td><td class=\"has-text-align-right\" data-align=\"right\">10:00<\/td><td class=\"has-text-align-center\" data-align=\"center\">A105<\/td><td class=\"has-text-align-center\" data-align=\"center\">obvezatno polo\u017eiti<\/td><\/tr><tr><td>Gloseminar<\/td><td>R. Geld<\/td><td>3<\/td><td class=\"has-text-align-right\" data-align=\"right\">14. 12. 24.<\/td><td class=\"has-text-align-right\" data-align=\"right\">15:00<\/td><td class=\"has-text-align-center\" data-align=\"center\">A105<\/td><td class=\"has-text-align-center\" data-align=\"center\"><\/td><\/tr><tr><td>GLO 102 &#8211; Teorijska i primijenjena lingvistika<\/td><td>A.-B. Jeli\u0107<\/td><td>1-6 \/12<\/td><td class=\"has-text-align-right\" data-align=\"right\">11. 1. 25.<\/td><td class=\"has-text-align-right\" data-align=\"right\">10:00<\/td><td class=\"has-text-align-center\" data-align=\"center\">A105<\/td><td class=\"has-text-align-center\" data-align=\"center\"><\/td><\/tr><tr><td>GLO 101 &#8211; Ovladavanje inim jezikom<\/td><td>S. Letica Krevelj<\/td><td>6-10 \/10<\/td><td class=\"has-text-align-right\" data-align=\"right\">18. 1. 25.<\/td><td class=\"has-text-align-right\" data-align=\"right\">10:00<\/td><td class=\"has-text-align-center\" data-align=\"center\">A105<\/td><td class=\"has-text-align-center\" data-align=\"center\">obvezatno polo\u017eiti<\/td><\/tr><tr><td>Gloseminar<\/td><td>R. Geld<\/td><td>1<\/td><td class=\"has-text-align-right\" data-align=\"right\">18. 1. 25.<\/td><td class=\"has-text-align-right\" data-align=\"right\">15:00<\/td><td class=\"has-text-align-center\" data-align=\"center\">A105<\/td><td class=\"has-text-align-center\" data-align=\"center\"><\/td><\/tr><tr><td>GLO 202 &#8211; Istra\u017eiva\u010dke metode u glotodidaktici<\/td><td>R. Geld<\/td><td>1-6 \/12<\/td><td class=\"has-text-align-right\" data-align=\"right\">25. 1. 25.<\/td><td class=\"has-text-align-right\" data-align=\"right\">10:00<\/td><td class=\"has-text-align-center\" data-align=\"center\">A105<\/td><td class=\"has-text-align-center\" data-align=\"center\">obvezatno polo\u017eiti<\/td><\/tr><tr><td>Gloseminar<\/td><td>R. Geld<\/td><td>3<\/td><td class=\"has-text-align-right\" data-align=\"right\">25. 1. 25.<\/td><td class=\"has-text-align-right\" data-align=\"right\">15:00<\/td><td class=\"has-text-align-center\" data-align=\"center\">A105<\/td><td class=\"has-text-align-center\" data-align=\"center\"><\/td><\/tr><tr><td>GLO 102 &#8211; Teorijska i primijenjena lingvistika<\/td><td>A-B. Jeli\u0107<\/td><td>7-12 \/12<\/td><td class=\"has-text-align-right\" data-align=\"right\">1. 2. 25.<\/td><td class=\"has-text-align-right\" data-align=\"right\">10:00<\/td><td class=\"has-text-align-center\" data-align=\"center\">A105<\/td><td class=\"has-text-align-center\" data-align=\"center\"><\/td><\/tr><tr><td>GLO 202 &#8211; Istra\u017eiva\u010dke metode u glotodidaktici<\/td><td>R. Geld<\/td><td>7-12 \/12<\/td><td class=\"has-text-align-right\" data-align=\"right\">8. 2. 25.<\/td><td class=\"has-text-align-right\" data-align=\"right\">10:00<\/td><td class=\"has-text-align-center\" data-align=\"center\">A105<\/td><td class=\"has-text-align-center\" data-align=\"center\">obvezatno polo\u017eiti<\/td><\/tr><tr><td>GLO 201 &#8211; Metodologija i prezentacija znanstvenog rada<\/td><td>\u017d. Kamenov<\/td><td>11-14 \/14<\/td><td class=\"has-text-align-right\" data-align=\"right\">15. 2. 25.<\/td><td class=\"has-text-align-right\" data-align=\"right\">10:00<\/td><td class=\"has-text-align-center\" data-align=\"center\">A105<\/td><td class=\"has-text-align-center\" data-align=\"center\">obvezatno polo\u017eiti<\/td><\/tr><tr><td>Gloseminar<\/td><td>R. Geld<\/td><td>3<\/td><td class=\"has-text-align-right\" data-align=\"right\">15. 2. 25.<\/td><td class=\"has-text-align-right\" data-align=\"right\">15:00<\/td><td class=\"has-text-align-center\" data-align=\"center\">A105<\/td><td class=\"has-text-align-center\" data-align=\"center\"><\/td><\/tr><tr><td>GLO 205 &#8211; Etika istra\u017eivanja u primijenjenoj lingvistici<\/td><td>K. Cergol<\/td><td>1-6 \/6<\/td><td class=\"has-text-align-right\" data-align=\"right\">22. 2. 25.<\/td><td class=\"has-text-align-right\" data-align=\"right\">10:00<\/td><td class=\"has-text-align-center\" data-align=\"center\">A105<\/td><td class=\"has-text-align-center\" data-align=\"center\">obvezatno odslu\u0161ati<\/td><\/tr><\/tbody><\/table><\/figure>\n<\/div>\n<\/div>\n<\/details>\n\n\n\n<details class=\"wp-block-details is-layout-flow wp-block-details-is-layout-flow\"><summary>2. semestar<\/summary>\n<div class=\"wp-block-columns is-layout-flex wp-container-core-columns-is-layout-9d6595d7 wp-block-columns-is-layout-flex\">\n<div class=\"wp-block-column is-layout-flow wp-block-column-is-layout-flow\" style=\"flex-basis:100%\">\n<figure class=\"wp-block-table aligncenter is-style-stripes has-small-font-size\"><table><thead><tr><th>predmet<\/th><th>nastavnik<\/th><th>broj sati<\/th><th class=\"has-text-align-right\" data-align=\"right\">datum<\/th><th class=\"has-text-align-right\" data-align=\"right\">vrijeme<\/th><th class=\"has-text-align-center\" data-align=\"center\">u\u010dionica<\/th><th class=\"has-text-align-center\" data-align=\"center\">kategorija<\/th><\/tr><\/thead><tbody><tr><td>GLO 203 &#8211; Izrada znanstvenoga rada<\/td><td>S. Letica Krevelj<\/td><td>1-10 \/20<\/td><td class=\"has-text-align-right\" data-align=\"right\">1. 3. 25<\/td><td class=\"has-text-align-right\" data-align=\"right\">10:00<\/td><td class=\"has-text-align-center\" data-align=\"center\">A105<\/td><td class=\"has-text-align-center\" data-align=\"center\">obvezatno polo\u017eiti<\/td><\/tr><tr><td>GLO 203 &#8211; Izrada znanstvenoga rada<\/td><td>S. Letica Krevelj<\/td><td>11-20 \/20<\/td><td class=\"has-text-align-right\" data-align=\"right\">8. 3. 25.<\/td><td class=\"has-text-align-right\" data-align=\"right\">10:00<\/td><td class=\"has-text-align-center\" data-align=\"center\">A105<\/td><td class=\"has-text-align-center\" data-align=\"center\">obvezatno polo\u017eiti<\/td><\/tr><tr><td>GLO 204 &#8211; Osnove statistike<\/td><td>\u017d. Kamenov<\/td><td>1-8 \/14<\/td><td class=\"has-text-align-right\" data-align=\"right\">15. 3. 25.<\/td><td class=\"has-text-align-right\" data-align=\"right\">10:00<\/td><td class=\"has-text-align-center\" data-align=\"center\">A105<\/td><td class=\"has-text-align-center\" data-align=\"center\"><\/td><\/tr><tr><td>GLO 204 &#8211; Osnove statistike<\/td><td>\u017d. Kamenov<\/td><td>9-14 \/14<\/td><td class=\"has-text-align-right\" data-align=\"right\">22. 3. 25.<\/td><td class=\"has-text-align-right\" data-align=\"right\">10:00<\/td><td class=\"has-text-align-center\" data-align=\"center\"><mark>A104<\/mark><\/td><td class=\"has-text-align-center\" data-align=\"center\"><\/td><\/tr><tr><td>GLO 108 &#8211; E-u\u010denje i e-pou\u010davanje inoga jezika<\/td><td>M. M. Stanojevi\u0107<\/td><td>1-3 \/6<\/td><td class=\"has-text-align-right\" data-align=\"right\">29. 3. 25.<\/td><td class=\"has-text-align-right\" data-align=\"right\">10:00<\/td><td class=\"has-text-align-center\" data-align=\"center\">A105<\/td><td class=\"has-text-align-center\" data-align=\"center\"><\/td><\/tr><tr><td>GLO 207 &#8211; Ra\u010dunalna lingvistika i jezi\u010dne tehnologije<\/td><td>M. Tadi\u0107<\/td><td>1-3 \/6<\/td><td class=\"has-text-align-right\" data-align=\"right\">29. 3. 25.<\/td><td class=\"has-text-align-right\" data-align=\"right\">13:00<\/td><td class=\"has-text-align-center\" data-align=\"center\">A105<\/td><td class=\"has-text-align-center\" data-align=\"center\"><\/td><\/tr><tr><td>GLO 108 &#8211; E-u\u010denje i e-pou\u010davanje inoga jezika<\/td><td>M. M. Stanojevi\u0107<\/td><td>4-6 \/6<\/td><td class=\"has-text-align-right\" data-align=\"right\">5. 4. 25.<\/td><td class=\"has-text-align-right\" data-align=\"right\">10:00<\/td><td class=\"has-text-align-center\" data-align=\"center\">A105<\/td><td class=\"has-text-align-center\" data-align=\"center\"><\/td><\/tr><tr><td>GLO 207 &#8211; Ra\u010dunalna lingvistika i jezi\u010dne tehnologije<\/td><td>M. Tadi\u0107<\/td><td>4-6 \/6<\/td><td class=\"has-text-align-right\" data-align=\"right\">5. 4. 25.<\/td><td class=\"has-text-align-right\" data-align=\"right\">13:00<\/td><td class=\"has-text-align-center\" data-align=\"center\">A105<\/td><td class=\"has-text-align-center\" data-align=\"center\"><\/td><\/tr><tr><td>Gloseminar<br><\/td><td><\/td><td>3<\/td><td class=\"has-text-align-right\" data-align=\"right\">5. 4. 25.<\/td><td class=\"has-text-align-right\" data-align=\"right\">15:00<\/td><td class=\"has-text-align-center\" data-align=\"center\">A105<\/td><td class=\"has-text-align-center\" data-align=\"center\"><\/td><\/tr><tr><td>GLO 107 &#8211; Jezik struke<\/td><td>A. \u0160\u010dukanec<\/td><td>1-6 \/6<\/td><td class=\"has-text-align-right\" data-align=\"right\">26. 4. 25.<\/td><td class=\"has-text-align-right\" data-align=\"right\">10:00<\/td><td class=\"has-text-align-center\" data-align=\"center\">A105<\/td><td class=\"has-text-align-center\" data-align=\"center\"><\/td><\/tr><tr><td>Gloseminar<\/td><td><\/td><td>3<\/td><td class=\"has-text-align-right\" data-align=\"right\">26. 4. 25.<\/td><td class=\"has-text-align-right\" data-align=\"right\">15:00<\/td><td class=\"has-text-align-center\" data-align=\"center\">A105<\/td><td class=\"has-text-align-center\" data-align=\"center\"><\/td><\/tr><tr><td>GLO 304 &#8211; Individualne razlike<\/td><td>V. Pavi\u010di\u0107 Taka\u010d<\/td><td>1-6 \/6<\/td><td class=\"has-text-align-right\" data-align=\"right\">10. 5. 25.<\/td><td class=\"has-text-align-right\" data-align=\"right\">10:00<\/td><td class=\"has-text-align-center\" data-align=\"center\">A105<\/td><td class=\"has-text-align-center\" data-align=\"center\"><\/td><\/tr><tr><td>GLO 302 &#8211; Motivacija u ovladavanju inim jezikom<\/td><td>S. Marde\u0161i\u0107<\/td><td>1-3 \/6<\/td><td class=\"has-text-align-right\" data-align=\"right\">17. 5. 25.<\/td><td class=\"has-text-align-right\" data-align=\"right\">10:00<\/td><td class=\"has-text-align-center\" data-align=\"center\">A105<\/td><td class=\"has-text-align-center\" data-align=\"center\"><\/td><\/tr><tr><td>Gloseminar<\/td><td><\/td><td>3<\/td><td class=\"has-text-align-right\" data-align=\"right\">17. 5. 25.<\/td><td class=\"has-text-align-right\" data-align=\"right\">13:00<\/td><td class=\"has-text-align-center\" data-align=\"center\">A105<\/td><td class=\"has-text-align-center\" data-align=\"center\"><\/td><\/tr><tr><td>GLO 303 &#8211; Strategije u\u010denja stranoga jezika<\/td><td>V. Pavi\u010di\u0107 Taka\u010d<\/td><td>1-6 \/6<\/td><td class=\"has-text-align-right\" data-align=\"right\">24. 5. 25.<\/td><td class=\"has-text-align-right\" data-align=\"right\">10:00<\/td><td class=\"has-text-align-center\" data-align=\"center\">A105<\/td><td class=\"has-text-align-center\" data-align=\"center\"><\/td><\/tr><tr><td>GLO 312 &#8211; Izrada jezi\u010dnih ispita<\/td><td>L. Cviki\u0107<\/td><td>1-6 \/6<\/td><td class=\"has-text-align-right\" data-align=\"right\">7. 6. 25.<\/td><td class=\"has-text-align-right\" data-align=\"right\">10:00<\/td><td class=\"has-text-align-center\" data-align=\"center\">A105<\/td><td class=\"has-text-align-center\" data-align=\"center\"><\/td><\/tr><tr><td>Gloseminar<\/td><td><\/td><td>3<\/td><td class=\"has-text-align-right\" data-align=\"right\">7. 6. 25.<\/td><td class=\"has-text-align-right\" data-align=\"right\">15:00<\/td><td class=\"has-text-align-center\" data-align=\"center\">A105<\/td><td class=\"has-text-align-center\" data-align=\"center\"><\/td><\/tr><\/tbody><\/table><\/figure>\n<\/div>\n<\/div>\n<\/details>\n\n\n\n<p><\/p>\n","protected":false},"excerpt":{"rendered":"<p>Akademska godina 2025.\/2026. Akademska godina 2024.\/2025.<\/p>\n","protected":false},"author":10,"featured_media":0,"parent":0,"menu_order":0,"comment_status":"closed","ping_status":"closed","template":"","meta":{"footnotes":""},"class_list":["post-763","page","type-page","status-publish","hentry"],"_links":{"self":[{"href":"https:\/\/pds.ffzg.unizg.hr\/glotodidaktika\/wp-json\/wp\/v2\/pages\/763","targetHints":{"allow":["GET"]}}],"collection":[{"href":"https:\/\/pds.ffzg.unizg.hr\/glotodidaktika\/wp-json\/wp\/v2\/pages"}],"about":[{"href":"https:\/\/pds.ffzg.unizg.hr\/glotodidaktika\/wp-json\/wp\/v2\/types\/page"}],"author":[{"embeddable":true,"href":"https:\/\/pds.ffzg.unizg.hr\/glotodidaktika\/wp-json\/wp\/v2\/users\/10"}],"replies":[{"embeddable":true,"href":"https:\/\/pds.ffzg.unizg.hr\/glotodidaktika\/wp-json\/wp\/v2\/comments?post=763"}],"version-history":[{"count":33,"href":"https:\/\/pds.ffzg.unizg.hr\/glotodidaktika\/wp-json\/wp\/v2\/pages\/763\/revisions"}],"predecessor-version":[{"id":1463,"href":"https:\/\/pds.ffzg.unizg.hr\/glotodidaktika\/wp-json\/wp\/v2\/pages\/763\/revisions\/1463"}],"wp:attachment":[{"href":"https:\/\/pds.ffzg.unizg.hr\/glotodidaktika\/wp-json\/wp\/v2\/media?parent=763"}],"curies":[{"name":"wp","href":"https:\/\/api.w.org\/{rel}","templated":true}]}}