{"id":8,"date":"2017-06-13T20:21:17","date_gmt":"2017-06-13T20:21:17","guid":{"rendered":"http:\/\/pds.ffzg.unizg.hr\/glotodidaktika\/?page_id=8"},"modified":"2024-12-14T10:07:46","modified_gmt":"2024-12-14T10:07:46","slug":"struktura","status":"publish","type":"page","link":"https:\/\/pds.ffzg.unizg.hr\/glotodidaktika\/program\/struktura\/","title":{"rendered":"Struktura studija"},"content":{"rendered":"\t\t<div data-elementor-type=\"wp-page\" data-elementor-id=\"8\" class=\"elementor elementor-8\">\n\t\t\t\t\t\t<section class=\"elementor-section elementor-top-section elementor-element elementor-element-7ddf4806 elementor-section-boxed elementor-section-height-default elementor-section-height-default\" data-id=\"7ddf4806\" data-element_type=\"section\">\n\t\t\t\t\t\t<div class=\"elementor-container elementor-column-gap-default\">\n\t\t\t\t\t<div class=\"elementor-column elementor-col-100 elementor-top-column elementor-element elementor-element-29382dbc\" data-id=\"29382dbc\" data-element_type=\"column\">\n\t\t\t<div class=\"elementor-widget-wrap elementor-element-populated\">\n\t\t\t\t\t\t<div class=\"elementor-element elementor-element-e8cc84d elementor-widget elementor-widget-text-editor\" data-id=\"e8cc84d\" data-element_type=\"widget\" data-widget_type=\"text-editor.default\">\n\t\t\t\t<div class=\"elementor-widget-container\">\n\t\t\t\t\t\t\t\t\t<p><span style=\"color: #333333;font-family: helvetica, arial, sans-serif\">Struktura studija vodi vas kroz 6 semestara. Na\u0161 je program pa\u017eljivo osmi\u0161ljen kako bi vam pru\u017eio sveobuhvatno obrazovanje i razvoj vje\u0161tina. Svaki semestar nudi raznolike predmete i mogu\u0107nosti za prakti\u010dno iskustvo, omogu\u0107uju\u0107i vam da u najve\u0107oj mogu\u0107oj mjeri iskoristite svoje studijske godine. Istra\u017eite na\u0161u ponudu i planirajte svoj akademski put!<\/span><\/p>\t\t\t\t\t\t\t\t<\/div>\n\t\t\t\t<\/div>\n\t\t\t\t\t<\/div>\n\t\t<\/div>\n\t\t\t\t\t<\/div>\n\t\t<\/section>\n\t\t\t\t<section class=\"elementor-section elementor-top-section elementor-element elementor-element-c8ec368 elementor-section-boxed elementor-section-height-default elementor-section-height-default\" data-id=\"c8ec368\" data-element_type=\"section\">\n\t\t\t\t\t\t<div class=\"elementor-container elementor-column-gap-default\">\n\t\t\t\t\t<div class=\"elementor-column elementor-col-100 elementor-top-column elementor-element elementor-element-220826b\" data-id=\"220826b\" data-element_type=\"column\">\n\t\t\t<div class=\"elementor-widget-wrap elementor-element-populated\">\n\t\t\t\t\t\t<div class=\"elementor-element elementor-element-ed854ea elementor-widget elementor-widget-timeline-widget-addon\" data-id=\"ed854ea\" data-element_type=\"widget\" data-widget_type=\"timeline-widget-addon.default\">\n\t\t\t\t<div class=\"elementor-widget-container\">\n\t\t\t\t\t<!-- ========= Timeline Widget Addon For Elementor 1.6.13 ========= -->\n<div id=\"twae-wrapper-ed854ea\" class=\"twae-vertical twae-wrapper  twae-both-sided\">   \n    <div class=\"twae-start\"><\/div>    \n    <div id=\"twea-timeline-ed854ea\" class=\"twae-timeline\" ><!-- Start of Story Repeater Content --><div id=\"story-5c08145\" class=\"twae-story twae-repeater-item twae-story-right twae-story-no-icon\"><!-- Story Label --><div class=\"twae-labels\"><div class=\"twae-label-big\">I. semestar<\/div><div class=\"twae-label-small\">30 ECTS bodova<\/div><\/div><!-- Story Icon --><div class=\"twae-icon\"><i aria-hidden=\"true\" class=\"far fa-clock\"><\/i><\/div><!-- Story Arrow --><div class=\"twae-arrow\"><\/div><!-- Start of Story Content --><div class=\"twae-content\"><!-- Story Title --><div class=\"twae-title\">1. GODINA<\/div><!-- Story Description --><div class=\"twae-description\"><p><span style=\"font-family: helvetica, arial, sans-serif\"><span style=\"color: #333333\"><strong>4 ECTS<\/strong>:<\/span> <a href=\"https:\/\/pds.ffzg.unizg.hr\/glotodidaktika\/propedeuticki-seminari\/\">Propedeuti\u010dki seminari<\/a><\/span><\/p><p><span style=\"font-family: helvetica, arial, sans-serif\"><span style=\"color: #333333\"><strong>7 ECTS<\/strong>:<\/span> <a href=\"https:\/\/pds.ffzg.unizg.hr\/glotodidaktika\/program\/struktura\/metodoloski-seminari\/\">Metodolo\u0161ki seminari<\/a><\/span><\/p><p><span style=\"font-family: helvetica, arial, sans-serif\"><span style=\"color: #333333\"><strong>6-9 ECTS<\/strong>:<\/span> <a href=\"https:\/\/pds.ffzg.unizg.hr\/glotodidaktika\/program\/struktura\/izborni-kolegiji\/\">Izborni kolegiji<\/a>\u00a0(2-3)<\/span><\/p><p><span style=\"font-family: helvetica, arial, sans-serif\"><span style=\"color: #333333\"><strong>8-10 ECTS<\/strong>:<\/span> <a href=\"https:\/\/pds.ffzg.unizg.hr\/glotodidaktika\/program\/struktura\/slobodne-djelatnosti\/\">Slobodne djelatnosti<\/a><\/span><\/p><\/div><\/div><\/div><!-- Start of Story Repeater Content --><div id=\"story-cc0f9ef\" class=\"twae-story twae-repeater-item twae-story-left twae-story-no-icon\"><!-- Story Label --><div class=\"twae-labels\"><div class=\"twae-label-big\">II. semestar<\/div><div class=\"twae-label-small\">30 ECTS bodova<\/div><\/div><!-- Story Icon --><div class=\"twae-icon\"><i aria-hidden=\"true\" class=\"far fa-clock\"><\/i><\/div><!-- Story Arrow --><div class=\"twae-arrow\"><\/div><!-- Start of Story Content --><div class=\"twae-content\"><!-- Story Title --><div class=\"twae-title\">1. GODINA<\/div><!-- Story Description --><div class=\"twae-description\"><p style=\"text-align: right\"><span style=\"font-family: helvetica, arial, sans-serif;color: #333333\">Mentorske konzultacije: <strong>6 ECTS<\/strong><\/span><\/p><p style=\"text-align: right\"><span style=\"font-family: helvetica, arial, sans-serif;color: #333333\">Izrada znanstvenoga rada: <strong>4 ECTS<\/strong><\/span><\/p><p style=\"text-align: right\"><span style=\"font-family: helvetica, arial, sans-serif\"><a href=\"https:\/\/pds.ffzg.unizg.hr\/glotodidaktika\/program\/struktura\/izborni-kolegiji\/\">Izborni kolegiji<\/a><span style=\"color: #333333\"> (2-6): <strong>6-12 ECTS<\/strong><\/span><\/span><\/p><p style=\"text-align: right\"><span style=\"font-family: helvetica, arial, sans-serif\"><a href=\"https:\/\/pds.ffzg.unizg.hr\/glotodidaktika\/program\/struktura\/slobodne-djelatnosti\/\">Slobodne djelatnosti<\/a>: <span style=\"color: #333333\"><strong>9-13 ECTS<\/strong><\/span><\/span><\/p><\/div><\/div><\/div><!-- Start of Story Repeater Content --><div id=\"story-3729ef4\" class=\"twae-story twae-repeater-item twae-story-right twae-story-no-icon\"><!-- Story Label --><div class=\"twae-labels\"><div class=\"twae-label-big\">III. semestar<\/div><div class=\"twae-label-small\">30 ECTS bodova<\/div><\/div><!-- Story Icon --><div class=\"twae-icon\"><i aria-hidden=\"true\" class=\"far fa-clock\"><\/i><\/div><!-- Story Arrow --><div class=\"twae-arrow\"><\/div><!-- Start of Story Content --><div class=\"twae-content\"><!-- Story Title --><div class=\"twae-title\">2. GODINA<\/div><!-- Story Description --><div class=\"twae-description\"><p><span style=\"font-family: helvetica, arial, sans-serif;color: #333333\"><strong>6 ECTS<\/strong>: Mentorske konzultacije<\/span><\/p><p><span style=\"font-family: helvetica, arial, sans-serif\"><span style=\"color: #333333\"><strong>6-12 ECTS<\/strong>:<\/span> <a href=\"https:\/\/pds.ffzg.unizg.hr\/glotodidaktika\/program\/struktura\/izborni-kolegiji\/\">Izborni kolegiji<\/a> <span style=\"color: #333333\">(2-6)<\/span><\/span><\/p><p><span style=\"font-family: helvetica, arial, sans-serif\"><span style=\"color: #333333\"><strong>13-17 ECTS<\/strong>:<\/span> <a href=\"https:\/\/pds.ffzg.unizg.hr\/glotodidaktika\/program\/struktura\/samostalni-istrazivacki-modul\/\">Samostalni moduli<\/a><\/span><\/p><\/div><\/div><\/div><!-- Start of Story Repeater Content --><div id=\"story-8a2e34a\" class=\"twae-story twae-repeater-item twae-story-left twae-story-no-icon\"><!-- Story Label --><div class=\"twae-labels\"><div class=\"twae-label-big\">IV. semestar<\/div><div class=\"twae-label-small\">30 ECTS bodova<\/div><\/div><!-- Story Icon --><div class=\"twae-icon\"><i aria-hidden=\"true\" class=\"far fa-clock\"><\/i><\/div><!-- Story Arrow --><div class=\"twae-arrow\"><\/div><!-- Start of Story Content --><div class=\"twae-content\"><!-- Story Title --><div class=\"twae-title\">2. GODINA<\/div><!-- Story Description --><div class=\"twae-description\"><p><span style=\"color: #333333;font-family: helvetica, arial, sans-serif\">Mentorske konzultacije :\u00a0<strong>6 ECTS<\/strong><\/span><\/p><p><span style=\"font-family: helvetica, arial, sans-serif\"><a href=\"https:\/\/pds.ffzg.unizg.hr\/glotodidaktika\/program\/struktura\/samostalni-istrazivacki-modul\/\">Samostalni moduli<\/a><span style=\"color: #333333\">: <strong>24\u00a0ECTS<\/strong><\/span><\/span><\/p><\/div><\/div><\/div><!-- Start of Story Repeater Content --><div id=\"story-1d2c431\" class=\"twae-story twae-repeater-item twae-story-right twae-story-no-icon\"><!-- Story Label --><div class=\"twae-labels\"><div class=\"twae-label-big\">V. semestar<\/div><div class=\"twae-label-small\">30 ECTS bodova<\/div><\/div><!-- Story Icon --><div class=\"twae-icon\"><i aria-hidden=\"true\" class=\"far fa-clock\"><\/i><\/div><!-- Story Arrow --><div class=\"twae-arrow\"><\/div><!-- Start of Story Content --><div class=\"twae-content\"><!-- Story Title --><div class=\"twae-title\">3. GODINA<\/div><!-- Story Description --><div class=\"twae-description\"><p><span style=\"font-family: helvetica, arial, sans-serif;color: #333333\"><strong>6 ECTS<\/strong>: Mentorske konzultacije<\/span><\/p><p><span style=\"font-family: helvetica, arial, sans-serif\"><span style=\"color: #333333\"><strong>24 ECTS<\/strong>:<\/span> <a href=\"https:\/\/pds.ffzg.unizg.hr\/glotodidaktika\/program\/struktura\/samostalni-istrazivacki-modul\/\">Samostalni moduli<\/a>\u00a0<\/span><\/p><\/div><\/div><\/div><!-- Start of Story Repeater Content --><div id=\"story-9810d24\" class=\"twae-story twae-repeater-item twae-story-left twae-story-no-icon\"><!-- Story Label --><div class=\"twae-labels\"><div class=\"twae-label-big\">VI. semestar<\/div><div class=\"twae-label-small\">30 ECTS bodova<\/div><\/div><!-- Story Icon --><div class=\"twae-icon\"><i aria-hidden=\"true\" class=\"far fa-clock\"><\/i><\/div><!-- Story Arrow --><div class=\"twae-arrow\"><\/div><!-- Start of Story Content --><div class=\"twae-content\"><!-- Story Title --><div class=\"twae-title\">3. GODINA<\/div><!-- Story Description --><div class=\"twae-description\"><p style=\"color: #7a7a7a\"><span style=\"color: #333333;font-family: helvetica, arial, sans-serif\">Mentorske konzultacije: <strong>6 ECTS<\/strong><\/span><\/p><p style=\"color: #7a7a7a\"><span style=\"font-family: helvetica, arial, sans-serif\"><a href=\"https:\/\/pds.ffzg.unizg.hr\/glotodidaktika\/program\/struktura\/samostalni-istrazivacki-modul\/\">Samostalni moduli<\/a><span style=\"color: #333333\">: <strong>24<\/strong><span style=\"color: #333333;font-family: helvetica, arial, sans-serif\"><strong>\u00a0ECTS<\/strong><\/span><\/span><\/span><\/p><\/div><\/div><\/div><\/div>\n    <div class=\"twae-end\"><\/div>\n    <\/div><style type=\"text\/css\">@media (max-width: 1024px){ .twae-wrapper{--tw-ybx-size: 80px !important;}}@media (max-width: 767px){ .twae-wrapper{--tw-ybx-size: 80px !important}}<\/style>\t\t\t\t<\/div>\n\t\t\t\t<\/div>\n\t\t\t\t\t<\/div>\n\t\t<\/div>\n\t\t\t\t\t<\/div>\n\t\t<\/section>\n\t\t\t\t<\/div>\n\t\t","protected":false},"excerpt":{"rendered":"<p>Struktura studija vodi vas kroz 6 semestara. Na\u0161 je program pa\u017eljivo osmi\u0161ljen kako bi vam pru\u017eio sveobuhvatno obrazovanje i razvoj vje\u0161tina. Svaki semestar nudi raznolike predmete i mogu\u0107nosti za prakti\u010dno iskustvo, omogu\u0107uju\u0107i vam da u najve\u0107oj mogu\u0107oj mjeri iskoristite svoje studijske godine. Istra\u017eite na\u0161u ponudu i planirajte svoj akademski put! I. semestar30 ECTS bodova1. GODINA &hellip; <a href=\"https:\/\/pds.ffzg.unizg.hr\/glotodidaktika\/program\/struktura\/\" class=\"more-link\">Nastavi \u010ditati<span class=\"screen-reader-text\"> &#8220;Struktura studija&#8221;<\/span><\/a><\/p>\n","protected":false},"author":10,"featured_media":0,"parent":20,"menu_order":0,"comment_status":"closed","ping_status":"closed","template":"","meta":{"footnotes":""},"class_list":["post-8","page","type-page","status-publish","hentry"],"_links":{"self":[{"href":"https:\/\/pds.ffzg.unizg.hr\/glotodidaktika\/wp-json\/wp\/v2\/pages\/8","targetHints":{"allow":["GET"]}}],"collection":[{"href":"https:\/\/pds.ffzg.unizg.hr\/glotodidaktika\/wp-json\/wp\/v2\/pages"}],"about":[{"href":"https:\/\/pds.ffzg.unizg.hr\/glotodidaktika\/wp-json\/wp\/v2\/types\/page"}],"author":[{"embeddable":true,"href":"https:\/\/pds.ffzg.unizg.hr\/glotodidaktika\/wp-json\/wp\/v2\/users\/10"}],"replies":[{"embeddable":true,"href":"https:\/\/pds.ffzg.unizg.hr\/glotodidaktika\/wp-json\/wp\/v2\/comments?post=8"}],"version-history":[{"count":69,"href":"https:\/\/pds.ffzg.unizg.hr\/glotodidaktika\/wp-json\/wp\/v2\/pages\/8\/revisions"}],"predecessor-version":[{"id":990,"href":"https:\/\/pds.ffzg.unizg.hr\/glotodidaktika\/wp-json\/wp\/v2\/pages\/8\/revisions\/990"}],"up":[{"embeddable":true,"href":"https:\/\/pds.ffzg.unizg.hr\/glotodidaktika\/wp-json\/wp\/v2\/pages\/20"}],"wp:attachment":[{"href":"https:\/\/pds.ffzg.unizg.hr\/glotodidaktika\/wp-json\/wp\/v2\/media?parent=8"}],"curies":[{"name":"wp","href":"https:\/\/api.w.org\/{rel}","templated":true}]}}