{"id":814,"date":"2024-11-28T14:57:02","date_gmt":"2024-11-28T14:57:02","guid":{"rendered":"https:\/\/pds.ffzg.unizg.hr\/glotodidaktika\/?page_id=814"},"modified":"2024-11-28T15:06:27","modified_gmt":"2024-11-28T15:06:27","slug":"samostalni-istrazivacki-modul","status":"publish","type":"page","link":"https:\/\/pds.ffzg.unizg.hr\/glotodidaktika\/program\/struktura\/samostalni-istrazivacki-modul\/","title":{"rendered":"Samostalni istra\u017eiva\u010dki modul"},"content":{"rendered":"\t\t<div data-elementor-type=\"wp-page\" data-elementor-id=\"814\" class=\"elementor elementor-814\">\n\t\t\t\t\t\t<section class=\"elementor-section elementor-top-section elementor-element elementor-element-421567e elementor-section-boxed elementor-section-height-default elementor-section-height-default\" data-id=\"421567e\" data-element_type=\"section\">\n\t\t\t\t\t\t<div class=\"elementor-container elementor-column-gap-default\">\n\t\t\t\t\t<div class=\"elementor-column elementor-col-100 elementor-top-column elementor-element elementor-element-d48dda6\" data-id=\"d48dda6\" data-element_type=\"column\">\n\t\t\t<div class=\"elementor-widget-wrap elementor-element-populated\">\n\t\t\t\t\t\t<div class=\"elementor-element elementor-element-e2750dd elementor-widget elementor-widget-accordion\" data-id=\"e2750dd\" data-element_type=\"widget\" data-widget_type=\"accordion.default\">\n\t\t\t\t<div class=\"elementor-widget-container\">\n\t\t\t\t\t\t\t<div class=\"elementor-accordion\">\n\t\t\t\t\t\t\t<div class=\"elementor-accordion-item\">\n\t\t\t\t\t<div id=\"elementor-tab-title-2371\" class=\"elementor-tab-title\" data-tab=\"1\" role=\"button\" aria-controls=\"elementor-tab-content-2371\" aria-expanded=\"false\">\n\t\t\t\t\t\t\t\t\t\t\t\t\t<span class=\"elementor-accordion-icon elementor-accordion-icon-left\" aria-hidden=\"true\">\n\t\t\t\t\t\t\t\t\t\t\t\t\t\t\t<span class=\"elementor-accordion-icon-closed\"><i class=\"fas fa-plus\"><\/i><\/span>\n\t\t\t\t\t\t\t\t<span class=\"elementor-accordion-icon-opened\"><i class=\"fas fa-minus\"><\/i><\/span>\n\t\t\t\t\t\t\t\t\t\t\t\t\t\t<\/span>\n\t\t\t\t\t\t\t\t\t\t\t\t<a class=\"elementor-accordion-title\" tabindex=\"0\">Modul 5: Slobodne djelatnosti<\/a>\n\t\t\t\t\t<\/div>\n\t\t\t\t\t<div id=\"elementor-tab-content-2371\" class=\"elementor-tab-content elementor-clearfix\" data-tab=\"1\" role=\"region\" aria-labelledby=\"elementor-tab-title-2371\"><p><strong>Vrsta predmeta<\/strong>: <span style=\"color: #339966\">obvezno<\/span><\/p><p style=\"margin: 0cm .55pt .2pt -.25pt\"><a href=\"https:\/\/pds.ffzg.unizg.hr\/glotodidaktika\/program\/struktura\/slobodne-djelatnosti\/\"><b>Popis Slobodnih djelatnosti<\/b><\/a><\/p><p><strong>Broj ECTS bodova<\/strong>: 59-74<\/p><\/div>\n\t\t\t\t<\/div>\n\t\t\t\t\t\t\t<div class=\"elementor-accordion-item\">\n\t\t\t\t\t<div id=\"elementor-tab-title-2372\" class=\"elementor-tab-title\" data-tab=\"2\" role=\"button\" aria-controls=\"elementor-tab-content-2372\" aria-expanded=\"false\">\n\t\t\t\t\t\t\t\t\t\t\t\t\t<span class=\"elementor-accordion-icon elementor-accordion-icon-left\" aria-hidden=\"true\">\n\t\t\t\t\t\t\t\t\t\t\t\t\t\t\t<span class=\"elementor-accordion-icon-closed\"><i class=\"fas fa-plus\"><\/i><\/span>\n\t\t\t\t\t\t\t\t<span class=\"elementor-accordion-icon-opened\"><i class=\"fas fa-minus\"><\/i><\/span>\n\t\t\t\t\t\t\t\t\t\t\t\t\t\t<\/span>\n\t\t\t\t\t\t\t\t\t\t\t\t<a class=\"elementor-accordion-title\" tabindex=\"0\">Modul 6: Rad na pripremi i obrani teme<\/a>\n\t\t\t\t\t<\/div>\n\t\t\t\t\t<div id=\"elementor-tab-content-2372\" class=\"elementor-tab-content elementor-clearfix\" data-tab=\"2\" role=\"region\" aria-labelledby=\"elementor-tab-title-2372\"><p style=\"margin: 0cm .55pt .2pt -.25pt\"><strong>Vrsta predmeta<\/strong>: <span style=\"color: #339966\">obvezno<\/span><\/p><p style=\"margin: 0cm .55pt .2pt -.25pt\">\u00a0<\/p><p><strong>Broj ECTS bodova<\/strong>: 25<\/p><p>Imenovanje mentora i odobrenje teme provodi se kada su god kandidati spremni za prijavu teme. Predvi\u0111eno je da se imenuje mentor <em>in spe<\/em>, tj. mentor-savjetnik, po upisu ili tijekom prve godine, a onda to imenovanje zajedno s temom prolazi postupak prihva\u0107anja na studijskim, fakultetskim i sveu\u010dili\u0161nim tijelima. Prilikom predaje teme odlu\u010duje se o jeziku pisanja doktorata. Studente se ohrabruje da svoje doktorate pi\u0161u na stranim jezicima. U tomu slu\u010daju trebaju napisati op\u0161iran sa\u017eetak na hrvatskome sa svim bitnim nazivima.<\/p><p>Teme koje uklju\u010duju istra\u017eivanje s ljudima mora biti odobriti eti\u010dko povjerenstvo studija.<\/p><h3>Postupak pisanja prijedloga teme doktorskoga rada<\/h3><p>Tijekom odabiranja teme doktorskoga rada student se treba redovito javljati mentoru i u dogovoru s njim dovr\u0161iti u pisanomu obliku sinopsis koji mentor potpisuje. Svaki student ima pravo na pet sati konzultacija s mentorom.<\/p><p>Predvi\u0111a se odr\u017eavanje gloseminara na kojima doktorandi najmanje dva puta, u razli\u010ditim fazama rada, prezentiraju svoj rad drugim polaznicima.<\/p><p>Prijedlog teme treba sadr\u017eavati: naslov na hrvatskomu i engleskomu; kratak uvod iz kojega \u0107e se vidjeti razlozi za predlo\u017eeno istra\u017eivanje; teorijsku podlogu i obrazlo\u017eenje aktualne relevantne spoznaje; u\u017ee podru\u010dje rada; ciljeve istra\u017eivanja i o\u010dekivani znanstveni doprinos; obrazlo\u017eenje metodolo\u0161kih postupaka; strukturu rada, tj. kratak opisni osvrt na elemente gradiva.<\/p><h3>Postupak i uvjeti za prihva\u0107anje teme doktorskoga rada<\/h3><p style=\"margin: 0cm 0cm .55pt -.25pt\">Student predla\u017ee temu doktorskoga rada Vije\u0107u poslijediplomskih studija i Fakultetskomu vije\u0107u. Prijedlog teme razmatra izabrano Stru\u010dno povjerenstvo. Ono organizira javnu obranu teme o kojoj se vodi zapisnik. Nakon obrane, ako je bilo primjedaba koje doktorand treba usvojiti, on prila\u017ee popravljeni obrazac i na temelju njega Povjerenstvo pi\u0161e izvje\u0161taj te daje mi\u0161ljenje i prijedlog za prihva\u0107anje teme Vije\u0107u poslijediplomskih studija i Fakultetskomu vije\u0107u, koje donosi kona\u010dnu fakultetsku odluku i \u0161alje sinopsis na Rektorat Sveu\u010dili\u0161ta u Zagrebu. Nakon prolaska i odobrenja Povjerenstva za doktorske teme te Vije\u0107a DH podru\u010dja temu prihva\u0107a Senat, o \u010demu pisano obavje\u0161tava doktoranda i studij. Nakon odobrenja teme student mo\u017ee pristupiti izradi doktorskoga rada.<\/p><\/div>\n\t\t\t\t<\/div>\n\t\t\t\t\t\t\t<div class=\"elementor-accordion-item\">\n\t\t\t\t\t<div id=\"elementor-tab-title-2373\" class=\"elementor-tab-title\" data-tab=\"3\" role=\"button\" aria-controls=\"elementor-tab-content-2373\" aria-expanded=\"false\">\n\t\t\t\t\t\t\t\t\t\t\t\t\t<span class=\"elementor-accordion-icon elementor-accordion-icon-left\" aria-hidden=\"true\">\n\t\t\t\t\t\t\t\t\t\t\t\t\t\t\t<span class=\"elementor-accordion-icon-closed\"><i class=\"fas fa-plus\"><\/i><\/span>\n\t\t\t\t\t\t\t\t<span class=\"elementor-accordion-icon-opened\"><i class=\"fas fa-minus\"><\/i><\/span>\n\t\t\t\t\t\t\t\t\t\t\t\t\t\t<\/span>\n\t\t\t\t\t\t\t\t\t\t\t\t<a class=\"elementor-accordion-title\" tabindex=\"0\">Modul 7: Rad na disertaciji<\/a>\n\t\t\t\t\t<\/div>\n\t\t\t\t\t<div id=\"elementor-tab-content-2373\" class=\"elementor-tab-content elementor-clearfix\" data-tab=\"3\" role=\"region\" aria-labelledby=\"elementor-tab-title-2373\"><p style=\"margin: 0cm .55pt .2pt -.25pt\"><strong>Vrsta predmeta<\/strong>: <span style=\"color: #339966\">obvezno<\/span><\/p><p style=\"margin: 0cm .55pt .2pt -.25pt\">\u00a0<\/p><p><strong>Broj ECTS bodova<\/strong>: 60<\/p><p>Poslijediplomski sveu\u010dili\u0161ni doktorski studij <em>Glotodidaktika<\/em> zavr\u0161ava polaganjem svih nu\u017enih ispita, obranom teme doktorskoga rada, ispunjavanjem svih obveza te izradom i javnom obranom znanstvenoga doktorskoga rada (disertacije).<\/p><h3>Postupak pisanja doktorskoga rada<\/h3><p>Tijekom odabiranja teme doktorskoga rada student se treba redovito javljati mentoru. Svaki student ima pravo na pet sati konzultacija s mentorom.<\/p><p>Tijekom odabiranja doktorskoga rada<strong> student se treba redovito javljati mentoru. <\/strong>Svaki student ima pravo na petnaest sati konzultacija s mentorom.<\/p><h3>Postupak rje\u0161avanja problema izme\u0111u doktoranda i mentora<\/h3><p>Ako doktorand ima te\u0161ko\u0107a s mentorom, ili obratno, mentor s doktorandom, prvo se trebaju obratiti voditeljima studija koji razgovara(ju) s objema stranama kako bi izna\u0161le rje\u0161enje. Oni se po potrebi obra\u0107aju Vije\u0107u studija. Ako se to ne mo\u017ee rije\u0161iti na Vije\u0107u studija, voditelj je du\u017ean proslijediti slu\u010daj na Vije\u0107e poslijediplomskih studija, pa na Fakultetsko vije\u0107u. U slu\u010daju neuspje\u0161noga rje\u0161enja pokre\u0107e se postupak odabira novoga mentora.<\/p><h3>Postupak i uvjeti ocjene doktorskoga rada<\/h3><p>Doktorski rad predaje se uz pisanu suglasnost mentora.<\/p><p>\u010clanove Stru\u010dnoga povjerenstva za ocjenu i obranu doktorskoga rada imenuje Fakultetsko vije\u0107e na prijedlog Vije\u0107a poslijediplomskoga doktorskoga studija <em>Glotodidaktika<\/em>. Povjerenstvo se sastoji od neparnoga broja \u010dlanova (najmanje tri, najvi\u0161e pet \u010dlanova) \u010dija je znanstvena djelatnost iz podru\u010dja doktorskoga rada studenta. U povjerenstvo mo\u017ee biti imenovana osoba izabrana u znanstveno-nastavno odnosno odgovaraju\u0107e znanstveno zvanje.<\/p><p>Stru\u010dno povjerenstvo ocjenjuje doktorski rad skupnim izvje\u0161tajem koji se podnosi Fakultetskomu vije\u0107u najkasnije u roku \u0161est mjeseci od dana primitka odluke o imenovanju povjerenstva. \u010clanovi Stru\u010dnoga povjerenstva mogu dati i svoje izdvojeno mi\u0161ljenje. Mentor studenta ne mo\u017ee biti \u010dlanom povjerenstva za ocjenu i obranu doktorskoga rada, osim u posve izuzetnim i opravdanim slu\u010dajevima. Najmanje jedan \u010dlan povjerenstva za ocjenu i obranu mora biti izvan visokoga u\u010dili\u0161ta koje provodi postupak, a po\u017eeljno je da budu strani stru\u010dnjaci.<\/p><p>Stru\u010dno povjerenstvo za ocjenu doktorskoga rada mo\u017ee rad prihvatiti, vratiti na doradu uz pisane primjedbe ili odbiti.<\/p><h3>Uvjeti i na\u010din obrane doktorskoga rada<\/h3><p>Obrana doktorskoga rada provodi se nakon usvajanja pozitivnoga izvje\u0161taja povjerenstva na Fakultetskomu vije\u0107u Fakulteta, najkasnije u roku 3 mjeseca. Obrana je doktorskoga rada javna i obavlja se, u pravilu, pred povjerenstvom koje je ocijenilo doktorski rad. O obrani doktorskoga rada sastavlja se zapisnik.<\/p><h3>Zavr\u0161etak studija<\/h3><p>Po obrani doktorskoga rada pristupnik po potrebi unosi promjene koje je povjerenstvo zahtijevalo ili savjetovalo na obrani. Potom rad uvezuje i predaje ga u Poslijediplomski ured.<\/p><p style=\"margin: 0cm 0cm .55pt -.25pt\">Nakon poslijediplomskoga sveu\u010dili\u0161noga doktorskoga studija <em>Glotodidaktika<\/em> studentu se izdaje diploma kojom se potvr\u0111uje zavr\u0161etak studija i stjecanje akademskoga stupnja doktora znanosti (dr. sc.).<\/p><\/div>\n\t\t\t\t<\/div>\n\t\t\t\t\t\t\t\t<\/div>\n\t\t\t\t\t\t<\/div>\n\t\t\t\t<\/div>\n\t\t\t\t\t<\/div>\n\t\t<\/div>\n\t\t\t\t\t<\/div>\n\t\t<\/section>\n\t\t\t\t<\/div>\n\t\t","protected":false},"excerpt":{"rendered":"<p>Modul 5: Slobodne djelatnosti Vrsta predmeta: obvezno Popis Slobodnih djelatnosti Broj ECTS bodova: 59-74 Modul 6: Rad na pripremi i obrani teme Vrsta predmeta: obvezno \u00a0 Broj ECTS bodova: 25 Imenovanje mentora i odobrenje teme provodi se kada su god kandidati spremni za prijavu teme. Predvi\u0111eno je da se imenuje mentor in spe, tj. mentor-savjetnik, &hellip; <a href=\"https:\/\/pds.ffzg.unizg.hr\/glotodidaktika\/program\/struktura\/samostalni-istrazivacki-modul\/\" class=\"more-link\">Nastavi \u010ditati<span class=\"screen-reader-text\"> &#8220;Samostalni istra\u017eiva\u010dki modul&#8221;<\/span><\/a><\/p>\n","protected":false},"author":10,"featured_media":0,"parent":8,"menu_order":0,"comment_status":"closed","ping_status":"closed","template":"","meta":{"footnotes":""},"class_list":["post-814","page","type-page","status-publish","hentry"],"_links":{"self":[{"href":"https:\/\/pds.ffzg.unizg.hr\/glotodidaktika\/wp-json\/wp\/v2\/pages\/814","targetHints":{"allow":["GET"]}}],"collection":[{"href":"https:\/\/pds.ffzg.unizg.hr\/glotodidaktika\/wp-json\/wp\/v2\/pages"}],"about":[{"href":"https:\/\/pds.ffzg.unizg.hr\/glotodidaktika\/wp-json\/wp\/v2\/types\/page"}],"author":[{"embeddable":true,"href":"https:\/\/pds.ffzg.unizg.hr\/glotodidaktika\/wp-json\/wp\/v2\/users\/10"}],"replies":[{"embeddable":true,"href":"https:\/\/pds.ffzg.unizg.hr\/glotodidaktika\/wp-json\/wp\/v2\/comments?post=814"}],"version-history":[{"count":10,"href":"https:\/\/pds.ffzg.unizg.hr\/glotodidaktika\/wp-json\/wp\/v2\/pages\/814\/revisions"}],"predecessor-version":[{"id":826,"href":"https:\/\/pds.ffzg.unizg.hr\/glotodidaktika\/wp-json\/wp\/v2\/pages\/814\/revisions\/826"}],"up":[{"embeddable":true,"href":"https:\/\/pds.ffzg.unizg.hr\/glotodidaktika\/wp-json\/wp\/v2\/pages\/8"}],"wp:attachment":[{"href":"https:\/\/pds.ffzg.unizg.hr\/glotodidaktika\/wp-json\/wp\/v2\/media?parent=814"}],"curies":[{"name":"wp","href":"https:\/\/api.w.org\/{rel}","templated":true}]}}